{"id":3776,"date":"2025-11-07T09:18:43","date_gmt":"2025-11-07T09:18:43","guid":{"rendered":"https:\/\/mountlaser.com\/?post_type=product&#038;p=3776"},"modified":"2025-11-27T07:54:09","modified_gmt":"2025-11-27T07:54:09","slug":"dz060-125-aluminum-prism-pole","status":"publish","type":"product","link":"https:\/\/mountlaser.com\/vi\/san-pham\/dz060-125-aluminum-prism-pole\/","title":{"rendered":"C\u1ed9t l\u0103ng k\u00ednh nh\u00f4m DZ060\/125"},"content":{"rendered":"<p>C\u00e1i <a href=\"https:\/\/mountlaser.com\/vi\/\"><strong>C\u1ed9t l\u0103ng k\u00ednh nh\u00f4m DZ<\/strong><\/a> Thi\u1ebft l\u1eadp m\u1ed9t ti\u00eau chu\u1ea9n m\u1edbi v\u1ec1 \u0111\u1ed9 ch\u00ednh x\u00e1c v\u00e0 \u0111\u1ed9 b\u1ec1n trong c\u00f4ng t\u00e1c kh\u1ea3o s\u00e1t hi\u1ec7n tr\u01b0\u1eddng. \u0110\u01b0\u1ee3c ch\u1ebf t\u1ea1o t\u1eeb h\u1ee3p kim nh\u00f4m cao c\u1ea5p, c\u00e2y s\u00e0o n\u00e0y mang \u0111\u1ebfn s\u1ef1 k\u1ebft h\u1ee3p ho\u00e0n h\u1ea3o gi\u1eefa tr\u1ecdng l\u01b0\u1ee3ng nh\u1eb9 v\u00e0 \u0111\u1ed9 b\u1ec1n v\u01b0\u1ee3t tr\u1ed9i, tr\u1edf th\u00e0nh c\u00f4ng c\u1ee5 kh\u00f4ng th\u1ec3 thi\u1ebfu \u0111\u1ed1i v\u1edbi c\u00e1c nh\u00e0 kh\u1ea3o s\u00e1t ph\u1ea3i \u0111\u1ed1i m\u1eb7t v\u1edbi \u0111i\u1ec1u ki\u1ec7n c\u00f4ng tr\u01b0\u1eddng kh\u1eafc nghi\u1ec7t.<\/p>\n<p>\u0110i\u1ec1u th\u1ef1c s\u1ef1 l\u00e0m n\u00ean s\u1ef1 kh\u00e1c bi\u1ec7t c\u1ee7a th\u01b0\u1edbc \u0111o l\u0103ng k\u00ednh nh\u00f4m DZ ch\u00ednh l\u00e0 c\u01a1 ch\u1ebf kh\u00f3a b\u1eb1ng nh\u00f4m ch\u1eafc ch\u1eafn, mang l\u1ea1i \u0111\u1ed9 b\u1ec1n v\u01b0\u1ee3t tr\u1ed9i v\u00e0 \u0111\u1ea3m b\u1ea3o \u0111\u1ed9 tin c\u1eady l\u00e2u d\u00e0i trong m\u1ed7i l\u1ea7n s\u1eed d\u1ee5ng. \u0110\u01b0\u1ee3c trang b\u1ecb \u1ed1ng th\u1ee7y tinh tr\u00f2n ch\u00ednh x\u00e1c 30\u2032, n\u00f3 cho ph\u00e9p \u0111o \u0111\u1ea1c nhanh ch\u00f3ng v\u00e0 ch\u00ednh x\u00e1c m\u00e0 kh\u00f4ng c\u00f3 sai s\u00f3t. \u1ed0ng b\u00ean trong c\u00f3 thang \u0111o r\u00f5 r\u00e0ng \u0111\u1ec3 \u0111\u1ecdc tr\u1ef1c ti\u1ebfp, trong khi c\u00e1c b\u1ed9 chuy\u1ec3n \u0111\u1ed5i c\u00f3 s\u1eb5n cung c\u1ea5p c\u00e1c t\u00f9y ch\u1ecdn g\u1eafn l\u0103ng k\u00ednh linh ho\u1ea1t.<\/p>\n<p><a href=\"https:\/\/mountlaser.com\/vi\/products\/\">C\u1ed9t l\u0103ng k\u00ednh nh\u00f4m DZ<\/a>:<br \/>\nC\u1ed9t l\u0103ng k\u00ednh nh\u00f4m DZ060, chi\u1ec1u d\u00e0i 60cm<br \/>\nC\u1ed9t l\u0103ng k\u00ednh nh\u00f4m DZ0125, chi\u1ec1u d\u00e0i 125cm<\/p>\n<p>V\u1edbi s\u1ef1 l\u1ef1a ch\u1ecdn gi\u1eefa kh\u00f3a xoay Twist Lock \u0111\u00e1ng tin c\u1eady v\u00e0 kh\u00f3a th\u00e1o nhanh Quick Release Lock, c\u00f9ng v\u1edbi l\u1edbp ph\u1ee7 ch\u1ed1ng tr\u01b0\u1ee3t b\u1eb1ng cao su t\u00f9y ch\u1ecdn gi\u00fap c\u1ea7m n\u1eafm ch\u1eafc ch\u1eafn, s\u1ea3n ph\u1ea9m n\u00e0y <a href=\"https:\/\/mountlaser.com\/vi\/contact-us\/\"><strong>C\u1ed9t l\u0103ng k\u00ednh nh\u00f4m DZ<\/strong><\/a> \u0110\u01b0\u1ee3c thi\u1ebft k\u1ebf \u0111\u1ec3 n\u00e2ng cao n\u0103ng su\u1ea5t v\u00e0 \u0111\u1ed9 ch\u00ednh x\u00e1c trong m\u1ecdi t\u00ecnh hu\u1ed1ng kh\u1ea3o s\u00e1t.<\/p>\n<p><strong>Th\u00f4ng s\u1ed1 k\u1ef9 thu\u1eadt c\u1ed9t l\u0103ng k\u00ednh nh\u00f4m DZ060\/125<\/strong><\/p>\n<table style=\"border-collapse: collapse; width: 846.77pt;\" border=\"0\" width=\"1129\" cellspacing=\"0\" cellpadding=\"0\">\n<tbody>\n<tr style=\"height: 14.25pt;\">\n<td class=\"et2\" style=\"height: 14.25pt; width: 142.50pt;\" width=\"190\" height=\"19\">CON S\u1ed0<\/td>\n<td class=\"et2\" style=\"width: 127.50pt;\" width=\"170\">CHI\u1ec0U D\u00c0I<\/td>\n<td class=\"et2\" style=\"width: 126.00pt;\" width=\"168\">V\u1eacT LI\u1ec6U<\/td>\n<td class=\"et2\" style=\"width: 135.00pt;\" width=\"180\">SINH VI\u00caN T\u1ed0T NGHI\u1ec6P<\/td>\n<td class=\"et2\" style=\"width: 124.50pt;\" width=\"166\">T\u00d9Y CH\u1eccN KH\u00d3A<\/td>\n<td class=\"et2\" style=\"width: 86.25pt;\" width=\"115\">\u0110\u01af\u1edcNG K\u00cdNH<\/td>\n<td style=\"width: 105.00pt;\" width=\"140\">h\u00ecnh \u1ea3nh<\/td>\n<\/tr>\n<tr style=\"height: 14.25pt;\">\n<td class=\"et2\" style=\"height: 14.25pt;\" height=\"19\">DZ060<\/td>\n<td class=\"et3\">60cm<\/td>\n<td class=\"et2\">Nh\u00f4m<\/td>\n<td class=\"et2\">M\u00e9t<\/td>\n<td class=\"et2\">TL\/ QL<\/td>\n<td class=\"et2\">18\/25mm<\/td>\n<td><img fetchpriority=\"high\" decoding=\"async\" class=\"alignnone wp-image-3769 size-medium\" src=\"https:\/\/mountlaser.com\/wp-content\/uploads\/2025\/11\/DZ060-2-300x300.webp\" alt=\"DZ Aluminum Prism Pole\" width=\"300\" height=\"300\" srcset=\"https:\/\/mountlaser.com\/wp-content\/uploads\/2025\/11\/DZ060-2-300x300.webp 300w, https:\/\/mountlaser.com\/wp-content\/uploads\/2025\/11\/DZ060-2-400x400.webp 400w, https:\/\/mountlaser.com\/wp-content\/uploads\/2025\/11\/DZ060-2-800x800.webp 800w, https:\/\/mountlaser.com\/wp-content\/uploads\/2025\/11\/DZ060-2-600x600.webp 600w, https:\/\/mountlaser.com\/wp-content\/uploads\/2025\/11\/DZ060-2-150x150.webp 150w, https:\/\/mountlaser.com\/wp-content\/uploads\/2025\/11\/DZ060-2-768x768.webp 768w, https:\/\/mountlaser.com\/wp-content\/uploads\/2025\/11\/DZ060-2-12x12.webp 12w, https:\/\/mountlaser.com\/wp-content\/uploads\/2025\/11\/DZ060-2.webp 1000w\" sizes=\"(max-width: 300px) 100vw, 300px\" \/><\/td>\n<\/tr>\n<tr style=\"height: 14.25pt;\">\n<td class=\"et2\" style=\"height: 14.25pt;\" height=\"19\">DZ125<\/td>\n<td class=\"et3\">125cm<\/td>\n<td class=\"et2\">Nh\u00f4m<\/td>\n<td class=\"et2\">M\u00e9t<\/td>\n<td class=\"et2\">TL\/ QL<\/td>\n<td class=\"et2\">18\/25mm<\/td>\n<td><img decoding=\"async\" class=\"alignnone wp-image-3778 size-medium\" src=\"https:\/\/mountlaser.com\/wp-content\/uploads\/2025\/11\/DZ120-4-300x300.webp\" alt=\"DZ Aluminum Prism Pole\" width=\"300\" height=\"300\" srcset=\"https:\/\/mountlaser.com\/wp-content\/uploads\/2025\/11\/DZ120-4-300x300.webp 300w, https:\/\/mountlaser.com\/wp-content\/uploads\/2025\/11\/DZ120-4-400x400.webp 400w, https:\/\/mountlaser.com\/wp-content\/uploads\/2025\/11\/DZ120-4-800x800.webp 800w, https:\/\/mountlaser.com\/wp-content\/uploads\/2025\/11\/DZ120-4-600x600.webp 600w, https:\/\/mountlaser.com\/wp-content\/uploads\/2025\/11\/DZ120-4-150x150.webp 150w, https:\/\/mountlaser.com\/wp-content\/uploads\/2025\/11\/DZ120-4-768x768.webp 768w, https:\/\/mountlaser.com\/wp-content\/uploads\/2025\/11\/DZ120-4-12x12.webp 12w, https:\/\/mountlaser.com\/wp-content\/uploads\/2025\/11\/DZ120-4.webp 1000w\" sizes=\"(max-width: 300px) 100vw, 300px\" \/><\/td>\n<\/tr>\n<\/tbody>\n<\/table>","protected":false},"excerpt":{"rendered":"<ul>\n<li>Nh\u1eb9 v\u00e0 ch\u1eafc ch\u1eafn: \u0110\u01b0\u1ee3c ch\u1ebf t\u1ea1o t\u1eeb nh\u00f4m cao c\u1ea5p, d\u1ec5 d\u00e0ng mang theo v\u00e0 b\u1ec1n b\u1ec9.<\/li>\n<li>H\u1ec7 th\u1ed1ng kh\u00f3a b\u1eb1ng nh\u00f4m: Mang l\u1ea1i \u0111\u1ed9 b\u1ec1n v\u01b0\u1ee3t tr\u1ed9i v\u00e0 tu\u1ed5i th\u1ecd s\u1eed d\u1ee5ng l\u00e2u d\u00e0i.<\/li>\n<li>Thang \u0111o t\u00edch h\u1ee3p: \u1ed0ng b\u00ean trong c\u00f3 v\u1ea1ch chia r\u00f5 r\u00e0ng \u0111\u1ec3 \u0111\u1ecdc tr\u1ef1c ti\u1ebfp k\u1ebft qu\u1ea3 \u0111o.<\/li>\n<\/ul>","protected":false},"featured_media":3771,"comment_status":"open","ping_status":"closed","template":"","meta":[],"product_brand":[],"product_cat":[117,89],"product_tag":[],"class_list":{"0":"post-3776","1":"product","2":"type-product","3":"status-publish","4":"has-post-thumbnail","6":"product_cat-aluminum-prism-pole","7":"product_cat-surveying-pole-rod","9":"first","10":"instock","11":"shipping-taxable","12":"product-type-simple"},"_links":{"self":[{"href":"https:\/\/mountlaser.com\/vi\/wp-json\/wp\/v2\/product\/3776","targetHints":{"allow":["GET"]}}],"collection":[{"href":"https:\/\/mountlaser.com\/vi\/wp-json\/wp\/v2\/product"}],"about":[{"href":"https:\/\/mountlaser.com\/vi\/wp-json\/wp\/v2\/types\/product"}],"replies":[{"embeddable":true,"href":"https:\/\/mountlaser.com\/vi\/wp-json\/wp\/v2\/comments?post=3776"}],"wp:featuredmedia":[{"embeddable":true,"href":"https:\/\/mountlaser.com\/vi\/wp-json\/wp\/v2\/media\/3771"}],"wp:attachment":[{"href":"https:\/\/mountlaser.com\/vi\/wp-json\/wp\/v2\/media?parent=3776"}],"wp:term":[{"taxonomy":"product_brand","embeddable":true,"href":"https:\/\/mountlaser.com\/vi\/wp-json\/wp\/v2\/product_brand?post=3776"},{"taxonomy":"product_cat","embeddable":true,"href":"https:\/\/mountlaser.com\/vi\/wp-json\/wp\/v2\/product_cat?post=3776"},{"taxonomy":"product_tag","embeddable":true,"href":"https:\/\/mountlaser.com\/vi\/wp-json\/wp\/v2\/product_tag?post=3776"}],"curies":[{"name":"trang web","href":"https:\/\/api.w.org\/{rel}","templated":true}]}}