{"id":3758,"date":"2025-11-07T08:59:51","date_gmt":"2025-11-07T08:59:51","guid":{"rendered":"https:\/\/mountlaser.com\/?post_type=product&#038;p=3758"},"modified":"2025-11-27T07:57:05","modified_gmt":"2025-11-27T07:57:05","slug":"atp2s-360prism-with-pole","status":"publish","type":"product","link":"https:\/\/mountlaser.com\/vi\/san-pham\/atp2s-360prism-with-pole\/","title":{"rendered":"L\u0103ng k\u00ednh 360\u00b0 ATP2S c\u00f3 c\u1ef1c"},"content":{"rendered":"<p>C\u00e1i <a href=\"https:\/\/mountlaser.com\/vi\/\"><strong>L\u0103ng k\u00ednh 360\u00b0 ATP2S c\u00f3 c\u1ef1c<\/strong><\/a> l\u00e0 m\u1ed9t s\u1ea3n ph\u1ea9m c\u00f3 \u0111\u1ed9 ch\u00ednh x\u00e1c cao. <a href=\"https:\/\/mountlaser.com\/vi\/products\/\"><strong>L\u0103ng k\u00ednh robot tr\u01b0\u1ee3t 360 \u0111\u1ed9<\/strong><\/a> \u0110\u01b0\u1ee3c thi\u1ebft k\u1ebf cho c\u00e1c \u1ee9ng d\u1ee5ng kh\u1ea3o s\u00e1t chuy\u00ean nghi\u1ec7p v\u00e0 m\u00e1y to\u00e0n \u0111\u1ea1c robot. \u0110\u01b0\u1ee3c ch\u1ebf t\u1ea1o \u0111\u1ec3 \u0111\u1ea3m b\u1ea3o \u0111\u1ed9 ch\u00ednh x\u00e1c, \u0111\u1ed9 b\u1ec1n v\u00e0 d\u1ec5 s\u1eed d\u1ee5ng, l\u0103ng k\u00ednh 360\u00b0 ATP2S k\u00e8m c\u1ed9t n\u00e0y \u0111\u1ea3m b\u1ea3o hi\u1ec7u su\u1ea5t \u1ed5n \u0111\u1ecbnh trong m\u00f4i tr\u01b0\u1eddng l\u00e0m vi\u1ec7c kh\u1eafc nghi\u1ec7t.<\/p>\n<p>\u0110\u01b0\u1ee3c ch\u1ebf t\u1ea1o v\u1edbi s\u00e1u l\u0103ng k\u00ednh \u0111\u01b0\u1ee3c c\u0103n ch\u1ec9nh ch\u00ednh x\u00e1c, l\u0103ng k\u00ednh robot tr\u01b0\u1ee3t 360 \u0111\u1ed9 Style cung c\u1ea5p kh\u1ea3 n\u0103ng ph\u1ea3n x\u1ea1 360 \u0111\u1ed9, mang l\u1ea1i t\u00edn hi\u1ec7u ph\u1ea3n h\u1ed3i \u0111\u00e1ng tin c\u1eady t\u1eeb m\u1ecdi h\u01b0\u1edbng. H\u1eb1ng s\u1ed1 l\u0103ng k\u00ednh -7 mm v\u00e0 \u0111\u1ed9 ch\u00ednh x\u00e1c t\u00e2m \u00b12,0 mm \u0111\u1ea3m b\u1ea3o \u0111\u1ed9 ch\u00ednh x\u00e1c \u0111o l\u01b0\u1eddng v\u01b0\u1ee3t tr\u1ed9i. L\u0103ng k\u00ednh 360\u00b0 ATP2S k\u00e8m c\u1ed9t c\u00f3 c\u1ed9t b\u1eb1ng th\u00e9p kh\u00f4ng g\u1ec9 d\u00e0i 20 inch v\u00e0 th\u01b0\u1edbc th\u1ee7y tr\u00f2n t\u00edch h\u1ee3p, gi\u00fap d\u1ec5 d\u00e0ng thi\u1ebft l\u1eadp v\u00e0 c\u0103n ch\u1ec9nh th\u1eb3ng \u0111\u1ee9ng ch\u00ednh x\u00e1c.<\/p>\n<p><img fetchpriority=\"high\" decoding=\"async\" class=\"aligncenter wp-image-3763\" src=\"https:\/\/mountlaser.com\/wp-content\/uploads\/2025\/11\/ATP2S5.webp\" alt=\"ATP2S 360\u00b0prism with pole\" width=\"500\" height=\"500\" srcset=\"https:\/\/mountlaser.com\/wp-content\/uploads\/2025\/11\/ATP2S5.webp 1000w, https:\/\/mountlaser.com\/wp-content\/uploads\/2025\/11\/ATP2S5-300x300.webp 300w, https:\/\/mountlaser.com\/wp-content\/uploads\/2025\/11\/ATP2S5-400x400.webp 400w, https:\/\/mountlaser.com\/wp-content\/uploads\/2025\/11\/ATP2S5-800x800.webp 800w, https:\/\/mountlaser.com\/wp-content\/uploads\/2025\/11\/ATP2S5-600x600.webp 600w, https:\/\/mountlaser.com\/wp-content\/uploads\/2025\/11\/ATP2S5-150x150.webp 150w, https:\/\/mountlaser.com\/wp-content\/uploads\/2025\/11\/ATP2S5-768x768.webp 768w, https:\/\/mountlaser.com\/wp-content\/uploads\/2025\/11\/ATP2S5-12x12.webp 12w\" sizes=\"(max-width: 500px) 100vw, 500px\" \/><\/p>\n<p>C\u1ee5m l\u0103ng k\u00ednh bao g\u1ed3m v\u1ecf b\u1ecdc cao su ch\u1eafc ch\u1eafn \u0111\u1ec3 t\u0103ng c\u01b0\u1eddng kh\u1ea3 n\u0103ng b\u1ea3o v\u1ec7 ch\u1ed1ng l\u1ea1i c\u00e1c t\u00e1c \u0111\u1ed9ng trong \u0111i\u1ec1u ki\u1ec7n th\u1ef1c t\u1ebf v\u00e0 c\u01a1 ch\u1ebf n\u00fat b\u1ea5m d\u1ec5 d\u00e0ng th\u00e1o l\u1eafp \u0111\u1ec3 l\u1eafp \u0111\u1eb7t v\u00e0 th\u00e1o r\u1eddi nhanh ch\u00f3ng\u2014gi\u00fap vi\u1ec7c l\u1eafp \u0111\u1eb7t v\u00e0 th\u00e1o r\u1eddi tr\u1edf n\u00ean d\u1ec5 d\u00e0ng h\u01a1n. <a href=\"https:\/\/mountlaser.com\/vi\/contact-us\/\">L\u0103ng k\u00ednh robot tr\u01b0\u1ee3t 360 \u0111\u1ed9<\/a> \u0110\u00e2y l\u00e0 l\u1ef1a ch\u1ecdn l\u00fd t\u01b0\u1edfng cho c\u00e1c kh\u1ea3o s\u00e1t \u0111\u1ecba h\u00ecnh, d\u1ef1 \u00e1n gi\u00e1m s\u00e1t v\u00e0 c\u00f4ng t\u00e1c b\u1ed1 tr\u00ed m\u1eb7t b\u1eb1ng x\u00e2y d\u1ef1ng.<\/p>","protected":false},"excerpt":{"rendered":"<ul>\n<li>L\u0103ng k\u00ednh 360\u00b0 ATP2S k\u00e8m c\u00e1n \u0111\u1ee1 d\u00e0nh cho m\u00e1y to\u00e0n \u0111\u1ea1c chuy\u00ean nghi\u1ec7p v\u00e0 kh\u1ea3o s\u00e1t b\u1eb1ng robot.<\/li>\n<li>V\u1edbi s\u00e1u l\u0103ng k\u00ednh m\u1ea1 b\u1ea1c ch\u00ednh x\u00e1c cao<\/li>\n<li>Th\u00e2n m\u00e1y b\u1eb1ng cao su b\u1ec1n ch\u1eafc v\u1edbi n\u00fat th\u00e1o nhanh ti\u1ec7n l\u1ee3i.<\/li>\n<\/ul>","protected":false},"featured_media":3761,"comment_status":"open","ping_status":"closed","template":"","meta":[],"product_brand":[],"product_cat":[72,115],"product_tag":[],"class_list":{"0":"post-3758","1":"product","2":"type-product","3":"status-publish","4":"has-post-thumbnail","6":"product_cat-reflective-target-prism","7":"product_cat-wide-angle-prism","9":"first","10":"instock","11":"shipping-taxable","12":"product-type-simple"},"_links":{"self":[{"href":"https:\/\/mountlaser.com\/vi\/wp-json\/wp\/v2\/product\/3758","targetHints":{"allow":["GET"]}}],"collection":[{"href":"https:\/\/mountlaser.com\/vi\/wp-json\/wp\/v2\/product"}],"about":[{"href":"https:\/\/mountlaser.com\/vi\/wp-json\/wp\/v2\/types\/product"}],"replies":[{"embeddable":true,"href":"https:\/\/mountlaser.com\/vi\/wp-json\/wp\/v2\/comments?post=3758"}],"wp:featuredmedia":[{"embeddable":true,"href":"https:\/\/mountlaser.com\/vi\/wp-json\/wp\/v2\/media\/3761"}],"wp:attachment":[{"href":"https:\/\/mountlaser.com\/vi\/wp-json\/wp\/v2\/media?parent=3758"}],"wp:term":[{"taxonomy":"product_brand","embeddable":true,"href":"https:\/\/mountlaser.com\/vi\/wp-json\/wp\/v2\/product_brand?post=3758"},{"taxonomy":"product_cat","embeddable":true,"href":"https:\/\/mountlaser.com\/vi\/wp-json\/wp\/v2\/product_cat?post=3758"},{"taxonomy":"product_tag","embeddable":true,"href":"https:\/\/mountlaser.com\/vi\/wp-json\/wp\/v2\/product_tag?post=3758"}],"curies":[{"name":"trang web","href":"https:\/\/api.w.org\/{rel}","templated":true}]}}