{"id":3748,"date":"2025-11-07T08:10:06","date_gmt":"2025-11-07T08:10:06","guid":{"rendered":"https:\/\/mountlaser.com\/?post_type=product&#038;p=3748"},"modified":"2025-11-27T07:59:38","modified_gmt":"2025-11-27T07:59:38","slug":"z-220p-zero-220p-360prism-with-pole","status":"publish","type":"product","link":"https:\/\/mountlaser.com\/vi\/san-pham\/z-220p-zero-220p-360prism-with-pole\/","title":{"rendered":"Z-220P ZERO 220P PRISM 360\u00b0 C\u00d3 C\u1ed8T"},"content":{"rendered":"<p>Z-220P ZERO <a href=\"https:\/\/mountlaser.com\/vi\/\"><strong>220P 360\u00b0PRISM C\u00d3 C\u1ed8T<\/strong><\/a> c\u00f3 \u0111\u1ed9 ch\u00ednh x\u00e1c cao<a href=\"https:\/\/mountlaser.com\/vi\/products\/\"><strong> L\u0103ng k\u00ednh ph\u1ea3n chi\u1ebfu tr\u01b0\u1ee3t 360 \u0111\u1ed9<\/strong> <\/a>\u0110\u01b0\u1ee3c thi\u1ebft k\u1ebf cho c\u00e1c \u1ee9ng d\u1ee5ng kh\u1ea3o s\u00e1t to\u00e0n \u0111\u1ea1c v\u00e0 robot chuy\u00ean nghi\u1ec7p. \u0110\u01b0\u1ee3c ch\u1ebf t\u1ea1o v\u1edbi \u0111\u1ed9 ch\u00ednh x\u00e1c v\u00e0 \u0111\u1ed9 b\u1ec1n cao, l\u0103ng k\u00ednh 360\u00b0 220P k\u00e8m c\u1ed9t n\u00e0y \u0111\u1ea3m b\u1ea3o k\u1ebft qu\u1ea3 nh\u1ea5t qu\u00e1n v\u00e0 ph\u1ea3n x\u1ea1 t\u00edn hi\u1ec7u t\u1ed1i \u01b0u ngay c\u1ea3 trong \u0111i\u1ec1u ki\u1ec7n hi\u1ec7n tr\u01b0\u1eddng kh\u1eafc nghi\u1ec7t.<\/p>\n<p>V\u1edbi n\u0103m l\u0103ng k\u00ednh m\u1ea1 b\u1ea1c ch\u1ea5t l\u01b0\u1ee3ng cao, l\u0103ng k\u00ednh ph\u1ea3n x\u1ea1 tr\u01b0\u1ee3t 360 \u0111\u1ed9 mang l\u1ea1i kh\u1ea3 n\u0103ng ph\u1ea3n x\u1ea1 \u00e1nh s\u00e1ng v\u01b0\u1ee3t tr\u1ed9i v\u00e0 \u0111\u1ed9 \u1ed5n \u0111\u1ecbnh theo m\u1ecdi h\u01b0\u1edbng. C\u1eeda s\u1ed5 quan s\u00e1t ph\u00eda sau t\u00edch h\u1ee3p cho ph\u00e9p ng\u01b0\u1eddi d\u00f9ng d\u1ec5 d\u00e0ng ki\u1ec3m tra chi\u1ec1u cao c\u1ee7a l\u0103ng k\u00ednh, c\u1ea3i thi\u1ec7n hi\u1ec7u qu\u1ea3 v\u00e0 \u0111\u1ed9 tin c\u1eady khi \u0111o. V\u1edbi gi\u00e1 \u0111\u1ee1 l\u0103ng k\u00ednh b\u1eb1ng kim lo\u1ea1i v\u00e0 l\u1edbp ph\u1ee7 ch\u1ed1ng t\u00e1n x\u1ea1 \u0111\u1eb7c bi\u1ec7t, l\u0103ng k\u00ednh Z-220P ZERO 220P 360\u00b0PRISM WITH POLE mang l\u1ea1i hi\u1ec7u su\u1ea5t l\u00e2u d\u00e0i v\u00e0 \u0111\u1ed9 r\u00f5 n\u00e9t quang h\u1ecdc \u0111\u01b0\u1ee3c n\u00e2ng cao.<\/p>\n<p><img fetchpriority=\"high\" decoding=\"async\" class=\"aligncenter wp-image-3753\" src=\"https:\/\/mountlaser.com\/wp-content\/uploads\/2025\/11\/ZERO220P5.webp\" alt=\"Z-220P Sliding 360 Degree Reflective Prism\" width=\"500\" height=\"500\" srcset=\"https:\/\/mountlaser.com\/wp-content\/uploads\/2025\/11\/ZERO220P5.webp 1000w, https:\/\/mountlaser.com\/wp-content\/uploads\/2025\/11\/ZERO220P5-300x300.webp 300w, https:\/\/mountlaser.com\/wp-content\/uploads\/2025\/11\/ZERO220P5-400x400.webp 400w, https:\/\/mountlaser.com\/wp-content\/uploads\/2025\/11\/ZERO220P5-800x800.webp 800w, https:\/\/mountlaser.com\/wp-content\/uploads\/2025\/11\/ZERO220P5-600x600.webp 600w, https:\/\/mountlaser.com\/wp-content\/uploads\/2025\/11\/ZERO220P5-150x150.webp 150w, https:\/\/mountlaser.com\/wp-content\/uploads\/2025\/11\/ZERO220P5-768x768.webp 768w, https:\/\/mountlaser.com\/wp-content\/uploads\/2025\/11\/ZERO220P5-12x12.webp 12w\" sizes=\"(max-width: 500px) 100vw, 500px\" \/><\/p>\n<p>C\u00e1i n\u00e0y <a href=\"https:\/\/mountlaser.com\/vi\/contact-us\/\">L\u0103ng k\u00ednh ph\u1ea3n chi\u1ebfu tr\u01b0\u1ee3t 360 \u0111\u1ed9<\/a> Ngo\u00e0i ra, s\u1ea3n ph\u1ea9m c\u00f2n bao g\u1ed3m m\u1ed9t th\u01b0\u1edbc th\u1ee7y tr\u00f2n \u0111i\u1ec1u ch\u1ec9nh \u0111\u01b0\u1ee3c (40\u2032), \u0111\u1ea3m b\u1ea3o \u0111\u1ecbnh t\u00e2m v\u00e0 c\u0103n ch\u1ec9nh ch\u00ednh x\u00e1c. V\u1edbi \u0111\u1ed9 l\u1ec7ch 0 mm v\u00e0 \u0111\u1ed9 ch\u00ednh x\u00e1c \u0111\u1ecbnh t\u00e2m \u00b12,0 mm, \u0111\u00e2y l\u00e0 c\u00f4ng c\u1ee5 l\u00fd t\u01b0\u1edfng cho c\u00e1c kh\u1ea3o s\u00e1t \u0111\u1ecba h\u00ecnh, b\u1ed1 tr\u00ed c\u00f4ng tr\u00ecnh v\u00e0 c\u00e1c nhi\u1ec7m v\u1ee5 \u0111\u1ecbnh v\u1ecb 3D.<\/p>","protected":false},"excerpt":{"rendered":"<ul>\n<li>L\u0103ng k\u00ednh ph\u1ea3n chi\u1ebfu xoay 360 \u0111\u1ed9 v\u1edbi n\u0103m l\u0103ng k\u00ednh m\u1ea1 b\u1ea1c.<\/li>\n<li>Th\u01b0\u1edbc th\u1ee7y tr\u00f2n c\u00f3 th\u1ec3 \u0111i\u1ec1u ch\u1ec9nh (40&#039;) \u0111\u1ec3 d\u1ec5 d\u00e0ng thi\u1ebft l\u1eadp<\/li>\n<li>Khung \u0111\u1ee1 l\u0103ng k\u00ednh b\u1eb1ng kim lo\u1ea1i v\u00e0 l\u1edbp ph\u1ee7 ch\u1ed1ng t\u00e1n x\u1ea1 gi\u00fap t\u0103ng \u0111\u1ed9 b\u1ec1n v\u00e0 \u0111\u1ed9 trong su\u1ed1t.<\/li>\n<\/ul>","protected":false},"featured_media":3750,"comment_status":"open","ping_status":"closed","template":"","meta":[],"product_brand":[],"product_cat":[72,115],"product_tag":[],"class_list":{"0":"post-3748","1":"product","2":"type-product","3":"status-publish","4":"has-post-thumbnail","6":"product_cat-reflective-target-prism","7":"product_cat-wide-angle-prism","9":"first","10":"instock","11":"shipping-taxable","12":"product-type-simple"},"_links":{"self":[{"href":"https:\/\/mountlaser.com\/vi\/wp-json\/wp\/v2\/product\/3748","targetHints":{"allow":["GET"]}}],"collection":[{"href":"https:\/\/mountlaser.com\/vi\/wp-json\/wp\/v2\/product"}],"about":[{"href":"https:\/\/mountlaser.com\/vi\/wp-json\/wp\/v2\/types\/product"}],"replies":[{"embeddable":true,"href":"https:\/\/mountlaser.com\/vi\/wp-json\/wp\/v2\/comments?post=3748"}],"wp:featuredmedia":[{"embeddable":true,"href":"https:\/\/mountlaser.com\/vi\/wp-json\/wp\/v2\/media\/3750"}],"wp:attachment":[{"href":"https:\/\/mountlaser.com\/vi\/wp-json\/wp\/v2\/media?parent=3748"}],"wp:term":[{"taxonomy":"product_brand","embeddable":true,"href":"https:\/\/mountlaser.com\/vi\/wp-json\/wp\/v2\/product_brand?post=3748"},{"taxonomy":"product_cat","embeddable":true,"href":"https:\/\/mountlaser.com\/vi\/wp-json\/wp\/v2\/product_cat?post=3748"},{"taxonomy":"product_tag","embeddable":true,"href":"https:\/\/mountlaser.com\/vi\/wp-json\/wp\/v2\/product_tag?post=3748"}],"curies":[{"name":"trang web","href":"https:\/\/api.w.org\/{rel}","templated":true}]}}