{"id":3738,"date":"2025-11-07T06:56:11","date_gmt":"2025-11-07T06:56:11","guid":{"rendered":"https:\/\/mountlaser.com\/?post_type=product&#038;p=3738"},"modified":"2025-11-27T08:03:15","modified_gmt":"2025-11-27T08:03:15","slug":"atp3-360prism-metal-design","status":"publish","type":"product","link":"https:\/\/mountlaser.com\/vi\/san-pham\/atp3-360prism-metal-design\/","title":{"rendered":"Thi\u1ebft k\u1ebf kim lo\u1ea1i l\u0103ng k\u00ednh 360\u00b0 ATP3"},"content":{"rendered":"<p>C\u00e1i <a href=\"https:\/\/mountlaser.com\/vi\/\"><strong>ATP3 360\u00b0PRISM<\/strong><\/a> l\u00e0 m\u1ed9t s\u1ea3n ph\u1ea9m c\u00f3 \u0111\u1ed9 ch\u00ednh x\u00e1c cao. <a href=\"https:\/\/mountlaser.com\/vi\/about-us\/\"><strong>L\u1eafp r\u00e1p l\u0103ng k\u00ednh robot 360\u00b0<\/strong><\/a> \u0110\u01b0\u1ee3c thi\u1ebft k\u1ebf d\u00e0nh cho c\u00e1c m\u00e1y to\u00e0n \u0111\u1ea1c robot hi\u1ec7n \u0111\u1ea1i v\u00e0 c\u00e1c \u1ee9ng d\u1ee5ng kh\u1ea3o s\u00e1t ti\u00ean ti\u1ebfn. V\u1edbi s\u00e1u l\u0103ng k\u00ednh m\u1ea1 b\u1ea1c 25,4 mm, ATP3 360\u00b0PRISM cung c\u1ea5p kh\u1ea3 n\u0103ng ph\u1ea3n x\u1ea1 t\u00edn hi\u1ec7u v\u00e0 \u0111\u1ed9 \u1ed5n \u0111\u1ecbnh v\u01b0\u1ee3t tr\u1ed9i t\u1eeb m\u1ecdi h\u01b0\u1edbng, \u0111\u1ea3m b\u1ea3o c\u00e1c ph\u00e9p \u0111o nhanh ch\u00f3ng v\u00e0 \u0111\u00e1ng tin c\u1eady t\u1ea1i hi\u1ec7n tr\u01b0\u1eddng.<\/p>\n<p>\u0110\u01b0\u1ee3c ch\u1ebf t\u1ea1o v\u1edbi khung kim lo\u1ea1i b\u1ec1n ch\u1eafc, c\u1ee5m l\u0103ng k\u00ednh robot 360\u00b0 n\u00e0y c\u00f3 kh\u1ea3 n\u0103ng ch\u1ed1ng ch\u1ecbu va \u0111\u1eadp v\u00e0 t\u00e1c \u0111\u1ed9ng t\u1eeb m\u00f4i tr\u01b0\u1eddng v\u01b0\u1ee3t tr\u1ed9i, l\u00fd t\u01b0\u1edfng cho vi\u1ec7c s\u1eed d\u1ee5ng chuy\u00ean nghi\u1ec7p trong \u0111i\u1ec1u ki\u1ec7n kh\u1eafc nghi\u1ec7t. H\u1eb1ng s\u1ed1 0 mm c\u1ee7a l\u0103ng k\u00ednh \u0111\u1ea3m b\u1ea3o \u0111\u1ed9 ch\u00ednh x\u00e1c cao, trong khi \u0111\u1ed9 ch\u00ednh x\u00e1c t\u00e2m \u00b12,0 mm duy tr\u00ec t\u00ednh nh\u1ea5t qu\u00e1n cao c\u1ee7a ph\u00e9p \u0111o tr\u00ean nhi\u1ec1u lo\u1ea1i \u0111\u1ecba h\u00ecnh kh\u00e1c nhau.<\/p>\n<p><img fetchpriority=\"high\" decoding=\"async\" class=\"aligncenter wp-image-3744\" src=\"https:\/\/mountlaser.com\/wp-content\/uploads\/2025\/11\/ATP3-3606.webp\" alt=\"ATP3 360\u00b0 Robotic Prism Assembly\" width=\"500\" height=\"500\" srcset=\"https:\/\/mountlaser.com\/wp-content\/uploads\/2025\/11\/ATP3-3606.webp 1000w, https:\/\/mountlaser.com\/wp-content\/uploads\/2025\/11\/ATP3-3606-300x300.webp 300w, https:\/\/mountlaser.com\/wp-content\/uploads\/2025\/11\/ATP3-3606-400x400.webp 400w, https:\/\/mountlaser.com\/wp-content\/uploads\/2025\/11\/ATP3-3606-800x800.webp 800w, https:\/\/mountlaser.com\/wp-content\/uploads\/2025\/11\/ATP3-3606-600x600.webp 600w, https:\/\/mountlaser.com\/wp-content\/uploads\/2025\/11\/ATP3-3606-150x150.webp 150w, https:\/\/mountlaser.com\/wp-content\/uploads\/2025\/11\/ATP3-3606-768x768.webp 768w, https:\/\/mountlaser.com\/wp-content\/uploads\/2025\/11\/ATP3-3606-12x12.webp 12w\" sizes=\"(max-width: 500px) 100vw, 500px\" \/><\/p>\n<p>\u0110\u01b0\u1ee3c thi\u1ebft k\u1ebf \u0111\u1ec3 mang l\u1ea1i s\u1ef1 ti\u1ec7n l\u1ee3i, <a href=\"https:\/\/mountlaser.com\/vi\/contact-us\/\">ATP3 360\u00b0PRISM<\/a> T\u00edch h\u1ee3p th\u01b0\u1edbc th\u1ee7y tr\u00f2n g\u1eafn tr\u00ean \u0111\u1ec9nh \u0111\u1ec3 c\u0103n ch\u1ec9nh nhanh, cho ph\u00e9p ng\u01b0\u1eddi kh\u1ea3o s\u00e1t thi\u1ebft l\u1eadp ch\u00ednh x\u00e1c trong th\u1eddi gian ng\u1eafn h\u01a1n. C\u1ea5u tr\u00fac ch\u1eafc ch\u1eafn v\u00e0 nh\u1ecf g\u1ecdn l\u00e0m cho c\u1ee5m l\u0103ng k\u00ednh robot 360\u00b0 n\u00e0y tr\u1edf th\u00e0nh ph\u1ee5 ki\u1ec7n thi\u1ebft y\u1ebfu cho c\u00e1c m\u00e1y to\u00e0n \u0111\u1ea1c robot y\u00eau c\u1ea7u \u0111\u1ed9 ch\u00ednh x\u00e1c v\u00e0 \u1ed5n \u0111\u1ecbnh t\u1ea7m xa.<\/p>","protected":false},"excerpt":{"rendered":"<ul>\n<li>\u0110\u1ed9 ch\u00ednh x\u00e1c \u0111o l\u01b0\u1eddng v\u01b0\u1ee3t tr\u1ed9i<\/li>\n<li>K\u1ebft c\u1ea5u khung kim lo\u1ea1i t\u0103ng c\u01b0\u1eddng \u0111\u1ed9 ch\u1eafc ch\u1eafn v\u00e0 \u0111\u1ed9 b\u1ec1n trong \u0111i\u1ec1u ki\u1ec7n th\u1ef1c t\u1ebf.<\/li>\n<li>\u0110\u1ea7u th\u01b0\u1edbc th\u1ee7y gi\u00fap c\u00e2n b\u1eb1ng d\u1ec5 d\u00e0ng v\u00e0 thi\u1ebft l\u1eadp nhanh ch\u00f3ng.<\/li>\n<\/ul>","protected":false},"featured_media":3740,"comment_status":"open","ping_status":"closed","template":"","meta":[],"product_brand":[],"product_cat":[72,115],"product_tag":[],"class_list":{"0":"post-3738","1":"product","2":"type-product","3":"status-publish","4":"has-post-thumbnail","6":"product_cat-reflective-target-prism","7":"product_cat-wide-angle-prism","9":"first","10":"instock","11":"shipping-taxable","12":"product-type-simple"},"_links":{"self":[{"href":"https:\/\/mountlaser.com\/vi\/wp-json\/wp\/v2\/product\/3738","targetHints":{"allow":["GET"]}}],"collection":[{"href":"https:\/\/mountlaser.com\/vi\/wp-json\/wp\/v2\/product"}],"about":[{"href":"https:\/\/mountlaser.com\/vi\/wp-json\/wp\/v2\/types\/product"}],"replies":[{"embeddable":true,"href":"https:\/\/mountlaser.com\/vi\/wp-json\/wp\/v2\/comments?post=3738"}],"wp:featuredmedia":[{"embeddable":true,"href":"https:\/\/mountlaser.com\/vi\/wp-json\/wp\/v2\/media\/3740"}],"wp:attachment":[{"href":"https:\/\/mountlaser.com\/vi\/wp-json\/wp\/v2\/media?parent=3738"}],"wp:term":[{"taxonomy":"product_brand","embeddable":true,"href":"https:\/\/mountlaser.com\/vi\/wp-json\/wp\/v2\/product_brand?post=3738"},{"taxonomy":"product_cat","embeddable":true,"href":"https:\/\/mountlaser.com\/vi\/wp-json\/wp\/v2\/product_cat?post=3738"},{"taxonomy":"product_tag","embeddable":true,"href":"https:\/\/mountlaser.com\/vi\/wp-json\/wp\/v2\/product_tag?post=3738"}],"curies":[{"name":"trang web","href":"https:\/\/api.w.org\/{rel}","templated":true}]}}