{"id":3715,"date":"2025-11-07T06:20:09","date_gmt":"2025-11-07T06:20:09","guid":{"rendered":"https:\/\/mountlaser.com\/?post_type=product&#038;p=3715"},"modified":"2025-11-27T08:06:06","modified_gmt":"2025-11-27T08:06:06","slug":"atp1-japanese-style-360prism","status":"publish","type":"product","link":"https:\/\/mountlaser.com\/vi\/san-pham\/atp1-japanese-style-360prism\/","title":{"rendered":"ATP1 360\u00b0PRISM"},"content":{"rendered":"<p>C\u00e1i <a href=\"https:\/\/mountlaser.com\/vi\/\"><strong>ATP1 360 PRISM<\/strong><\/a> \u0110\u1ea1i di\u1ec7n cho c\u1ea5p \u0111\u1ed9 ch\u00ednh x\u00e1c v\u00e0 \u0111\u1ed9 b\u1ec1n cao h\u01a1n trong ng\u00e0nh kh\u1ea3o s\u00e1t hi\u1ec7n \u0111\u1ea1i. \u0110\u01b0\u1ee3c thi\u1ebft k\u1ebf nh\u01b0 m\u1ed9t... <a href=\"https:\/\/mountlaser.com\/vi\/products\/\"><strong>L\u0103ng k\u00ednh 360\u00b0 v\u1edbi l\u0103ng k\u00ednh b\u1ea3o v\u1ec7<\/strong><\/a>, H\u1ec7 th\u1ed1ng l\u0103ng k\u00ednh ki\u1ec3u Nh\u1eadt n\u00e0y mang l\u1ea1i \u0111\u1ed9 ch\u00ednh x\u00e1c v\u00e0 \u1ed5n \u0111\u1ecbnh v\u01b0\u1ee3t tr\u1ed9i trong vi\u1ec7c \u0111\u1ecbnh t\u00e2m, ph\u1ee5c v\u1ee5 cho c\u00f4ng t\u00e1c kh\u1ea3o s\u00e1t th\u1ef1c \u0111\u1ecba hi\u1ec7u su\u1ea5t cao. S\u00e1u l\u0103ng k\u00ednh ph\u1ee7 b\u1ea1c c\u1ee7a n\u00f3 cung c\u1ea5p kh\u1ea3 n\u0103ng ph\u1ea3n x\u1ea1 t\u00edn hi\u1ec7u m\u1ea1nh m\u1ebd t\u1eeb m\u1ecdi h\u01b0\u1edbng, \u0111\u1ea3m b\u1ea3o k\u1ebft qu\u1ea3 \u0111o \u0111\u00e1ng tin c\u1eady trong m\u00f4i tr\u01b0\u1eddng kh\u1eafc nghi\u1ec7t.<\/p>\n<p>ATP1 360 PRISM s\u1edf h\u1eefu v\u00f2ng ch\u1ed1ng va ch\u1ea1m b\u1ec1n ch\u1eafc, gi\u00fap t\u0103ng c\u01b0\u1eddng kh\u1ea3 n\u0103ng b\u1ea3o v\u1ec7 trong qu\u00e1 tr\u00ecnh v\u1eadn h\u00e0nh v\u00e0 v\u1eadn chuy\u1ec3n h\u00e0ng ng\u00e0y. \u0110\u01b0\u1ee3c thi\u1ebft k\u1ebf v\u1edbi t\u00ednh linh ho\u1ea1t, l\u0103ng k\u00ednh 360\u00b0 v\u1edbi l\u0103ng k\u00ednh b\u1ea3o v\u1ec7 n\u00e0y c\u00f3 nhi\u1ec1u phi\u00ean b\u1ea3n kh\u00e1c nhau:<\/p>\n<figure id=\"attachment_3717\" aria-describedby=\"caption-attachment-3717\" style=\"width: 300px\" class=\"wp-caption aligncenter\"><img fetchpriority=\"high\" decoding=\"async\" class=\"wp-image-3717 size-medium\" src=\"https:\/\/mountlaser.com\/wp-content\/uploads\/2025\/11\/TP360\u5851\u6599\u6b3e\uff082\uff09-300x300.webp\" alt=\"ATP1 360 PRISM\" width=\"300\" height=\"300\" srcset=\"https:\/\/mountlaser.com\/wp-content\/uploads\/2025\/11\/TP360\u5851\u6599\u6b3e\uff082\uff09-300x300.webp 300w, https:\/\/mountlaser.com\/wp-content\/uploads\/2025\/11\/TP360\u5851\u6599\u6b3e\uff082\uff09-400x400.webp 400w, https:\/\/mountlaser.com\/wp-content\/uploads\/2025\/11\/TP360\u5851\u6599\u6b3e\uff082\uff09-800x800.webp 800w, https:\/\/mountlaser.com\/wp-content\/uploads\/2025\/11\/TP360\u5851\u6599\u6b3e\uff082\uff09-600x600.webp 600w, https:\/\/mountlaser.com\/wp-content\/uploads\/2025\/11\/TP360\u5851\u6599\u6b3e\uff082\uff09-150x150.webp 150w, https:\/\/mountlaser.com\/wp-content\/uploads\/2025\/11\/TP360\u5851\u6599\u6b3e\uff082\uff09-768x768.webp 768w, https:\/\/mountlaser.com\/wp-content\/uploads\/2025\/11\/TP360\u5851\u6599\u6b3e\uff082\uff09-12x12.webp 12w, https:\/\/mountlaser.com\/wp-content\/uploads\/2025\/11\/TP360\u5851\u6599\u6b3e\uff082\uff09.webp 1000w\" sizes=\"(max-width: 300px) 100vw, 300px\" \/><figcaption id=\"caption-attachment-3717\" class=\"wp-caption-text\">ATP1 360 PRISM<\/figcaption><\/figure>\n<p>ATP1 \u2013 Thi\u1ebft k\u1ebf b\u1eb1ng nh\u1ef1a, nh\u1eb9 v\u00e0 d\u1ec5 c\u1ea7m n\u1eafm, kh\u00f4ng c\u00f3 tr\u1ee5c trung t\u00e2m.<\/p>\n<figure id=\"attachment_3726\" aria-describedby=\"caption-attachment-3726\" style=\"width: 300px\" class=\"wp-caption aligncenter\"><img decoding=\"async\" class=\"wp-image-3726 size-medium\" src=\"https:\/\/mountlaser.com\/wp-content\/uploads\/2025\/11\/TP360\u9540\u94f6\uff083\uff09-300x300.webp\" alt=\"ATP1M 360 PRISM\" width=\"300\" height=\"300\" srcset=\"https:\/\/mountlaser.com\/wp-content\/uploads\/2025\/11\/TP360\u9540\u94f6\uff083\uff09-300x300.webp 300w, https:\/\/mountlaser.com\/wp-content\/uploads\/2025\/11\/TP360\u9540\u94f6\uff083\uff09-400x400.webp 400w, https:\/\/mountlaser.com\/wp-content\/uploads\/2025\/11\/TP360\u9540\u94f6\uff083\uff09-800x800.webp 800w, https:\/\/mountlaser.com\/wp-content\/uploads\/2025\/11\/TP360\u9540\u94f6\uff083\uff09-600x600.webp 600w, https:\/\/mountlaser.com\/wp-content\/uploads\/2025\/11\/TP360\u9540\u94f6\uff083\uff09-150x150.webp 150w, https:\/\/mountlaser.com\/wp-content\/uploads\/2025\/11\/TP360\u9540\u94f6\uff083\uff09-768x768.webp 768w, https:\/\/mountlaser.com\/wp-content\/uploads\/2025\/11\/TP360\u9540\u94f6\uff083\uff09-12x12.webp 12w, https:\/\/mountlaser.com\/wp-content\/uploads\/2025\/11\/TP360\u9540\u94f6\uff083\uff09.webp 1000w\" sizes=\"(max-width: 300px) 100vw, 300px\" \/><figcaption id=\"caption-attachment-3726\" class=\"wp-caption-text\">ATP1M 360 PRISM<\/figcaption><\/figure>\n<p>ATP1M \u2013 Thi\u1ebft k\u1ebf b\u1eb1ng kim lo\u1ea1i, \u0111\u01b0\u1ee3c trang b\u1ecb tr\u1ee5c trung t\u00e2m b\u1eb1ng th\u00e9p kh\u00f4ng g\u1ec9 \u0111\u1ec3 t\u0103ng \u0111\u1ed9 c\u1ee9ng v\u1eefng.<\/p>\n<p>ATP1MR \u2013 Phi\u00ean b\u1ea3n kim lo\u1ea1i v\u1edbi c\u1ea3 tr\u1ee5c v\u00e0 v\u00f2ng ch\u1ed1ng va ch\u1ea1m \u0111\u1ec3 b\u1ea3o v\u1ec7 t\u1ed1i \u0111a.<img decoding=\"async\" class=\"aligncenter wp-image-3733 size-medium\" src=\"https:\/\/mountlaser.com\/wp-content\/uploads\/2025\/11\/ATP1-MR3-300x300.webp\" alt=\"ATP1MR\/NR 360 PRISM\" width=\"300\" height=\"300\" srcset=\"https:\/\/mountlaser.com\/wp-content\/uploads\/2025\/11\/ATP1-MR3-300x300.webp 300w, https:\/\/mountlaser.com\/wp-content\/uploads\/2025\/11\/ATP1-MR3-400x400.webp 400w, https:\/\/mountlaser.com\/wp-content\/uploads\/2025\/11\/ATP1-MR3-800x800.webp 800w, https:\/\/mountlaser.com\/wp-content\/uploads\/2025\/11\/ATP1-MR3-600x600.webp 600w, https:\/\/mountlaser.com\/wp-content\/uploads\/2025\/11\/ATP1-MR3-150x150.webp 150w, https:\/\/mountlaser.com\/wp-content\/uploads\/2025\/11\/ATP1-MR3-768x768.webp 768w, https:\/\/mountlaser.com\/wp-content\/uploads\/2025\/11\/ATP1-MR3-12x12.webp 12w, https:\/\/mountlaser.com\/wp-content\/uploads\/2025\/11\/ATP1-MR3.webp 1000w\" sizes=\"(max-width: 300px) 100vw, 300px\" \/><\/p>\n<p>ATP1NR \u2013 Thi\u1ebft k\u1ebf b\u1eb1ng nylon, k\u1ebft h\u1ee3p \u0111\u1ed9 b\u1ec1n c\u1ee7a nh\u00f4m v\u1edbi tr\u1ecdng l\u01b0\u1ee3ng nh\u1eb9 h\u01a1n, bao g\u1ed3m c\u1ea3 tr\u1ee5c v\u00e0 v\u00f2ng b\u1ea3o v\u1ec7.<\/p>\n<p>V\u1edbi h\u1eb1ng s\u1ed1 l\u0103ng k\u00ednh -7 mm, \u0111\u1ed9 ch\u00ednh x\u00e1c t\u00e2m \u00b11,5 mm v\u00e0 ren 5\/8\u201d \u1edf c\u1ea3 hai \u0111\u1ea7u, <a href=\"https:\/\/mountlaser.com\/vi\/contact-us\/\">ATP1 360 PRISM<\/a> \u0110\u1ea3m b\u1ea3o thi\u1ebft l\u1eadp nhanh ch\u00f3ng, kh\u1ea3 n\u0103ng t\u01b0\u01a1ng th\u00edch tuy\u1ec7t v\u1eddi v\u00e0 \u0111\u1ed9 ch\u00ednh x\u00e1c nh\u1ea5t qu\u00e1n. M\u1ed7i l\u0103ng k\u00ednh 360\u00b0 k\u00e8m l\u0103ng k\u00ednh b\u1ea3o v\u1ec7 \u0111\u1ec1u \u0111\u01b0\u1ee3c trang b\u1ecb t\u00fai \u0111\u1ef1ng m\u1ec1m v\u00e0 h\u1ed9p b\u00ean trong \u0111\u1ec3 b\u1ea3o qu\u1ea3n an to\u00e0n.<\/p>","protected":false},"excerpt":{"rendered":"<ul>\n<li>S\u00e1u l\u0103ng k\u00ednh m\u1ea1 b\u1ea1c cho kh\u1ea3 n\u0103ng ph\u1ea3n x\u1ea1 m\u1ea1nh m\u1ebd v\u00e0 \u0111\u1ed3ng \u0111\u1ec1u.<\/li>\n<li>V\u00f2ng ch\u1ed1ng va ch\u1ea1m gi\u00fap t\u0103ng c\u01b0\u1eddng kh\u1ea3 n\u0103ng b\u1ea3o v\u1ec7 trong \u0111i\u1ec1u ki\u1ec7n th\u1ef1c \u0111\u1ecba.<\/li>\n<li>C\u00f3 s\u1eb5n c\u00e1c ch\u1ea5t li\u1ec7u nh\u1ef1a, kim lo\u1ea1i v\u00e0 nylon \u0111\u1ec3 ph\u00f9 h\u1ee3p v\u1edbi c\u00e1c nhu c\u1ea7u kh\u1ea3o s\u00e1t kh\u00e1c nhau.<\/li>\n<\/ul>","protected":false},"featured_media":3716,"comment_status":"open","ping_status":"closed","template":"","meta":[],"product_brand":[],"product_cat":[72,115],"product_tag":[],"class_list":{"0":"post-3715","1":"product","2":"type-product","3":"status-publish","4":"has-post-thumbnail","6":"product_cat-reflective-target-prism","7":"product_cat-wide-angle-prism","9":"first","10":"instock","11":"shipping-taxable","12":"product-type-simple"},"_links":{"self":[{"href":"https:\/\/mountlaser.com\/vi\/wp-json\/wp\/v2\/product\/3715","targetHints":{"allow":["GET"]}}],"collection":[{"href":"https:\/\/mountlaser.com\/vi\/wp-json\/wp\/v2\/product"}],"about":[{"href":"https:\/\/mountlaser.com\/vi\/wp-json\/wp\/v2\/types\/product"}],"replies":[{"embeddable":true,"href":"https:\/\/mountlaser.com\/vi\/wp-json\/wp\/v2\/comments?post=3715"}],"wp:featuredmedia":[{"embeddable":true,"href":"https:\/\/mountlaser.com\/vi\/wp-json\/wp\/v2\/media\/3716"}],"wp:attachment":[{"href":"https:\/\/mountlaser.com\/vi\/wp-json\/wp\/v2\/media?parent=3715"}],"wp:term":[{"taxonomy":"product_brand","embeddable":true,"href":"https:\/\/mountlaser.com\/vi\/wp-json\/wp\/v2\/product_brand?post=3715"},{"taxonomy":"product_cat","embeddable":true,"href":"https:\/\/mountlaser.com\/vi\/wp-json\/wp\/v2\/product_cat?post=3715"},{"taxonomy":"product_tag","embeddable":true,"href":"https:\/\/mountlaser.com\/vi\/wp-json\/wp\/v2\/product_tag?post=3715"}],"curies":[{"name":"trang web","href":"https:\/\/api.w.org\/{rel}","templated":true}]}}