{"id":3706,"date":"2025-11-07T05:46:05","date_gmt":"2025-11-07T05:46:05","guid":{"rendered":"https:\/\/mountlaser.com\/?post_type=product&#038;p=3706"},"modified":"2025-11-27T08:18:33","modified_gmt":"2025-11-27T08:18:33","slug":"grz101sa-swiss-style-360prism","status":"publish","type":"product","link":"https:\/\/mountlaser.com\/vi\/san-pham\/grz101sa-swiss-style-360prism\/","title":{"rendered":"GRZ101SA Ch\u1ea5t l\u01b0\u1ee3ng cao k\u00e8m gi\u00e1 \u0111\u1ee1 b\u00ean trong"},"content":{"rendered":"<p>C\u00e1i <a href=\"https:\/\/mountlaser.com\/vi\/\"><strong>GRZ101SA MINI 360 PRISM<\/strong><\/a> \u0110\u00e2y l\u00e0 m\u1ed9t thi\u1ebft b\u1ecb ph\u1ea3n x\u1ea1 nh\u1ecf g\u1ecdn nh\u01b0ng c\u00f3 \u0111\u1ed9 ch\u00ednh x\u00e1c cao, \u0111\u01b0\u1ee3c thi\u1ebft k\u1ebf cho c\u00e1c \u1ee9ng d\u1ee5ng kh\u1ea3o s\u00e1t chuy\u00ean nghi\u1ec7p \u0111\u00f2i h\u1ecfi s\u1ef1 \u1ed5n \u0111\u1ecbnh v\u00e0 \u0111\u1ed9 ch\u00ednh x\u00e1c. <a href=\"https:\/\/mountlaser.com\/vi\/about-us\/\"><strong>L\u0103ng k\u00ednh mini k\u00e8m gi\u00e1 \u0111\u1ee1 b\u00ean trong<\/strong><\/a>\u00a0S\u1ea3n ph\u1ea9m n\u00e0y c\u00f3 c\u1ea5u t\u1ea1o g\u1ed3m s\u00e1u l\u0103ng k\u00ednh nh\u1ecf, \u0111\u01b0\u1ee3c c\u0103n ch\u1ec9nh v\u00e0 d\u00e1n c\u1ea9n th\u1eadn \u0111\u1ec3 cung c\u1ea5p kh\u1ea3 n\u0103ng ph\u1ea3n x\u1ea1 360\u00b0 ho\u00e0n ch\u1ec9nh, \u0111\u1ea3m b\u1ea3o c\u00e1c ph\u00e9p \u0111o nh\u1ea5t qu\u00e1n v\u00e0 ch\u00ednh x\u00e1c t\u1eeb m\u1ecdi h\u01b0\u1edbng.<\/p>\n<p>\u0110\u01b0\u1ee3c thi\u1ebft k\u1ebf v\u1edbi khung \u0111\u1ee1 b\u00ean trong ch\u1eafc ch\u1eafn, GRZ101SA MINI 360 PRISM mang l\u1ea1i \u0111\u1ed9 \u1ed5n \u0111\u1ecbnh c\u1ea5u tr\u00fac v\u01b0\u1ee3t tr\u1ed9i v\u00e0 \u0111\u1ed9 b\u1ec1n l\u00e2u d\u00e0i, ngay c\u1ea3 trong \u0111i\u1ec1u ki\u1ec7n hi\u1ec7n tr\u01b0\u1eddng kh\u1eafc nghi\u1ec7t. V\u1edbi h\u1eb1ng s\u1ed1 Th\u1ee5y S\u0129 +30 mm v\u00e0 \u0111\u1ed9 ch\u00ednh x\u00e1c \u0111\u1ecbnh h\u01b0\u1edbng \u00b12.0 mm, MINI PRISM C\u00d3 KHUNG \u0110\u1ee0 B\u00caN TRONG n\u00e0y \u0111\u1ea3m b\u1ea3o c\u0103n ch\u1ec9nh m\u1ee5c ti\u00eau ch\u00ednh x\u00e1c v\u00e0 k\u1ebft qu\u1ea3 l\u1eb7p l\u1ea1i cho m\u00e1y to\u00e0n \u0111\u1ea1c v\u00e0 thi\u1ebft b\u1ecb GNSS.<\/p>\n<p><img fetchpriority=\"high\" decoding=\"async\" class=\"aligncenter wp-image-3708\" src=\"https:\/\/mountlaser.com\/wp-content\/uploads\/2025\/11\/GRZ1012.webp\" alt=\"GRZ101SA MINI 360 PRISM\" width=\"500\" height=\"500\" srcset=\"https:\/\/mountlaser.com\/wp-content\/uploads\/2025\/11\/GRZ1012.webp 1000w, https:\/\/mountlaser.com\/wp-content\/uploads\/2025\/11\/GRZ1012-300x300.webp 300w, https:\/\/mountlaser.com\/wp-content\/uploads\/2025\/11\/GRZ1012-400x400.webp 400w, https:\/\/mountlaser.com\/wp-content\/uploads\/2025\/11\/GRZ1012-800x800.webp 800w, https:\/\/mountlaser.com\/wp-content\/uploads\/2025\/11\/GRZ1012-600x600.webp 600w, https:\/\/mountlaser.com\/wp-content\/uploads\/2025\/11\/GRZ1012-150x150.webp 150w, https:\/\/mountlaser.com\/wp-content\/uploads\/2025\/11\/GRZ1012-768x768.webp 768w, https:\/\/mountlaser.com\/wp-content\/uploads\/2025\/11\/GRZ1012-12x12.webp 12w\" sizes=\"(max-width: 500px) 100vw, 500px\" \/><\/p>\n<p>C\u00e1i <a href=\"https:\/\/mountlaser.com\/vi\/contact-us\/\">GRZ101SA MINI 360 PRISM<\/a> V\u1edbi chi\u1ec1u cao 56 mm, s\u1ea3n ph\u1ea9m n\u00e0y l\u00fd t\u01b0\u1edfng cho c\u00e1c thi\u1ebft l\u1eadp nh\u1ecf g\u1ecdn trong khi v\u1eabn duy tr\u00ec hi\u1ec7u su\u1ea5t v\u00e0 \u0111\u1ed9 tin c\u1eady tuy\u1ec7t v\u1eddi. Cho d\u00f9 \u0111\u01b0\u1ee3c s\u1eed d\u1ee5ng \u0111\u1ec3 \u0111o l\u01b0\u1eddng t\u1ea7m ng\u1eafn hay gi\u00e1m s\u00e1t ch\u00ednh x\u00e1c, MINI PRISM WITH INNER BRACKET n\u00e0y cung c\u1ea5p cho c\u00e1c chuy\u00ean gia m\u1ed9t gi\u1ea3i ph\u00e1p kh\u1ea3o s\u00e1t \u0111\u00e1ng tin c\u1eady v\u00e0 hi\u1ec7u qu\u1ea3.<\/p>","protected":false},"excerpt":{"rendered":"<ul>\n<li>GRZ101SA MINI 360 PRISM v\u1edbi s\u00e1u l\u0103ng k\u00ednh mini cho kh\u1ea3 n\u0103ng ph\u1ea3n chi\u1ebfu 360\u00b0<\/li>\n<li>Khung MINI PRISM k\u00e8m gi\u00e1 \u0111\u1ee1 b\u00ean trong gi\u00fap t\u0103ng c\u01b0\u1eddng \u0111\u1ed9 b\u1ec1n v\u00e0 \u0111\u1ed9 \u1ed5n \u0111\u1ecbnh khi c\u0103n ch\u1ec9nh.<\/li>\n<li>Chi\u1ec1u cao l\u0103ng k\u00ednh nh\u1ecf g\u1ecdn 56 mm cho c\u00e1c \u1ee9ng d\u1ee5ng th\u1ef1c \u0111\u1ecba linh ho\u1ea1t<\/li>\n<\/ul>","protected":false},"featured_media":3712,"comment_status":"open","ping_status":"closed","template":"","meta":[],"product_brand":[],"product_cat":[72,115],"product_tag":[],"class_list":{"0":"post-3706","1":"product","2":"type-product","3":"status-publish","4":"has-post-thumbnail","6":"product_cat-reflective-target-prism","7":"product_cat-wide-angle-prism","9":"first","10":"instock","11":"shipping-taxable","12":"product-type-simple"},"_links":{"self":[{"href":"https:\/\/mountlaser.com\/vi\/wp-json\/wp\/v2\/product\/3706","targetHints":{"allow":["GET"]}}],"collection":[{"href":"https:\/\/mountlaser.com\/vi\/wp-json\/wp\/v2\/product"}],"about":[{"href":"https:\/\/mountlaser.com\/vi\/wp-json\/wp\/v2\/types\/product"}],"replies":[{"embeddable":true,"href":"https:\/\/mountlaser.com\/vi\/wp-json\/wp\/v2\/comments?post=3706"}],"wp:featuredmedia":[{"embeddable":true,"href":"https:\/\/mountlaser.com\/vi\/wp-json\/wp\/v2\/media\/3712"}],"wp:attachment":[{"href":"https:\/\/mountlaser.com\/vi\/wp-json\/wp\/v2\/media?parent=3706"}],"wp:term":[{"taxonomy":"product_brand","embeddable":true,"href":"https:\/\/mountlaser.com\/vi\/wp-json\/wp\/v2\/product_brand?post=3706"},{"taxonomy":"product_cat","embeddable":true,"href":"https:\/\/mountlaser.com\/vi\/wp-json\/wp\/v2\/product_cat?post=3706"},{"taxonomy":"product_tag","embeddable":true,"href":"https:\/\/mountlaser.com\/vi\/wp-json\/wp\/v2\/product_tag?post=3706"}],"curies":[{"name":"trang web","href":"https:\/\/api.w.org\/{rel}","templated":true}]}}