{"id":3698,"date":"2025-11-07T05:32:21","date_gmt":"2025-11-07T05:32:21","guid":{"rendered":"https:\/\/mountlaser.com\/?post_type=product&#038;p=3698"},"modified":"2025-11-27T08:20:50","modified_gmt":"2025-11-27T08:20:50","slug":"grz101-swiss-style-360prism","status":"publish","type":"product","link":"https:\/\/mountlaser.com\/vi\/san-pham\/grz101-swiss-style-360prism\/","title":{"rendered":"GRZ101 Thi\u1ebft k\u1ebf kim lo\u1ea1i ch\u1ea5t l\u01b0\u1ee3ng trung b\u00ecnh"},"content":{"rendered":"<p>C\u00e1i <a href=\"https:\/\/mountlaser.com\/vi\/\"><strong>G\u01b0\u01a1ng ph\u1ea3n x\u1ea1 mini 360 \u0111\u1ed9 GRZ101<\/strong><\/a> \u0110\u00e2y l\u00e0 m\u1ed9t l\u0103ng k\u00ednh \u0111o \u0111\u1ea1c c\u00f3 \u0111\u1ed9 ch\u00ednh x\u00e1c cao, \u0111\u01b0\u1ee3c thi\u1ebft k\u1ebf \u0111\u1ec3 \u0111o l\u01b0\u1eddng ch\u00ednh x\u00e1c v\u00e0 c\u00f3 \u0111\u1ed9 b\u1ec1n cao trong m\u00f4i tr\u01b0\u1eddng l\u00e0m vi\u1ec7c kh\u1eafc nghi\u1ec7t ngo\u00e0i tr\u1eddi. \u0110\u01b0\u1ee3c ch\u1ebf t\u1ea1o t\u1eeb nh\u00f4m ch\u1eafc ch\u1eafn, <a href=\"https:\/\/mountlaser.com\/vi\/about-us\/\"><strong>L\u0103ng k\u00ednh GRZ101<\/strong><\/a> S\u1ea3n ph\u1ea9m k\u1ebft h\u1ee3p tr\u1ee5c trung t\u00e2m b\u1eb1ng th\u00e9p kh\u00f4ng g\u1ec9 v\u1edbi v\u00f2ng ch\u1ed1ng va ch\u1ea1m, \u0111\u1ea3m b\u1ea3o \u0111\u1ed9 \u1ed5n \u0111\u1ecbnh l\u00e2u d\u00e0i v\u00e0 kh\u1ea3 n\u0103ng b\u1ea3o v\u1ec7 trong qu\u00e1 tr\u00ecnh v\u1eadn h\u00e0nh.<\/p>\n<p>L\u0103ng k\u00ednh GRZ101 c\u00f3 c\u1ea5u t\u1ea1o g\u1ed3m s\u00e1u l\u0103ng k\u00ednh nh\u1ecf \u0111\u01b0\u1ee3c gh\u00e9p n\u1ed1i li\u1ec1n m\u1ea1ch v\u1edbi nhau \u0111\u1ec3 t\u1ea1o ra v\u00f9ng ph\u1ea3n x\u1ea1 360\u00b0 ho\u00e0n ch\u1ec9nh. V\u1edbi h\u1eb1ng s\u1ed1 Th\u1ee5y S\u0129 +23,1 mm v\u00e0 \u0111\u1ed9 ch\u00ednh x\u00e1c t\u00e2m \u00b12 mm, l\u0103ng k\u00ednh GRZ101 mang l\u1ea1i hi\u1ec7u su\u1ea5t v\u01b0\u1ee3t tr\u1ed9i cho c\u00e1c m\u00e1y to\u00e0n \u0111\u1ea1c v\u00e0 \u1ee9ng d\u1ee5ng GNSS, \u0111\u1ea3m b\u1ea3o k\u1ebft qu\u1ea3 \u0111\u00e1ng tin c\u1eady t\u1eeb m\u1ecdi h\u01b0\u1edbng \u0111o.<\/p>\n<p><img fetchpriority=\"high\" decoding=\"async\" class=\"aligncenter wp-image-3702\" src=\"https:\/\/mountlaser.com\/wp-content\/uploads\/2025\/11\/GRZ101S4.webp\" alt=\"grz101 prism\" width=\"500\" height=\"500\" srcset=\"https:\/\/mountlaser.com\/wp-content\/uploads\/2025\/11\/GRZ101S4.webp 1000w, https:\/\/mountlaser.com\/wp-content\/uploads\/2025\/11\/GRZ101S4-300x300.webp 300w, https:\/\/mountlaser.com\/wp-content\/uploads\/2025\/11\/GRZ101S4-400x400.webp 400w, https:\/\/mountlaser.com\/wp-content\/uploads\/2025\/11\/GRZ101S4-800x800.webp 800w, https:\/\/mountlaser.com\/wp-content\/uploads\/2025\/11\/GRZ101S4-600x600.webp 600w, https:\/\/mountlaser.com\/wp-content\/uploads\/2025\/11\/GRZ101S4-150x150.webp 150w, https:\/\/mountlaser.com\/wp-content\/uploads\/2025\/11\/GRZ101S4-768x768.webp 768w, https:\/\/mountlaser.com\/wp-content\/uploads\/2025\/11\/GRZ101S4-12x12.webp 12w\" sizes=\"(max-width: 500px) 100vw, 500px\" \/><\/p>\n<p>\u0110\u01b0\u1ee3c trang b\u1ecb ren 5\/8\u2033-11 \u1edf c\u1ea3 ph\u00eda tr\u00ean v\u00e0 ph\u00eda d\u01b0\u1edbi, <a href=\"https:\/\/mountlaser.com\/vi\/contact-us\/\">G\u01b0\u01a1ng ph\u1ea3n x\u1ea1 mini 360 \u0111\u1ed9 GRZ101<\/a> H\u1ed7 tr\u1ee3 l\u1eafp \u0111\u1eb7t \u0103ng-ten v\u00e0 c\u1ed9t d\u1ec5 d\u00e0ng. K\u1ebft n\u1ed1i n\u00fat nh\u1ea5n th\u00e1o nhanh gi\u00fap t\u0103ng hi\u1ec7u qu\u1ea3 c\u00f4ng vi\u1ec7c t\u1ea1i hi\u1ec7n tr\u01b0\u1eddng, cho ph\u00e9p c\u00e1c k\u1ef9 s\u01b0 kh\u1ea3o s\u00e1t thi\u1ebft l\u1eadp ho\u1eb7c th\u00e1o d\u1ee1 thi\u1ebft b\u1ecb m\u1ed9t c\u00e1ch nhanh ch\u00f3ng v\u00e0 an to\u00e0n.<\/p>","protected":false},"excerpt":{"rendered":"<ul>\n<li>V\u1ecf b\u1eb1ng nh\u00f4m v\u1edbi v\u00f2ng ch\u1ed1ng va ch\u1ea1m gi\u00fap t\u0103ng c\u01b0\u1eddng \u0111\u1ed9 b\u1ec1n.<\/li>\n<li>Tr\u1ee5c trung t\u00e2m b\u1eb1ng th\u00e9p kh\u00f4ng g\u1ec9 \u0111\u1ea3m b\u1ea3o s\u1ef1 c\u00e2n b\u1eb1ng v\u00e0 \u1ed5n \u0111\u1ecbnh c\u1ee7a c\u1ea5u tr\u00fac.<\/li>\n<li>N\u00fat nh\u1ea5n th\u00e1o nhanh gi\u00fap d\u1ec5 d\u00e0ng l\u1eafp \u0111\u1eb7t v\u00e0 th\u00e1o g\u1ee1.<\/li>\n<\/ul>","protected":false},"featured_media":3699,"comment_status":"open","ping_status":"closed","template":"","meta":[],"product_brand":[],"product_cat":[72,115],"product_tag":[],"class_list":{"0":"post-3698","1":"product","2":"type-product","3":"status-publish","4":"has-post-thumbnail","6":"product_cat-reflective-target-prism","7":"product_cat-wide-angle-prism","9":"first","10":"instock","11":"shipping-taxable","12":"product-type-simple"},"_links":{"self":[{"href":"https:\/\/mountlaser.com\/vi\/wp-json\/wp\/v2\/product\/3698","targetHints":{"allow":["GET"]}}],"collection":[{"href":"https:\/\/mountlaser.com\/vi\/wp-json\/wp\/v2\/product"}],"about":[{"href":"https:\/\/mountlaser.com\/vi\/wp-json\/wp\/v2\/types\/product"}],"replies":[{"embeddable":true,"href":"https:\/\/mountlaser.com\/vi\/wp-json\/wp\/v2\/comments?post=3698"}],"wp:featuredmedia":[{"embeddable":true,"href":"https:\/\/mountlaser.com\/vi\/wp-json\/wp\/v2\/media\/3699"}],"wp:attachment":[{"href":"https:\/\/mountlaser.com\/vi\/wp-json\/wp\/v2\/media?parent=3698"}],"wp:term":[{"taxonomy":"product_brand","embeddable":true,"href":"https:\/\/mountlaser.com\/vi\/wp-json\/wp\/v2\/product_brand?post=3698"},{"taxonomy":"product_cat","embeddable":true,"href":"https:\/\/mountlaser.com\/vi\/wp-json\/wp\/v2\/product_cat?post=3698"},{"taxonomy":"product_tag","embeddable":true,"href":"https:\/\/mountlaser.com\/vi\/wp-json\/wp\/v2\/product_tag?post=3698"}],"curies":[{"name":"trang web","href":"https:\/\/api.w.org\/{rel}","templated":true}]}}