{"id":3690,"date":"2025-11-07T04:54:13","date_gmt":"2025-11-07T04:54:13","guid":{"rendered":"https:\/\/mountlaser.com\/?post_type=product&#038;p=3690"},"modified":"2025-11-27T08:22:58","modified_gmt":"2025-11-27T08:22:58","slug":"mpr122-122r-swiss-style-360prism","status":"publish","type":"product","link":"https:\/\/mountlaser.com\/vi\/san-pham\/mpr122-122r-swiss-style-360prism\/","title":{"rendered":"MPR122\/122R L\u0103ng k\u00ednh 360\u00b0 ki\u1ec3u Th\u1ee5y S\u0129"},"content":{"rendered":"<p>C\u00e1i <a href=\"https:\/\/mountlaser.com\/vi\/\"><strong>MPR122 KI\u1ec2U TH\u1ee4Y S\u0128, L\u0102NG K\u00cdNH 360\u00b0<\/strong><\/a> \u0110\u00e2y l\u00e0 m\u1ed9t lo\u1ea1i g\u01b0\u01a1ng ph\u1ea3n x\u1ea1 cao c\u1ea5p \u0111\u01b0\u1ee3c thi\u1ebft k\u1ebf d\u00e0nh cho c\u00e1c nh\u00e0 kh\u1ea3o s\u00e1t chuy\u00ean nghi\u1ec7p, nh\u1eefng ng\u01b0\u1eddi y\u00eau c\u1ea7u \u0111\u1ed9 ch\u00ednh x\u00e1c, \u0111\u1ed9 \u1ed5n \u0111\u1ecbnh v\u00e0 hi\u1ec7u su\u1ea5t b\u1ec1n b\u1ec9. \u0110\u01b0\u1ee3c ch\u1ebf t\u1ea1o v\u1edbi th\u00e2n b\u1eb1ng nh\u00f4m b\u1ec1n ch\u1eafc v\u00e0 c\u00f3 v\u00f2ng ch\u1ed1ng va ch\u1ea1m, <a href=\"https:\/\/mountlaser.com\/vi\/contact-us\/\"><strong>MPR122 PRISM<\/strong><\/a> \u0110\u1ea3m b\u1ea3o \u0111\u1ed9 tin c\u1eady l\u00e2u d\u00e0i ngay c\u1ea3 trong \u0111i\u1ec1u ki\u1ec7n kh\u1eafc nghi\u1ec7t ngo\u00e0i th\u1ef1c \u0111\u1ecba.<\/p>\n<p>\u0110\u01b0\u1ee3c thi\u1ebft k\u1ebf v\u1edbi tr\u1ee5c trung t\u00e2m b\u1eb1ng th\u00e9p kh\u00f4ng g\u1ec9, MPR122 PRISM cung c\u1ea5p kh\u1ea3 n\u0103ng c\u0103n ch\u1ec9nh xoay \u1ed5n \u0111\u1ecbnh v\u00e0 c\u00e2n b\u1eb1ng c\u1ea5u tr\u00fac t\u1ed1i \u01b0u. C\u1ee5m l\u0103ng k\u00ednh bao g\u1ed3m s\u00e1u l\u0103ng k\u00ednh nh\u1ecf \u0111\u01b0\u1ee3c d\u00e1n ch\u00ednh x\u00e1c, t\u1ea1o th\u00e0nh b\u1ec1 m\u1eb7t ph\u1ea3n x\u1ea1 360\u00b0 ho\u00e0n ch\u1ec9nh \u0111\u1ec3 thu t\u00edn hi\u1ec7u to\u00e0n di\u1ec7n t\u1eeb m\u1ecdi h\u01b0\u1edbng.<\/p>\n<p><img fetchpriority=\"high\" decoding=\"async\" class=\"aligncenter wp-image-3693\" src=\"https:\/\/mountlaser.com\/wp-content\/uploads\/2025\/11\/MRP1223.webp\" alt=\"MPR122 PRISM\" width=\"500\" height=\"500\" srcset=\"https:\/\/mountlaser.com\/wp-content\/uploads\/2025\/11\/MRP1223.webp 1000w, https:\/\/mountlaser.com\/wp-content\/uploads\/2025\/11\/MRP1223-300x300.webp 300w, https:\/\/mountlaser.com\/wp-content\/uploads\/2025\/11\/MRP1223-400x400.webp 400w, https:\/\/mountlaser.com\/wp-content\/uploads\/2025\/11\/MRP1223-800x800.webp 800w, https:\/\/mountlaser.com\/wp-content\/uploads\/2025\/11\/MRP1223-600x600.webp 600w, https:\/\/mountlaser.com\/wp-content\/uploads\/2025\/11\/MRP1223-150x150.webp 150w, https:\/\/mountlaser.com\/wp-content\/uploads\/2025\/11\/MRP1223-768x768.webp 768w, https:\/\/mountlaser.com\/wp-content\/uploads\/2025\/11\/MRP1223-12x12.webp 12w\" sizes=\"(max-width: 500px) 100vw, 500px\" \/><\/p>\n<p>V\u1edbi h\u1eb1ng s\u1ed1 Th\u1ee5y S\u0129 +23,1 mm v\u00e0 \u0111\u1ed9 ch\u00ednh x\u00e1c t\u00e2m \u00b11,5 mm, <a href=\"https:\/\/mountlaser.com\/vi\/contact-us\/\">MPR122 PRISM<\/a> \u0110\u1ea3m b\u1ea3o hi\u1ec7u su\u1ea5t \u0111\u00e1ng tin c\u1eady, \u0111\u1ed9 ch\u00ednh x\u00e1c cao trong c\u00e1c \u1ee9ng d\u1ee5ng gi\u00e1m s\u00e1t, l\u1eadp b\u1ea3n \u0111\u1ed3 v\u00e0 k\u1ef9 thu\u1eadt. \u0110\u01b0\u1ee3c trang b\u1ecb ren 5\/8\u2033-11 \u1edf c\u1ea3 ph\u00eda tr\u00ean v\u00e0 ph\u00eda d\u01b0\u1edbi, n\u00f3 h\u1ed7 tr\u1ee3 l\u1eafp \u0111\u1eb7t anten v\u00e0 t\u00edch h\u1ee3p li\u1ec1n m\u1ea1ch v\u1edbi c\u00e1c c\u1ed9t l\u0103ng k\u00ednh ho\u1eb7c b\u1ed9 chuy\u1ec3n \u0111\u1ed5i ch\u00e2n \u0111\u1ebf ba ch\u00e2n. K\u1ebft n\u1ed1i n\u00fat nh\u1ea5n th\u00e1o nhanh \u0111\u1ea3m b\u1ea3o thi\u1ebft l\u1eadp t\u1ea1i hi\u1ec7n tr\u01b0\u1eddng nhanh ch\u00f3ng v\u00e0 hi\u1ec7u qu\u1ea3.<\/p>","protected":false},"excerpt":{"rendered":"<ul>\n<li>Th\u00e2n m\u00e1y b\u1eb1ng nh\u00f4m v\u1edbi v\u00f2ng ch\u1ed1ng va ch\u1ea1m gi\u00fap t\u0103ng c\u01b0\u1eddng \u0111\u1ed9 b\u1ec1n.<\/li>\n<li>Tr\u1ee5c trung t\u00e2m b\u1eb1ng th\u00e9p kh\u00f4ng g\u1ec9 \u0111\u1ea3m b\u1ea3o t\u00ednh \u1ed5n \u0111\u1ecbnh c\u01a1 h\u1ecdc.<\/li>\n<li>N\u00fat nh\u1ea5n th\u00e1o nhanh gi\u00fap l\u1eafp r\u00e1p v\u00e0 th\u00e1o g\u1ee1 d\u1ec5 d\u00e0ng.<\/li>\n<li>\u0110\u01b0\u1ee3c thi\u1ebft k\u1ebf cho c\u00e1c nhi\u1ec7m v\u1ee5 kh\u1ea3o s\u00e1t to\u00e0n \u0111\u1ea1c v\u00e0 \u0111\u1ecbnh v\u1ecb v\u1ec7 tinh GNSS chuy\u00ean nghi\u1ec7p.<\/li>\n<\/ul>","protected":false},"featured_media":3692,"comment_status":"open","ping_status":"closed","template":"","meta":[],"product_brand":[],"product_cat":[72,115],"product_tag":[],"class_list":{"0":"post-3690","1":"product","2":"type-product","3":"status-publish","4":"has-post-thumbnail","6":"product_cat-reflective-target-prism","7":"product_cat-wide-angle-prism","9":"first","10":"instock","11":"shipping-taxable","12":"product-type-simple"},"_links":{"self":[{"href":"https:\/\/mountlaser.com\/vi\/wp-json\/wp\/v2\/product\/3690","targetHints":{"allow":["GET"]}}],"collection":[{"href":"https:\/\/mountlaser.com\/vi\/wp-json\/wp\/v2\/product"}],"about":[{"href":"https:\/\/mountlaser.com\/vi\/wp-json\/wp\/v2\/types\/product"}],"replies":[{"embeddable":true,"href":"https:\/\/mountlaser.com\/vi\/wp-json\/wp\/v2\/comments?post=3690"}],"wp:featuredmedia":[{"embeddable":true,"href":"https:\/\/mountlaser.com\/vi\/wp-json\/wp\/v2\/media\/3692"}],"wp:attachment":[{"href":"https:\/\/mountlaser.com\/vi\/wp-json\/wp\/v2\/media?parent=3690"}],"wp:term":[{"taxonomy":"product_brand","embeddable":true,"href":"https:\/\/mountlaser.com\/vi\/wp-json\/wp\/v2\/product_brand?post=3690"},{"taxonomy":"product_cat","embeddable":true,"href":"https:\/\/mountlaser.com\/vi\/wp-json\/wp\/v2\/product_cat?post=3690"},{"taxonomy":"product_tag","embeddable":true,"href":"https:\/\/mountlaser.com\/vi\/wp-json\/wp\/v2\/product_tag?post=3690"}],"curies":[{"name":"trang web","href":"https:\/\/api.w.org\/{rel}","templated":true}]}}