{"id":3675,"date":"2025-11-07T03:11:37","date_gmt":"2025-11-07T03:11:37","guid":{"rendered":"https:\/\/mountlaser.com\/?post_type=product&#038;p=3675"},"modified":"2025-11-27T08:24:31","modified_gmt":"2025-11-27T08:24:31","slug":"gx360-swiss-style-360prism","status":"publish","type":"product","link":"https:\/\/mountlaser.com\/vi\/san-pham\/gx360-swiss-style-360prism\/","title":{"rendered":"GX360 ki\u1ec3u Th\u1ee5y S\u0129 v\u1edbi l\u0103ng k\u00ednh 360\u00b0"},"content":{"rendered":"<p>SWISS-STYLE 360\u00b0 PRISM l\u00e0 m\u1ed9t s\u1ea3n ph\u1ea9m chuy\u00ean nghi\u1ec7p. <a href=\"https:\/\/mountlaser.com\/vi\/\"><strong>L\u0103ng k\u00ednh ph\u1ea3n chi\u1ebfu 360 \u0111\u1ed9 ch\u00ednh x\u00e1c<\/strong><\/a> \u0110\u01b0\u1ee3c thi\u1ebft k\u1ebf cho c\u00e1c \u1ee9ng d\u1ee5ng kh\u1ea3o s\u00e1t \u0111\u1ed9 ch\u00ednh x\u00e1c cao. \u0110\u01b0\u1ee3c ch\u1ebf t\u1ea1o v\u1edbi th\u00e2n m\u00e1y b\u1eb1ng nh\u00f4m b\u1ec1n ch\u1eafc v\u00e0 \u0111\u01b0\u1ee3c thi\u1ebft k\u1ebf \u0111\u1ec3 mang l\u1ea1i \u0111\u1ed9 ch\u00ednh x\u00e1c v\u01b0\u1ee3t tr\u1ed9i, thi\u1ebft b\u1ecb n\u00e0y <a href=\"https:\/\/mountlaser.com\/vi\/products\/\"><strong>L\u0103ng k\u00ednh ph\u1ea3n chi\u1ebfu 360 \u0111\u1ed9 d\u00e0nh cho Th\u1ee5y S\u0129<\/strong><\/a> M\u00e1y to\u00e0n \u0111\u1ea1c \u0111i\u1ec7n t\u1eed \u0111\u1ea3m b\u1ea3o k\u1ebft qu\u1ea3 \u0111\u00e1ng tin c\u1eady theo m\u1ecdi h\u01b0\u1edbng.<\/p>\n<p>L\u0103ng k\u00ednh ph\u1ea3n x\u1ea1 360 \u0111\u1ed9 ch\u00ednh x\u00e1c n\u00e0y c\u00f3 c\u1ea5u t\u1ea1o \u0111\u1ed9c \u0111\u00e1o g\u1ed3m s\u00e1u l\u0103ng k\u00ednh nh\u1ecf \u0111\u01b0\u1ee3c c\u0103n ch\u1ec9nh ho\u00e0n h\u1ea3o v\u00e0 li\u00ean k\u1ebft v\u1edbi nhau, t\u1ea1o ra b\u1ec1 m\u1eb7t ph\u1ea3n x\u1ea1 360\u00b0 li\u00ean t\u1ee5c cho kh\u1ea3 n\u0103ng thu t\u00edn hi\u1ec7u v\u01b0\u1ee3t tr\u1ed9i. Thi\u1ebft k\u1ebf n\u00e0y lo\u1ea1i b\u1ecf tr\u1ee5c th\u00e9p kh\u00f4ng g\u1ec9 trung t\u00e2m, t\u1ea1o ra c\u1ea5u tr\u00fac nh\u1eb9 nh\u01b0ng ch\u1eafc ch\u1eafn, duy tr\u00ec s\u1ef1 c\u00e2n b\u1eb1ng v\u00e0 c\u0103n ch\u1ec9nh ho\u00e0n h\u1ea3o trong qu\u00e1 tr\u00ecnh ho\u1ea1t \u0111\u1ed9ng.<\/p>\n<p><img fetchpriority=\"high\" decoding=\"async\" class=\"aligncenter wp-image-3686\" src=\"https:\/\/mountlaser.com\/wp-content\/uploads\/2025\/11\/geomax\uff084\uff09-1.webp\" alt=\"GX360 Accurate 360 Degree Reflective Prism\" width=\"500\" height=\"500\" srcset=\"https:\/\/mountlaser.com\/wp-content\/uploads\/2025\/11\/geomax\uff084\uff09-1.webp 1000w, https:\/\/mountlaser.com\/wp-content\/uploads\/2025\/11\/geomax\uff084\uff09-1-300x300.webp 300w, https:\/\/mountlaser.com\/wp-content\/uploads\/2025\/11\/geomax\uff084\uff09-1-400x400.webp 400w, https:\/\/mountlaser.com\/wp-content\/uploads\/2025\/11\/geomax\uff084\uff09-1-800x800.webp 800w, https:\/\/mountlaser.com\/wp-content\/uploads\/2025\/11\/geomax\uff084\uff09-1-600x600.webp 600w, https:\/\/mountlaser.com\/wp-content\/uploads\/2025\/11\/geomax\uff084\uff09-1-150x150.webp 150w, https:\/\/mountlaser.com\/wp-content\/uploads\/2025\/11\/geomax\uff084\uff09-1-768x768.webp 768w, https:\/\/mountlaser.com\/wp-content\/uploads\/2025\/11\/geomax\uff084\uff09-1-12x12.webp 12w\" sizes=\"(max-width: 500px) 100vw, 500px\" \/><\/p>\n<p>V\u1edbi h\u1eb1ng s\u1ed1 Th\u1ee5y S\u0129 +23,1 mm v\u00e0 \u0111\u1ed9 ch\u00ednh x\u00e1c t\u00e2m \u00b12,0 mm, thi\u1ebft b\u1ecb n\u00e0y <a href=\"https:\/\/mountlaser.com\/vi\/contact-us\/\">L\u0103ng k\u00ednh ph\u1ea3n chi\u1ebfu 360 \u0111\u1ed9 d\u00e0nh cho Th\u1ee5y S\u0129<\/a> Thi\u1ebft b\u1ecb n\u00e0y \u0111\u1ea3m b\u1ea3o hi\u1ec7u su\u1ea5t \u0111o ch\u00ednh x\u00e1c. K\u1ebft n\u1ed1i n\u00fat nh\u1ea5n th\u00e1o nhanh cho ph\u00e9p g\u1eafn nhanh v\u00e0o c\u1ed9t l\u0103ng k\u00ednh ho\u1eb7c b\u1ed9 chuy\u1ec3n \u0111\u1ed5i ch\u00e2n \u0111\u1ebf ba ch\u00e2n, l\u00e0m cho L\u0103ng k\u00ednh ph\u1ea3n x\u1ea1 360 \u0111\u1ed9 ch\u00ednh x\u00e1c tr\u1edf n\u00ean l\u00fd t\u01b0\u1edfng cho c\u00e1c k\u1ef9 s\u01b0 hi\u1ec7n tr\u01b0\u1eddng v\u00e0 c\u00e1c nh\u00e0 kh\u1ea3o s\u00e1t y\u00eau c\u1ea7u c\u1ea3 \u0111\u1ed9 ch\u00ednh x\u00e1c v\u00e0 hi\u1ec7u qu\u1ea3.<\/p>","protected":false},"excerpt":{"rendered":"<ul>\n<li>V\u1ecf b\u1eb1ng nh\u00f4m nh\u1eb9 \u2013 kh\u00f4ng c\u00f3 tr\u1ee5c trung t\u00e2m gi\u00fap c\u00e2n b\u1eb1ng t\u1ed1t h\u01a1n.<\/li>\n<li>N\u00fat nh\u1ea5n th\u00e1o nhanh gi\u00fap d\u1ec5 d\u00e0ng l\u1eafp \u0111\u1eb7t v\u00e0 th\u00e1o g\u1ee1.<\/li>\n<li>L\u0103ng k\u00ednh ph\u1ea3n x\u1ea1 360 \u0111\u1ed9 l\u00fd t\u01b0\u1edfng cho c\u00e1c \u1ee9ng d\u1ee5ng gi\u00e1m s\u00e1t v\u00e0 c\u0103n ch\u1ec9nh ki\u1ec3u Th\u1ee5y S\u0129.<\/li>\n<\/ul>","protected":false},"featured_media":3683,"comment_status":"open","ping_status":"closed","template":"","meta":[],"product_brand":[],"product_cat":[72,115],"product_tag":[],"class_list":{"0":"post-3675","1":"product","2":"type-product","3":"status-publish","4":"has-post-thumbnail","6":"product_cat-reflective-target-prism","7":"product_cat-wide-angle-prism","9":"first","10":"instock","11":"shipping-taxable","12":"product-type-simple"},"_links":{"self":[{"href":"https:\/\/mountlaser.com\/vi\/wp-json\/wp\/v2\/product\/3675","targetHints":{"allow":["GET"]}}],"collection":[{"href":"https:\/\/mountlaser.com\/vi\/wp-json\/wp\/v2\/product"}],"about":[{"href":"https:\/\/mountlaser.com\/vi\/wp-json\/wp\/v2\/types\/product"}],"replies":[{"embeddable":true,"href":"https:\/\/mountlaser.com\/vi\/wp-json\/wp\/v2\/comments?post=3675"}],"wp:featuredmedia":[{"embeddable":true,"href":"https:\/\/mountlaser.com\/vi\/wp-json\/wp\/v2\/media\/3683"}],"wp:attachment":[{"href":"https:\/\/mountlaser.com\/vi\/wp-json\/wp\/v2\/media?parent=3675"}],"wp:term":[{"taxonomy":"product_brand","embeddable":true,"href":"https:\/\/mountlaser.com\/vi\/wp-json\/wp\/v2\/product_brand?post=3675"},{"taxonomy":"product_cat","embeddable":true,"href":"https:\/\/mountlaser.com\/vi\/wp-json\/wp\/v2\/product_cat?post=3675"},{"taxonomy":"product_tag","embeddable":true,"href":"https:\/\/mountlaser.com\/vi\/wp-json\/wp\/v2\/product_tag?post=3675"}],"curies":[{"name":"trang web","href":"https:\/\/api.w.org\/{rel}","templated":true}]}}