{"id":3659,"date":"2025-11-07T02:42:29","date_gmt":"2025-11-07T02:42:29","guid":{"rendered":"https:\/\/mountlaser.com\/?post_type=product&#038;p=3659"},"modified":"2025-11-27T08:14:19","modified_gmt":"2025-11-27T08:14:19","slug":"grz112-112m-swiss-style-360-prism","status":"publish","type":"product","link":"https:\/\/mountlaser.com\/vi\/san-pham\/grz112-112m-swiss-style-360-prism\/","title":{"rendered":"GRZ122\/122M L\u0103ng k\u00ednh 360\u00b0 ki\u1ec3u Th\u1ee5y S\u0129"},"content":{"rendered":"<p>C\u00e1i <a href=\"https:\/\/mountlaser.com\/vi\/\"><strong>l\u0103ng k\u00ednh grz122<\/strong><\/a> l\u00e0 m\u1ed9t s\u1ea3n ph\u1ea9m chuy\u00ean nghi\u1ec7p<a href=\"https:\/\/mountlaser.com\/vi\/products\/\"><strong> L\u0103ng k\u00ednh ph\u1ea3n chi\u1ebfu 360 \u0111\u1ed9<\/strong><\/a> \u0110\u01b0\u1ee3c thi\u1ebft k\u1ebf \u0111\u1ec3 mang l\u1ea1i \u0111\u1ed9 ch\u00ednh x\u00e1c to\u00e0n di\u1ec7n v\u00e0 \u0111\u00e1ng tin c\u1eady trong kh\u1ea3o s\u00e1t b\u1eb1ng m\u00e1y to\u00e0n \u0111\u1ea1c. \u0110\u01b0\u1ee3c ch\u1ebf t\u1ea1o theo thi\u1ebft k\u1ebf 360\u00b0 ki\u1ec3u Th\u1ee5y S\u0129 truy\u1ec1n th\u1ed1ng, l\u0103ng k\u00ednh grz122 cung c\u1ea5p hi\u1ec7u su\u1ea5t ph\u1ea3n x\u1ea1 nh\u1ea5t qu\u00e1n v\u00e0 t\u00edch h\u1ee3p li\u1ec1n m\u1ea1ch v\u1edbi c\u00e1c thi\u1ebft b\u1ecb m\u00e1y to\u00e0n \u0111\u1ea1c.<\/p>\n<p>M\u1ed7i l\u0103ng k\u00ednh ph\u1ea3n x\u1ea1 360 \u0111\u1ed9 bao g\u1ed3m s\u00e1u l\u0103ng k\u00ednh nh\u1ecf \u0111\u01b0\u1ee3c c\u0103n ch\u1ec9nh ch\u00ednh x\u00e1c, li\u00ean k\u1ebft v\u1edbi nhau \u0111\u1ec3 t\u1ea1o th\u00e0nh m\u1ed9t c\u1ee5m 360\u00b0 \u1ed5n \u0111\u1ecbnh duy nh\u1ea5t. C\u1ea5u h\u00ecnh n\u00e0y \u0111\u1ea3m b\u1ea3o \u0111\u1ed9 ch\u00ednh x\u00e1c \u0111o cao v\u00e0 kh\u1ea3 n\u0103ng ph\u1ea3n x\u1ea1 t\u1ed1i \u01b0u tr\u00ean m\u1ecdi h\u01b0\u1edbng. L\u0103ng k\u00ednh grz122 cung c\u1ea5p h\u1eb1ng s\u1ed1 Th\u1ee5y S\u0129 +23,1 mm v\u00e0 \u0111\u1ed9 ch\u00ednh x\u00e1c t\u00e2m \u00b12,0 mm, l\u00fd t\u01b0\u1edfng cho c\u00e1c \u1ee9ng d\u1ee5ng th\u1ef1c \u0111\u1ecba \u0111\u00f2i h\u1ecfi kh\u1eaft khe.<\/p>\n<p>\u0110\u01b0\u1ee3c ch\u1ebf t\u1ea1o kh\u00f4ng c\u00f3 tr\u1ee5c th\u00e9p kh\u00f4ng g\u1ec9 trung t\u00e2m, l\u0103ng k\u00ednh ph\u1ea3n x\u1ea1 360 \u0111\u1ed9 ki\u1ec3u Th\u1ee5y S\u0129 n\u00e0y c\u00f3 th\u00e2n m\u00e1y nh\u1eb9 v\u00e0 c\u00e2n b\u1eb1ng, gi\u00fap c\u1ea3i thi\u1ec7n t\u00ednh di \u0111\u1ed9ng v\u00e0 t\u1ed1c \u0111\u1ed9 thi\u1ebft l\u1eadp. M\u1eabu GRZ122 s\u1eed d\u1ee5ng v\u1ecf nylon ch\u1eafc ch\u1eafn, trong khi m\u1eabu GRZ122M c\u00f3 th\u00e2n m\u00e1y b\u1eb1ng kim lo\u1ea1i \u0111\u1ec3 t\u0103ng c\u01b0\u1eddng \u0111\u1ed9 b\u1ec1n.<\/p>\n<figure id=\"attachment_3663\" aria-describedby=\"caption-attachment-3663\" style=\"width: 500px\" class=\"wp-caption aligncenter\"><img fetchpriority=\"high\" decoding=\"async\" class=\"wp-image-3663\" src=\"https:\/\/mountlaser.com\/wp-content\/uploads\/2025\/11\/L2-3604.webp\" alt=\"grz122 prism\" width=\"500\" height=\"500\" srcset=\"https:\/\/mountlaser.com\/wp-content\/uploads\/2025\/11\/L2-3604.webp 1000w, https:\/\/mountlaser.com\/wp-content\/uploads\/2025\/11\/L2-3604-300x300.webp 300w, https:\/\/mountlaser.com\/wp-content\/uploads\/2025\/11\/L2-3604-400x400.webp 400w, https:\/\/mountlaser.com\/wp-content\/uploads\/2025\/11\/L2-3604-800x800.webp 800w, https:\/\/mountlaser.com\/wp-content\/uploads\/2025\/11\/L2-3604-600x600.webp 600w, https:\/\/mountlaser.com\/wp-content\/uploads\/2025\/11\/L2-3604-150x150.webp 150w, https:\/\/mountlaser.com\/wp-content\/uploads\/2025\/11\/L2-3604-768x768.webp 768w, https:\/\/mountlaser.com\/wp-content\/uploads\/2025\/11\/L2-3604-12x12.webp 12w\" sizes=\"(max-width: 500px) 100vw, 500px\" \/><figcaption id=\"caption-attachment-3663\" class=\"wp-caption-text\">GRZ122<\/figcaption><\/figure>\n<figure id=\"attachment_3669\" aria-describedby=\"caption-attachment-3669\" style=\"width: 500px\" class=\"wp-caption aligncenter\"><img decoding=\"async\" class=\"wp-image-3669\" src=\"https:\/\/mountlaser.com\/wp-content\/uploads\/2025\/11\/L2-360-\u91d1\u5c5e\uff083\uff09.webp\" alt=\"grz122M\" width=\"500\" height=\"500\" srcset=\"https:\/\/mountlaser.com\/wp-content\/uploads\/2025\/11\/L2-360-\u91d1\u5c5e\uff083\uff09.webp 1000w, https:\/\/mountlaser.com\/wp-content\/uploads\/2025\/11\/L2-360-\u91d1\u5c5e\uff083\uff09-300x300.webp 300w, https:\/\/mountlaser.com\/wp-content\/uploads\/2025\/11\/L2-360-\u91d1\u5c5e\uff083\uff09-400x400.webp 400w, https:\/\/mountlaser.com\/wp-content\/uploads\/2025\/11\/L2-360-\u91d1\u5c5e\uff083\uff09-800x800.webp 800w, https:\/\/mountlaser.com\/wp-content\/uploads\/2025\/11\/L2-360-\u91d1\u5c5e\uff083\uff09-600x600.webp 600w, https:\/\/mountlaser.com\/wp-content\/uploads\/2025\/11\/L2-360-\u91d1\u5c5e\uff083\uff09-150x150.webp 150w, https:\/\/mountlaser.com\/wp-content\/uploads\/2025\/11\/L2-360-\u91d1\u5c5e\uff083\uff09-768x768.webp 768w, https:\/\/mountlaser.com\/wp-content\/uploads\/2025\/11\/L2-360-\u91d1\u5c5e\uff083\uff09-12x12.webp 12w\" sizes=\"(max-width: 500px) 100vw, 500px\" \/><figcaption id=\"caption-attachment-3669\" class=\"wp-caption-text\">GRZ122M<\/figcaption><\/figure>\n<p>C\u00e1i <a href=\"https:\/\/mountlaser.com\/vi\/contact-us\/\">l\u0103ng k\u00ednh grz122<\/a> Ngo\u00e0i ra, s\u1ea3n ph\u1ea9m c\u00f2n bao g\u1ed3m k\u1ebft n\u1ed1i n\u00fat nh\u1ea5n th\u00e1o nhanh, cho ph\u00e9p l\u1eafp \u0111\u1eb7t v\u00e0 th\u00e1o g\u1ee1 hi\u1ec7u qu\u1ea3 kh\u1ecfi c\u1ed9t l\u0103ng k\u00ednh ho\u1eb7c b\u1ed9 chuy\u1ec3n \u0111\u1ed5i ch\u00e2n \u0111\u1ebf ba ch\u00e2n, \u0111\u1ea3m b\u1ea3o ho\u1ea1t \u0111\u1ed9ng tr\u01a1n tru trong m\u1ecdi nhi\u1ec7m v\u1ee5 kh\u1ea3o s\u00e1t.<\/p>","protected":false},"excerpt":{"rendered":"<ul>\n<li>L\u0103ng k\u00ednh ph\u1ea3n chi\u1ebfu 360 \u0111\u1ed9 v\u1edbi s\u00e1u l\u0103ng k\u00ednh nh\u1ecf cho kh\u1ea3 n\u0103ng bao ph\u1ee7 to\u00e0n di\u1ec7n<\/li>\n<li>GRZ122: Th\u00e2n m\u00e1y b\u1eb1ng nylon b\u1ec1n ch\u1eafc.<\/li>\n<li>GRZ122M: V\u1ecf kim lo\u1ea1i gia c\u01b0\u1eddng<\/li>\n<li>N\u00fat nh\u1ea5n th\u00e1o nhanh gi\u00fap d\u1ec5 d\u00e0ng l\u1eafp \u0111\u1eb7t v\u00e0 th\u00e1o g\u1ee1.<\/li>\n<li>Kh\u00f4ng c\u00f3 tr\u1ee5c th\u00e9p kh\u00f4ng g\u1ec9 trung t\u00e2m, \u0111\u1ea3m b\u1ea3o tr\u1ecdng l\u01b0\u1ee3ng nh\u1eb9 khi thao t\u00e1c.<\/li>\n<\/ul>","protected":false},"featured_media":3661,"comment_status":"open","ping_status":"closed","template":"","meta":[],"product_brand":[],"product_cat":[72,115],"product_tag":[],"class_list":{"0":"post-3659","1":"product","2":"type-product","3":"status-publish","4":"has-post-thumbnail","6":"product_cat-reflective-target-prism","7":"product_cat-wide-angle-prism","9":"first","10":"instock","11":"shipping-taxable","12":"product-type-simple"},"_links":{"self":[{"href":"https:\/\/mountlaser.com\/vi\/wp-json\/wp\/v2\/product\/3659","targetHints":{"allow":["GET"]}}],"collection":[{"href":"https:\/\/mountlaser.com\/vi\/wp-json\/wp\/v2\/product"}],"about":[{"href":"https:\/\/mountlaser.com\/vi\/wp-json\/wp\/v2\/types\/product"}],"replies":[{"embeddable":true,"href":"https:\/\/mountlaser.com\/vi\/wp-json\/wp\/v2\/comments?post=3659"}],"wp:featuredmedia":[{"embeddable":true,"href":"https:\/\/mountlaser.com\/vi\/wp-json\/wp\/v2\/media\/3661"}],"wp:attachment":[{"href":"https:\/\/mountlaser.com\/vi\/wp-json\/wp\/v2\/media?parent=3659"}],"wp:term":[{"taxonomy":"product_brand","embeddable":true,"href":"https:\/\/mountlaser.com\/vi\/wp-json\/wp\/v2\/product_brand?post=3659"},{"taxonomy":"product_cat","embeddable":true,"href":"https:\/\/mountlaser.com\/vi\/wp-json\/wp\/v2\/product_cat?post=3659"},{"taxonomy":"product_tag","embeddable":true,"href":"https:\/\/mountlaser.com\/vi\/wp-json\/wp\/v2\/product_tag?post=3659"}],"curies":[{"name":"trang web","href":"https:\/\/api.w.org\/{rel}","templated":true}]}}