{"id":3642,"date":"2025-11-07T02:11:50","date_gmt":"2025-11-07T02:11:50","guid":{"rendered":"https:\/\/mountlaser.com\/?post_type=product&#038;p=3642"},"modified":"2025-11-27T08:25:46","modified_gmt":"2025-11-27T08:25:46","slug":"swiss-style-360-prism","status":"publish","type":"product","link":"https:\/\/mountlaser.com\/vi\/san-pham\/swiss-style-360-prism\/","title":{"rendered":"GRZ4\/ GRZ4M L\u0103ng k\u00ednh 360\u00b0 ki\u1ec3u Th\u1ee5y S\u0129"},"content":{"rendered":"<p>C\u00e1i <a href=\"https:\/\/mountlaser.com\/vi\/\"><strong>B\u1ed9 ph\u1ea3n x\u1ea1 360\u00b0 GRZ4<\/strong> <\/a>\u0111\u1ea1i di\u1ec7n cho m\u1ed9t s\u1ea3n ph\u1ea9m c\u00f3 \u0111\u1ed9 ch\u00ednh x\u00e1c cao v\u00e0 b\u1ec1n b\u1ec9. <a href=\"https:\/\/mountlaser.com\/vi\/products\/\"><strong>L\u0103ng k\u00ednh 360\u00b0 ki\u1ec3u Th\u1ee5y S\u0129<\/strong><\/a> Gi\u1ea3i ph\u00e1p \u0111\u01b0\u1ee3c thi\u1ebft k\u1ebf cho c\u00e1c \u1ee9ng d\u1ee5ng m\u00e1y to\u00e0n \u0111\u1ea1c \u0111i\u1ec7n t\u1eed y\u00eau c\u1ea7u \u0111o l\u01b0\u1eddng ch\u00ednh x\u00e1c, m\u1ecdi h\u01b0\u1edbng. \u0110\u01b0\u1ee3c ch\u1ebf t\u1ea1o d\u00e0nh cho c\u00e1c nh\u00e0 kh\u1ea3o s\u00e1t chuy\u00ean nghi\u1ec7p, g\u01b0\u01a1ng ph\u1ea3n x\u1ea1 GRZ4 360\u00b0 \u0111\u1ea3m b\u1ea3o nh\u1eadn di\u1ec7n m\u1ee5c ti\u00eau nh\u1ea5t qu\u00e1n v\u00e0 thu th\u1eadp d\u1eef li\u1ec7u hi\u1ec7u qu\u1ea3 t\u1eeb m\u1ecdi g\u00f3c \u0111\u1ed9.<\/p>\n<p>L\u0103ng k\u00ednh 360\u00b0 ki\u1ec3u Th\u1ee5y S\u0129 n\u00e0y c\u00f3 c\u1ea5u t\u1ea1o s\u00e1u l\u0103ng k\u00ednh ch\u1eafc ch\u1eafn, \u0111\u01b0\u1ee3c d\u00e1n li\u1ec1n m\u1ea1ch v\u1edbi nhau \u0111\u1ec3 cung c\u1ea5p \u0111\u1ed9 ph\u1ee7 360\u00b0 ho\u00e0n ch\u1ec9nh. N\u00f3 cung c\u1ea5p h\u1eb1ng s\u1ed1 Th\u1ee5y S\u0129 +23,1 mm, \u0111\u1ea3m b\u1ea3o t\u01b0\u01a1ng th\u00edch v\u1edbi c\u00e1c d\u1ee5ng c\u1ee5 ki\u1ec3u Th\u1ee5y S\u0129 v\u00e0 \u0111\u1ea3m b\u1ea3o \u0111\u1ed9 ch\u00ednh x\u00e1c t\u00e2m trong ph\u1ea1m vi \u00b12,0 mm cho hi\u1ec7u su\u1ea5t \u0111\u00e1ng tin c\u1eady trong th\u1ef1c t\u1ebf.<\/p>\n<p><img fetchpriority=\"high\" decoding=\"async\" class=\"aligncenter wp-image-3653\" src=\"https:\/\/mountlaser.com\/wp-content\/uploads\/2025\/11\/L1-3603.webp\" alt=\"GRZ4 360\u00b0 Reflector\" width=\"500\" height=\"500\" srcset=\"https:\/\/mountlaser.com\/wp-content\/uploads\/2025\/11\/L1-3603.webp 1000w, https:\/\/mountlaser.com\/wp-content\/uploads\/2025\/11\/L1-3603-300x300.webp 300w, https:\/\/mountlaser.com\/wp-content\/uploads\/2025\/11\/L1-3603-400x400.webp 400w, https:\/\/mountlaser.com\/wp-content\/uploads\/2025\/11\/L1-3603-800x800.webp 800w, https:\/\/mountlaser.com\/wp-content\/uploads\/2025\/11\/L1-3603-600x600.webp 600w, https:\/\/mountlaser.com\/wp-content\/uploads\/2025\/11\/L1-3603-150x150.webp 150w, https:\/\/mountlaser.com\/wp-content\/uploads\/2025\/11\/L1-3603-768x768.webp 768w, https:\/\/mountlaser.com\/wp-content\/uploads\/2025\/11\/L1-3603-12x12.webp 12w\" sizes=\"(max-width: 500px) 100vw, 500px\" \/><\/p>\n<p>B\u1ed9 ph\u1ea3n x\u1ea1 360\u00b0 GRZ4 c\u00f3 hai phi\u00ean b\u1ea3n:<\/p>\n<p>GRZ4: Thi\u1ebft k\u1ebf b\u1eb1ng nh\u1ef1a nh\u1eb9, b\u1ec1n ch\u1eafc.<\/p>\n<p>GRZ4M: Thi\u1ebft k\u1ebf b\u1eb1ng kim lo\u1ea1i gia c\u01b0\u1eddng cho \u0111\u1ed9 \u1ed5n \u0111\u1ecbnh v\u00e0 \u0111\u1ed9 b\u1ec1n t\u1ed1i \u0111a.<\/p>\n<p>M\u1ed7i <a href=\"https:\/\/mountlaser.com\/vi\/contact-us\/\">L\u0103ng k\u00ednh 360\u00b0 ki\u1ec3u Th\u1ee5y S\u0129<\/a> \u0110\u01b0\u1ee3c trang b\u1ecb \u0111\u1ea7u n\u1ed1i n\u00fat nh\u1ea5n th\u00e1o nhanh, cho ph\u00e9p g\u1eafn v\u00e0 th\u00e1o nhanh ch\u00f3ng tr\u00ean c\u1ed9t ho\u1eb7c b\u1ed9 chuy\u1ec3n \u0111\u1ed5i ch\u00e2n \u0111\u1ebf ba ch\u00e2n. Thi\u1ebft k\u1ebf nh\u1ecf g\u1ecdn, kh\u00f4ng tr\u1ee5c gi\u00fap t\u0103ng c\u01b0\u1eddng t\u00ednh di \u0111\u1ed9ng v\u00e0 \u0111\u1ed9 tin c\u1eady trong qu\u00e1 tr\u00ecnh s\u1eed d\u1ee5ng.<\/p>","protected":false},"excerpt":{"rendered":"<ul>\n<li>\u1ed0ng k\u00ednh ki\u1ec3u Th\u1ee5y S\u0129 v\u1edbi l\u0103ng k\u00ednh 360\u00b0 v\u00e0 6 l\u0103ng k\u00ednh mini t\u00edch h\u1ee3p cho kh\u1ea3 n\u0103ng bao ph\u1ee7 to\u00e0n di\u1ec7n.<\/li>\n<li>N\u00fat nh\u1ea5n th\u00e1o nhanh gi\u00fap l\u1eafp \u0111\u1eb7t nhanh ch\u00f3ng v\u00e0 ch\u1eafc ch\u1eafn.<\/li>\n<li>Kh\u00f4ng c\u00f3 tr\u1ee5c th\u00e9p kh\u00f4ng g\u1ec9 \u1edf gi\u1eefa, \u0111\u1ea3m b\u1ea3o tr\u1ecdng l\u01b0\u1ee3ng nh\u1eb9 v\u00e0 h\u00ecnh d\u1ea1ng nh\u1ecf g\u1ecdn.<\/li>\n<\/ul>","protected":false},"featured_media":3646,"comment_status":"open","ping_status":"closed","template":"","meta":[],"product_brand":[],"product_cat":[72,115],"product_tag":[],"class_list":{"0":"post-3642","1":"product","2":"type-product","3":"status-publish","4":"has-post-thumbnail","6":"product_cat-reflective-target-prism","7":"product_cat-wide-angle-prism","9":"first","10":"instock","11":"shipping-taxable","12":"product-type-simple"},"_links":{"self":[{"href":"https:\/\/mountlaser.com\/vi\/wp-json\/wp\/v2\/product\/3642","targetHints":{"allow":["GET"]}}],"collection":[{"href":"https:\/\/mountlaser.com\/vi\/wp-json\/wp\/v2\/product"}],"about":[{"href":"https:\/\/mountlaser.com\/vi\/wp-json\/wp\/v2\/types\/product"}],"replies":[{"embeddable":true,"href":"https:\/\/mountlaser.com\/vi\/wp-json\/wp\/v2\/comments?post=3642"}],"wp:featuredmedia":[{"embeddable":true,"href":"https:\/\/mountlaser.com\/vi\/wp-json\/wp\/v2\/media\/3646"}],"wp:attachment":[{"href":"https:\/\/mountlaser.com\/vi\/wp-json\/wp\/v2\/media?parent=3642"}],"wp:term":[{"taxonomy":"product_brand","embeddable":true,"href":"https:\/\/mountlaser.com\/vi\/wp-json\/wp\/v2\/product_brand?post=3642"},{"taxonomy":"product_cat","embeddable":true,"href":"https:\/\/mountlaser.com\/vi\/wp-json\/wp\/v2\/product_cat?post=3642"},{"taxonomy":"product_tag","embeddable":true,"href":"https:\/\/mountlaser.com\/vi\/wp-json\/wp\/v2\/product_tag?post=3642"}],"curies":[{"name":"trang web","href":"https:\/\/api.w.org\/{rel}","templated":true}]}}