{"id":3631,"date":"2025-11-07T01:23:30","date_gmt":"2025-11-07T01:23:30","guid":{"rendered":"https:\/\/mountlaser.com\/?post_type=product&#038;p=3631"},"modified":"2025-11-27T08:58:29","modified_gmt":"2025-11-27T08:58:29","slug":"mg1500sl-top-sliding-prism-with-pole","status":"publish","type":"product","link":"https:\/\/mountlaser.com\/vi\/san-pham\/mg1500sl-top-sliding-prism-with-pole\/","title":{"rendered":"L\u0103ng k\u00ednh tr\u01b0\u1ee3t tr\u00ean c\u00f9ng MG1500SL k\u00e8m c\u1ed9t"},"content":{"rendered":"<p>C\u00e1i <a href=\"https:\/\/mountlaser.com\/vi\/\"><strong>MG-1500SL Mini Prism<\/strong><\/a> l\u00e0 m\u1ed9t s\u1ea3n ph\u1ea9m \u0111\u01b0\u1ee3c ch\u1ebf t\u1ea1o ch\u00ednh x\u00e1c. <a href=\"https:\/\/mountlaser.com\/vi\/products\/\"><strong>L\u0103ng k\u00ednh mini m\u00e0u v\u00e0ng c\u00f3 c\u00e1n c\u1ea7m d\u00e0nh cho m\u00e1y to\u00e0n \u0111\u1ea1c \u0111i\u1ec7n t\u1eed.<\/strong><\/a>, \u0110\u01b0\u1ee3c thi\u1ebft k\u1ebf \u0111\u1ec3 mang l\u1ea1i \u0111\u1ed9 ch\u00ednh x\u00e1c cao v\u00e0 \u0111\u1ed9 b\u1ec1n v\u01b0\u1ee3t tr\u1ed9i cho c\u00e1c nh\u00e0 kh\u1ea3o s\u00e1t chuy\u00ean nghi\u1ec7p. \u0110\u01b0\u1ee3c ch\u1ebf t\u1ea1o \u0111\u1ec3 linh ho\u1ea1t trong nhi\u1ec1u \u0111i\u1ec1u ki\u1ec7n hi\u1ec7n tr\u01b0\u1eddng kh\u00e1c nhau, l\u0103ng k\u00ednh mini mg-1500sl n\u00e0y c\u00f3 l\u0103ng k\u00ednh m\u1ea1 b\u1ea1c 38,1 mm \u0111\u1ea3m b\u1ea3o kh\u1ea3 n\u0103ng ph\u1ea3n x\u1ea1 v\u01b0\u1ee3t tr\u1ed9i v\u00e0 t\u00edn hi\u1ec7u \u1ed5n \u0111\u1ecbnh ngay c\u1ea3 \u1edf kho\u1ea3ng c\u00e1ch xa.<\/p>\n<p>\u0110\u01b0\u1ee3c trang b\u1ecb kh\u1ea3 n\u0103ng \u0111i\u1ec1u ch\u1ec9nh \u0111\u1ed9 l\u1ec7ch 0 \/ -30 mm, l\u0103ng k\u00ednh mini MG-1500SL cung c\u1ea5p c\u00e1c t\u00f9y ch\u1ecdn \u0111o linh ho\u1ea1t ph\u00f9 h\u1ee3p cho c\u1ea3 \u1ee9ng d\u1ee5ng l\u0103ng k\u00ednh ti\u00eau chu\u1ea9n v\u00e0 l\u0103ng k\u00ednh g\u00f3c. S\u1ea3n ph\u1ea9m bao g\u1ed3m b\u1ed9 chuy\u1ec3n \u0111\u1ed5i g\u00f3c \u0111\u1ec3 c\u0103n ch\u1ec9nh v\u00e0 \u0111\u1ecbnh v\u1ecb li\u1ec1n m\u1ea1ch, bi\u1ebfn n\u00f3 th\u00e0nh m\u1ed9t l\u0103ng k\u00ednh mini m\u00e0u v\u00e0ng l\u00fd t\u01b0\u1edfng c\u00f3 k\u00e8m c\u1ed9t d\u00e0nh cho m\u00e1y to\u00e0n \u0111\u1ea1c \u0111i\u1ec7n t\u1eed, \u0111\u01b0\u1ee3c s\u1eed d\u1ee5ng trong c\u00e1c d\u1ef1 \u00e1n x\u00e2y d\u1ef1ng, k\u1ef9 thu\u1eadt v\u00e0 gi\u00e1m s\u00e1t.<\/p>\n<p><img fetchpriority=\"high\" decoding=\"async\" class=\"aligncenter wp-image-3636\" src=\"https:\/\/mountlaser.com\/wp-content\/uploads\/2025\/11\/MG-1500SL5.webp\" alt=\"mg-1500sl mini prism\" width=\"500\" height=\"500\" srcset=\"https:\/\/mountlaser.com\/wp-content\/uploads\/2025\/11\/MG-1500SL5.webp 1000w, https:\/\/mountlaser.com\/wp-content\/uploads\/2025\/11\/MG-1500SL5-300x300.webp 300w, https:\/\/mountlaser.com\/wp-content\/uploads\/2025\/11\/MG-1500SL5-400x400.webp 400w, https:\/\/mountlaser.com\/wp-content\/uploads\/2025\/11\/MG-1500SL5-800x800.webp 800w, https:\/\/mountlaser.com\/wp-content\/uploads\/2025\/11\/MG-1500SL5-600x600.webp 600w, https:\/\/mountlaser.com\/wp-content\/uploads\/2025\/11\/MG-1500SL5-150x150.webp 150w, https:\/\/mountlaser.com\/wp-content\/uploads\/2025\/11\/MG-1500SL5-768x768.webp 768w, https:\/\/mountlaser.com\/wp-content\/uploads\/2025\/11\/MG-1500SL5-12x12.webp 12w\" sizes=\"(max-width: 500px) 100vw, 500px\" \/><\/p>\n<p>L\u0103ng k\u00ednh mini mg-1500sl c\u0169ng \u0111\u01b0\u1ee3c trang b\u1ecb b\u1ed9 chuy\u1ec3n \u0111\u1ed5i ren k\u00e9p\u2014ren \u0111\u1ef1c M6 v\u00e0 ren c\u00e1i 5\/8\u2033-11\u2014\u0111\u1ec3 ho\u00e0n to\u00e0n t\u01b0\u01a1ng th\u00edch v\u1edbi c\u00e1c lo\u1ea1i c\u1ed9t l\u0103ng k\u00ednh v\u00e0 ph\u1ee5 ki\u1ec7n ti\u00eau chu\u1ea9n. B\u1ed9 chuy\u1ec3n \u0111\u1ed5i tay c\u1ea7m gi\u00fap t\u0103ng s\u1ef1 ti\u1ec7n l\u1ee3i v\u00e0 kh\u1ea3 n\u0103ng \u0111i\u1ec1u khi\u1ec3n, trong khi c\u1ed9t tr\u1ee5 b\u1eb1ng th\u00e9p kh\u00f4ng g\u1ec9 n\u0103m \u0111o\u1ea1n (m\u1ed7i \u0111o\u1ea1n d\u00e0i 300 mm, c\u00f3 th\u1ec3 k\u00e9o d\u00e0i \u0111\u1ebfn 1,5 m) mang l\u1ea1i c\u1ea3 t\u00ednh di \u0111\u1ed9ng v\u00e0 \u0111\u1ed9 ch\u1eafc ch\u1eafn.<\/p>\n<p>C\u00e1i n\u00e0y <a href=\"https:\/\/mountlaser.com\/vi\/contact-us\/\">L\u0103ng k\u00ednh mini m\u00e0u v\u00e0ng c\u00f3 c\u00e1n c\u1ea7m d\u00e0nh cho m\u00e1y to\u00e0n \u0111\u1ea1c \u0111i\u1ec7n t\u1eed.<\/a> S\u1ea3n ph\u1ea9m \u0111\u01b0\u1ee3c \u0111\u00f3ng g\u00f3i trong t\u00fai b\u1ea3o v\u1ec7 m\u1ec1m, \u0111\u1ea3m b\u1ea3o v\u1eadn chuy\u1ec3n an to\u00e0n v\u00e0 hi\u1ec7u su\u1ea5t l\u00e2u d\u00e0i trong m\u1ecdi m\u00f4i tr\u01b0\u1eddng l\u00e0m vi\u1ec7c.<\/p>","protected":false},"excerpt":{"rendered":"<ul>\n<li>Bao g\u1ed3m b\u1ed9 chuy\u1ec3n \u0111\u1ed5i g\u00f3c \u0111\u1ec3 d\u1ec5 d\u00e0ng s\u1eed d\u1ee5ng l\u0103ng k\u00ednh g\u00f3c.<\/li>\n<li>B\u1ed9 chuy\u1ec3n \u0111\u1ed5i tay c\u1ea7m gi\u00fap c\u1ea7m n\u1eafm v\u00e0 l\u1eafp \u0111\u1eb7t d\u1ec5 d\u00e0ng h\u01a1n.<\/li>\n<li>B\u1ec1n ch\u1eafc v\u00e0 d\u1ec5 mang theo, \u0111\u01b0\u1ee3c cung c\u1ea5p k\u00e8m theo t\u00fai b\u1ea3o v\u1ec7 m\u1ec1m.<\/li>\n<\/ul>","protected":false},"featured_media":3632,"comment_status":"open","ping_status":"closed","template":"","meta":[],"product_brand":[],"product_cat":[72,114],"product_tag":[],"class_list":{"0":"post-3631","1":"product","2":"type-product","3":"status-publish","4":"has-post-thumbnail","6":"product_cat-reflective-target-prism","7":"product_cat-mini-prism-with-pole","9":"first","10":"instock","11":"shipping-taxable","12":"product-type-simple"},"_links":{"self":[{"href":"https:\/\/mountlaser.com\/vi\/wp-json\/wp\/v2\/product\/3631","targetHints":{"allow":["GET"]}}],"collection":[{"href":"https:\/\/mountlaser.com\/vi\/wp-json\/wp\/v2\/product"}],"about":[{"href":"https:\/\/mountlaser.com\/vi\/wp-json\/wp\/v2\/types\/product"}],"replies":[{"embeddable":true,"href":"https:\/\/mountlaser.com\/vi\/wp-json\/wp\/v2\/comments?post=3631"}],"wp:featuredmedia":[{"embeddable":true,"href":"https:\/\/mountlaser.com\/vi\/wp-json\/wp\/v2\/media\/3632"}],"wp:attachment":[{"href":"https:\/\/mountlaser.com\/vi\/wp-json\/wp\/v2\/media?parent=3631"}],"wp:term":[{"taxonomy":"product_brand","embeddable":true,"href":"https:\/\/mountlaser.com\/vi\/wp-json\/wp\/v2\/product_brand?post=3631"},{"taxonomy":"product_cat","embeddable":true,"href":"https:\/\/mountlaser.com\/vi\/wp-json\/wp\/v2\/product_cat?post=3631"},{"taxonomy":"product_tag","embeddable":true,"href":"https:\/\/mountlaser.com\/vi\/wp-json\/wp\/v2\/product_tag?post=3631"}],"curies":[{"name":"trang web","href":"https:\/\/api.w.org\/{rel}","templated":true}]}}