{"id":3621,"date":"2025-11-06T09:29:18","date_gmt":"2025-11-06T09:29:18","guid":{"rendered":"https:\/\/mountlaser.com\/?post_type=product&#038;p=3621"},"modified":"2025-11-27T09:09:35","modified_gmt":"2025-11-27T09:09:35","slug":"m1500-top-sliding-prism-with-pole","status":"publish","type":"product","link":"https:\/\/mountlaser.com\/vi\/san-pham\/m1500-top-sliding-prism-with-pole\/","title":{"rendered":"L\u0103ng k\u00ednh tr\u01b0\u1ee3t tr\u00ean c\u00f9ng M1500 k\u00e8m c\u1ed9t"},"content":{"rendered":"<p>C\u00e1i <a href=\"https:\/\/mountlaser.com\/vi\/\"><strong>L\u0103ng k\u00ednh tr\u01b0\u1ee3t tr\u00ean c\u00f9ng M1500 k\u00e8m c\u1ed9t<\/strong><\/a> \u0110\u00e2y l\u00e0 m\u1ed9t l\u0103ng k\u00ednh tr\u01b0\u1ee3t hi\u1ec7u su\u1ea5t cao c\u00f3 k\u00e8m c\u1ed9t, \u0111\u01b0\u1ee3c thi\u1ebft k\u1ebf \u0111\u1ec3 mang l\u1ea1i \u0111\u1ed9 ch\u00ednh x\u00e1c, \u0111\u1ed9 tin c\u1eady v\u00e0 kh\u1ea3 n\u0103ng th\u00edch \u1ee9ng v\u01b0\u1ee3t tr\u1ed9i cho c\u00e1c \u1ee9ng d\u1ee5ng kh\u1ea3o s\u00e1t \u0111\u00f2i h\u1ecfi kh\u1eaft khe. \u0110\u01b0\u1ee3c thi\u1ebft k\u1ebf d\u00e0nh cho c\u00e1c chuy\u00ean gia y\u00eau c\u1ea7u \u0111\u1ed9 ch\u00ednh x\u00e1c nh\u1ea5t qu\u00e1n, L\u0103ng k\u00ednh tr\u01b0\u1ee3t tr\u00ean c\u00f9ng M1500 c\u00f3 c\u1ed9t s\u1edf h\u1eefu l\u0103ng k\u00ednh 38,1 mm v\u1edbi l\u1edbp ph\u1ee7 b\u1ea1c hi\u1ec7u su\u1ea5t cao, \u0111\u1ea3m b\u1ea3o kh\u1ea3 n\u0103ng ph\u1ea3n x\u1ea1 v\u01b0\u1ee3t tr\u1ed9i v\u00e0 t\u00edn hi\u1ec7u tr\u1ea3 v\u1ec1 ch\u00ednh x\u00e1c ngay c\u1ea3 trong \u0111i\u1ec1u ki\u1ec7n hi\u1ec7n tr\u01b0\u1eddng kh\u00f3 kh\u0103n.<\/p>\n<p>\u0110\u01b0\u1ee3c thi\u1ebft k\u1ebf \u0111\u1ec3 \u0111a n\u0103ng, s\u1ea3n ph\u1ea9m n\u00e0y <a href=\"https:\/\/mountlaser.com\/vi\/about-us\/\"><strong>l\u0103ng k\u00ednh tr\u01b0\u1ee3t hi\u1ec7u su\u1ea5t cao c\u00f3 c\u1ed9t<\/strong><\/a> Bao g\u1ed3m m\u1ed9t b\u1ed9 chuy\u1ec3n \u0111\u1ed5i g\u00f3c, cho ph\u00e9p n\u00f3 ho\u1ea1t \u0111\u1ed9ng nh\u01b0 c\u1ea3 l\u0103ng k\u00ednh ti\u00eau chu\u1ea9n v\u00e0 l\u0103ng k\u00ednh g\u00f3c. V\u1edbi \u0111\u1ed9 l\u1ec7ch l\u0103ng k\u00ednh 0 mm, n\u00f3 \u0111\u1ea3m b\u1ea3o c\u00e1c ph\u00e9p \u0111o ch\u00ednh x\u00e1c cho c\u00e1c nhi\u1ec7m v\u1ee5 gi\u00e1m s\u00e1t, c\u0103n ch\u1ec9nh v\u00e0 kh\u1ea3o s\u00e1t x\u00e2y d\u1ef1ng.<\/p>\n<p><img fetchpriority=\"high\" decoding=\"async\" class=\"aligncenter wp-image-3622\" src=\"https:\/\/mountlaser.com\/wp-content\/uploads\/2025\/11\/M-15001.webp\" alt=\"M1500 Top Sliding Prism With Pole\" width=\"500\" height=\"500\" srcset=\"https:\/\/mountlaser.com\/wp-content\/uploads\/2025\/11\/M-15001.webp 1000w, https:\/\/mountlaser.com\/wp-content\/uploads\/2025\/11\/M-15001-300x300.webp 300w, https:\/\/mountlaser.com\/wp-content\/uploads\/2025\/11\/M-15001-400x400.webp 400w, https:\/\/mountlaser.com\/wp-content\/uploads\/2025\/11\/M-15001-800x800.webp 800w, https:\/\/mountlaser.com\/wp-content\/uploads\/2025\/11\/M-15001-600x600.webp 600w, https:\/\/mountlaser.com\/wp-content\/uploads\/2025\/11\/M-15001-150x150.webp 150w, https:\/\/mountlaser.com\/wp-content\/uploads\/2025\/11\/M-15001-768x768.webp 768w, https:\/\/mountlaser.com\/wp-content\/uploads\/2025\/11\/M-15001-12x12.webp 12w\" sizes=\"(max-width: 500px) 100vw, 500px\" \/><\/p>\n<p>C\u00e1i <a href=\"https:\/\/mountlaser.com\/vi\/contact-us\/\">L\u0103ng k\u00ednh tr\u01b0\u1ee3t tr\u00ean c\u00f9ng M1500 k\u00e8m c\u1ed9t<\/a> S\u1ea3n ph\u1ea9m n\u00e0y cung c\u1ea5p hai t\u00f9y ch\u1ecdn kh\u00f3a \u2014 M1500MP v\u1edbi c\u01a1 ch\u1ebf kh\u00f3a v\u00edt \u0111\u00e1ng tin c\u1eady v\u00e0 M1500GP c\u00f3 h\u1ec7 th\u1ed1ng kh\u00f3a k\u00e9p gi\u00fap t\u0103ng c\u01b0\u1eddng \u0111\u1ed9 \u1ed5n \u0111\u1ecbnh trong qu\u00e1 tr\u00ecnh s\u1eed d\u1ee5ng l\u00e2u d\u00e0i. C\u1ed9t ch\u1ed1t b\u1eb1ng th\u00e9p kh\u00f4ng g\u1ec9 (ren M6, \u00d89 mm) c\u00f3 th\u1ec3 k\u00e9o d\u00e0i qua n\u0103m \u0111o\u1ea1n 300 mm, \u0111\u1ea1t chi\u1ec1u d\u00e0i t\u1ed1i \u0111a 1,5 m\u00e9t (Model SSP093005), cung c\u1ea5p s\u1ef1 h\u1ed7 tr\u1ee3 b\u1ec1n b\u1ec9 trong nhi\u1ec1u m\u00f4i tr\u01b0\u1eddng th\u1ef1c \u0111\u1ecba kh\u00e1c nhau.<\/p>\n<p>\u0110\u01b0\u1ee3c \u0111\u00f3ng g\u00f3i trong t\u00fai b\u1ea3o v\u1ec7 m\u1ec1m m\u1ea1i, l\u0103ng k\u00ednh tr\u01b0\u1ee3t hi\u1ec7u su\u1ea5t cao k\u00e8m c\u00e1n n\u00e0y k\u1ebft h\u1ee3p t\u00ednh di \u0111\u1ed9ng, \u0111\u1ed9 ch\u00ednh x\u00e1c v\u00e0 \u0111\u1ed9 b\u1ec1n l\u00e2u d\u00e0i \u2014 tr\u1edf th\u00e0nh l\u1ef1a ch\u1ecdn \u0111\u00e1ng tin c\u1eady cho c\u00e1c nh\u00e0 kh\u1ea3o s\u00e1t tr\u00ean to\u00e0n th\u1ebf gi\u1edbi.<\/p>","protected":false},"excerpt":{"rendered":"<ul>\n<li>B\u1ed9 chuy\u1ec3n \u0111\u1ed5i g\u00f3c cho ph\u00e9p s\u1eed d\u1ee5ng linh ho\u1ea1t nh\u01b0 m\u1ed9t l\u0103ng k\u00ednh ti\u00eau chu\u1ea9n ho\u1eb7c l\u0103ng k\u00ednh g\u00f3c.<\/li>\n<li>Hai t\u00f9y ch\u1ecdn kh\u00f3a: Kh\u00f3a v\u00edt (M1500MP) ho\u1eb7c Kh\u00f3a k\u00e9p (M1500GP) \u0111\u1ec3 t\u0103ng th\u00eam \u0111\u1ed9 \u1ed5n \u0111\u1ecbnh.<\/li>\n<li>C\u1ed9t ghim b\u1eb1ng th\u00e9p kh\u00f4ng g\u1ec9 b\u1ec1n ch\u1eafc<\/li>\n<li>\u0110\u01b0\u1ee3c cung c\u1ea5p k\u00e8m theo t\u00fai \u0111\u1ef1ng m\u1ec1m \u0111\u1ec3 d\u1ec5 d\u00e0ng v\u1eadn chuy\u1ec3n v\u00e0 b\u1ea3o v\u1ec7.<\/li>\n<\/ul>","protected":false},"featured_media":3622,"comment_status":"open","ping_status":"closed","template":"","meta":[],"product_brand":[],"product_cat":[72,114],"product_tag":[],"class_list":{"0":"post-3621","1":"product","2":"type-product","3":"status-publish","4":"has-post-thumbnail","6":"product_cat-reflective-target-prism","7":"product_cat-mini-prism-with-pole","9":"first","10":"instock","11":"shipping-taxable","12":"product-type-simple"},"_links":{"self":[{"href":"https:\/\/mountlaser.com\/vi\/wp-json\/wp\/v2\/product\/3621","targetHints":{"allow":["GET"]}}],"collection":[{"href":"https:\/\/mountlaser.com\/vi\/wp-json\/wp\/v2\/product"}],"about":[{"href":"https:\/\/mountlaser.com\/vi\/wp-json\/wp\/v2\/types\/product"}],"replies":[{"embeddable":true,"href":"https:\/\/mountlaser.com\/vi\/wp-json\/wp\/v2\/comments?post=3621"}],"wp:featuredmedia":[{"embeddable":true,"href":"https:\/\/mountlaser.com\/vi\/wp-json\/wp\/v2\/media\/3622"}],"wp:attachment":[{"href":"https:\/\/mountlaser.com\/vi\/wp-json\/wp\/v2\/media?parent=3621"}],"wp:term":[{"taxonomy":"product_brand","embeddable":true,"href":"https:\/\/mountlaser.com\/vi\/wp-json\/wp\/v2\/product_brand?post=3621"},{"taxonomy":"product_cat","embeddable":true,"href":"https:\/\/mountlaser.com\/vi\/wp-json\/wp\/v2\/product_cat?post=3621"},{"taxonomy":"product_tag","embeddable":true,"href":"https:\/\/mountlaser.com\/vi\/wp-json\/wp\/v2\/product_tag?post=3621"}],"curies":[{"name":"trang web","href":"https:\/\/api.w.org\/{rel}","templated":true}]}}