{"id":3612,"date":"2025-11-06T09:22:08","date_gmt":"2025-11-06T09:22:08","guid":{"rendered":"https:\/\/mountlaser.com\/?post_type=product&#038;p=3612"},"modified":"2025-11-28T00:41:07","modified_gmt":"2025-11-28T00:41:07","slug":"cls039-aluminum-mini-prism-pole","status":"publish","type":"product","link":"https:\/\/mountlaser.com\/vi\/san-pham\/cls039-aluminum-mini-prism-pole\/","title":{"rendered":"CLS039 C\u1ed9t l\u0103ng k\u00ednh mini b\u1eb1ng nh\u00f4m"},"content":{"rendered":"<p>C\u00e1i <a href=\"https:\/\/mountlaser.com\/vi\/\"><strong>CLS039 C\u1ed9t l\u0103ng k\u00ednh mini b\u1eb1ng nh\u00f4m<\/strong><\/a> \u0110\u00e2y l\u00e0 m\u1ed9t c\u00f4ng c\u1ee5 chuy\u00ean d\u1ee5ng, c\u00f3 \u0111\u1ed9 ch\u00ednh x\u00e1c cao, \u0111\u01b0\u1ee3c thi\u1ebft k\u1ebf d\u00e0nh cho c\u00e1c nh\u00e0 kh\u1ea3o s\u00e1t y\u00eau c\u1ea7u \u0111\u1ed9 ch\u00ednh x\u00e1c v\u00e0 hi\u1ec7u qu\u1ea3 v\u01b0\u1ee3t tr\u1ed9i trong c\u00e1c ho\u1ea1t \u0111\u1ed9ng \u0111\u1ecbnh v\u1ecb m\u1ed1c.<\/p>\n<p>\u0110\u01b0\u1ee3c bi\u1ebft \u0111\u1ebfn v\u1edbi t\u00ean g\u1ecdi l\u00e0<a href=\"https:\/\/mountlaser.com\/vi\/products\/\"><strong> C\u1ecdc c\u1eafm tr\u1ea1i mini CLS039 h\u00ecnh l\u0103ng tr\u1ee5<\/strong><\/a>, M\u1eabu n\u00e0y \u0111\u01b0\u1ee3c thi\u1ebft k\u1ebf v\u1edbi chi\u1ec1u cao nh\u1ecf g\u1ecdn ch\u1ec9 39cm, gi\u00fap n\u00f3 c\u1ef1c k\u1ef3 d\u1ec5 mang theo v\u00e0 l\u00fd t\u01b0\u1edfng cho c\u00f4ng vi\u1ec7c trong kh\u00f4ng gian h\u1eb9p. C\u1ea5u tr\u00fac b\u1eb1ng nh\u00f4m \u0111\u01b0\u1eddng k\u00ednh 32mm ch\u1eafc ch\u1eafn mang l\u1ea1i s\u1ef1 \u1ed5n \u0111\u1ecbnh c\u1ea7n thi\u1ebft cho c\u00e1c ph\u00e9p \u0111o \u0111\u00e1ng tin c\u1eady.<\/p>\n<p><img fetchpriority=\"high\" decoding=\"async\" class=\"aligncenter wp-image-3614\" src=\"https:\/\/mountlaser.com\/wp-content\/uploads\/2025\/11\/CLS039-2.webp\" alt=\"CLS039 Mini Stakeout Prism Pole\" width=\"500\" height=\"500\" srcset=\"https:\/\/mountlaser.com\/wp-content\/uploads\/2025\/11\/CLS039-2.webp 1000w, https:\/\/mountlaser.com\/wp-content\/uploads\/2025\/11\/CLS039-2-300x300.webp 300w, https:\/\/mountlaser.com\/wp-content\/uploads\/2025\/11\/CLS039-2-400x400.webp 400w, https:\/\/mountlaser.com\/wp-content\/uploads\/2025\/11\/CLS039-2-800x800.webp 800w, https:\/\/mountlaser.com\/wp-content\/uploads\/2025\/11\/CLS039-2-600x600.webp 600w, https:\/\/mountlaser.com\/wp-content\/uploads\/2025\/11\/CLS039-2-150x150.webp 150w, https:\/\/mountlaser.com\/wp-content\/uploads\/2025\/11\/CLS039-2-768x768.webp 768w, https:\/\/mountlaser.com\/wp-content\/uploads\/2025\/11\/CLS039-2-12x12.webp 12w\" sizes=\"(max-width: 500px) 100vw, 500px\" \/><br \/>\nC\u00e1i <a href=\"https:\/\/mountlaser.com\/vi\/contact-us\/\">C\u1ecdc c\u1eafm tr\u1ea1i mini CLS039 h\u00ecnh l\u0103ng tr\u1ee5<\/a> S\u1ea3n ph\u1ea9m n\u00e0y c\u00f3 \u0111\u1ebf c\u00e2n b\u1eb1ng b\u1eb1ng nh\u00f4m t\u00edch h\u1ee3p v\u00e0 t\u00fai \u0111\u1ef1ng ti\u1ec7n d\u1ee5ng, tr\u1edf th\u00e0nh gi\u1ea3i ph\u00e1p t\u1ed1i \u01b0u cho c\u00f4ng t\u00e1c b\u1ed1 tr\u00ed nhanh ch\u00f3ng v\u00e0 ch\u00ednh x\u00e1c t\u1ea1i b\u1ea5t k\u1ef3 c\u00f4ng tr\u01b0\u1eddng n\u00e0o.<\/p>","protected":false},"excerpt":{"rendered":"<ul>\n<li>S\u1ea3n ph\u1ea9m \u0111i k\u00e8m v\u1edbi t\u00fai \u0111\u1ef1ng m\u1ec1m, gi\u00fap vi\u1ec7c v\u1eadn chuy\u1ec3n v\u00e0 b\u1ea3o qu\u1ea3n tr\u1edf n\u00ean thu\u1eadn ti\u1ec7n v\u00e0 an to\u00e0n.<\/li>\n<li>Gi\u00fap d\u1ec5 d\u00e0ng di chuy\u1ec3n gi\u1eefa c\u00e1c \u0111i\u1ec3m \u0111o kh\u00e1c nhau.<\/li>\n<li>V\u1edbi chi\u1ec1u cao th\u1ef1c t\u1ebf 39cm v\u00e0 chi\u1ec1u cao tr\u1ee5c l\u0103ng k\u00ednh 49cm, k\u00edch th\u01b0\u1edbc c\u1ee7a n\u00f3 ho\u00e0n to\u00e0n ph\u00f9 h\u1ee3p cho c\u00e1c \u1ee9ng d\u1ee5ng \u0111\u1ecbnh v\u1ecb \u0111i\u1ec3m hi\u1ec7u qu\u1ea3 v\u00e0 ch\u00ednh x\u00e1c.<\/li>\n<\/ul>","protected":false},"featured_media":3613,"comment_status":"open","ping_status":"closed","template":"","meta":[],"product_brand":[],"product_cat":[116,89],"product_tag":[],"class_list":{"0":"post-3612","1":"product","2":"type-product","3":"status-publish","4":"has-post-thumbnail","6":"product_cat-aluminum-mini-prism-pole","7":"product_cat-surveying-pole-rod","9":"first","10":"instock","11":"shipping-taxable","12":"product-type-simple"},"_links":{"self":[{"href":"https:\/\/mountlaser.com\/vi\/wp-json\/wp\/v2\/product\/3612","targetHints":{"allow":["GET"]}}],"collection":[{"href":"https:\/\/mountlaser.com\/vi\/wp-json\/wp\/v2\/product"}],"about":[{"href":"https:\/\/mountlaser.com\/vi\/wp-json\/wp\/v2\/types\/product"}],"replies":[{"embeddable":true,"href":"https:\/\/mountlaser.com\/vi\/wp-json\/wp\/v2\/comments?post=3612"}],"wp:featuredmedia":[{"embeddable":true,"href":"https:\/\/mountlaser.com\/vi\/wp-json\/wp\/v2\/media\/3613"}],"wp:attachment":[{"href":"https:\/\/mountlaser.com\/vi\/wp-json\/wp\/v2\/media?parent=3612"}],"wp:term":[{"taxonomy":"product_brand","embeddable":true,"href":"https:\/\/mountlaser.com\/vi\/wp-json\/wp\/v2\/product_brand?post=3612"},{"taxonomy":"product_cat","embeddable":true,"href":"https:\/\/mountlaser.com\/vi\/wp-json\/wp\/v2\/product_cat?post=3612"},{"taxonomy":"product_tag","embeddable":true,"href":"https:\/\/mountlaser.com\/vi\/wp-json\/wp\/v2\/product_tag?post=3612"}],"curies":[{"name":"trang web","href":"https:\/\/api.w.org\/{rel}","templated":true}]}}