{"id":3595,"date":"2025-11-06T08:57:54","date_gmt":"2025-11-06T08:57:54","guid":{"rendered":"https:\/\/mountlaser.com\/?post_type=product&#038;p=3595"},"modified":"2025-11-28T00:48:29","modified_gmt":"2025-11-28T00:48:29","slug":"cls-series-aluminum-mini-prism-pole","status":"publish","type":"product","link":"https:\/\/mountlaser.com\/vi\/san-pham\/cls-series-aluminum-mini-prism-pole\/","title":{"rendered":"C\u1ed9t l\u0103ng k\u00ednh mini b\u1eb1ng nh\u00f4m d\u00f2ng CLS"},"content":{"rendered":"<p>C\u00e1i <a href=\"https:\/\/mountlaser.com\/vi\/\"><strong>C\u1ed9t l\u0103ng k\u00ednh mini b\u1eb1ng nh\u00f4m d\u00f2ng CLS<\/strong><\/a> \u0110\u01b0\u1ee3c thi\u1ebft k\u1ebf \u0111\u1ec3 \u0111\u00e1p \u1ee9ng nh\u1eefng y\u00eau c\u1ea7u kh\u1eaft khe c\u1ee7a ng\u00e0nh kh\u1ea3o s\u00e1t hi\u1ec7n \u0111\u1ea1i, mang l\u1ea1i s\u1ef1 c\u00e2n b\u1eb1ng ho\u00e0n h\u1ea3o gi\u1eefa \u0111\u1ed9 \u1ed5n \u0111\u1ecbnh v\u00e0 t\u00ednh di \u0111\u1ed9ng.<\/p>\n<p>\u0110\u01b0\u1ee3c thi\u1ebft k\u1ebf \u0111\u1eb7c bi\u1ec7t nh\u01b0 m\u1ed9t c\u1ed9t l\u0103ng k\u00ednh mini hi\u1ec7u su\u1ea5t cao d\u00e0nh cho h\u1ec7 th\u1ed1ng to\u00e0n \u0111\u1ea1c \u0111i\u1ec7n t\u1eed, s\u1ea3n ph\u1ea9m n\u00e0y \u0111\u1ea3m b\u1ea3o thu th\u1eadp d\u1eef li\u1ec7u ch\u00ednh x\u00e1c tr\u00ean nhi\u1ec1u d\u1ef1 \u00e1n kh\u00e1c nhau. C\u1ed9t l\u0103ng k\u00ednh mini kh\u1ea3o s\u00e1t ch\u1eafc ch\u1eafn n\u00e0y c\u00f3 \u0111\u01b0\u1eddng k\u00ednh ngo\u00e0i 32mm, mang l\u1ea1i \u0111\u1ed9 c\u1ee9ng v\u1eefng cao h\u01a1n cho \u0111\u1ed9 ch\u00ednh x\u00e1c v\u01b0\u1ee3t tr\u1ed9i t\u1ea1i hi\u1ec7n tr\u01b0\u1eddng. \u0110\u01b0\u1ee3c ch\u1ebf t\u1ea1o v\u1edbi \u0111\u1ebf bong b\u00f3ng b\u1eb1ng nh\u00f4m b\u1ec1n ch\u1eafc v\u00e0 \u0111i k\u00e8m v\u1edbi t\u00fai \u0111\u1ef1ng b\u1ea3o v\u1ec7, d\u00f2ng CLS l\u00e0 l\u1ef1a ch\u1ecdn l\u00fd t\u01b0\u1edfng. <a href=\"https:\/\/mountlaser.com\/vi\/products\/\"><strong>C\u1ed9t l\u0103ng k\u00ednh mini d\u00e0nh cho m\u00e1y to\u00e0n \u0111\u1ea1c<\/strong><\/a> thi\u1ebft l\u1eadp.<\/p>\n<p>C\u1ea5u tr\u00fac \u0111\u01b0\u1eddng k\u00ednh ngo\u00e0i 32mm (OD32mm) mang l\u1ea1i \u0111\u1ed9 b\u1ec1n v\u1eefng cao h\u01a1n, gi\u1ea3m thi\u1ec3u hi\u1ec7n t\u01b0\u1ee3ng u\u1ed1n cong v\u00e0 \u0111\u1ea3m b\u1ea3o \u0111\u1ed9 ch\u00ednh x\u00e1c \u0111o l\u01b0\u1eddng nh\u1ea5t qu\u00e1n.<\/p>\n<p><strong>Th\u00f4ng s\u1ed1 k\u1ef9 thu\u1eadt c\u1ee7a c\u1ed9t l\u0103ng k\u00ednh mini b\u1eb1ng nh\u00f4m d\u00f2ng CLS<\/strong><\/p>\n<table style=\"border-collapse: collapse; width: 741.77pt;\" border=\"0\" width=\"989\" cellspacing=\"0\" cellpadding=\"0\">\n<tbody>\n<tr style=\"height: 14.25pt;\">\n<td class=\"et2\" style=\"height: 14.25pt; width: 142.50pt;\" width=\"190\" height=\"19\">CON S\u1ed0<\/td>\n<td class=\"et2\" style=\"width: 127.50pt;\" width=\"170\">V\u1eacT LI\u1ec6U<\/td>\n<td class=\"et2\" style=\"width: 126.00pt;\" width=\"168\">CHI\u1ec0U CAO TH\u1ec2 CH\u1ea4T<\/td>\n<td class=\"et2\" style=\"width: 135.00pt;\" width=\"180\">CHI\u1ec0U CAO TR\u1ee4C L\u0102NG K\u00cdNH<\/td>\n<td class=\"et2\" style=\"width: 124.50pt;\" width=\"166\">\u0110\u01af\u1edcNG K\u00cdNH<\/td>\n<td style=\"width: 86.25pt;\" width=\"115\">h\u00ecnh \u1ea3nh<\/td>\n<\/tr>\n<tr style=\"height: 14.25pt;\">\n<td class=\"et2\" style=\"height: 14.25pt;\" height=\"19\">CLS012<\/td>\n<td class=\"et3\">Nh\u00f4m<\/td>\n<td class=\"et3\">12cm<\/td>\n<td class=\"et3\">22cm<\/td>\n<td class=\"et3\">32mm<\/td>\n<td><img fetchpriority=\"high\" decoding=\"async\" class=\"alignnone wp-image-3598 size-medium\" src=\"https:\/\/mountlaser.com\/wp-content\/uploads\/2025\/11\/CLS012-2-300x300.webp\" alt=\"Mini Prism Pole for Total Station\" width=\"300\" height=\"300\" srcset=\"https:\/\/mountlaser.com\/wp-content\/uploads\/2025\/11\/CLS012-2-300x300.webp 300w, https:\/\/mountlaser.com\/wp-content\/uploads\/2025\/11\/CLS012-2-400x400.webp 400w, https:\/\/mountlaser.com\/wp-content\/uploads\/2025\/11\/CLS012-2-800x800.webp 800w, https:\/\/mountlaser.com\/wp-content\/uploads\/2025\/11\/CLS012-2-600x600.webp 600w, https:\/\/mountlaser.com\/wp-content\/uploads\/2025\/11\/CLS012-2-150x150.webp 150w, https:\/\/mountlaser.com\/wp-content\/uploads\/2025\/11\/CLS012-2-768x768.webp 768w, https:\/\/mountlaser.com\/wp-content\/uploads\/2025\/11\/CLS012-2-12x12.webp 12w, https:\/\/mountlaser.com\/wp-content\/uploads\/2025\/11\/CLS012-2.webp 1000w\" sizes=\"(max-width: 300px) 100vw, 300px\" \/><\/td>\n<\/tr>\n<tr style=\"height: 14.25pt;\">\n<td class=\"et2\" style=\"height: 14.25pt;\" height=\"19\">CLS013<\/td>\n<td class=\"et3\">Nh\u00f4m<\/td>\n<td class=\"et3\">11,4 cm<\/td>\n<td class=\"et3\">15cm<\/td>\n<td class=\"et3\">32mm<\/td>\n<td><img decoding=\"async\" class=\"alignnone wp-image-3605 size-medium\" src=\"https:\/\/mountlaser.com\/wp-content\/uploads\/2025\/11\/CLS013-3-300x300.webp\" alt=\"Mini Prism Pole for Total Station\" width=\"300\" height=\"300\" srcset=\"https:\/\/mountlaser.com\/wp-content\/uploads\/2025\/11\/CLS013-3-300x300.webp 300w, https:\/\/mountlaser.com\/wp-content\/uploads\/2025\/11\/CLS013-3-400x400.webp 400w, https:\/\/mountlaser.com\/wp-content\/uploads\/2025\/11\/CLS013-3-800x800.webp 800w, https:\/\/mountlaser.com\/wp-content\/uploads\/2025\/11\/CLS013-3-600x600.webp 600w, https:\/\/mountlaser.com\/wp-content\/uploads\/2025\/11\/CLS013-3-150x150.webp 150w, https:\/\/mountlaser.com\/wp-content\/uploads\/2025\/11\/CLS013-3-768x768.webp 768w, https:\/\/mountlaser.com\/wp-content\/uploads\/2025\/11\/CLS013-3-12x12.webp 12w, https:\/\/mountlaser.com\/wp-content\/uploads\/2025\/11\/CLS013-3.webp 1000w\" sizes=\"(max-width: 300px) 100vw, 300px\" \/><\/td>\n<\/tr>\n<\/tbody>\n<\/table>","protected":false},"excerpt":{"rendered":"<ul>\n<li>Bao g\u1ed3m m\u1ed9t t\u00fai \u0111\u1ef1ng m\u1ec1m \u0111\u1ec3 v\u1eadn chuy\u1ec3n ti\u1ec7n l\u1ee3i v\u00e0 an to\u00e0n, gi\u00fap b\u1ea1n d\u1ec5 d\u00e0ng mang theo d\u1ee5ng c\u1ee5 thi\u1ebft y\u1ebfu n\u00e0y \u0111\u1ebfn b\u1ea5t k\u1ef3 c\u00f4ng tr\u01b0\u1eddng n\u00e0o.<\/li>\n<li>\u0110\u01b0\u1ee3c thi\u1ebft k\u1ebf \u0111\u1ec3 ho\u1ea1t \u0111\u1ed9ng li\u1ec1n m\u1ea1ch nh\u01b0 m\u1ed9t c\u1ed9t l\u0103ng k\u00ednh mini cho h\u1ec7 th\u1ed1ng m\u00e1y to\u00e0n \u0111\u1ea1c \u0111i\u1ec7n t\u1eed.<\/li>\n<li>Cung c\u1ea5p m\u1ed9t n\u1ec1n t\u1ea3ng \u1ed5n \u0111\u1ecbnh cho c\u00e1c l\u0103ng k\u00ednh trong nhi\u1ec1u \u1ee9ng d\u1ee5ng kh\u1ea3o s\u00e1t kh\u00e1c nhau.<\/li>\n<\/ul>","protected":false},"featured_media":3604,"comment_status":"open","ping_status":"closed","template":"","meta":[],"product_brand":[],"product_cat":[89,116],"product_tag":[],"class_list":{"0":"post-3595","1":"product","2":"type-product","3":"status-publish","4":"has-post-thumbnail","6":"product_cat-surveying-pole-rod","7":"product_cat-aluminum-mini-prism-pole","9":"first","10":"instock","11":"shipping-taxable","12":"product-type-simple"},"_links":{"self":[{"href":"https:\/\/mountlaser.com\/vi\/wp-json\/wp\/v2\/product\/3595","targetHints":{"allow":["GET"]}}],"collection":[{"href":"https:\/\/mountlaser.com\/vi\/wp-json\/wp\/v2\/product"}],"about":[{"href":"https:\/\/mountlaser.com\/vi\/wp-json\/wp\/v2\/types\/product"}],"replies":[{"embeddable":true,"href":"https:\/\/mountlaser.com\/vi\/wp-json\/wp\/v2\/comments?post=3595"}],"wp:featuredmedia":[{"embeddable":true,"href":"https:\/\/mountlaser.com\/vi\/wp-json\/wp\/v2\/media\/3604"}],"wp:attachment":[{"href":"https:\/\/mountlaser.com\/vi\/wp-json\/wp\/v2\/media?parent=3595"}],"wp:term":[{"taxonomy":"product_brand","embeddable":true,"href":"https:\/\/mountlaser.com\/vi\/wp-json\/wp\/v2\/product_brand?post=3595"},{"taxonomy":"product_cat","embeddable":true,"href":"https:\/\/mountlaser.com\/vi\/wp-json\/wp\/v2\/product_cat?post=3595"},{"taxonomy":"product_tag","embeddable":true,"href":"https:\/\/mountlaser.com\/vi\/wp-json\/wp\/v2\/product_tag?post=3595"}],"curies":[{"name":"trang web","href":"https:\/\/api.w.org\/{rel}","templated":true}]}}