{"id":3594,"date":"2025-11-06T09:04:53","date_gmt":"2025-11-06T09:04:53","guid":{"rendered":"https:\/\/mountlaser.com\/?post_type=product&#038;p=3594"},"modified":"2025-11-28T00:43:32","modified_gmt":"2025-11-28T00:43:32","slug":"mp1000spt-sliding-prism-with-pole","status":"publish","type":"product","link":"https:\/\/mountlaser.com\/vi\/san-pham\/mp1000spt-sliding-prism-with-pole\/","title":{"rendered":"L\u0103ng k\u00ednh tr\u01b0\u1ee3t MP1000SPT c\u00f3 c\u1ed9t"},"content":{"rendered":"<p>C\u00e1i <a href=\"https:\/\/mountlaser.com\/vi\/\"><strong>L\u0103ng k\u00ednh tr\u01b0\u1ee3t MP1000SPT c\u00f3 c\u1ed9t<\/strong><\/a> \u0110\u00e2y l\u00e0 m\u1ed9t l\u0103ng k\u00ednh tr\u01b0\u1ee3t c\u00f3 l\u1edbp ph\u1ee7 b\u1ea1c \u0111\u01b0\u1ee3c ch\u1ebf t\u1ea1o ch\u00ednh x\u00e1c v\u1edbi tr\u1ee5c \u0111\u1ee1, \u0111\u01b0\u1ee3c thi\u1ebft k\u1ebf \u0111\u1ec3 cung c\u1ea5p \u0111\u1ed9 ch\u00ednh x\u00e1c, \u0111\u1ed9 b\u1ec1n v\u00e0 t\u00ednh linh ho\u1ea1t v\u01b0\u1ee3t tr\u1ed9i trong c\u00e1c \u1ee9ng d\u1ee5ng kh\u1ea3o s\u00e1t v\u00e0 gi\u00e1m s\u00e1t. \u0110\u01b0\u1ee3c ch\u1ebf t\u1ea1o \u0111\u1ec3 s\u1eed d\u1ee5ng chuy\u00ean nghi\u1ec7p ngo\u00e0i hi\u1ec7n tr\u01b0\u1eddng, l\u0103ng k\u00ednh tr\u01b0\u1ee3t MP1000SPT v\u1edbi tr\u1ee5c \u0111\u1ee1 mang l\u1ea1i kh\u1ea3 n\u0103ng \u0111i\u1ec1u ch\u1ec9nh m\u01b0\u1ee3t m\u00e0, \u0111\u1ecbnh v\u1ecb \u1ed5n \u0111\u1ecbnh v\u00e0 \u0111\u1ed9 ph\u1ea3n x\u1ea1 v\u01b0\u1ee3t tr\u1ed9i cho hi\u1ec7u su\u1ea5t t\u1ea7m xa nh\u1ea5t qu\u00e1n.<\/p>\n<p>C\u00e1i n\u00e0y <a href=\"https:\/\/mountlaser.com\/vi\/products\/\"><strong>l\u0103ng k\u00ednh tr\u01b0\u1ee3t m\u1ea1 b\u1ea1c c\u00f3 \u0111\u1ea7u h\u00ecnh tr\u1ee5<\/strong><\/a> S\u1ea3n ph\u1ea9m n\u00e0y c\u00f3 l\u0103ng k\u00ednh 25,4 mm v\u1edbi l\u1edbp ph\u1ee7 b\u1ea1c ph\u1ea3n x\u1ea1 cao, \u0111\u1ea3m b\u1ea3o t\u00edn hi\u1ec7u ph\u1ea3n h\u1ed3i t\u1ed1i \u01b0u v\u00e0 \u0111\u1ed9 ch\u00ednh x\u00e1c \u0111o l\u01b0\u1eddng. Thi\u1ebft k\u1ebf \u0111a ch\u1ee9c n\u0103ng cho ph\u00e9p n\u00f3 ho\u1ea1t \u0111\u1ed9ng nh\u01b0 m\u1ed9t l\u0103ng k\u00ednh ti\u00eau chu\u1ea9n ho\u1eb7c l\u0103ng k\u00ednh g\u00f3c, l\u00fd t\u01b0\u1edfng cho nhi\u1ec1u \u0111i\u1ec1u ki\u1ec7n l\u1eafp \u0111\u1eb7t kh\u00e1c nhau.<\/p>\n<p><img fetchpriority=\"high\" decoding=\"async\" class=\"aligncenter wp-image-3603\" src=\"https:\/\/mountlaser.com\/wp-content\/uploads\/2025\/11\/MG-1000SPT5.webp\" alt=\"MP1000SPT Sliding Prism with Pole\" width=\"500\" height=\"500\" srcset=\"https:\/\/mountlaser.com\/wp-content\/uploads\/2025\/11\/MG-1000SPT5.webp 1000w, https:\/\/mountlaser.com\/wp-content\/uploads\/2025\/11\/MG-1000SPT5-300x300.webp 300w, https:\/\/mountlaser.com\/wp-content\/uploads\/2025\/11\/MG-1000SPT5-400x400.webp 400w, https:\/\/mountlaser.com\/wp-content\/uploads\/2025\/11\/MG-1000SPT5-800x800.webp 800w, https:\/\/mountlaser.com\/wp-content\/uploads\/2025\/11\/MG-1000SPT5-600x600.webp 600w, https:\/\/mountlaser.com\/wp-content\/uploads\/2025\/11\/MG-1000SPT5-150x150.webp 150w, https:\/\/mountlaser.com\/wp-content\/uploads\/2025\/11\/MG-1000SPT5-768x768.webp 768w, https:\/\/mountlaser.com\/wp-content\/uploads\/2025\/11\/MG-1000SPT5-12x12.webp 12w\" sizes=\"(max-width: 500px) 100vw, 500px\" \/><\/p>\n<p>C\u00e1i<a href=\"https:\/\/mountlaser.com\/vi\/about-us\/\"> L\u0103ng k\u00ednh tr\u01b0\u1ee3t MP1000SPT c\u00f3 c\u1ed9t<\/a> S\u1ea3n ph\u1ea9m bao g\u1ed3m n\u00fat th\u00e1o nhanh gi\u00fap \u0111i\u1ec1u ch\u1ec9nh tr\u01b0\u1ee3t d\u1ec5 d\u00e0ng v\u00e0 \u0111\u1ea7u l\u0103ng k\u00ednh xoay 180\u00b0 \u0111\u1ec3 nh\u1eafm m\u1ee5c ti\u00eau ch\u00ednh x\u00e1c. C\u1ed9t ghim b\u1eb1ng th\u00e9p kh\u00f4ng g\u1ec9 \u0111i k\u00e8m (ren M6, \u0111\u01b0\u1eddng k\u00ednh ngo\u00e0i 9 mm) c\u00f3 th\u1ec3 k\u00e9o d\u00e0i qua n\u0103m \u0111o\u1ea1n 300 mm, \u0111\u1ea1t t\u1ed5ng chi\u1ec1u cao 1,5 m\u00e9t (Model SSP093005) \u2014 ho\u00e0n h\u1ea3o cho c\u00e1c thi\u1ebft l\u1eadp \u1ed5n \u0111\u1ecbnh, s\u1eb5n s\u00e0ng s\u1eed d\u1ee5ng ngo\u00e0i tr\u1eddi.<\/p>\n<p>\u0110\u01b0\u1ee3c \u0111\u00f3ng g\u00f3i trong t\u00fai b\u1ea3o v\u1ec7 m\u1ec1m, l\u0103ng k\u00ednh tr\u01b0\u1ee3t m\u1ea1 b\u1ea1c c\u00f3 c\u00e1n l\u00e0 gi\u1ea3i ph\u00e1p ho\u00e0n ch\u1ec9nh, di \u0111\u1ed9ng d\u00e0nh cho c\u00e1c chuy\u00ean gia kh\u1ea3o s\u00e1t hi\u1ec7n \u0111\u1ea1i.<\/p>","protected":false},"excerpt":{"rendered":"<ul>\n<li>C\u00f3 th\u1ec3 xoay \u0111\u1ebfn 180\u00b0 \u0111\u1ec3 c\u0103n ch\u1ec9nh linh ho\u1ea1t v\u00e0 s\u1eed d\u1ee5ng \u1edf c\u00e1c g\u00f3c.<\/li>\n<li>C\u01a1 ch\u1ebf tr\u01b0\u1ee3t th\u00e1o nhanh gi\u00fap \u0111i\u1ec1u ch\u1ec9nh d\u1ec5 d\u00e0ng v\u00e0 \u0111\u1ecbnh v\u1ecb ch\u1eafc ch\u1eafn.<\/li>\n<li>C\u1ed9t ghim b\u1eb1ng th\u00e9p kh\u00f4ng g\u1ec9 b\u1ec1n ch\u1eafc, \u0111\u1ea3m b\u1ea3o \u0111\u1ed9 \u1ed5n \u0111\u1ecbnh.<\/li>\n<li>T\u00fai \u0111\u1ef1ng b\u1ea3o v\u1ec7 m\u1ec1m m\u1ea1i \u0111\u1ec3 v\u1eadn chuy\u1ec3n v\u00e0 b\u1ea3o v\u1ec7 s\u1ea3n ph\u1ea9m.<\/li>\n<\/ul>","protected":false},"featured_media":3597,"comment_status":"open","ping_status":"closed","template":"","meta":[],"product_brand":[],"product_cat":[72,114],"product_tag":[],"class_list":{"0":"post-3594","1":"product","2":"type-product","3":"status-publish","4":"has-post-thumbnail","6":"product_cat-reflective-target-prism","7":"product_cat-mini-prism-with-pole","9":"first","10":"instock","11":"shipping-taxable","12":"product-type-simple"},"_links":{"self":[{"href":"https:\/\/mountlaser.com\/vi\/wp-json\/wp\/v2\/product\/3594","targetHints":{"allow":["GET"]}}],"collection":[{"href":"https:\/\/mountlaser.com\/vi\/wp-json\/wp\/v2\/product"}],"about":[{"href":"https:\/\/mountlaser.com\/vi\/wp-json\/wp\/v2\/types\/product"}],"replies":[{"embeddable":true,"href":"https:\/\/mountlaser.com\/vi\/wp-json\/wp\/v2\/comments?post=3594"}],"wp:featuredmedia":[{"embeddable":true,"href":"https:\/\/mountlaser.com\/vi\/wp-json\/wp\/v2\/media\/3597"}],"wp:attachment":[{"href":"https:\/\/mountlaser.com\/vi\/wp-json\/wp\/v2\/media?parent=3594"}],"wp:term":[{"taxonomy":"product_brand","embeddable":true,"href":"https:\/\/mountlaser.com\/vi\/wp-json\/wp\/v2\/product_brand?post=3594"},{"taxonomy":"product_cat","embeddable":true,"href":"https:\/\/mountlaser.com\/vi\/wp-json\/wp\/v2\/product_cat?post=3594"},{"taxonomy":"product_tag","embeddable":true,"href":"https:\/\/mountlaser.com\/vi\/wp-json\/wp\/v2\/product_tag?post=3594"}],"curies":[{"name":"trang web","href":"https:\/\/api.w.org\/{rel}","templated":true}]}}