{"id":3584,"date":"2025-11-06T08:26:22","date_gmt":"2025-11-06T08:26:22","guid":{"rendered":"https:\/\/mountlaser.com\/?post_type=product&#038;p=3584"},"modified":"2025-11-28T01:05:48","modified_gmt":"2025-11-28T01:05:48","slug":"dz-b-series-aluminum-mini-prism-pole","status":"publish","type":"product","link":"https:\/\/mountlaser.com\/vi\/san-pham\/dz-b-series-aluminum-mini-prism-pole\/","title":{"rendered":"C\u1ed9t l\u0103ng k\u00ednh mini b\u1eb1ng nh\u00f4m d\u00f2ng DZ-B"},"content":{"rendered":"<p>C\u00e1i <a href=\"https:\/\/mountlaser.com\/vi\/\"><strong>C\u1ed9t l\u0103ng k\u00ednh mini b\u1eb1ng nh\u00f4m d\u00f2ng DZ-B<\/strong><\/a> S\u1ea3n ph\u1ea9m n\u00e0y l\u00e0 s\u1ef1 k\u1ebft h\u1ee3p ho\u00e0n h\u1ea3o gi\u1eefa k\u1ef9 thu\u1eadt ch\u00ednh x\u00e1c v\u00e0 \u0111\u1ed9 b\u1ec1n b\u1ec9 s\u1eb5n s\u00e0ng cho c\u00f4ng vi\u1ec7c th\u1ef1c \u0111\u1ecba, \u0111\u01b0\u1ee3c thi\u1ebft k\u1ebf \u0111\u1eb7c bi\u1ec7t d\u00e0nh cho c\u00e1c nh\u00e0 kh\u1ea3o s\u00e1t kh\u00f4ng ch\u1ea5p nh\u1eadn s\u1ef1 th\u1ecfa hi\u1ec7p v\u1ec1 \u0111\u1ed9 ch\u00ednh x\u00e1c ho\u1eb7c t\u00ednh di \u0111\u1ed9ng.<\/p>\n<p>C\u1ed9t \u0111\u1ee1 l\u0103ng k\u00ednh mini c\u1ea7m tay b\u1eb1ng nh\u00f4m ch\u1ea5t l\u01b0\u1ee3ng cao n\u00e0y cung c\u1ea5p m\u1ed9t n\u1ec1n t\u1ea3ng \u1ed5n \u0111\u1ecbnh v\u00e0 \u0111\u00e1ng tin c\u1eady \u0111\u1ec3 g\u1eafn l\u0103ng k\u00ednh, \u0111\u1ea3m b\u1ea3o hi\u1ec7u su\u1ea5t nh\u1ea5t qu\u00e1n v\u1edbi m\u00e1y to\u00e0n \u0111\u1ea1c trong nhi\u1ec1u \u1ee9ng d\u1ee5ng kh\u1ea3o s\u00e1t kh\u00e1c nhau.<\/p>\n<p>\u0110\u01b0\u1ee3c thi\u1ebft k\u1ebf v\u1edbi \u0111\u01b0\u1eddng k\u00ednh ngo\u00e0i 25mm v\u00e0 ch\u1ebf t\u1ea1o t\u1eeb h\u1ee3p kim nh\u00f4m cao c\u1ea5p, s\u1ea3n ph\u1ea9m n\u00e0y <a href=\"https:\/\/mountlaser.com\/vi\/products\/\"><strong>C\u1ed9t l\u0103ng k\u00ednh mini c\u1ea7m tay b\u1eb1ng nh\u00f4m<\/strong><\/a> Mang l\u1ea1i s\u1ef1 c\u00e2n b\u1eb1ng l\u00fd t\u01b0\u1edfng gi\u1eefa \u0111\u1ed9 b\u1ec1n c\u1ea5u tr\u00fac v\u00e0 kh\u1ea3 n\u0103ng v\u1eadn h\u00e0nh linh ho\u1ea1t nh\u1edd tr\u1ecdng l\u01b0\u1ee3ng nh\u1eb9.<br \/>\n\u0110\u01b0\u1ee3c trang b\u1ecb \u0111\u1ebf c\u00e2n b\u1eb1ng b\u1eb1ng nh\u00f4m ch\u1eafc ch\u1eafn (c\u00f3 m\u00e0u \u0111en) gi\u00fap c\u00e2n b\u1eb1ng nhanh ch\u00f3ng v\u00e0 ch\u00ednh x\u00e1c, \u0111\u1ea3m b\u1ea3o \u0111\u1ed9 ch\u00ednh x\u00e1c khi \u0111o trong nhi\u1ec1u \u0111i\u1ec1u ki\u1ec7n th\u1ef1c \u0111\u1ecba kh\u00e1c nhau.<br \/>\n\u0110i\u1ec1u n\u00e0y khi\u1ebfn n\u00f3 tr\u1edf th\u00e0nh s\u1ef1 l\u1ef1a ch\u1ecdn h\u00e0ng \u0111\u1ea7u cho c\u00e1c chuy\u00ean gia kh\u1ea3o s\u00e1t l\u00e0m vi\u1ec7c trong kh\u00f4ng gian h\u1ea1n h\u1eb9p ho\u1eb7c di chuy\u1ec3n nhanh ch\u00f3ng gi\u1eefa c\u00e1c \u0111i\u1ec3m \u0111o.<\/p>\n<p><strong><a href=\"https:\/\/mountlaser.com\/vi\/contact-us\/\">C\u1ed9t l\u0103ng k\u00ednh mini b\u1eb1ng nh\u00f4m d\u00f2ng DZ-B<\/a> Th\u00f4ng s\u1ed1 k\u1ef9 thu\u1eadt<\/strong><\/p>\n<table style=\"border-collapse: collapse; width: 741.77pt;\" border=\"0\" width=\"989\" cellspacing=\"0\" cellpadding=\"0\">\n<tbody>\n<tr style=\"height: 14.25pt;\">\n<td class=\"et2\" style=\"height: 14.25pt; width: 142.50pt;\" width=\"190\" height=\"19\">CON S\u1ed0<\/td>\n<td class=\"et2\" style=\"width: 127.50pt;\" width=\"170\">V\u1eacT LI\u1ec6U<\/td>\n<td class=\"et2\" style=\"width: 126.00pt;\" width=\"168\">CHI\u1ec0U CAO TH\u1ec2 CH\u1ea4T<\/td>\n<td class=\"et2\" style=\"width: 135.00pt;\" width=\"180\">CHI\u1ec0U CAO TR\u1ee4C L\u0102NG K\u00cdNH<\/td>\n<td class=\"et2\" style=\"width: 124.50pt;\" width=\"166\">\u0110\u01af\u1edcNG K\u00cdNH<\/td>\n<td style=\"width: 86.25pt;\" width=\"115\">h\u00ecnh \u1ea3nh<\/td>\n<\/tr>\n<tr style=\"height: 14.25pt;\">\n<td class=\"et2\" style=\"height: 14.25pt;\" height=\"19\">DZ02B<\/td>\n<td class=\"et3\">Nh\u00f4m<\/td>\n<td class=\"et2\">14cm<\/td>\n<td class=\"et2\">24cm<\/td>\n<td class=\"et2\">25mm<\/td>\n<td><img fetchpriority=\"high\" decoding=\"async\" class=\"alignnone wp-image-3585 size-medium\" src=\"https:\/\/mountlaser.com\/wp-content\/uploads\/2025\/11\/DZ02B-1-300x300.webp\" alt=\"Hand Held Aluminum Mini Prism Pole\" width=\"300\" height=\"300\" srcset=\"https:\/\/mountlaser.com\/wp-content\/uploads\/2025\/11\/DZ02B-1-300x300.webp 300w, https:\/\/mountlaser.com\/wp-content\/uploads\/2025\/11\/DZ02B-1-400x400.webp 400w, https:\/\/mountlaser.com\/wp-content\/uploads\/2025\/11\/DZ02B-1-800x800.webp 800w, https:\/\/mountlaser.com\/wp-content\/uploads\/2025\/11\/DZ02B-1-600x600.webp 600w, https:\/\/mountlaser.com\/wp-content\/uploads\/2025\/11\/DZ02B-1-150x150.webp 150w, https:\/\/mountlaser.com\/wp-content\/uploads\/2025\/11\/DZ02B-1-768x768.webp 768w, https:\/\/mountlaser.com\/wp-content\/uploads\/2025\/11\/DZ02B-1-12x12.webp 12w, https:\/\/mountlaser.com\/wp-content\/uploads\/2025\/11\/DZ02B-1.webp 1000w\" sizes=\"(max-width: 300px) 100vw, 300px\" \/><\/td>\n<\/tr>\n<tr style=\"height: 14.25pt;\">\n<td class=\"et2\" style=\"height: 14.25pt;\" height=\"19\">DZ03B<\/td>\n<td class=\"et3\">Nh\u00f4m<\/td>\n<td class=\"et3\">20cm<\/td>\n<td class=\"et3\">30cm<\/td>\n<td class=\"et3\">25mm<\/td>\n<td><img decoding=\"async\" class=\"alignnone wp-image-3587 size-medium\" src=\"https:\/\/mountlaser.com\/wp-content\/uploads\/2025\/11\/DZ03B-2-300x300.webp\" alt=\"Hand Held Aluminum Mini Prism Pole\" width=\"300\" height=\"300\" srcset=\"https:\/\/mountlaser.com\/wp-content\/uploads\/2025\/11\/DZ03B-2-300x300.webp 300w, https:\/\/mountlaser.com\/wp-content\/uploads\/2025\/11\/DZ03B-2-400x400.webp 400w, https:\/\/mountlaser.com\/wp-content\/uploads\/2025\/11\/DZ03B-2-800x800.webp 800w, https:\/\/mountlaser.com\/wp-content\/uploads\/2025\/11\/DZ03B-2-600x600.webp 600w, https:\/\/mountlaser.com\/wp-content\/uploads\/2025\/11\/DZ03B-2-150x150.webp 150w, https:\/\/mountlaser.com\/wp-content\/uploads\/2025\/11\/DZ03B-2-768x768.webp 768w, https:\/\/mountlaser.com\/wp-content\/uploads\/2025\/11\/DZ03B-2-12x12.webp 12w, https:\/\/mountlaser.com\/wp-content\/uploads\/2025\/11\/DZ03B-2.webp 1000w\" sizes=\"(max-width: 300px) 100vw, 300px\" \/><\/td>\n<\/tr>\n<tr style=\"height: 14.25pt;\">\n<td class=\"et2\" style=\"height: 14.25pt;\" height=\"19\">DZ04B<\/td>\n<td class=\"et3\">Nh\u00f4m<\/td>\n<td class=\"et3\">30cm<\/td>\n<td class=\"et3\">40cm<\/td>\n<td class=\"et3\">25mm<\/td>\n<td><img decoding=\"async\" class=\"alignnone wp-image-3589 size-medium\" src=\"https:\/\/mountlaser.com\/wp-content\/uploads\/2025\/11\/DZ04B-1-300x300.webp\" alt=\"Hand Held Aluminum Mini Prism Pole\" width=\"300\" height=\"300\" srcset=\"https:\/\/mountlaser.com\/wp-content\/uploads\/2025\/11\/DZ04B-1-300x300.webp 300w, https:\/\/mountlaser.com\/wp-content\/uploads\/2025\/11\/DZ04B-1-400x400.webp 400w, https:\/\/mountlaser.com\/wp-content\/uploads\/2025\/11\/DZ04B-1-800x800.webp 800w, https:\/\/mountlaser.com\/wp-content\/uploads\/2025\/11\/DZ04B-1-600x600.webp 600w, https:\/\/mountlaser.com\/wp-content\/uploads\/2025\/11\/DZ04B-1-150x150.webp 150w, https:\/\/mountlaser.com\/wp-content\/uploads\/2025\/11\/DZ04B-1-768x768.webp 768w, https:\/\/mountlaser.com\/wp-content\/uploads\/2025\/11\/DZ04B-1-12x12.webp 12w, https:\/\/mountlaser.com\/wp-content\/uploads\/2025\/11\/DZ04B-1.webp 1000w\" sizes=\"(max-width: 300px) 100vw, 300px\" \/><\/td>\n<\/tr>\n<tr style=\"height: 14.25pt;\">\n<td class=\"et2\" style=\"height: 14.25pt;\" height=\"19\">DZ05B<\/td>\n<td class=\"et3\">Nh\u00f4m<\/td>\n<td class=\"et3\">40cm<\/td>\n<td class=\"et3\">50cm<\/td>\n<td class=\"et3\">25mm<\/td>\n<td><img loading=\"lazy\" decoding=\"async\" class=\"alignnone wp-image-3592 size-medium\" src=\"https:\/\/mountlaser.com\/wp-content\/uploads\/2025\/11\/DZ04B-4-300x300.webp\" alt=\"Hand Held Aluminum Mini Prism Pole\" width=\"300\" height=\"300\" srcset=\"https:\/\/mountlaser.com\/wp-content\/uploads\/2025\/11\/DZ04B-4-300x300.webp 300w, https:\/\/mountlaser.com\/wp-content\/uploads\/2025\/11\/DZ04B-4-400x400.webp 400w, https:\/\/mountlaser.com\/wp-content\/uploads\/2025\/11\/DZ04B-4-800x800.webp 800w, https:\/\/mountlaser.com\/wp-content\/uploads\/2025\/11\/DZ04B-4-600x600.webp 600w, https:\/\/mountlaser.com\/wp-content\/uploads\/2025\/11\/DZ04B-4-150x150.webp 150w, https:\/\/mountlaser.com\/wp-content\/uploads\/2025\/11\/DZ04B-4-768x768.webp 768w, https:\/\/mountlaser.com\/wp-content\/uploads\/2025\/11\/DZ04B-4-12x12.webp 12w, https:\/\/mountlaser.com\/wp-content\/uploads\/2025\/11\/DZ04B-4.webp 1000w\" sizes=\"(max-width: 300px) 100vw, 300px\" \/><\/td>\n<\/tr>\n<\/tbody>\n<\/table>","protected":false},"excerpt":{"rendered":"<ul>\n<li>\u0110\u01b0\u1ee3c ch\u1ebf t\u1ea1o t\u1eeb h\u1ee3p kim nh\u00f4m cao c\u1ea5p, c\u00f3 kh\u1ea3 n\u0103ng ch\u1ed1ng \u0103n m\u00f2n v\u00e0 va \u0111\u1eadp v\u01b0\u1ee3t tr\u1ed9i, \u0111\u1ea3m b\u1ea3o \u0111\u1ed9 tin c\u1eady l\u00e2u d\u00e0i trong m\u00f4i tr\u01b0\u1eddng kh\u1eafc nghi\u1ec7t.<\/li>\n<li>H\u1ed7 tr\u1ee3 c\u00e1c chi\u1ec1u d\u00e0i v\u00e0 c\u1ea5u h\u00ecnh t\u00f9y ch\u1ec9nh \u0111\u1ec3 \u0111\u00e1p \u1ee9ng c\u00e1c y\u00eau c\u1ea7u c\u1ee5 th\u1ec3 c\u1ee7a d\u1ef1 \u00e1n, \u0111\u1ea3m b\u1ea3o kh\u1ea3 n\u0103ng th\u00edch \u1ee9ng ho\u00e0n h\u1ea3o v\u1edbi c\u00e1c th\u00e1ch th\u1ee9c kh\u1ea3o s\u00e1t \u0111\u1ed9c \u0111\u00e1o.<\/li>\n<\/ul>","protected":false},"featured_media":3589,"comment_status":"open","ping_status":"closed","template":"","meta":[],"product_brand":[],"product_cat":[89,116],"product_tag":[],"class_list":{"0":"post-3584","1":"product","2":"type-product","3":"status-publish","4":"has-post-thumbnail","6":"product_cat-surveying-pole-rod","7":"product_cat-aluminum-mini-prism-pole","9":"first","10":"instock","11":"shipping-taxable","12":"product-type-simple"},"_links":{"self":[{"href":"https:\/\/mountlaser.com\/vi\/wp-json\/wp\/v2\/product\/3584","targetHints":{"allow":["GET"]}}],"collection":[{"href":"https:\/\/mountlaser.com\/vi\/wp-json\/wp\/v2\/product"}],"about":[{"href":"https:\/\/mountlaser.com\/vi\/wp-json\/wp\/v2\/types\/product"}],"replies":[{"embeddable":true,"href":"https:\/\/mountlaser.com\/vi\/wp-json\/wp\/v2\/comments?post=3584"}],"wp:featuredmedia":[{"embeddable":true,"href":"https:\/\/mountlaser.com\/vi\/wp-json\/wp\/v2\/media\/3589"}],"wp:attachment":[{"href":"https:\/\/mountlaser.com\/vi\/wp-json\/wp\/v2\/media?parent=3584"}],"wp:term":[{"taxonomy":"product_brand","embeddable":true,"href":"https:\/\/mountlaser.com\/vi\/wp-json\/wp\/v2\/product_brand?post=3584"},{"taxonomy":"product_cat","embeddable":true,"href":"https:\/\/mountlaser.com\/vi\/wp-json\/wp\/v2\/product_cat?post=3584"},{"taxonomy":"product_tag","embeddable":true,"href":"https:\/\/mountlaser.com\/vi\/wp-json\/wp\/v2\/product_tag?post=3584"}],"curies":[{"name":"trang web","href":"https:\/\/api.w.org\/{rel}","templated":true}]}}