{"id":3575,"date":"2025-11-06T08:09:37","date_gmt":"2025-11-06T08:09:37","guid":{"rendered":"https:\/\/mountlaser.com\/?post_type=product&#038;p=3575"},"modified":"2025-11-28T01:07:55","modified_gmt":"2025-11-28T01:07:55","slug":"dz-a-series-aluminum-mini-prism-pole","status":"publish","type":"product","link":"https:\/\/mountlaser.com\/vi\/san-pham\/dz-a-series-aluminum-mini-prism-pole\/","title":{"rendered":"C\u1ed9t l\u0103ng k\u00ednh mini b\u1eb1ng nh\u00f4m d\u00f2ng DZ-A"},"content":{"rendered":"<p>C\u00e1i <a href=\"https:\/\/mountlaser.com\/vi\/\"><strong>C\u1ed9t l\u0103ng k\u00ednh mini b\u1eb1ng nh\u00f4m d\u00f2ng DZ-A<\/strong><\/a> \u0110\u00e2y l\u00e0 m\u1ed9t ph\u1ee5 ki\u1ec7n thi\u1ebft y\u1ebfu, c\u00f3 \u0111\u1ed9 ch\u00ednh x\u00e1c cao, \u0111\u01b0\u1ee3c thi\u1ebft k\u1ebf d\u00e0nh cho c\u00e1c nh\u00e0 kh\u1ea3o s\u00e1t c\u1ea7n t\u00ednh di \u0111\u1ed9ng v\u00e0 \u0111\u1ed9 \u1ed5n \u0111\u1ecbnh v\u01b0\u1ee3t tr\u1ed9i t\u1ea1i hi\u1ec7n tr\u01b0\u1eddng. C\u1ed9t l\u0103ng k\u00ednh mini \u0111a n\u0103ng n\u00e0y \u0111\u01b0\u1ee3c ch\u1ebf t\u1ea1o chuy\u00ean nghi\u1ec7p \u0111\u1ec3 cung c\u1ea5p gi\u1ea3i ph\u00e1p l\u1eafp \u0111\u1eb7t \u0111\u00e1ng tin c\u1eady cho c\u00e1c l\u0103ng k\u00ednh \u0111\u01b0\u1ee3c s\u1eed d\u1ee5ng v\u1edbi m\u00e1y to\u00e0n \u0111\u1ea1c.<\/p>\n<p>&nbsp;<\/p>\n<p>Thi\u1ebft k\u1ebf nh\u1ecf g\u1ecdn v\u00e0 tr\u1ecdng l\u01b0\u1ee3ng nh\u1eb9 khi\u1ebfn n\u00f3 tr\u1edf th\u00e0nh d\u1ee5ng c\u1ee5 \u0111o l\u0103ng k\u00ednh mini c\u1ea7m tay l\u00fd t\u01b0\u1edfng, cho ph\u00e9p v\u1eadn h\u00e0nh hi\u1ec7u qu\u1ea3 trong kh\u00f4ng gian ch\u1eadt h\u1eb9p ho\u1eb7c t\u1ea1i c\u00e1c \u0111\u1ecba \u0111i\u1ec3m kh\u1ea3o s\u00e1t di \u0111\u1ed9ng. \u0110\u01b0\u1ee3c ch\u1ebf t\u1ea1o v\u1edbi \u0111\u1ed9 b\u1ec1n v\u00e0 s\u1ef1 ti\u1ec7n l\u1ee3i cho ng\u01b0\u1eddi d\u00f9ng, d\u00f2ng DZ-A \u0111\u1ea3m b\u1ea3o thu th\u1eadp d\u1eef li\u1ec7u ch\u00ednh x\u00e1c m\u1ed7i khi b\u1ea1n s\u1eed d\u1ee5ng thi\u1ebft b\u1ecb \u0111\u00e1ng tin c\u1eady n\u00e0y.<a href=\"https:\/\/mountlaser.com\/vi\/about-us\/\"> <strong>C\u1ed9t l\u0103ng k\u00ednh mini c\u1ea7m tay<\/strong><\/a>.<\/p>\n<p>C\u1ed9t l\u0103ng k\u00ednh mini b\u1eb1ng nh\u00f4m d\u00f2ng DZ-A c\u00f3 \u0111\u01b0\u1eddng k\u00ednh ngo\u00e0i 25mm (OD25mm), mang l\u1ea1i s\u1ef1 c\u00e2n b\u1eb1ng tuy\u1ec7t v\u1eddi gi\u1eefa \u0111\u1ed9 c\u1ee9ng ch\u1eafc v\u1ec1 c\u1ea5u tr\u00fac v\u00e0 tr\u1ecdng l\u01b0\u1ee3ng nh\u1eb9 khi s\u1eed d\u1ee5ng.<\/p>\n<p>&nbsp;<\/p>\n<p><strong><a href=\"https:\/\/mountlaser.com\/vi\/contact-us\/\">C\u1ed9t l\u0103ng k\u00ednh mini b\u1eb1ng nh\u00f4m d\u00f2ng DZ-A<\/a> Th\u00f4ng s\u1ed1 k\u1ef9 thu\u1eadt<\/strong><\/p>\n<table style=\"border-collapse: collapse; width: 741.77pt;\" border=\"0\" width=\"989\" cellspacing=\"0\" cellpadding=\"0\">\n<tbody>\n<tr style=\"height: 14.25pt;\">\n<td class=\"et2\" style=\"height: 14.25pt; width: 142.50pt;\" width=\"190\" height=\"19\">CON S\u1ed0<\/td>\n<td class=\"et2\" style=\"width: 127.50pt;\" width=\"170\">V\u1eacT LI\u1ec6U<\/td>\n<td class=\"et2\" style=\"width: 126.00pt;\" width=\"168\">CHI\u1ec0U CAO TH\u1ec2 CH\u1ea4T<\/td>\n<td class=\"et2\" style=\"width: 135.00pt;\" width=\"180\">CHI\u1ec0U CAO TR\u1ee4C L\u0102NG K\u00cdNH<\/td>\n<td class=\"et2\" style=\"width: 124.50pt;\" width=\"166\">\u0110\u01af\u1edcNG K\u00cdNH<\/td>\n<td style=\"width: 86.25pt;\" width=\"115\">h\u00ecnh \u1ea3nh<\/td>\n<\/tr>\n<tr style=\"height: 14.25pt;\">\n<td class=\"et2\" style=\"height: 14.25pt;\" height=\"19\">DZ02A<\/td>\n<td class=\"et3\">Nh\u00f4m<\/td>\n<td class=\"et2\">10cm<\/td>\n<td class=\"et2\">20cm<\/td>\n<td class=\"et2\">25mm<\/td>\n<td><img fetchpriority=\"high\" decoding=\"async\" class=\"alignnone wp-image-3576 size-medium\" src=\"https:\/\/mountlaser.com\/wp-content\/uploads\/2025\/11\/DZ02A-2-300x300.webp\" alt=\"Hand Held Mini prism Pole\" width=\"300\" height=\"300\" srcset=\"https:\/\/mountlaser.com\/wp-content\/uploads\/2025\/11\/DZ02A-2-300x300.webp 300w, https:\/\/mountlaser.com\/wp-content\/uploads\/2025\/11\/DZ02A-2-400x400.webp 400w, https:\/\/mountlaser.com\/wp-content\/uploads\/2025\/11\/DZ02A-2-800x800.webp 800w, https:\/\/mountlaser.com\/wp-content\/uploads\/2025\/11\/DZ02A-2-600x600.webp 600w, https:\/\/mountlaser.com\/wp-content\/uploads\/2025\/11\/DZ02A-2-150x150.webp 150w, https:\/\/mountlaser.com\/wp-content\/uploads\/2025\/11\/DZ02A-2-768x768.webp 768w, https:\/\/mountlaser.com\/wp-content\/uploads\/2025\/11\/DZ02A-2-12x12.webp 12w, https:\/\/mountlaser.com\/wp-content\/uploads\/2025\/11\/DZ02A-2.webp 1000w\" sizes=\"(max-width: 300px) 100vw, 300px\" \/><\/td>\n<\/tr>\n<tr style=\"height: 14.25pt;\">\n<td class=\"et2\" style=\"height: 14.25pt;\" height=\"19\">DZ03A<\/td>\n<td class=\"et3\">Nh\u00f4m<\/td>\n<td class=\"et2\">20cm<\/td>\n<td class=\"et2\">30cm<\/td>\n<td class=\"et2\">25mm<\/td>\n<td><img decoding=\"async\" class=\"alignnone wp-image-3579 size-medium\" src=\"https:\/\/mountlaser.com\/wp-content\/uploads\/2025\/11\/DZ03A-4-300x300.webp\" alt=\"Hand Held Mini prism Pole\" width=\"300\" height=\"300\" srcset=\"https:\/\/mountlaser.com\/wp-content\/uploads\/2025\/11\/DZ03A-4-300x300.webp 300w, https:\/\/mountlaser.com\/wp-content\/uploads\/2025\/11\/DZ03A-4-400x400.webp 400w, https:\/\/mountlaser.com\/wp-content\/uploads\/2025\/11\/DZ03A-4-800x800.webp 800w, https:\/\/mountlaser.com\/wp-content\/uploads\/2025\/11\/DZ03A-4-600x600.webp 600w, https:\/\/mountlaser.com\/wp-content\/uploads\/2025\/11\/DZ03A-4-150x150.webp 150w, https:\/\/mountlaser.com\/wp-content\/uploads\/2025\/11\/DZ03A-4-768x768.webp 768w, https:\/\/mountlaser.com\/wp-content\/uploads\/2025\/11\/DZ03A-4-12x12.webp 12w, https:\/\/mountlaser.com\/wp-content\/uploads\/2025\/11\/DZ03A-4.webp 1000w\" sizes=\"(max-width: 300px) 100vw, 300px\" \/><\/td>\n<\/tr>\n<tr style=\"height: 14.25pt;\">\n<td class=\"et2\" style=\"height: 14.25pt;\" height=\"19\">DZ04A<\/td>\n<td class=\"et3\">Nh\u00f4m<\/td>\n<td class=\"et2\">30cm<\/td>\n<td class=\"et2\">40cm<\/td>\n<td class=\"et2\">25mm<\/td>\n<td><img decoding=\"async\" class=\"alignnone wp-image-3580 size-medium\" src=\"https:\/\/mountlaser.com\/wp-content\/uploads\/2025\/11\/DZ04A-1-300x300.webp\" alt=\"Hand Held Mini prism Pole\" width=\"300\" height=\"300\" srcset=\"https:\/\/mountlaser.com\/wp-content\/uploads\/2025\/11\/DZ04A-1-300x300.webp 300w, https:\/\/mountlaser.com\/wp-content\/uploads\/2025\/11\/DZ04A-1-400x400.webp 400w, https:\/\/mountlaser.com\/wp-content\/uploads\/2025\/11\/DZ04A-1-800x800.webp 800w, https:\/\/mountlaser.com\/wp-content\/uploads\/2025\/11\/DZ04A-1-600x600.webp 600w, https:\/\/mountlaser.com\/wp-content\/uploads\/2025\/11\/DZ04A-1-150x150.webp 150w, https:\/\/mountlaser.com\/wp-content\/uploads\/2025\/11\/DZ04A-1-768x768.webp 768w, https:\/\/mountlaser.com\/wp-content\/uploads\/2025\/11\/DZ04A-1-12x12.webp 12w, https:\/\/mountlaser.com\/wp-content\/uploads\/2025\/11\/DZ04A-1.webp 1000w\" sizes=\"(max-width: 300px) 100vw, 300px\" \/><\/td>\n<\/tr>\n<tr style=\"height: 14.25pt;\">\n<td class=\"et2\" style=\"height: 14.25pt;\" height=\"19\">DZ05A<\/td>\n<td class=\"et3\">Nh\u00f4m<\/td>\n<td class=\"et2\">40cm<\/td>\n<td class=\"et2\">50cm<\/td>\n<td class=\"et2\">25mm<\/td>\n<td><img loading=\"lazy\" decoding=\"async\" class=\"alignnone wp-image-3582 size-medium\" src=\"https:\/\/mountlaser.com\/wp-content\/uploads\/2025\/11\/DZ05A-2-300x300.webp\" alt=\"Hand Held Mini prism Pole\" width=\"300\" height=\"300\" srcset=\"https:\/\/mountlaser.com\/wp-content\/uploads\/2025\/11\/DZ05A-2-300x300.webp 300w, https:\/\/mountlaser.com\/wp-content\/uploads\/2025\/11\/DZ05A-2-400x400.webp 400w, https:\/\/mountlaser.com\/wp-content\/uploads\/2025\/11\/DZ05A-2-800x800.webp 800w, https:\/\/mountlaser.com\/wp-content\/uploads\/2025\/11\/DZ05A-2-600x600.webp 600w, https:\/\/mountlaser.com\/wp-content\/uploads\/2025\/11\/DZ05A-2-150x150.webp 150w, https:\/\/mountlaser.com\/wp-content\/uploads\/2025\/11\/DZ05A-2-768x768.webp 768w, https:\/\/mountlaser.com\/wp-content\/uploads\/2025\/11\/DZ05A-2-12x12.webp 12w, https:\/\/mountlaser.com\/wp-content\/uploads\/2025\/11\/DZ05A-2.webp 1000w\" sizes=\"(max-width: 300px) 100vw, 300px\" \/><\/td>\n<\/tr>\n<\/tbody>\n<\/table>","protected":false},"excerpt":{"rendered":"<ul>\n<li>\u0110\u01b0\u1ee3c trang b\u1ecb \u0111\u1ebf c\u00e2n b\u1eb1ng b\u1eb1ng nh\u00f4m ch\u1eafc ch\u1eafn (c\u00f3 m\u00e0u \u0111en) \u0111\u1ec3 \u0111\u1ea3m b\u1ea3o vi\u1ec7c c\u00e2n b\u1eb1ng nhanh ch\u00f3ng v\u00e0 d\u1ec5 d\u00e0ng, \u0111i\u1ec1u n\u00e0y r\u1ea5t quan tr\u1ecdng \u0111\u1ec3 duy tr\u00ec \u0111\u1ed9 ch\u00ednh x\u00e1c khi \u0111o.<\/li>\n<li>\u0110i k\u00e8m v\u1edbi m\u1ed9t t\u00fai \u0111\u1ef1ng m\u1ec1m, gi\u00fap vi\u1ec7c v\u1eadn chuy\u1ec3n v\u00e0 b\u1ea3o qu\u1ea3n tr\u1edf n\u00ean thu\u1eadn ti\u1ec7n v\u00e0 an to\u00e0n, b\u1ea3o v\u1ec7 nh\u1ea1c c\u1ee5 kh\u1ecfi h\u01b0 h\u1ea1i trong qu\u00e1 tr\u00ecnh v\u1eadn chuy\u1ec3n.<\/li>\n<\/ul>","protected":false},"featured_media":3579,"comment_status":"open","ping_status":"closed","template":"","meta":[],"product_brand":[],"product_cat":[116,89],"product_tag":[],"class_list":{"0":"post-3575","1":"product","2":"type-product","3":"status-publish","4":"has-post-thumbnail","6":"product_cat-aluminum-mini-prism-pole","7":"product_cat-surveying-pole-rod","9":"first","10":"instock","11":"shipping-taxable","12":"product-type-simple"},"_links":{"self":[{"href":"https:\/\/mountlaser.com\/vi\/wp-json\/wp\/v2\/product\/3575","targetHints":{"allow":["GET"]}}],"collection":[{"href":"https:\/\/mountlaser.com\/vi\/wp-json\/wp\/v2\/product"}],"about":[{"href":"https:\/\/mountlaser.com\/vi\/wp-json\/wp\/v2\/types\/product"}],"replies":[{"embeddable":true,"href":"https:\/\/mountlaser.com\/vi\/wp-json\/wp\/v2\/comments?post=3575"}],"wp:featuredmedia":[{"embeddable":true,"href":"https:\/\/mountlaser.com\/vi\/wp-json\/wp\/v2\/media\/3579"}],"wp:attachment":[{"href":"https:\/\/mountlaser.com\/vi\/wp-json\/wp\/v2\/media?parent=3575"}],"wp:term":[{"taxonomy":"product_brand","embeddable":true,"href":"https:\/\/mountlaser.com\/vi\/wp-json\/wp\/v2\/product_brand?post=3575"},{"taxonomy":"product_cat","embeddable":true,"href":"https:\/\/mountlaser.com\/vi\/wp-json\/wp\/v2\/product_cat?post=3575"},{"taxonomy":"product_tag","embeddable":true,"href":"https:\/\/mountlaser.com\/vi\/wp-json\/wp\/v2\/product_tag?post=3575"}],"curies":[{"name":"trang web","href":"https:\/\/api.w.org\/{rel}","templated":true}]}}