{"id":3564,"date":"2025-11-06T08:28:07","date_gmt":"2025-11-06T08:28:07","guid":{"rendered":"https:\/\/mountlaser.com\/?post_type=product&#038;p=3564"},"modified":"2025-11-28T00:54:13","modified_gmt":"2025-11-28T00:54:13","slug":"gmp111-mini-prism-with-pole","status":"publish","type":"product","link":"https:\/\/mountlaser.com\/vi\/san-pham\/gmp111-mini-prism-with-pole\/","title":{"rendered":"L\u0103ng k\u00ednh mini GMP111 k\u00e8m c\u1ed9t"},"content":{"rendered":"<p>L\u0103ng k\u00ednh mini GMP111 k\u00e8m tr\u1ee5c l\u00e0 m\u1ed9t thi\u1ebft b\u1ecb \u0111o \u0111\u1ed9 ch\u00ednh x\u00e1c cao. <a href=\"https:\/\/mountlaser.com\/vi\/\"><strong>B\u1ed9 c\u00e2n b\u1eb1ng mini d\u1ea1ng l\u0103ng k\u00ednh v\u1edbi 4 c\u1ed9t<\/strong><\/a> \u0110\u01b0\u1ee3c thi\u1ebft k\u1ebf \u0111\u1ec3 mang l\u1ea1i hi\u1ec7u su\u1ea5t \u0111\u00e1ng tin c\u1eady v\u00e0 ch\u00ednh x\u00e1c trong t\u1ea5t c\u1ea3 c\u00e1c lo\u1ea1i \u1ee9ng d\u1ee5ng kh\u1ea3o s\u00e1t v\u00e0 gi\u00e1m s\u00e1t. \u0110\u01b0\u1ee3c thi\u1ebft k\u1ebf \u0111\u1ec3 cung c\u1ea5p s\u1ef1 \u1ed5n \u0111\u1ecbnh, t\u00ednh di \u0111\u1ed9ng v\u00e0 \u0111\u1ed9 ch\u00ednh x\u00e1c \u0111o l\u01b0\u1eddng nh\u1ea5t qu\u00e1n, <a href=\"https:\/\/mountlaser.com\/vi\/products\/\"><strong>L\u0103ng k\u00ednh mini GMP111 k\u00e8m c\u1ed9t<\/strong><\/a> \u0110\u00e2y l\u00e0 gi\u1ea3i ph\u00e1p \u0111\u00e1ng tin c\u1eady d\u00e0nh cho c\u00e1c chuy\u00ean gia l\u00e0m vi\u1ec7c ngo\u00e0i hi\u1ec7n tr\u01b0\u1eddng, nh\u1eefng ng\u01b0\u1eddi \u0111\u00f2i h\u1ecfi \u0111\u1ed9 ch\u00ednh x\u00e1c v\u00e0 \u0111\u1ed9 b\u1ec1n cao.<\/p>\n<p>B\u1ed9 l\u0103ng k\u00ednh mini 4 c\u1ef1c n\u00e0y c\u00f3 l\u0103ng k\u00ednh m\u1ea1 \u0111\u1ed3ng 25,4 mm \u0111\u01b0\u1ee3c \u0111\u1eb7t trong v\u1ecf nylon ch\u1ed1ng va \u0111\u1eadp, \u0111\u1ea3m b\u1ea3o \u0111\u1ed9 b\u1ec1n l\u00e2u d\u00e0i ngay c\u1ea3 trong \u0111i\u1ec1u ki\u1ec7n m\u00f4i tr\u01b0\u1eddng kh\u1eafc nghi\u1ec7t. C\u1ea7n nh\u00f4m nh\u1eb9 v\u1edbi ren 1\/4\u2033-20 (\u00d8 12 mm) gi\u00fap d\u1ec5 d\u00e0ng l\u1eafp r\u00e1p v\u00e0 t\u01b0\u01a1ng th\u00edch v\u1edbi nhi\u1ec1u c\u1ea5u h\u00ecnh m\u00e1y to\u00e0n \u0111\u1ea1c kh\u00e1c nhau.<\/p>\n<p><img fetchpriority=\"high\" decoding=\"async\" class=\"aligncenter wp-image-3568\" src=\"https:\/\/mountlaser.com\/wp-content\/uploads\/2025\/11\/6-2GMP1114.webp\" alt=\"gmp111 mini prism with pole\" width=\"500\" height=\"500\" srcset=\"https:\/\/mountlaser.com\/wp-content\/uploads\/2025\/11\/6-2GMP1114.webp 1000w, https:\/\/mountlaser.com\/wp-content\/uploads\/2025\/11\/6-2GMP1114-300x300.webp 300w, https:\/\/mountlaser.com\/wp-content\/uploads\/2025\/11\/6-2GMP1114-400x400.webp 400w, https:\/\/mountlaser.com\/wp-content\/uploads\/2025\/11\/6-2GMP1114-800x800.webp 800w, https:\/\/mountlaser.com\/wp-content\/uploads\/2025\/11\/6-2GMP1114-600x600.webp 600w, https:\/\/mountlaser.com\/wp-content\/uploads\/2025\/11\/6-2GMP1114-150x150.webp 150w, https:\/\/mountlaser.com\/wp-content\/uploads\/2025\/11\/6-2GMP1114-768x768.webp 768w, https:\/\/mountlaser.com\/wp-content\/uploads\/2025\/11\/6-2GMP1114-12x12.webp 12w\" sizes=\"(max-width: 500px) 100vw, 500px\" \/><\/p>\n<p>C\u00e1i <a href=\"https:\/\/mountlaser.com\/vi\/contact-us\/\">L\u0103ng k\u00ednh mini GMP111 k\u00e8m c\u1ed9t<\/a> Bao g\u1ed3m b\u1ed1n \u0111o\u1ea1n 300 mm, k\u00e9o d\u00e0i \u0111\u1ebfn 1,2 m (Model AP123004) \u2014 thi\u1ebft k\u1ebf n\u00e0y mang l\u1ea1i t\u00ednh linh ho\u1ea1t v\u00e0 kh\u1ea3 n\u0103ng di \u0111\u1ed9ng tuy\u1ec7t v\u1eddi trong qu\u00e1 tr\u00ecnh v\u1eadn h\u00e0nh t\u1ea1i hi\u1ec7n tr\u01b0\u1eddng. C\u00f3 hai t\u00f9y ch\u1ecdn model: GMP111-0 v\u1edbi \u0111\u1ed9 l\u1ec7ch 0 mm (h\u1ec7 th\u1ed1ng Th\u1ee5y S\u0129) v\u00e0 GMP111 v\u1edbi \u0111\u1ed9 l\u1ec7ch 17,5 mm (h\u1ec7 th\u1ed1ng Th\u1ee5y S\u0129) \u0111\u1ec3 \u0111\u00e1p \u1ee9ng c\u00e1c y\u00eau c\u1ea7u d\u1ef1 \u00e1n \u0111a d\u1ea1ng.<\/p>\n<p>\u0110\u01b0\u1ee3c \u0111\u00f3ng g\u00f3i trong h\u1ed9p b\u1ea3o v\u1ec7, b\u1ed9 l\u0103ng k\u00ednh mini 4 c\u1ef1c Levels n\u00e0y k\u1ebft h\u1ee3p quang h\u1ecdc ch\u00ednh x\u00e1c, ch\u1ea5t l\u01b0\u1ee3ng ch\u1ebf t\u1ea1o ch\u1eafc ch\u1eafn v\u00e0 c\u1ea5u h\u00ecnh linh ho\u1ea1t trong m\u1ed9t d\u1ee5ng c\u1ee5 th\u1ef1c \u0111\u1ecba \u0111\u00e1ng tin c\u1eady.<\/p>","protected":false},"excerpt":{"rendered":"<ul>\n<li>L\u0103ng k\u00ednh m\u1ea1 \u0111\u1ed3ng 25,4 mm cho \u0111\u1ed9 ph\u1ea3n x\u1ea1 v\u00e0 \u0111\u1ed9 ch\u00ednh x\u00e1c cao.<\/li>\n<li>V\u1ecf nylon ch\u1ed1ng va \u0111\u1eadp \u0111\u1ea3m b\u1ea3o \u0111\u1ed9 b\u1ec1n trong m\u00f4i tr\u01b0\u1eddng l\u00e0m vi\u1ec7c ngo\u00e0i tr\u1eddi.<\/li>\n<li>\u0110\u01b0\u1ee3c \u0111\u00f3ng g\u00f3i trong th\u00f9ng carton b\u1ea3o v\u1ec7 \u0111\u1ec3 v\u1eadn chuy\u1ec3n an to\u00e0n.<\/li>\n<\/ul>","protected":false},"featured_media":3570,"comment_status":"open","ping_status":"closed","template":"","meta":[],"product_brand":[],"product_cat":[72,114],"product_tag":[],"class_list":{"0":"post-3564","1":"product","2":"type-product","3":"status-publish","4":"has-post-thumbnail","6":"product_cat-reflective-target-prism","7":"product_cat-mini-prism-with-pole","9":"first","10":"instock","11":"shipping-taxable","12":"product-type-simple"},"_links":{"self":[{"href":"https:\/\/mountlaser.com\/vi\/wp-json\/wp\/v2\/product\/3564","targetHints":{"allow":["GET"]}}],"collection":[{"href":"https:\/\/mountlaser.com\/vi\/wp-json\/wp\/v2\/product"}],"about":[{"href":"https:\/\/mountlaser.com\/vi\/wp-json\/wp\/v2\/types\/product"}],"replies":[{"embeddable":true,"href":"https:\/\/mountlaser.com\/vi\/wp-json\/wp\/v2\/comments?post=3564"}],"wp:featuredmedia":[{"embeddable":true,"href":"https:\/\/mountlaser.com\/vi\/wp-json\/wp\/v2\/media\/3570"}],"wp:attachment":[{"href":"https:\/\/mountlaser.com\/vi\/wp-json\/wp\/v2\/media?parent=3564"}],"wp:term":[{"taxonomy":"product_brand","embeddable":true,"href":"https:\/\/mountlaser.com\/vi\/wp-json\/wp\/v2\/product_brand?post=3564"},{"taxonomy":"product_cat","embeddable":true,"href":"https:\/\/mountlaser.com\/vi\/wp-json\/wp\/v2\/product_cat?post=3564"},{"taxonomy":"product_tag","embeddable":true,"href":"https:\/\/mountlaser.com\/vi\/wp-json\/wp\/v2\/product_tag?post=3564"}],"curies":[{"name":"trang web","href":"https:\/\/api.w.org\/{rel}","templated":true}]}}