{"id":3552,"date":"2025-11-06T07:27:48","date_gmt":"2025-11-06T07:27:48","guid":{"rendered":"https:\/\/mountlaser.com\/?post_type=product&#038;p=3552"},"modified":"2025-11-28T01:16:54","modified_gmt":"2025-11-28T01:16:54","slug":"sp069-mini-prism-with-pole","status":"publish","type":"product","link":"https:\/\/mountlaser.com\/vi\/san-pham\/sp069-mini-prism-with-pole\/","title":{"rendered":"SP069 Mini Prism k\u00e8m c\u00e1n"},"content":{"rendered":"<p>C\u00e1i <a href=\"https:\/\/mountlaser.com\/vi\/\"><strong>SP069 L\u0103ng k\u00ednh mini m\u00e0u v\u00e0ng k\u00e8m c\u00e1n<\/strong><\/a> \u0110\u00e2y l\u00e0 ph\u1ee5 ki\u1ec7n m\u00e1y to\u00e0n \u0111\u1ea1c l\u0103ng k\u00ednh mini m\u00e0u v\u00e0ng chuy\u00ean nghi\u1ec7p \u0111\u01b0\u1ee3c thi\u1ebft k\u1ebf \u0111\u1ec3 \u0111o \u0111\u1ea1c ch\u00ednh x\u00e1c v\u00e0 hi\u1ec7u qu\u1ea3 t\u1ea1i hi\u1ec7n tr\u01b0\u1eddng. \u0110\u01b0\u1ee3c ch\u1ebf t\u1ea1o d\u00e0nh cho c\u00e1c k\u1ef9 s\u01b0 tr\u1eafc \u0111\u1ecba \u0111\u00f2i h\u1ecfi \u0111\u1ed9 tin c\u1eady, kh\u1ea3 n\u0103ng quan s\u00e1t v\u00e0 \u0111\u1ed9 ch\u00ednh x\u00e1c, m\u00e1y to\u00e0n \u0111\u1ea1c l\u0103ng k\u00ednh mini m\u00e0u v\u00e0ng k\u00e8m c\u1ed9t n\u00e0y k\u1ebft h\u1ee3p v\u1eadt li\u1ec7u b\u1ec1n ch\u1eafc v\u1edbi c\u1ea5u h\u00ecnh linh ho\u1ea1t, ph\u00f9 h\u1ee3p cho vi\u1ec7c s\u1eed d\u1ee5ng \u1edf c\u00e1c g\u00f3c, gi\u00e1m s\u00e1t v\u00e0 \u0111\u1ecbnh v\u1ecb \u0111i\u1ec3m.<\/p>\n<p>S\u1ea3n ph\u1ea9m n\u00e0y c\u00f3 l\u0103ng k\u00ednh m\u1ea1 b\u1ea1c 38,1 mm v\u1edbi \u0111\u1ed9 l\u1ec7ch 0\/30 mm.<a href=\"https:\/\/mountlaser.com\/vi\/products\/\"><strong> m\u00e1y to\u00e0n \u0111\u1ea1c l\u0103ng k\u00ednh mini m\u00e0u v\u00e0ng<\/strong> <\/a>H\u1ec7 th\u1ed1ng n\u00e0y cung c\u1ea5p kh\u1ea3 n\u0103ng ph\u1ea3n x\u1ea1 v\u00e0 \u0111\u1ed9 ch\u00ednh x\u00e1c \u0111o l\u01b0\u1eddng tuy\u1ec7t v\u1eddi \u1edf nhi\u1ec1u kho\u1ea3ng c\u00e1ch kh\u00e1c nhau. H\u1ec7 th\u1ed1ng bao g\u1ed3m b\u1ed9 chuy\u1ec3n \u0111\u1ed5i \u0111\u1ec3 s\u1eed d\u1ee5ng \u1edf g\u00f3c v\u00e0 tay c\u1ea7m, \u0111\u1ea3m b\u1ea3o t\u00ednh linh ho\u1ea1t t\u1ed1i \u01b0u trong m\u00f4i tr\u01b0\u1eddng kh\u1ea3o s\u00e1t ph\u1ee9c t\u1ea1p.<\/p>\n<p><img fetchpriority=\"high\" decoding=\"async\" class=\"aligncenter wp-image-3556\" src=\"https:\/\/mountlaser.com\/wp-content\/uploads\/2025\/11\/SP0693.webp\" alt=\"SP069 Yellow mini Prism With pole\" width=\"500\" height=\"500\" srcset=\"https:\/\/mountlaser.com\/wp-content\/uploads\/2025\/11\/SP0693.webp 1000w, https:\/\/mountlaser.com\/wp-content\/uploads\/2025\/11\/SP0693-300x300.webp 300w, https:\/\/mountlaser.com\/wp-content\/uploads\/2025\/11\/SP0693-400x400.webp 400w, https:\/\/mountlaser.com\/wp-content\/uploads\/2025\/11\/SP0693-800x800.webp 800w, https:\/\/mountlaser.com\/wp-content\/uploads\/2025\/11\/SP0693-600x600.webp 600w, https:\/\/mountlaser.com\/wp-content\/uploads\/2025\/11\/SP0693-150x150.webp 150w, https:\/\/mountlaser.com\/wp-content\/uploads\/2025\/11\/SP0693-768x768.webp 768w, https:\/\/mountlaser.com\/wp-content\/uploads\/2025\/11\/SP0693-12x12.webp 12w\" sizes=\"(max-width: 500px) 100vw, 500px\" \/><\/p>\n<p>C\u00e1i <a href=\"https:\/\/mountlaser.com\/vi\/contact-us\/\">SP069 L\u0103ng k\u00ednh mini m\u00e0u v\u00e0ng k\u00e8m c\u00e1n<\/a> \u0110\u01b0\u1ee3c trang b\u1ecb b\u1ed9 chuy\u1ec3n \u0111\u1ed5i c\u00f3 ren ngo\u00e0i M6 v\u00e0 ren trong 5\/8\u2033-11, \u0111\u1ea3m b\u1ea3o t\u01b0\u01a1ng th\u00edch v\u1edbi h\u1ea7u h\u1ebft c\u00e1c thi\u1ebft l\u1eadp m\u00e1y to\u00e0n \u0111\u1ea1c. C\u1ed9t tr\u1ee5 b\u1eb1ng th\u00e9p kh\u00f4ng g\u1ec9 (\u0111\u01b0\u1eddng k\u00ednh ngo\u00e0i 9 mm) c\u00f3 th\u1ec3 k\u00e9o d\u00e0i d\u1ea1ng \u1ed1ng l\u1ed3ng t\u1eeb 300 mm \u00d7 5 \u0111o\u1ea1n l\u00ean \u0111\u1ebfn 1,5 m (Model: SSP093005), gi\u00fap m\u00e1y v\u1eeba \u1ed5n \u0111\u1ecbnh v\u1eeba d\u1ec5 mang theo khi s\u1eed d\u1ee5ng ngo\u00e0i hi\u1ec7n tr\u01b0\u1eddng.<\/p>\n<p>\u0110\u1ec3 t\u0103ng \u0111\u1ed9 ch\u00ednh x\u00e1c, m\u00e1y to\u00e0n \u0111\u1ea1c l\u0103ng k\u00ednh mini m\u00e0u v\u00e0ng n\u00e0y c\u00f3 th\u1ec3 \u0111\u01b0\u1ee3c k\u1ebft h\u1ee3p v\u1edbi c\u00e1c ph\u1ee5 ki\u1ec7n t\u00f9y ch\u1ecdn nh\u01b0 ch\u00e2n \u0111\u1ebf ba ch\u00e2n l\u0103ng k\u00ednh mini MPT01 ho\u1eb7c \u1ed1ng nh\u00f4m \u0111\u1ec3 t\u0103ng \u0111\u1ed9 c\u1ee9ng v\u1eefng. \u0110\u01b0\u1ee3c cung c\u1ea5p k\u00e8m t\u00fai \u0111\u1ef1ng m\u1ec1m, m\u00e1y to\u00e0n \u0111\u1ea1c l\u0103ng k\u00ednh mini m\u00e0u v\u00e0ng SP069 k\u00e8m c\u1ed9t \u0111\u1ea3m b\u1ea3o v\u1eadn chuy\u1ec3n an to\u00e0n v\u00e0 tr\u00ecnh b\u00e0y chuy\u00ean nghi\u1ec7p.<\/p>","protected":false},"excerpt":{"rendered":"<ul>\n<li>B\u1ed9 chuy\u1ec3n \u0111\u1ed5i \u0111\u1ec3 s\u1eed d\u1ee5ng \u1edf g\u00f3c v\u00e0 tay c\u1ea7m \u0111\u1ec3 d\u1ec5 d\u00e0ng c\u0103n ch\u1ec9nh.<\/li>\n<li>L\u1edbp s\u01a1n m\u00e0u v\u00e0ng b\u1ec1n ch\u1eafc gi\u00fap t\u0103ng kh\u1ea3 n\u0103ng nh\u1eadn di\u1ec7n tr\u00ean th\u1ef1c \u0111\u1ecba.<\/li>\n<li>\u0110\u01b0\u1ee3c cung c\u1ea5p k\u00e8m t\u00fai \u0111\u1ef1ng m\u1ec1m \u0111\u1ec3 d\u1ec5 d\u00e0ng v\u1eadn chuy\u1ec3n.<\/li>\n<li>T\u01b0\u01a1ng th\u00edch v\u1edbi ch\u00e2n \u0111\u1ebf ba ch\u00e2n MPT01 Mini Prism v\u00e0 c\u00e1c ph\u1ee5 ki\u1ec7n \u1ed1ng nh\u00f4m.<\/li>\n<\/ul>","protected":false},"featured_media":3554,"comment_status":"open","ping_status":"closed","template":"","meta":[],"product_brand":[],"product_cat":[72,114],"product_tag":[],"class_list":{"0":"post-3552","1":"product","2":"type-product","3":"status-publish","4":"has-post-thumbnail","6":"product_cat-reflective-target-prism","7":"product_cat-mini-prism-with-pole","9":"first","10":"instock","11":"shipping-taxable","12":"product-type-simple"},"_links":{"self":[{"href":"https:\/\/mountlaser.com\/vi\/wp-json\/wp\/v2\/product\/3552","targetHints":{"allow":["GET"]}}],"collection":[{"href":"https:\/\/mountlaser.com\/vi\/wp-json\/wp\/v2\/product"}],"about":[{"href":"https:\/\/mountlaser.com\/vi\/wp-json\/wp\/v2\/types\/product"}],"replies":[{"embeddable":true,"href":"https:\/\/mountlaser.com\/vi\/wp-json\/wp\/v2\/comments?post=3552"}],"wp:featuredmedia":[{"embeddable":true,"href":"https:\/\/mountlaser.com\/vi\/wp-json\/wp\/v2\/media\/3554"}],"wp:attachment":[{"href":"https:\/\/mountlaser.com\/vi\/wp-json\/wp\/v2\/media?parent=3552"}],"wp:term":[{"taxonomy":"product_brand","embeddable":true,"href":"https:\/\/mountlaser.com\/vi\/wp-json\/wp\/v2\/product_brand?post=3552"},{"taxonomy":"product_cat","embeddable":true,"href":"https:\/\/mountlaser.com\/vi\/wp-json\/wp\/v2\/product_cat?post=3552"},{"taxonomy":"product_tag","embeddable":true,"href":"https:\/\/mountlaser.com\/vi\/wp-json\/wp\/v2\/product_tag?post=3552"}],"curies":[{"name":"trang web","href":"https:\/\/api.w.org\/{rel}","templated":true}]}}