{"id":3541,"date":"2025-11-06T07:02:51","date_gmt":"2025-11-06T07:02:51","guid":{"rendered":"https:\/\/mountlaser.com\/?post_type=product&#038;p=3541"},"modified":"2025-11-28T01:18:35","modified_gmt":"2025-11-28T01:18:35","slug":"sp068-sliding-prism-with-pole","status":"publish","type":"product","link":"https:\/\/mountlaser.com\/vi\/san-pham\/sp068-sliding-prism-with-pole\/","title":{"rendered":"L\u0103ng k\u00ednh tr\u01b0\u1ee3t SP068 c\u00f3 c\u1ed9t"},"content":{"rendered":"<p>H\u1ec7 th\u1ed1ng l\u0103ng k\u00ednh tr\u01b0\u1ee3t SP068 k\u00e8m c\u1ed9t l\u00e0 m\u1ed9t h\u1ec7 th\u1ed1ng l\u0103ng k\u00ednh mini v\u00e0 c\u1ed9t c\u00f3 \u0111\u1ed9 ch\u00ednh x\u00e1c cao, \u0111\u01b0\u1ee3c thi\u1ebft k\u1ebf d\u00e0nh cho c\u00e1c \u1ee9ng d\u1ee5ng kh\u1ea3o s\u00e1t, gi\u00e1m s\u00e1t v\u00e0 \u0111\u1ecbnh v\u1ecb chuy\u00ean nghi\u1ec7p. \u0110\u01b0\u1ee3c thi\u1ebft k\u1ebf v\u1edbi hi\u1ec7u qu\u1ea3 l\u00e0m vi\u1ec7c t\u1ea1i hi\u1ec7n tr\u01b0\u1eddng v\u00e0 \u0111\u1ed9 b\u1ec1n ch\u1eafc ch\u1eafn, h\u1ec7 th\u1ed1ng n\u00e0y... <a href=\"https:\/\/mountlaser.com\/vi\/\"><strong>H\u1ec7 th\u1ed1ng c\u1ed9t l\u0103ng k\u00ednh nh\u1ecf g\u1ecdn v\u00e0 di \u0111\u1ed9ng<\/strong><\/a> S\u1ea3n ph\u1ea9m mang l\u1ea1i hi\u1ec7u n\u0103ng v\u01b0\u1ee3t tr\u1ed9i trong m\u1ed9t thi\u1ebft k\u1ebf nh\u1ecf g\u1ecdn, d\u1ec5 mang theo \u2014 l\u00fd t\u01b0\u1edfng cho c\u00e1c nh\u00e0 kh\u1ea3o s\u00e1t c\u1ea7n \u0111\u1ed9 tin c\u1eady khi di chuy\u1ec3n.<\/p>\n<p>V\u1edbi th\u1ea5u k\u00ednh ph\u1ee7 \u0111\u1ed3ng \u0111\u01b0\u1eddng k\u00ednh 25,4 mm, <a href=\"https:\/\/mountlaser.com\/vi\/products\/\"><strong>H\u1ec7 th\u1ed1ng l\u0103ng k\u00ednh v\u00e0 c\u1ed9t mini<\/strong><\/a> \u0110\u1ea3m b\u1ea3o kh\u1ea3 n\u0103ng ph\u1ea3n x\u1ea1 v\u00e0 \u0111\u1ed9 ch\u00ednh x\u00e1c \u0111o l\u01b0\u1eddng v\u01b0\u1ee3t tr\u1ed9i, ngay c\u1ea3 trong \u0111i\u1ec1u ki\u1ec7n hi\u1ec7n tr\u01b0\u1eddng kh\u00f3 kh\u0103n. B\u1ed9 ph\u1eadn b\u00f9 l\u1ec7ch l\u0103ng k\u00ednh c\u00f3 th\u1ec3 thay th\u1ebf 0 \/ -30 mm mang l\u1ea1i s\u1ef1 linh ho\u1ea1t cho c\u00e1c y\u00eau c\u1ea7u kh\u1ea3o s\u00e1t kh\u00e1c nhau, trong khi th\u00e2n m\u00e1y b\u1eb1ng nh\u00f4m anod h\u00f3a kh\u00f4ng ch\u1ee9a s\u1eaft \u0111\u1ea3m b\u1ea3o \u0111\u1ed9 \u1ed5n \u0111\u1ecbnh l\u00e2u d\u00e0i v\u00e0 kh\u1ea3 n\u0103ng ch\u1ed1ng \u0103n m\u00f2n.<\/p>\n<p><img fetchpriority=\"high\" decoding=\"async\" class=\"aligncenter wp-image-3544\" src=\"https:\/\/mountlaser.com\/wp-content\/uploads\/2025\/11\/6-6SP-683.webp\" alt=\"SP068 Mini Prism and Pole System\" width=\"500\" height=\"500\" srcset=\"https:\/\/mountlaser.com\/wp-content\/uploads\/2025\/11\/6-6SP-683.webp 1000w, https:\/\/mountlaser.com\/wp-content\/uploads\/2025\/11\/6-6SP-683-300x300.webp 300w, https:\/\/mountlaser.com\/wp-content\/uploads\/2025\/11\/6-6SP-683-400x400.webp 400w, https:\/\/mountlaser.com\/wp-content\/uploads\/2025\/11\/6-6SP-683-800x800.webp 800w, https:\/\/mountlaser.com\/wp-content\/uploads\/2025\/11\/6-6SP-683-600x600.webp 600w, https:\/\/mountlaser.com\/wp-content\/uploads\/2025\/11\/6-6SP-683-150x150.webp 150w, https:\/\/mountlaser.com\/wp-content\/uploads\/2025\/11\/6-6SP-683-768x768.webp 768w, https:\/\/mountlaser.com\/wp-content\/uploads\/2025\/11\/6-6SP-683-12x12.webp 12w\" sizes=\"(max-width: 500px) 100vw, 500px\" \/><\/p>\n<p>C\u00e1i <a href=\"https:\/\/mountlaser.com\/vi\/contact-us\/\">H\u1ec7 th\u1ed1ng c\u1ed9t l\u0103ng k\u00ednh nh\u1ecf g\u1ecdn v\u00e0 di \u0111\u1ed9ng<\/a> Bao g\u1ed3m m\u1ed9t thanh nh\u00f4m \u0111\u01b0\u1ee3c ch\u1ebf t\u1ea1o ch\u00ednh x\u00e1c (ren 1\/4\u2033-20, \u0111\u01b0\u1eddng k\u00ednh ngo\u00e0i 12 mm) c\u00f3 th\u1ec3 k\u00e9o d\u00e0i \u0111\u1ebfn 1,20 m v\u1edbi thi\u1ebft k\u1ebf d\u1ea1ng \u1ed1ng l\u1ed3ng b\u1ed1n \u0111o\u1ea1n (300 mm \u00d7 4). C\u00e1c ch\u1ed1t b\u00ean h\u00f4ng \u0111\u00f3ng vai tr\u00f2 nh\u01b0 m\u1ed9t c\u01a1 ch\u1ebf kh\u00f3a k\u00e9p \u0111\u00e1ng tin c\u1eady \u0111\u1ec3 \u0111\u1ea3m b\u1ea3o v\u1ecb tr\u00ed chi\u1ec1u cao v\u00e0 g\u00f3c \u0111\u1ed9 an to\u00e0n trong qu\u00e1 tr\u00ecnh v\u1eadn h\u00e0nh.<\/p>\n<p>\u0110\u1ec3 \u0111\u1ea3m b\u1ea3o kh\u1ea3 n\u0103ng t\u01b0\u01a1ng th\u00edch t\u1ed1i \u0111a, h\u1ec7 th\u1ed1ng l\u0103ng k\u00ednh mini v\u00e0 c\u1ed9t \u0111\u1ee1 \u0111i k\u00e8m v\u1edbi b\u1ed9 chuy\u1ec3n \u0111\u1ed5i b\u1eb1ng \u0111\u1ed3ng thau c\u00f3 ren 5\/8\u2033-11, ph\u00f9 h\u1ee3p \u0111\u1ec3 s\u1eed d\u1ee5ng v\u1edbi c\u00e1c c\u1ed9t l\u0103ng k\u00ednh v\u00e0 ch\u00e2n \u0111\u1ebf ba ch\u00e2n ti\u00eau chu\u1ea9n. \u0110\u01b0\u1ee3c \u0111\u1ef1ng trong t\u00fai m\u1ec1m c\u00f3 h\u1ed9p b\u00ean trong, l\u0103ng k\u00ednh tr\u01b0\u1ee3t SP068 k\u00e8m c\u1ed9t \u0111\u1ee1 mang l\u1ea1i s\u1ef1 ti\u1ec7n l\u1ee3i khi di chuy\u1ec3n v\u00e0 b\u1ea3o v\u1ec7 thi\u1ebft b\u1ecb \u0111\u1ec3 s\u1eed d\u1ee5ng chuy\u00ean nghi\u1ec7p ngo\u00e0i hi\u1ec7n tr\u01b0\u1eddng.<\/p>","protected":false},"excerpt":{"rendered":"<ul>\n<li>H\u1ec7 th\u1ed1ng l\u0103ng k\u00ednh mini v\u00e0 c\u1ed9t \u0111o \u0111\u1ed9 ch\u00ednh x\u00e1c cao d\u00f9ng cho c\u00f4ng t\u00e1c kh\u1ea3o s\u00e1t hi\u1ec7n tr\u01b0\u1eddng v\u00e0 \u0111\u1ecbnh v\u1ecb m\u1ed1c.<\/li>\n<li>Th\u00e2n m\u00e1y b\u1eb1ng nh\u00f4m m\u1ea1 anod kh\u00f4ng ch\u1ee9a s\u1eaft, c\u00f3 kh\u1ea3 n\u0103ng ch\u1ed1ng \u0103n m\u00f2n v\u00e0 t\u0103ng \u0111\u1ed9 b\u1ec1n.<\/li>\n<li>C\u00e1c ch\u1ed1t b\u00ean h\u00f4ng \u0111\u00f3ng vai tr\u00f2 nh\u01b0 m\u1ed9t h\u1ec7 th\u1ed1ng kh\u00f3a k\u00e9p gi\u00fap \u0111i\u1ec1u ch\u1ec9nh \u1ed5n \u0111\u1ecbnh v\u00e0 ki\u1ec3m so\u00e1t \u0111\u1ed9 nghi\u00eang.<\/li>\n<li>H\u1ec7 th\u1ed1ng c\u1ed9t l\u0103ng k\u00ednh nh\u1ecf g\u1ecdn v\u00e0 di \u0111\u1ed9ng, \u0111\u01b0\u1ee3c cung c\u1ea5p k\u00e8m t\u00fai m\u1ec1m v\u00e0 h\u1ed9p \u0111\u1ef1ng b\u00ean trong.<\/li>\n<\/ul>","protected":false},"featured_media":3542,"comment_status":"open","ping_status":"closed","template":"","meta":[],"product_brand":[],"product_cat":[72,114],"product_tag":[],"class_list":{"0":"post-3541","1":"product","2":"type-product","3":"status-publish","4":"has-post-thumbnail","6":"product_cat-reflective-target-prism","7":"product_cat-mini-prism-with-pole","9":"first","10":"instock","11":"shipping-taxable","12":"product-type-simple"},"_links":{"self":[{"href":"https:\/\/mountlaser.com\/vi\/wp-json\/wp\/v2\/product\/3541","targetHints":{"allow":["GET"]}}],"collection":[{"href":"https:\/\/mountlaser.com\/vi\/wp-json\/wp\/v2\/product"}],"about":[{"href":"https:\/\/mountlaser.com\/vi\/wp-json\/wp\/v2\/types\/product"}],"replies":[{"embeddable":true,"href":"https:\/\/mountlaser.com\/vi\/wp-json\/wp\/v2\/comments?post=3541"}],"wp:featuredmedia":[{"embeddable":true,"href":"https:\/\/mountlaser.com\/vi\/wp-json\/wp\/v2\/media\/3542"}],"wp:attachment":[{"href":"https:\/\/mountlaser.com\/vi\/wp-json\/wp\/v2\/media?parent=3541"}],"wp:term":[{"taxonomy":"product_brand","embeddable":true,"href":"https:\/\/mountlaser.com\/vi\/wp-json\/wp\/v2\/product_brand?post=3541"},{"taxonomy":"product_cat","embeddable":true,"href":"https:\/\/mountlaser.com\/vi\/wp-json\/wp\/v2\/product_cat?post=3541"},{"taxonomy":"product_tag","embeddable":true,"href":"https:\/\/mountlaser.com\/vi\/wp-json\/wp\/v2\/product_tag?post=3541"}],"curies":[{"name":"trang web","href":"https:\/\/api.w.org\/{rel}","templated":true}]}}