{"id":3533,"date":"2025-11-06T06:14:42","date_gmt":"2025-11-06T06:14:42","guid":{"rendered":"https:\/\/mountlaser.com\/?post_type=product&#038;p=3533"},"modified":"2025-11-28T01:22:55","modified_gmt":"2025-11-28T01:22:55","slug":"l8s8-35-aluminum-leveling-staff","status":"publish","type":"product","link":"https:\/\/mountlaser.com\/vi\/san-pham\/l8s8-35-aluminum-leveling-staff\/","title":{"rendered":"Th\u01b0\u1edbc \u0111o \u0111\u1ed9 cao b\u1eb1ng nh\u00f4m L8S8-35"},"content":{"rendered":"<p>C\u00e1i <a href=\"https:\/\/mountlaser.com\/vi\/\"><strong>Th\u01b0\u1edbc \u0111o \u0111\u1ed9 cao b\u1eb1ng nh\u00f4m L8S8-35<\/strong><\/a> \u0110\u00e2y l\u00e0 m\u1ed9t lo\u1ea1i th\u01b0\u1edbc \u0111o \u0111\u1ed9 cao cao c\u1ea5p, b\u1ec1n b\u1ec9, \u0111\u01b0\u1ee3c thi\u1ebft k\u1ebf d\u00e0nh cho c\u00e1c chuy\u00ean gia kh\u1ea3o s\u00e1t c\u1ea7n \u0111\u1ed9 tin c\u1eady v\u00e0 \u0111\u1ed9 ch\u00ednh x\u00e1c trong c\u00f4ng vi\u1ec7c th\u1ef1c \u0111\u1ecba.<\/p>\n<p>C\u00f2n \u0111\u01b0\u1ee3c bi\u1ebft \u0111\u1ebfn v\u1edbi t\u00ean g\u1ecdi th\u01b0\u1edbc \u0111o \u0111\u1ed9 cao b\u1eb1ng nh\u00f4m L8S8-35, d\u1ee5ng c\u1ee5 n\u00e0y \u0111\u01b0\u1ee3c thi\u1ebft k\u1ebf \u0111\u1ec3 \u0111o \u0111\u1ed9 cao ch\u00ednh x\u00e1c v\u00e0 \u0111\u01b0\u1ee3c ch\u1ebf t\u1ea1o \u0111\u1ec3 ch\u1ecbu \u0111\u01b0\u1ee3c s\u1ef1 kh\u1eafc nghi\u1ec7t c\u1ee7a vi\u1ec7c s\u1eed d\u1ee5ng h\u00e0ng ng\u00e0y. M\u1ed9t y\u1ebfu t\u1ed1 quan tr\u1ecdng gi\u00fap s\u1ea3n ph\u1ea9m c\u1ee7a ch\u00fang t\u00f4i c\u00f3 t\u00ednh c\u1ea1nh tranh cao l\u00e0 thi\u1ebft k\u1ebf h\u1ea5p d\u1eabn. <a href=\"https:\/\/mountlaser.com\/vi\/about-us\/\"><strong>Gi\u00e1 th\u01b0\u1edbc \u0111o \u0111\u1ed9 cao<\/strong><\/a>, S\u1ea3n ph\u1ea9m n\u00e0y mang l\u1ea1i gi\u00e1 tr\u1ecb v\u01b0\u1ee3t tr\u1ed9i m\u00e0 kh\u00f4ng \u1ea3nh h\u01b0\u1edfng \u0111\u1ebfn ch\u1ea5t l\u01b0\u1ee3ng. Khi so s\u00e1nh hi\u1ec7u su\u1ea5t v\u1edbi gi\u00e1 th\u00e0nh c\u1ee7a th\u01b0\u1edbc \u0111o \u0111\u1ed9 cao, b\u1ea1n s\u1ebd th\u1ea5y r\u00f5 \u0111\u00e2y l\u00e0 gi\u1ea3i ph\u00e1p ti\u1ebft ki\u1ec7m chi ph\u00ed cho b\u1ed9 d\u1ee5ng c\u1ee5 kh\u1ea3o s\u00e1t c\u1ee7a m\u00ecnh.<\/p>\n<p><img fetchpriority=\"high\" decoding=\"async\" class=\"aligncenter wp-image-3535\" src=\"https:\/\/mountlaser.com\/wp-content\/uploads\/2025\/11\/L8S8-351.webp\" alt=\"Levelling Staff Price\" width=\"500\" height=\"500\" srcset=\"https:\/\/mountlaser.com\/wp-content\/uploads\/2025\/11\/L8S8-351.webp 1000w, https:\/\/mountlaser.com\/wp-content\/uploads\/2025\/11\/L8S8-351-300x300.webp 300w, https:\/\/mountlaser.com\/wp-content\/uploads\/2025\/11\/L8S8-351-400x400.webp 400w, https:\/\/mountlaser.com\/wp-content\/uploads\/2025\/11\/L8S8-351-800x800.webp 800w, https:\/\/mountlaser.com\/wp-content\/uploads\/2025\/11\/L8S8-351-600x600.webp 600w, https:\/\/mountlaser.com\/wp-content\/uploads\/2025\/11\/L8S8-351-150x150.webp 150w, https:\/\/mountlaser.com\/wp-content\/uploads\/2025\/11\/L8S8-351-768x768.webp 768w, https:\/\/mountlaser.com\/wp-content\/uploads\/2025\/11\/L8S8-351-12x12.webp 12w\" sizes=\"(max-width: 500px) 100vw, 500px\" \/><\/p>\n<p><a href=\"https:\/\/mountlaser.com\/vi\/contact-us\/\">Th\u01b0\u1edbc \u0111o \u0111\u1ed9 cao b\u1eb1ng nh\u00f4m L8S8-35<\/a> S\u1ea3n ph\u1ea9m c\u00f3 th\u00e2n d\u1ea1ng \u1ed1ng l\u1ed3ng nhi\u1ec1u \u0111o\u1ea1n, c\u00f3 th\u1ec3 thu g\u1ecdn th\u00e0nh m\u1ed9t kh\u1ed1i nh\u1ecf g\u1ecdn, d\u1ec5 v\u1eadn chuy\u1ec3n. C\u00e1c m\u1eabu c\u1ee5 th\u1ec3 nh\u01b0 lo\u1ea1i 3m\/5 \u0111o\u1ea1n \u0111\u01b0\u1ee3c s\u1ea3n xu\u1ea5t \u0111\u1ec3 t\u1ed1i \u01b0u h\u00f3a t\u00ednh di \u0111\u1ed9ng.<\/p>","protected":false},"excerpt":{"rendered":"<ul>\n<li>Ch\u00fang t\u00f4i h\u1ed7 tr\u1ee3 c\u00e1c chi\u1ec1u d\u00e0i v\u00e0 t\u1ef7 l\u1ec7 t\u00f9y ch\u1ec9nh \u0111\u1ec3 \u0111\u00e1p \u1ee9ng c\u00e1c y\u00eau c\u1ea7u ri\u00eang bi\u1ec7t c\u1ee7a d\u1ef1 \u00e1n c\u1ee5 th\u1ec3 c\u1ee7a b\u1ea1n, \u0111\u1ea3m b\u1ea3o b\u1ea1n nh\u1eadn \u0111\u01b0\u1ee3c c\u00f4ng c\u1ee5 ch\u00ednh x\u00e1c m\u00e0 b\u1ea1n c\u1ea7n.<\/li>\n<li>Th\u01b0\u1edbc c\u00f3 c\u00e1c v\u1ea1ch chia ch\u00ednh x\u00e1c, ch\u1ed1ng m\u00e0i m\u00f2n, gi\u00fap \u0111\u1ecdc d\u1ec5 d\u00e0ng v\u00e0 \u0111\u00e1ng tin c\u1eady v\u1edbi c\u1ea3 th\u01b0\u1edbc th\u1ee7y quang h\u1ecdc v\u00e0 th\u01b0\u1edbc th\u1ee7y k\u1ef9 thu\u1eadt s\u1ed1.<\/li>\n<li>M\u1ed7i ph\u1ea7n \u0111\u1ec1u c\u00f3 c\u01a1 ch\u1ebf kh\u00f3a ch\u1eafc ch\u1eafn \u0111\u1ec3 \u0111\u1ea3m b\u1ea3o s\u1ef1 \u1ed5n \u0111\u1ecbnh trong qu\u00e1 tr\u00ecnh \u0111o, ng\u0103n ng\u1eeba tr\u01b0\u1ee3t v\u00e0 duy tr\u00ec t\u00ednh to\u00e0n v\u1eb9n c\u1ee7a d\u1eef li\u1ec7u.<\/li>\n<\/ul>","protected":false},"featured_media":3540,"comment_status":"open","ping_status":"closed","template":"","meta":[],"product_brand":[],"product_cat":[90],"product_tag":[],"class_list":{"0":"post-3533","1":"product","2":"type-product","3":"status-publish","4":"has-post-thumbnail","6":"product_cat-leveling-staff","8":"first","9":"instock","10":"shipping-taxable","11":"product-type-simple"},"_links":{"self":[{"href":"https:\/\/mountlaser.com\/vi\/wp-json\/wp\/v2\/product\/3533","targetHints":{"allow":["GET"]}}],"collection":[{"href":"https:\/\/mountlaser.com\/vi\/wp-json\/wp\/v2\/product"}],"about":[{"href":"https:\/\/mountlaser.com\/vi\/wp-json\/wp\/v2\/types\/product"}],"replies":[{"embeddable":true,"href":"https:\/\/mountlaser.com\/vi\/wp-json\/wp\/v2\/comments?post=3533"}],"wp:featuredmedia":[{"embeddable":true,"href":"https:\/\/mountlaser.com\/vi\/wp-json\/wp\/v2\/media\/3540"}],"wp:attachment":[{"href":"https:\/\/mountlaser.com\/vi\/wp-json\/wp\/v2\/media?parent=3533"}],"wp:term":[{"taxonomy":"product_brand","embeddable":true,"href":"https:\/\/mountlaser.com\/vi\/wp-json\/wp\/v2\/product_brand?post=3533"},{"taxonomy":"product_cat","embeddable":true,"href":"https:\/\/mountlaser.com\/vi\/wp-json\/wp\/v2\/product_cat?post=3533"},{"taxonomy":"product_tag","embeddable":true,"href":"https:\/\/mountlaser.com\/vi\/wp-json\/wp\/v2\/product_tag?post=3533"}],"curies":[{"name":"trang web","href":"https:\/\/api.w.org\/{rel}","templated":true}]}}