{"id":3516,"date":"2025-11-06T05:53:55","date_gmt":"2025-11-06T05:53:55","guid":{"rendered":"https:\/\/mountlaser.com\/?post_type=product&#038;p=3516"},"modified":"2025-11-28T01:29:21","modified_gmt":"2025-11-28T01:29:21","slug":"l3s3-235-aluminum-leveling-staff","status":"publish","type":"product","link":"https:\/\/mountlaser.com\/vi\/san-pham\/l3s3-235-aluminum-leveling-staff\/","title":{"rendered":"Th\u01b0\u1edbc \u0111o \u0111\u1ed9 cao b\u1eb1ng nh\u00f4m L3S3-235"},"content":{"rendered":"<p>C\u00e1i <a href=\"https:\/\/mountlaser.com\/vi\/\"><strong>Th\u01b0\u1edbc \u0111o \u0111\u1ed9 cao b\u1eb1ng nh\u00f4m L3S3-235<\/strong><\/a> \u0110\u00e2y l\u00e0 m\u1ed9t c\u00f4ng c\u1ee5 \u0111\u01b0\u1ee3c thi\u1ebft k\u1ebf ch\u00ednh x\u00e1c d\u00e0nh cho c\u00e1c nh\u00e0 kh\u1ea3o s\u00e1t v\u00e0 chuy\u00ean gia x\u00e2y d\u1ef1ng, nh\u1eefng ng\u01b0\u1eddi \u0111\u00f2i h\u1ecfi \u0111\u1ed9 tin c\u1eady v\u00e0 hi\u1ec7u qu\u1ea3 t\u1ea1i c\u00f4ng tr\u01b0\u1eddng. L\u00e0 m\u1ed9t th\u01b0\u1edbc \u0111o \u0111\u1ed9 cao b\u1eb1ng nh\u00f4m d\u1ea1ng \u1ed1ng l\u1ed3ng ch\u1eafc ch\u1eafn, n\u00f3 \u0111\u01b0\u1ee3c ch\u1ebf t\u1ea1o \u0111\u1ec3 cung c\u1ea5p c\u00e1c ph\u00e9p \u0111o ch\u00eanh l\u1ec7ch \u0111\u1ed9 cao ch\u00ednh x\u00e1c trong nhi\u1ec1u \u1ee9ng d\u1ee5ng \u0111o \u0111\u1ed9 cao kh\u00e1c nhau. \u0110\u01b0\u1ee3c ch\u1ebf t\u1ea1o t\u1eeb nh\u00f4m nh\u1eb9 ch\u1ea5t l\u01b0\u1ee3ng cao, th\u01b0\u1edbc \u0111o n\u00e0y mang l\u1ea1i s\u1ef1 c\u00e2n b\u1eb1ng tuy\u1ec7t v\u1eddi gi\u1eefa \u0111\u1ed9 b\u1ec1n v\u00e0 t\u00ednh di \u0111\u1ed9ng, khi\u1ebfn n\u00f3 tr\u1edf th\u00e0nh m\u1ed9t t\u00e0i s\u1ea3n kh\u00f4ng th\u1ec3 thi\u1ebfu trong b\u1ea5t k\u1ef3 b\u1ed9 d\u1ee5ng c\u1ee5 kh\u1ea3o s\u00e1t n\u00e0o.<\/p>\n<p>D\u00f9 b\u1ea1n \u0111ang l\u00e0m vi\u1ec7c tr\u00ean b\u1ea3n v\u1ebd b\u1ed1 tr\u00ed c\u00f4ng tr\u00ecnh, l\u1eadp b\u1ea3n \u0111\u1ed3 \u0111\u1ecba h\u00ecnh hay ph\u00e1t tri\u1ec3n c\u01a1 s\u1edf h\u1ea1 t\u1ea7ng, th\u01b0\u1edbc th\u1ee7y nh\u00f4m L3S3-235 \u0111\u1ec1u \u0111\u1ea3m b\u1ea3o hi\u1ec7u su\u1ea5t \u1ed5n \u0111\u1ecbnh. Thi\u1ebft k\u1ebf d\u1ea1ng \u1ed1ng l\u1ed3ng cho ph\u00e9p k\u00e9o d\u00e0i v\u00e0 thu g\u1ecdn nhanh ch\u00f3ng, d\u1ec5 d\u00e0ng, gi\u00fap thao t\u00e1c li\u1ec1n m\u1ea1ch v\u00e0 gi\u1ea3m th\u1eddi gian thi\u1ebft l\u1eadp.<\/p>\n<p><img fetchpriority=\"high\" decoding=\"async\" class=\"aligncenter wp-image-3520\" src=\"https:\/\/mountlaser.com\/wp-content\/uploads\/2025\/11\/L3S3-2354.webp\" alt=\"Telescopic Aluminum Surveying Leveling Staff\" width=\"500\" height=\"500\" srcset=\"https:\/\/mountlaser.com\/wp-content\/uploads\/2025\/11\/L3S3-2354.webp 1000w, https:\/\/mountlaser.com\/wp-content\/uploads\/2025\/11\/L3S3-2354-300x300.webp 300w, https:\/\/mountlaser.com\/wp-content\/uploads\/2025\/11\/L3S3-2354-400x400.webp 400w, https:\/\/mountlaser.com\/wp-content\/uploads\/2025\/11\/L3S3-2354-800x800.webp 800w, https:\/\/mountlaser.com\/wp-content\/uploads\/2025\/11\/L3S3-2354-600x600.webp 600w, https:\/\/mountlaser.com\/wp-content\/uploads\/2025\/11\/L3S3-2354-150x150.webp 150w, https:\/\/mountlaser.com\/wp-content\/uploads\/2025\/11\/L3S3-2354-768x768.webp 768w, https:\/\/mountlaser.com\/wp-content\/uploads\/2025\/11\/L3S3-2354-12x12.webp 12w\" sizes=\"(max-width: 500px) 100vw, 500px\" \/><\/p>\n<p>M\u1eabu n\u00e0y l\u00e0 m\u1ed9t ph\u1ea7n trong d\u00f2ng s\u1ea3n ph\u1ea9m n\u1ed5i ti\u1ebfng c\u1ee7a ch\u00fang t\u00f4i. <a href=\"https:\/\/mountlaser.com\/vi\/about-us\/\"><strong>Th\u01b0\u1edbc \u0111o \u0111\u1ed9 cao b\u1eb1ng nh\u00f4m d\u1ea1ng \u1ed1ng l\u1ed3ng<\/strong><\/a> c\u00e1c thi\u1ebft b\u1ecb n\u00e0y n\u1ed5i ti\u1ebfng v\u1ec1 \u0111\u1ed9 b\u1ec1n v\u00e0 \u0111\u1ed9 ch\u00ednh x\u00e1c trong m\u00f4i tr\u01b0\u1eddng kh\u1eafc nghi\u1ec7t.<\/p>\n<p>Ch\u00fang t\u00f4i cung c\u1ea5p c\u00e1c m\u1eabu nh\u1ecf g\u1ecdn nh\u01b0 lo\u1ea1i 2,3m\/5 \u0111o\u1ea1n \u0111\u1ec3 d\u1ec5 d\u00e0ng di chuy\u1ec3n. H\u01a1n n\u1eefa, ch\u00fang t\u00f4i h\u1ed7 tr\u1ee3 c\u00e1c chi\u1ec1u d\u00e0i v\u00e0 t\u1ef7 l\u1ec7 t\u00f9y ch\u1ec9nh \u0111\u1ec3 \u0111\u00e1p \u1ee9ng c\u00e1c y\u00eau c\u1ea7u c\u1ee5 th\u1ec3 c\u1ee7a d\u1ef1 \u00e1n.<\/p>","protected":false},"excerpt":{"rendered":"<ul>\n<li>C\u00f3 c\u00e1c v\u1ea1ch chia r\u00f5 r\u00e0ng, ch\u00ednh x\u00e1c v\u00e0 ch\u1ed1ng m\u00e0i m\u00f2n.<\/li>\n<li>\u0110\u00e2y l\u00e0 nh\u1eefng y\u1ebfu t\u1ed1 thi\u1ebft y\u1ebfu \u0111\u1ec3 c\u00f3 \u0111\u01b0\u1ee3c c\u00e1c ph\u00e9p \u0111o ch\u00ednh x\u00e1c b\u1eb1ng th\u01b0\u1edbc th\u1ee7y quang h\u1ecdc ho\u1eb7c k\u1ef9 thu\u1eadt s\u1ed1.<\/li>\n<li>M\u1ed7i \u0111o\u1ea1n \u1ed1ng l\u1ed3ng \u0111\u1ec1u \u0111\u01b0\u1ee3c trang b\u1ecb c\u01a1 ch\u1ebf kh\u00f3a ch\u1eafc ch\u1eafn \u0111\u1ec3 ng\u0103n ng\u1eeba tr\u01b0\u1ee3t trong qu\u00e1 tr\u00ecnh s\u1eed d\u1ee5ng, \u0111\u1ea3m b\u1ea3o t\u00ednh \u1ed5n \u0111\u1ecbnh v\u00e0 \u0111\u1ed9 ch\u00ednh x\u00e1c c\u1ee7a ph\u00e9p \u0111o.<\/li>\n<\/ul>","protected":false},"featured_media":3517,"comment_status":"open","ping_status":"closed","template":"","meta":[],"product_brand":[],"product_cat":[90],"product_tag":[],"class_list":{"0":"post-3516","1":"product","2":"type-product","3":"status-publish","4":"has-post-thumbnail","6":"product_cat-leveling-staff","8":"first","9":"instock","10":"shipping-taxable","11":"product-type-simple"},"_links":{"self":[{"href":"https:\/\/mountlaser.com\/vi\/wp-json\/wp\/v2\/product\/3516","targetHints":{"allow":["GET"]}}],"collection":[{"href":"https:\/\/mountlaser.com\/vi\/wp-json\/wp\/v2\/product"}],"about":[{"href":"https:\/\/mountlaser.com\/vi\/wp-json\/wp\/v2\/types\/product"}],"replies":[{"embeddable":true,"href":"https:\/\/mountlaser.com\/vi\/wp-json\/wp\/v2\/comments?post=3516"}],"wp:featuredmedia":[{"embeddable":true,"href":"https:\/\/mountlaser.com\/vi\/wp-json\/wp\/v2\/media\/3517"}],"wp:attachment":[{"href":"https:\/\/mountlaser.com\/vi\/wp-json\/wp\/v2\/media?parent=3516"}],"wp:term":[{"taxonomy":"product_brand","embeddable":true,"href":"https:\/\/mountlaser.com\/vi\/wp-json\/wp\/v2\/product_brand?post=3516"},{"taxonomy":"product_cat","embeddable":true,"href":"https:\/\/mountlaser.com\/vi\/wp-json\/wp\/v2\/product_cat?post=3516"},{"taxonomy":"product_tag","embeddable":true,"href":"https:\/\/mountlaser.com\/vi\/wp-json\/wp\/v2\/product_tag?post=3516"}],"curies":[{"name":"trang web","href":"https:\/\/api.w.org\/{rel}","templated":true}]}}