{"id":3515,"date":"2025-11-06T06:00:09","date_gmt":"2025-11-06T06:00:09","guid":{"rendered":"https:\/\/mountlaser.com\/?post_type=product&#038;p=3515"},"modified":"2025-11-28T01:27:16","modified_gmt":"2025-11-28T01:27:16","slug":"sp067-sliding-prism-with-pole","status":"publish","type":"product","link":"https:\/\/mountlaser.com\/vi\/san-pham\/sp067-sliding-prism-with-pole\/","title":{"rendered":"L\u0103ng k\u00ednh tr\u01b0\u1ee3t SP067 c\u00f3 c\u1ed9t"},"content":{"rendered":"<p>L\u0103ng k\u00ednh tr\u01b0\u1ee3t SP067 k\u00e8m c\u00e1n l\u00e0 s\u1ea3n ph\u1ea9m chuy\u00ean nghi\u1ec7p. <a href=\"https:\/\/mountlaser.com\/vi\/\"><strong>H\u1ec7 th\u1ed1ng c\u1ed9t tr\u01b0\u1ee3t Mini Prism<\/strong><\/a> \u0110\u01b0\u1ee3c thi\u1ebft k\u1ebf cho c\u00e1c \u1ee9ng d\u1ee5ng kh\u1ea3o s\u00e1t v\u00e0 gi\u00e1m s\u00e1t \u0111\u1ed9 ch\u00ednh x\u00e1c cao. \u0110\u01b0\u1ee3c thi\u1ebft k\u1ebf v\u1edbi \u0111\u1ed9 b\u1ec1n, kh\u1ea3 n\u0103ng \u0111i\u1ec1u ch\u1ec9nh v\u00e0 t\u00ednh di \u0111\u1ed9ng, b\u1ed9 d\u1ee5ng c\u1ee5 \u0111\u1ecbnh v\u1ecb \u0111i\u1ec3m Mini Prism n\u00e0y cung c\u1ea5p \u0111\u1ed9 ch\u00ednh x\u00e1c \u0111\u00e1ng tin c\u1eady cho c\u00e1c nhi\u1ec7m v\u1ee5 \u0111\u1ecbnh v\u1ecb, c\u0103n ch\u1ec9nh v\u00e0 gi\u00e1m s\u00e1t trong c\u1ea3 m\u00f4i tr\u01b0\u1eddng hi\u1ec7n tr\u01b0\u1eddng v\u00e0 c\u00f4ng tr\u01b0\u1eddng x\u00e2y d\u1ef1ng.<\/p>\n<p>V\u1edbi l\u0103ng k\u00ednh m\u1ea1 b\u1ea1c 25,4 mm, h\u1ec7 th\u1ed1ng c\u1ed9t tr\u01b0\u1ee3t l\u0103ng k\u00ednh mini \u0111\u1ea3m b\u1ea3o kh\u1ea3 n\u0103ng ph\u1ea3n x\u1ea1 tuy\u1ec7t v\u1eddi v\u00e0 t\u00edn hi\u1ec7u \u1ed5n \u0111\u1ecbnh ngay c\u1ea3 trong \u0111i\u1ec1u ki\u1ec7n kh\u00f3 kh\u0103n. \u0110\u1ed9 l\u1ec7ch l\u0103ng k\u00ednh 0 \/ -30 mm mang l\u1ea1i s\u1ef1 linh ho\u1ea1t \u0111\u1ec3 ph\u00f9 h\u1ee3p v\u1edbi nhi\u1ec1u thi\u1ebft l\u1eadp kh\u1ea3o s\u00e1t kh\u00e1c nhau. V\u1ecf b\u1eb1ng nh\u00f4m anod h\u00f3a kh\u00f4ng ch\u1ee9a s\u1eaft \u0111\u1ea3m b\u1ea3o hi\u1ec7u su\u1ea5t l\u00e2u d\u00e0i v\u00e0 kh\u1ea3 n\u0103ng ch\u1ed1ng \u0103n m\u00f2n.<\/p>\n<p>C\u00e1i <a href=\"https:\/\/mountlaser.com\/vi\/about-us\/\"><strong>B\u1ed9 d\u1ee5ng c\u1ee5 \u0111\u1eb7t b\u1eaby Mini Prism<\/strong><\/a> S\u1ea3n ph\u1ea9m bao g\u1ed3m h\u1ec7 th\u1ed1ng kh\u00f3a ph\u00eda sau \u0111\u1ec3 \u0111i\u1ec1u ch\u1ec9nh chi\u1ec1u cao ch\u00ednh x\u00e1c, trong khi hai \u0111\u1ea7u c\u00f4n b\u00ean h\u00f4ng ho\u1ea1t \u0111\u1ed9ng nh\u01b0 m\u1ed9t c\u01a1 ch\u1ebf kh\u00f3a k\u00e9p\u2014m\u1ed9t cho chi\u1ec1u cao, m\u1ed9t cho \u0111\u1ed9 nghi\u00eang\u2014\u0111\u1ea3m b\u1ea3o c\u00e1c ph\u00e9p \u0111o \u1ed5n \u0111\u1ecbnh v\u00e0 ch\u00ednh x\u00e1c. V\u1edbi th\u01b0\u1edbc th\u1ee7y \u1edf c\u1ea3 ph\u00eda tr\u00ean v\u00e0 ph\u00eda d\u01b0\u1edbi, ng\u01b0\u1eddi d\u00f9ng c\u00f3 th\u1ec3 d\u1ec5 d\u00e0ng \u0111\u1ea1t \u0111\u01b0\u1ee3c s\u1ef1 th\u1eb3ng \u0111\u1ee9ng ho\u00e0n h\u1ea3o trong qu\u00e1 tr\u00ecnh thi\u1ebft l\u1eadp.<\/p>\n<p><img fetchpriority=\"high\" decoding=\"async\" class=\"aligncenter wp-image-3530\" src=\"https:\/\/mountlaser.com\/wp-content\/uploads\/2025\/11\/6-5SP0677.webp\" alt=\"SP067 Mini Prism Sliding Pole System\" width=\"500\" height=\"500\" srcset=\"https:\/\/mountlaser.com\/wp-content\/uploads\/2025\/11\/6-5SP0677.webp 1000w, https:\/\/mountlaser.com\/wp-content\/uploads\/2025\/11\/6-5SP0677-300x300.webp 300w, https:\/\/mountlaser.com\/wp-content\/uploads\/2025\/11\/6-5SP0677-400x400.webp 400w, https:\/\/mountlaser.com\/wp-content\/uploads\/2025\/11\/6-5SP0677-800x800.webp 800w, https:\/\/mountlaser.com\/wp-content\/uploads\/2025\/11\/6-5SP0677-600x600.webp 600w, https:\/\/mountlaser.com\/wp-content\/uploads\/2025\/11\/6-5SP0677-150x150.webp 150w, https:\/\/mountlaser.com\/wp-content\/uploads\/2025\/11\/6-5SP0677-768x768.webp 768w, https:\/\/mountlaser.com\/wp-content\/uploads\/2025\/11\/6-5SP0677-12x12.webp 12w\" sizes=\"(max-width: 500px) 100vw, 500px\" \/><\/p>\n<p>C\u1ed9t nh\u00f4m b\u1ed1n \u0111o\u1ea1n \u0111i k\u00e8m (300 mm \u00d7 4) c\u00f3 th\u1ec3 k\u00e9o d\u00e0i \u0111\u1ebfn 1,2 m v\u00e0 \u0111\u01b0\u1ee3c k\u1ebft n\u1ed1i b\u1eb1ng ren 1\/4\u2033-20, mang l\u1ea1i \u0111\u1ed9 b\u1ec1n nh\u1eb9 v\u00e0 l\u1eafp r\u00e1p nhanh ch\u00f3ng. B\u1ed9 chuy\u1ec3n \u0111\u1ed5i v\u1edbi ren 5\/8\u2033-11 t\u0103ng c\u01b0\u1eddng kh\u1ea3 n\u0103ng t\u01b0\u01a1ng th\u00edch v\u1edbi h\u1ea7u h\u1ebft c\u00e1c c\u1ed9t l\u0103ng k\u00ednh v\u00e0 ch\u00e2n \u0111\u1ebf ba ch\u00e2n. \u0110\u01b0\u1ee3c \u0111\u00f3ng g\u00f3i trong t\u00fai \u0111\u1ef1ng m\u1ec1m, <a href=\"https:\/\/mountlaser.com\/vi\/contact-us\/\">L\u0103ng k\u00ednh tr\u01b0\u1ee3t SP067 c\u00f3 c\u1ed9t<\/a> \u0110\u00e2y l\u00e0 m\u1ed9t h\u1ec7 th\u1ed1ng c\u1ed9t tr\u01b0\u1ee3t Mini Prism ho\u00e0n ch\u1ec9nh, s\u1eb5n s\u00e0ng cho m\u1ee5c \u0111\u00edch s\u1eed d\u1ee5ng chuy\u00ean nghi\u1ec7p.<\/p>","protected":false},"excerpt":{"rendered":"<ul>\n<li>D\u00f9ng \u0111\u1ec3 \u0111\u1ecbnh v\u1ecb v\u00e0 c\u0103n ch\u1ec9nh v\u1edbi \u0111\u1ed9 ch\u00ednh x\u00e1c cao.<\/li>\n<li>V\u1ecf b\u1eb1ng nh\u00f4m anot h\u00f3a kh\u00f4ng ch\u1ee9a s\u1eaft cho \u0111\u1ed9 b\u1ec1n v\u01b0\u1ee3t tr\u1ed9i<\/li>\n<li>H\u1ec7 th\u1ed1ng kh\u00f3a ph\u00eda sau \u0111\u1ec3 \u0111i\u1ec1u ch\u1ec9nh \u0111\u1ed9 cao v\u00e0 c\u00e1c ch\u1ed1t kh\u00f3a k\u00e9p gi\u00fap t\u0103ng \u0111\u1ed9 \u1ed5n \u0111\u1ecbnh.<\/li>\n<li>Th\u01b0\u1edbc th\u1ee7y (tr\u00ean v\u00e0 d\u01b0\u1edbi) \u0111\u1ea3m b\u1ea3o \u0111\u1ecbnh v\u1ecb th\u1eb3ng \u0111\u1ee9ng ch\u00ednh x\u00e1c.<\/li>\n<li>\u0110\u01b0\u1ee3c cung c\u1ea5p k\u00e8m theo m\u1ed9t t\u00fai \u0111\u1ef1ng m\u1ec1m \u0111\u1ec3 b\u1ea3o v\u1ec7 v\u00e0 d\u1ec5 d\u00e0ng mang theo.<\/li>\n<\/ul>","protected":false},"featured_media":3524,"comment_status":"open","ping_status":"closed","template":"","meta":[],"product_brand":[],"product_cat":[72,114],"product_tag":[],"class_list":{"0":"post-3515","1":"product","2":"type-product","3":"status-publish","4":"has-post-thumbnail","6":"product_cat-reflective-target-prism","7":"product_cat-mini-prism-with-pole","9":"first","10":"instock","11":"shipping-taxable","12":"product-type-simple"},"_links":{"self":[{"href":"https:\/\/mountlaser.com\/vi\/wp-json\/wp\/v2\/product\/3515","targetHints":{"allow":["GET"]}}],"collection":[{"href":"https:\/\/mountlaser.com\/vi\/wp-json\/wp\/v2\/product"}],"about":[{"href":"https:\/\/mountlaser.com\/vi\/wp-json\/wp\/v2\/types\/product"}],"replies":[{"embeddable":true,"href":"https:\/\/mountlaser.com\/vi\/wp-json\/wp\/v2\/comments?post=3515"}],"wp:featuredmedia":[{"embeddable":true,"href":"https:\/\/mountlaser.com\/vi\/wp-json\/wp\/v2\/media\/3524"}],"wp:attachment":[{"href":"https:\/\/mountlaser.com\/vi\/wp-json\/wp\/v2\/media?parent=3515"}],"wp:term":[{"taxonomy":"product_brand","embeddable":true,"href":"https:\/\/mountlaser.com\/vi\/wp-json\/wp\/v2\/product_brand?post=3515"},{"taxonomy":"product_cat","embeddable":true,"href":"https:\/\/mountlaser.com\/vi\/wp-json\/wp\/v2\/product_cat?post=3515"},{"taxonomy":"product_tag","embeddable":true,"href":"https:\/\/mountlaser.com\/vi\/wp-json\/wp\/v2\/product_tag?post=3515"}],"curies":[{"name":"trang web","href":"https:\/\/api.w.org\/{rel}","templated":true}]}}