{"id":3505,"date":"2025-11-06T05:25:00","date_gmt":"2025-11-06T05:25:00","guid":{"rendered":"https:\/\/mountlaser.com\/?post_type=product&#038;p=3505"},"modified":"2025-11-28T01:32:28","modified_gmt":"2025-11-28T01:32:28","slug":"sp066-mini-prism-with-pole","status":"publish","type":"product","link":"https:\/\/mountlaser.com\/vi\/san-pham\/sp066-mini-prism-with-pole\/","title":{"rendered":"SP066 L\u0103ng k\u00ednh mini k\u00e8m c\u00e1n"},"content":{"rendered":"<p><!--StartFragment --><\/p>\n<p>B\u1ed9 l\u0103ng k\u00ednh tr\u01b0\u1ee3t mini SP066 k\u00e8m c\u1ed9t l\u00e0 m\u1ed9t thi\u1ebft b\u1ecb l\u0103ng k\u00ednh tr\u01b0\u1ee3t mini \u0111\u1ed9 ch\u00ednh x\u00e1c cao \u0111\u01b0\u1ee3c thi\u1ebft k\u1ebf \u0111\u1ec3 c\u0103n ch\u1ec9nh g\u00f3c ch\u00ednh x\u00e1c v\u00e0 kh\u1ea3o s\u00e1t hi\u1ec7n tr\u01b0\u1eddng. \u0110\u01b0\u1ee3c ch\u1ebf t\u1ea1o \u0111\u1ec3 linh ho\u1ea1t v\u00e0 ch\u00ednh x\u00e1c, thi\u1ebft b\u1ecb n\u00e0y... <a href=\"https:\/\/mountlaser.com\/vi\/\"><strong>B\u1ed9 l\u0103ng k\u00ednh tr\u01b0\u1ee3t v\u00e0 c\u1ed9t ph\u00e2n \u0111o\u1ea1n<\/strong><\/a> Cung c\u1ea5p cho c\u00e1c nh\u00e0 kh\u1ea3o s\u00e1t m\u1ed9t c\u00f4ng c\u1ee5 quang h\u1ecdc nh\u1ecf g\u1ecdn nh\u01b0ng m\u1ea1nh m\u1ebd, ph\u00f9 h\u1ee3p v\u1edbi nhi\u1ec1u \u0111i\u1ec1u ki\u1ec7n \u0111\u1ecba \u0111i\u1ec3m kh\u00e1c nhau.<\/p>\n<p>C\u00e1i n\u00e0y <a href=\"https:\/\/mountlaser.com\/vi\/about-us\/\"><strong>B\u1ed9 l\u1eafp r\u00e1p l\u0103ng k\u00ednh tr\u01b0\u1ee3t mini<\/strong><\/a> S\u1ea3n ph\u1ea9m n\u00e0y c\u00f3 l\u0103ng k\u00ednh m\u1ea1 b\u1ea1c 38,1 mm, mang l\u1ea1i kh\u1ea3 n\u0103ng ph\u1ea3n x\u1ea1 tuy\u1ec7t v\u1eddi v\u00e0 t\u00edn hi\u1ec7u \u1ed5n \u0111\u1ecbnh ngay c\u1ea3 trong m\u00f4i tr\u01b0\u1eddng kh\u1eafc nghi\u1ec7t. B\u1ed9 l\u1eafp r\u00e1p l\u0103ng k\u00ednh tr\u01b0\u1ee3t mini bao g\u1ed3m \u0111\u1ed9 l\u1ec7ch \u0111i\u1ec1u ch\u1ec9nh \u0111\u01b0\u1ee3c t\u1eeb 0 \u0111\u1ebfn 30 mm, cho ph\u00e9p thi\u1ebft l\u1eadp \u0111o l\u01b0\u1eddng linh ho\u1ea1t. \u0110\u01b0\u1ee3c trang b\u1ecb b\u1ed9 chuy\u1ec3n \u0111\u1ed5i g\u00f3c, s\u1ea3n ph\u1ea9m \u0111\u1ea3m b\u1ea3o c\u0103n ch\u1ec9nh ho\u00e0n h\u1ea3o khi s\u1eed d\u1ee5ng cho c\u00e1c t\u00e1c v\u1ee5 gi\u00e1m s\u00e1t c\u1ea1nh ho\u1eb7c t\u01b0\u1eddng.<\/p>\n<p><img fetchpriority=\"high\" decoding=\"async\" class=\"aligncenter wp-image-3509\" src=\"https:\/\/mountlaser.com\/wp-content\/uploads\/2025\/11\/SP0664.webp\" alt=\"SP066 Mini Sliding Prism Assembly\" width=\"500\" height=\"500\" srcset=\"https:\/\/mountlaser.com\/wp-content\/uploads\/2025\/11\/SP0664.webp 1000w, https:\/\/mountlaser.com\/wp-content\/uploads\/2025\/11\/SP0664-300x300.webp 300w, https:\/\/mountlaser.com\/wp-content\/uploads\/2025\/11\/SP0664-400x400.webp 400w, https:\/\/mountlaser.com\/wp-content\/uploads\/2025\/11\/SP0664-800x800.webp 800w, https:\/\/mountlaser.com\/wp-content\/uploads\/2025\/11\/SP0664-600x600.webp 600w, https:\/\/mountlaser.com\/wp-content\/uploads\/2025\/11\/SP0664-150x150.webp 150w, https:\/\/mountlaser.com\/wp-content\/uploads\/2025\/11\/SP0664-768x768.webp 768w, https:\/\/mountlaser.com\/wp-content\/uploads\/2025\/11\/SP0664-12x12.webp 12w\" sizes=\"(max-width: 500px) 100vw, 500px\" \/><\/p>\n<p>C\u00e1i <a href=\"https:\/\/mountlaser.com\/vi\/contact-us\/\">c\u1ed9t ghim b\u1eb1ng nh\u00f4m b\u1ec1n<\/a> C\u00f3 ren 1\/4\u2033-20 v\u00e0 c\u00f3 th\u1ec3 k\u00e9o d\u00e0i \u0111\u1ebfn 1,5 m nh\u1edd thi\u1ebft k\u1ebf d\u1ea1ng \u1ed1ng l\u1ed3ng n\u0103m \u0111o\u1ea1n, mang l\u1ea1i c\u1ea3 t\u00ednh di \u0111\u1ed9ng v\u00e0 \u0111\u1ed9 \u1ed5n \u0111\u1ecbnh. B\u1ed9 chuy\u1ec3n \u0111\u1ed5i tay c\u1ea7m gi\u00fap d\u1ec5 s\u1eed d\u1ee5ng h\u01a1n trong qu\u00e1 tr\u00ecnh thi\u1ebft l\u1eadp v\u00e0 v\u1eadn chuy\u1ec3n. B\u1ed9 d\u1ee5ng c\u1ee5 l\u0103ng k\u00ednh tr\u01b0\u1ee3t v\u00e0 c\u1ed9t ph\u00e2n \u0111o\u1ea1n ho\u00e0n ch\u1ec9nh n\u00e0y bao g\u1ed3m t\u1ea5t c\u1ea3 c\u00e1c th\u00e0nh ph\u1ea7n c\u1ea7n thi\u1ebft \u0111\u1ec3 v\u1eadn h\u00e0nh hi\u1ec7u qu\u1ea3 ngo\u00e0i hi\u1ec7n tr\u01b0\u1eddng v\u00e0 t\u01b0\u01a1ng th\u00edch v\u1edbi c\u00e1c h\u1ec7 th\u1ed1ng to\u00e0n \u0111\u1ea1c \u0111i\u1ec7n t\u1eed ti\u00eau chu\u1ea9n.<\/p>","protected":false},"excerpt":{"rendered":"<ul>\n<li>B\u1ed9 chuy\u1ec3n \u0111\u1ed5i g\u00f3c \u0111\u1ec3 c\u0103n ch\u1ec9nh g\u00f3c ho\u1eb7c c\u1ea1nh ch\u00ednh x\u00e1c.<\/li>\n<li>B\u1ed9 l\u0103ng k\u00ednh tr\u01b0\u1ee3t v\u00e0 c\u1ed9t l\u1eafp gh\u00e9p g\u1ed3m 5 \u0111o\u1ea1n b\u1eb1ng nh\u00f4m.<\/li>\n<li>C\u1ea5u t\u1ea1o nh\u1eb9, b\u1eb1ng nh\u00f4m anod h\u00f3a v\u1edbi b\u1ed9 ph\u1eadn tay c\u1ea7m \u0111\u1ec3 d\u1ec5 d\u00e0ng c\u1ea7m n\u1eafm.<\/li>\n<li>\u0110\u01b0\u1ee3c \u0111\u1ef1ng trong t\u00fai m\u1ec1m \u0111\u1ec3 b\u1ea3o v\u1ec7 v\u00e0 d\u1ec5 d\u00e0ng mang theo.<\/li>\n<\/ul>","protected":false},"featured_media":3506,"comment_status":"open","ping_status":"closed","template":"","meta":[],"product_brand":[],"product_cat":[72,114],"product_tag":[],"class_list":{"0":"post-3505","1":"product","2":"type-product","3":"status-publish","4":"has-post-thumbnail","6":"product_cat-reflective-target-prism","7":"product_cat-mini-prism-with-pole","9":"first","10":"instock","11":"shipping-taxable","12":"product-type-simple"},"_links":{"self":[{"href":"https:\/\/mountlaser.com\/vi\/wp-json\/wp\/v2\/product\/3505","targetHints":{"allow":["GET"]}}],"collection":[{"href":"https:\/\/mountlaser.com\/vi\/wp-json\/wp\/v2\/product"}],"about":[{"href":"https:\/\/mountlaser.com\/vi\/wp-json\/wp\/v2\/types\/product"}],"replies":[{"embeddable":true,"href":"https:\/\/mountlaser.com\/vi\/wp-json\/wp\/v2\/comments?post=3505"}],"wp:featuredmedia":[{"embeddable":true,"href":"https:\/\/mountlaser.com\/vi\/wp-json\/wp\/v2\/media\/3506"}],"wp:attachment":[{"href":"https:\/\/mountlaser.com\/vi\/wp-json\/wp\/v2\/media?parent=3505"}],"wp:term":[{"taxonomy":"product_brand","embeddable":true,"href":"https:\/\/mountlaser.com\/vi\/wp-json\/wp\/v2\/product_brand?post=3505"},{"taxonomy":"product_cat","embeddable":true,"href":"https:\/\/mountlaser.com\/vi\/wp-json\/wp\/v2\/product_cat?post=3505"},{"taxonomy":"product_tag","embeddable":true,"href":"https:\/\/mountlaser.com\/vi\/wp-json\/wp\/v2\/product_tag?post=3505"}],"curies":[{"name":"trang web","href":"https:\/\/api.w.org\/{rel}","templated":true}]}}