{"id":3486,"date":"2025-11-06T03:14:00","date_gmt":"2025-11-06T03:14:00","guid":{"rendered":"https:\/\/mountlaser.com\/?post_type=product&#038;p=3486"},"modified":"2025-11-28T01:35:25","modified_gmt":"2025-11-28T01:35:25","slug":"sp065-sliding-prism-with-pole","status":"publish","type":"product","link":"https:\/\/mountlaser.com\/vi\/san-pham\/sp065-sliding-prism-with-pole\/","title":{"rendered":"L\u0103ng k\u00ednh tr\u01b0\u1ee3t SP065 c\u00f3 c\u1ed9t"},"content":{"rendered":"<p>C\u00e1i <a href=\"https:\/\/mountlaser.com\/vi\/products\/\"><strong>L\u0103ng k\u00ednh tr\u01b0\u1ee3t SP065 c\u00f3 c\u1ed9t<\/strong><\/a> l\u00e0 m\u1ed9t s\u1ea3n ph\u1ea9m c\u00f3 \u0111\u1ed9 ch\u00ednh x\u00e1c cao. <a href=\"https:\/\/mountlaser.com\/vi\/about-us\/\"><strong>L\u0103ng k\u00ednh mini SP065 d\u00e0nh cho m\u00e1y to\u00e0n \u0111\u1ea1c<\/strong><\/a> \u0110\u01b0\u1ee3c thi\u1ebft k\u1ebf \u0111\u1ec3 l\u1eafp \u0111\u1eb7t \u1edf g\u00f3c v\u00e0 \u1ee9ng d\u1ee5ng gi\u00e1m s\u00e1t t\u1ed5ng qu\u00e1t. \u0110\u01b0\u1ee3c ch\u1ebf t\u1ea1o d\u00e0nh cho c\u00e1c chuy\u00ean gia hi\u1ec7n tr\u01b0\u1eddng \u0111\u00f2i h\u1ecfi \u0111\u1ed9 ch\u00ednh x\u00e1c v\u00e0 t\u00ednh linh ho\u1ea1t, h\u1ec7 th\u1ed1ng n\u00e0y cung c\u1ea5p hi\u1ec7u su\u1ea5t \u0111o l\u01b0\u1eddng \u1ed5n \u0111\u1ecbnh trong c\u00e1c c\u00f4ng vi\u1ec7c x\u00e2y d\u1ef1ng, gi\u00e1m s\u00e1t bi\u1ebfn d\u1ea1ng v\u00e0 c\u0103n ch\u1ec9nh.<\/p>\n<p>V\u1edbi l\u0103ng k\u00ednh mini m\u1ea1 b\u1ea1c 38,1 mm (1,5 inch), l\u0103ng k\u00ednh tr\u01b0\u1ee3t SP065 k\u00e8m c\u1ed9t mang l\u1ea1i kh\u1ea3 n\u0103ng ph\u1ea3n x\u1ea1 v\u00e0 \u0111\u1ed9 r\u00f5 n\u00e9t t\u00edn hi\u1ec7u v\u01b0\u1ee3t tr\u1ed9i. \u0110\u1ed9 l\u1ec7ch 0 mm \u0111\u1ea3m b\u1ea3o s\u1ef1 c\u0103n ch\u1ec9nh ch\u00ednh x\u00e1c \u0111\u1ec3 thu th\u1eadp d\u1eef li\u1ec7u \u0111\u00e1ng tin c\u1eady. B\u1ed9 chuy\u1ec3n \u0111\u1ed5i g\u00f3c t\u00edch h\u1ee3p cho ph\u00e9p thi\u1ebft l\u1eadp hi\u1ec7u qu\u1ea3 tr\u00ean c\u00e1c c\u1ea1nh ho\u1eb7c c\u1ea5u tr\u00fac n\u01a1i kh\u00f3 l\u1eafp \u0111\u1eb7t c\u00e1c l\u0103ng k\u00ednh ti\u00eau chu\u1ea9n, l\u00fd t\u01b0\u1edfng cho c\u00e1c v\u1ecb tr\u00ed gi\u00e1m s\u00e1t ch\u1eadt h\u1eb9p.<\/p>\n<p><img fetchpriority=\"high\" decoding=\"async\" class=\"aligncenter wp-image-3501\" src=\"https:\/\/mountlaser.com\/wp-content\/uploads\/2025\/11\/SP065D6.webp\" alt=\"SP065 Sliding Prism with Pole\" width=\"500\" height=\"500\" srcset=\"https:\/\/mountlaser.com\/wp-content\/uploads\/2025\/11\/SP065D6.webp 1000w, https:\/\/mountlaser.com\/wp-content\/uploads\/2025\/11\/SP065D6-300x300.webp 300w, https:\/\/mountlaser.com\/wp-content\/uploads\/2025\/11\/SP065D6-400x400.webp 400w, https:\/\/mountlaser.com\/wp-content\/uploads\/2025\/11\/SP065D6-800x800.webp 800w, https:\/\/mountlaser.com\/wp-content\/uploads\/2025\/11\/SP065D6-600x600.webp 600w, https:\/\/mountlaser.com\/wp-content\/uploads\/2025\/11\/SP065D6-150x150.webp 150w, https:\/\/mountlaser.com\/wp-content\/uploads\/2025\/11\/SP065D6-768x768.webp 768w, https:\/\/mountlaser.com\/wp-content\/uploads\/2025\/11\/SP065D6-12x12.webp 12w\" sizes=\"(max-width: 500px) 100vw, 500px\" \/><\/p>\n<p>C\u1ed9t tr\u1ee5 b\u1eb1ng th\u00e9p kh\u00f4ng g\u1ec9 b\u1ec1n ch\u1eafc v\u1edbi ren M6 (\u0111\u01b0\u1eddng k\u00ednh ngo\u00e0i 9 mm) mang l\u1ea1i \u0111\u1ed9 c\u1ee9ng v\u1eefng, trong khi thi\u1ebft k\u1ebf d\u1ea1ng \u1ed1ng l\u1ed3ng n\u0103m \u0111o\u1ea1n (300 mm \u00d7 5) c\u00f3 th\u1ec3 k\u00e9o d\u00e0i \u0111\u1ebfn 1,5 m, mang \u0111\u1ebfn s\u1ef1 linh ho\u1ea1t tuy\u1ec7t v\u1eddi trong vi\u1ec7c \u0111i\u1ec1u ch\u1ec9nh chi\u1ec1u cao. <a href=\"https:\/\/mountlaser.com\/vi\/contact-us\/\">L\u0103ng k\u00ednh tr\u01b0\u1ee3t SP065 c\u00f3 c\u1ed9t<\/a> S\u1ea3n ph\u1ea9m c\u00f3 hai ki\u1ec3u kh\u00f3a \u2014 Kh\u00f3a v\u00edt (SP065S) v\u00e0 Kh\u00f3a k\u00e9p (SP065D) \u2014 mang \u0111\u1ebfn cho ng\u01b0\u1eddi d\u00f9ng s\u1ef1 v\u1eadn h\u00e0nh an to\u00e0n v\u00e0 \u1ed5n \u0111\u1ecbnh trong c\u00e1c \u0111i\u1ec1u ki\u1ec7n kh\u00e1c nhau.<\/p>","protected":false},"excerpt":{"rendered":"<ul>\n<li>\u0110\u01b0\u1ee3c thi\u1ebft k\u1ebf ch\u00ednh x\u00e1c \u0111\u1ec3 gi\u00e1m s\u00e1t b\u1eb1ng m\u00e1y to\u00e0n \u0111\u1ea1c \u0111i\u1ec7n t\u1eed.<\/li>\n<li>Bao g\u1ed3m b\u1ed9 chuy\u1ec3n \u0111\u1ed5i g\u00f3c \u2013 l\u00fd t\u01b0\u1edfng cho vi\u1ec7c l\u1eafp \u0111\u1eb7t \u1edf g\u00f3c v\u00e0 trong kh\u00f4ng gian h\u1ea1n ch\u1ebf.<\/li>\n<li>T\u01b0\u01a1ng th\u00edch v\u1edbi ch\u00e2n \u0111\u1ebf ba ch\u00e2n MPT05 Mini Prism v\u00e0 \u1ed1ng nh\u00f4m d\u00f9ng cho ph\u1ee5 ki\u1ec7n Pin Pole.<\/li>\n<\/ul>","protected":false},"featured_media":3496,"comment_status":"open","ping_status":"closed","template":"","meta":[],"product_brand":[],"product_cat":[114,72],"product_tag":[],"class_list":{"0":"post-3486","1":"product","2":"type-product","3":"status-publish","4":"has-post-thumbnail","6":"product_cat-mini-prism-with-pole","7":"product_cat-reflective-target-prism","9":"first","10":"instock","11":"shipping-taxable","12":"product-type-simple"},"_links":{"self":[{"href":"https:\/\/mountlaser.com\/vi\/wp-json\/wp\/v2\/product\/3486","targetHints":{"allow":["GET"]}}],"collection":[{"href":"https:\/\/mountlaser.com\/vi\/wp-json\/wp\/v2\/product"}],"about":[{"href":"https:\/\/mountlaser.com\/vi\/wp-json\/wp\/v2\/types\/product"}],"replies":[{"embeddable":true,"href":"https:\/\/mountlaser.com\/vi\/wp-json\/wp\/v2\/comments?post=3486"}],"wp:featuredmedia":[{"embeddable":true,"href":"https:\/\/mountlaser.com\/vi\/wp-json\/wp\/v2\/media\/3496"}],"wp:attachment":[{"href":"https:\/\/mountlaser.com\/vi\/wp-json\/wp\/v2\/media?parent=3486"}],"wp:term":[{"taxonomy":"product_brand","embeddable":true,"href":"https:\/\/mountlaser.com\/vi\/wp-json\/wp\/v2\/product_brand?post=3486"},{"taxonomy":"product_cat","embeddable":true,"href":"https:\/\/mountlaser.com\/vi\/wp-json\/wp\/v2\/product_cat?post=3486"},{"taxonomy":"product_tag","embeddable":true,"href":"https:\/\/mountlaser.com\/vi\/wp-json\/wp\/v2\/product_tag?post=3486"}],"curies":[{"name":"trang web","href":"https:\/\/api.w.org\/{rel}","templated":true}]}}