{"id":3474,"date":"2025-11-06T02:12:04","date_gmt":"2025-11-06T02:12:04","guid":{"rendered":"https:\/\/mountlaser.com\/?post_type=product&#038;p=3474"},"modified":"2025-11-28T01:38:11","modified_gmt":"2025-11-28T01:38:11","slug":"sp063-mini-prism-with-pole","status":"publish","type":"product","link":"https:\/\/mountlaser.com\/vi\/san-pham\/sp063-mini-prism-with-pole\/","title":{"rendered":"SP063 L\u0103ng k\u00ednh mini k\u00e8m c\u00e1n"},"content":{"rendered":"<p>B\u1ed9 l\u0103ng k\u00ednh mini SP063 k\u00e8m c\u00e1n l\u00e0 m\u1ed9t s\u1ea3n ph\u1ea9m chuy\u00ean nghi\u1ec7p, nh\u1eb9. <a href=\"https:\/\/mountlaser.com\/vi\/\"><strong>L\u0103ng k\u00ednh mini 360\u00b0 v\u1edbi 4 c\u1ed9t<\/strong><\/a>\u00a0H\u1ec7 th\u1ed1ng \u0111\u01b0\u1ee3c thi\u1ebft k\u1ebf cho c\u00e1c \u1ee9ng d\u1ee5ng kh\u1ea3o s\u00e1t v\u00e0 \u0111\u1ecbnh tuy\u1ebfn ch\u00ednh x\u00e1c t\u1ea1i hi\u1ec7n tr\u01b0\u1eddng. \u0110\u01b0\u1ee3c thi\u1ebft k\u1ebf \u0111\u1ec3 t\u1ed1i \u0111a h\u00f3a t\u00ednh di \u0111\u1ed9ng v\u00e0 \u0111\u1ed9 b\u1ec1n, thi\u1ebft b\u1ecb nh\u1ecf g\u1ecdn n\u00e0y \u0111\u1ea3m b\u1ea3o c\u00e1c ph\u00e9p \u0111o \u1ed5n \u0111\u1ecbnh v\u00e0 ch\u00ednh x\u00e1c trong c\u00e1c d\u1ef1 \u00e1n x\u00e2y d\u1ef1ng, \u0111o \u0111\u1ea1c \u0111\u1ecba h\u00ecnh v\u00e0 gi\u00e1m s\u00e1t.<\/p>\n<p>\u0110\u01b0\u1ee3c ch\u1ebf t\u1ea1o v\u1edbi v\u1ecf nylon c\u01b0\u1eddng \u0111\u1ed9 cao, l\u0103ng k\u00ednh mini SP063 k\u00e8m c\u00e1n c\u00f3 kh\u1ea3 n\u0103ng ch\u1ed1ng va \u0111\u1eadp tuy\u1ec7t v\u1eddi trong khi v\u1eabn gi\u1eef tr\u1ecdng l\u01b0\u1ee3ng t\u1ed5ng th\u1ec3 th\u1ea5p \u0111\u1ec3 d\u1ec5 d\u00e0ng thao t\u00e1c ngo\u00e0i tr\u1eddi. C\u00e1n b\u1eb1ng nh\u00f4m \u0111\u01b0\u1ee3c gia c\u00f4ng ch\u00ednh x\u00e1c mang l\u1ea1i \u0111\u1ed9 c\u1ee9ng c\u00e1p v\u00e0 kh\u1ea3 n\u0103ng \u0111i\u1ec1u ch\u1ec9nh \u0111\u1ed9 d\u00e0i m\u01b0\u1ee3t m\u00e0, c\u00f3 th\u1ec3 k\u00e9o d\u00e0i \u0111\u1ebfn 1,2 m v\u1edbi thi\u1ebft k\u1ebf b\u1ed1n \u0111o\u1ea1n (300 mm \u00d7 4).<\/p>\n<p>C\u00e1i <a href=\"https:\/\/mountlaser.com\/vi\/products\/\"><strong>L\u0103ng k\u00ednh mini 360\u00b0 v\u1edbi 4 c\u1ed9t<\/strong><\/a>\u00a0B\u1ed9 l\u0103ng k\u00ednh n\u00e0y c\u00f3 \u0111\u01b0\u1eddng k\u00ednh 25,4 mm, \u0111\u01b0\u1ee3c ph\u1ee7 l\u1edbp \u0111\u1ed3ng v\u00e0 c\u00f3 nhi\u1ec1u t\u00f9y ch\u1ecdn \u0111\u1ed9 l\u1ec7ch (0 mm, 17,5 mm ho\u1eb7c 0\/-30 mm), \u0111\u1ea3m b\u1ea3o t\u01b0\u01a1ng th\u00edch v\u1edbi c\u1ea3 h\u1ec7 th\u1ed1ng \u0111o \u0111\u1ea1c c\u1ee7a Th\u1ee5y S\u0129 v\u00e0 c\u00e1c h\u1ec7 th\u1ed1ng kh\u00e1c. \u0110i k\u00e8m v\u1edbi t\u00fai \u0111\u1ef1ng m\u1ec1m, b\u1ed9 l\u0103ng k\u00ednh n\u00e0y cung c\u1ea5p gi\u1ea3i ph\u00e1p hi\u1ec7u qu\u1ea3, s\u1eb5n s\u00e0ng s\u1eed d\u1ee5ng t\u1ea1i hi\u1ec7n tr\u01b0\u1eddng cho c\u00e1c c\u00f4ng vi\u1ec7c kh\u1ea3o s\u00e1t h\u00e0ng ng\u00e0y.<\/p>\n<figure id=\"attachment_3483\" aria-describedby=\"caption-attachment-3483\" style=\"width: 500px\" class=\"wp-caption aligncenter\"><img fetchpriority=\"high\" decoding=\"async\" class=\"wp-image-3483\" src=\"https:\/\/mountlaser.com\/wp-content\/uploads\/2025\/11\/SP0639.webp\" alt=\"360\u00b0 Mini Prism With 4 Poles\" width=\"500\" height=\"500\" srcset=\"https:\/\/mountlaser.com\/wp-content\/uploads\/2025\/11\/SP0639.webp 1000w, https:\/\/mountlaser.com\/wp-content\/uploads\/2025\/11\/SP0639-300x300.webp 300w, https:\/\/mountlaser.com\/wp-content\/uploads\/2025\/11\/SP0639-400x400.webp 400w, https:\/\/mountlaser.com\/wp-content\/uploads\/2025\/11\/SP0639-800x800.webp 800w, https:\/\/mountlaser.com\/wp-content\/uploads\/2025\/11\/SP0639-600x600.webp 600w, https:\/\/mountlaser.com\/wp-content\/uploads\/2025\/11\/SP0639-150x150.webp 150w, https:\/\/mountlaser.com\/wp-content\/uploads\/2025\/11\/SP0639-768x768.webp 768w, https:\/\/mountlaser.com\/wp-content\/uploads\/2025\/11\/SP0639-12x12.webp 12w\" sizes=\"(max-width: 500px) 100vw, 500px\" \/><figcaption id=\"caption-attachment-3483\" class=\"wp-caption-text\">SP063C L\u0103ng k\u00ednh mini k\u00e8m c\u00e1n<\/figcaption><\/figure>\n<p><strong>C\u00e1i <a href=\"https:\/\/mountlaser.com\/vi\/contact-us\/\">SP063 L\u0103ng k\u00ednh mini k\u00e8m c\u00e1n<\/a> C\u00f3 3 m\u1eabu.<\/strong><\/p>\n<p>SP063A L\u0103ng k\u00ednh mini c\u00f3 c\u1ef1c \u2013 \u0110\u1ed9 l\u1ec7ch: 0 mm, M\u1ea1 \u0111\u1ed3ng, T\u01b0\u01a1ng th\u00edch v\u1edbi h\u1ec7 th\u1ed1ng Th\u1ee5y S\u0129<br \/>\nSP063B L\u0103ng k\u00ednh mini c\u00f3 tr\u1ee5 \u2013 \u0110\u1ed9 l\u1ec7ch: 17,5 mm, M\u1ea1 \u0111\u1ed3ng, T\u01b0\u01a1ng th\u00edch v\u1edbi h\u1ec7 th\u1ed1ng Th\u1ee5y S\u0129<br \/>\nSP063C L\u0103ng k\u00ednh mini c\u00f3 c\u1ef1c \u2013 \u0110\u1ed9 l\u1ec7ch: 0\/-30 mm, m\u1ea1 \u0111\u1ed3ng, h\u1ec7 th\u1ed1ng kh\u00f4ng ph\u1ea3i c\u1ee7a Th\u1ee5y S\u0129<\/p>\n<figure id=\"attachment_3476\" aria-describedby=\"caption-attachment-3476\" style=\"width: 500px\" class=\"wp-caption aligncenter\"><img decoding=\"async\" class=\"wp-image-3476\" src=\"https:\/\/mountlaser.com\/wp-content\/uploads\/2025\/11\/SP0632.webp\" alt=\"360\u00b0 Mini Prism With 4 Poles\" width=\"500\" height=\"500\" srcset=\"https:\/\/mountlaser.com\/wp-content\/uploads\/2025\/11\/SP0632.webp 1000w, https:\/\/mountlaser.com\/wp-content\/uploads\/2025\/11\/SP0632-300x300.webp 300w, https:\/\/mountlaser.com\/wp-content\/uploads\/2025\/11\/SP0632-400x400.webp 400w, https:\/\/mountlaser.com\/wp-content\/uploads\/2025\/11\/SP0632-800x800.webp 800w, https:\/\/mountlaser.com\/wp-content\/uploads\/2025\/11\/SP0632-600x600.webp 600w, https:\/\/mountlaser.com\/wp-content\/uploads\/2025\/11\/SP0632-150x150.webp 150w, https:\/\/mountlaser.com\/wp-content\/uploads\/2025\/11\/SP0632-768x768.webp 768w, https:\/\/mountlaser.com\/wp-content\/uploads\/2025\/11\/SP0632-12x12.webp 12w\" sizes=\"(max-width: 500px) 100vw, 500px\" \/><figcaption id=\"caption-attachment-3476\" class=\"wp-caption-text\">SP063A\/B L\u0103ng k\u00ednh mini k\u00e8m c\u1ed9t<\/figcaption><\/figure>","protected":false},"excerpt":{"rendered":"<ul>\n<li>L\u0103ng k\u00ednh mini 360\u00b0 b\u1eb1ng nh\u00f4m ch\u00ednh x\u00e1c v\u1edbi 4 c\u1ef1c<\/li>\n<li>Ph\u1ee5 ki\u1ec7n t\u00f9y ch\u1ecdn: Ch\u00e2n \u0111\u1ebf ba ch\u00e2n MPT02 Mini Prism v\u00e0 \u1ed1ng nh\u00f4m cho c\u1ed9t pin.<\/li>\n<li>Bao g\u1ed3m t\u00fai \u0111\u1ef1ng m\u1ec1m \u0111\u1ec3 d\u1ec5 d\u00e0ng v\u1eadn chuy\u1ec3n v\u00e0 b\u1ea3o qu\u1ea3n.<\/li>\n<\/ul>","protected":false},"featured_media":3463,"comment_status":"open","ping_status":"closed","template":"","meta":[],"product_brand":[],"product_cat":[114,72],"product_tag":[],"class_list":{"0":"post-3474","1":"product","2":"type-product","3":"status-publish","4":"has-post-thumbnail","6":"product_cat-mini-prism-with-pole","7":"product_cat-reflective-target-prism","9":"first","10":"instock","11":"shipping-taxable","12":"product-type-simple"},"_links":{"self":[{"href":"https:\/\/mountlaser.com\/vi\/wp-json\/wp\/v2\/product\/3474","targetHints":{"allow":["GET"]}}],"collection":[{"href":"https:\/\/mountlaser.com\/vi\/wp-json\/wp\/v2\/product"}],"about":[{"href":"https:\/\/mountlaser.com\/vi\/wp-json\/wp\/v2\/types\/product"}],"replies":[{"embeddable":true,"href":"https:\/\/mountlaser.com\/vi\/wp-json\/wp\/v2\/comments?post=3474"}],"wp:featuredmedia":[{"embeddable":true,"href":"https:\/\/mountlaser.com\/vi\/wp-json\/wp\/v2\/media\/3463"}],"wp:attachment":[{"href":"https:\/\/mountlaser.com\/vi\/wp-json\/wp\/v2\/media?parent=3474"}],"wp:term":[{"taxonomy":"product_brand","embeddable":true,"href":"https:\/\/mountlaser.com\/vi\/wp-json\/wp\/v2\/product_brand?post=3474"},{"taxonomy":"product_cat","embeddable":true,"href":"https:\/\/mountlaser.com\/vi\/wp-json\/wp\/v2\/product_cat?post=3474"},{"taxonomy":"product_tag","embeddable":true,"href":"https:\/\/mountlaser.com\/vi\/wp-json\/wp\/v2\/product_tag?post=3474"}],"curies":[{"name":"trang web","href":"https:\/\/api.w.org\/{rel}","templated":true}]}}