{"id":3464,"date":"2025-11-06T01:55:54","date_gmt":"2025-11-06T01:55:54","guid":{"rendered":"https:\/\/mountlaser.com\/?post_type=product&#038;p=3464"},"modified":"2025-11-28T01:40:23","modified_gmt":"2025-11-28T01:40:23","slug":"sp061-mini-prism-with-pole","status":"publish","type":"product","link":"https:\/\/mountlaser.com\/vi\/san-pham\/sp061-mini-prism-with-pole\/","title":{"rendered":"SP061 L\u0103ng k\u00ednh mini k\u00e8m c\u00e1n"},"content":{"rendered":"<p>C\u00e1i <a href=\"https:\/\/mountlaser.com\/vi\/\"><strong>B\u1ed9 ph\u1ea3n x\u1ea1 SP061<\/strong><\/a> l\u00e0 m\u1ed9t s\u1ea3n ph\u1ea9m c\u00f3 \u0111\u1ed9 ch\u00ednh x\u00e1c cao. <a href=\"https:\/\/mountlaser.com\/vi\/products\/\"><strong>L\u0103ng k\u00ednh mini c\u1ee7a m\u00e1y to\u00e0n \u0111\u1ea1c<\/strong> <\/a>H\u1ec7 th\u1ed1ng \u0111\u01b0\u1ee3c thi\u1ebft k\u1ebf cho c\u00e1c \u1ee9ng d\u1ee5ng \u0111\u1ecbnh v\u1ecb, c\u0103n ch\u1ec9nh v\u00e0 gi\u00e1m s\u00e1t chuy\u00ean nghi\u1ec7p. K\u1ebft h\u1ee3p \u0111\u1ed9 b\u1ec1n v\u1edbi t\u00ednh linh ho\u1ea1t, c\u1ee5m l\u0103ng k\u00ednh n\u00e0y mang l\u1ea1i hi\u1ec7u su\u1ea5t v\u01b0\u1ee3t tr\u1ed9i trong c\u1ea3 c\u00e1c d\u1ef1 \u00e1n kh\u1ea3o s\u00e1t hi\u1ec7n tr\u01b0\u1eddng v\u00e0 \u0111o bi\u1ebfn d\u1ea1ng.<\/p>\n<p>\u0110\u01b0\u1ee3c trang b\u1ecb l\u0103ng k\u00ednh mini m\u1ea1 \u0111\u1ed3ng ho\u1eb7c b\u1ea1c 25,4 mm, b\u1ed9 ph\u1ea3n x\u1ea1 SP061 \u0111\u1ea3m b\u1ea3o \u0111\u1ed9 ph\u1ea3n x\u1ea1 t\u1ed1i \u01b0u v\u00e0 \u0111\u1ed9 ch\u00ednh x\u00e1c t\u1ea7m xa. Kh\u1ea3 n\u0103ng thay \u0111\u1ed5i \u0111\u1ed9 l\u1ec7ch 0 mm \/ -30 mm c\u1ee7a b\u1ed9 ph\u1ea3n x\u1ea1 SP061 mang l\u1ea1i s\u1ef1 linh ho\u1ea1t cho c\u00e1c y\u00eau c\u1ea7u d\u1ef1 \u00e1n \u0111a d\u1ea1ng, trong khi v\u1ecf nh\u00f4m anod h\u00f3a kh\u00f4ng ch\u1ee9a s\u1eaft cung c\u1ea5p kh\u1ea3 n\u0103ng ch\u1ed1ng \u0103n m\u00f2n v\u00e0 m\u00e0i m\u00f2n tuy\u1ec7t v\u1eddi.<\/p>\n<p>C\u00e1i <a href=\"https:\/\/mountlaser.com\/vi\/contact-us\/\">L\u0103ng k\u00ednh mini c\u1ee7a m\u00e1y to\u00e0n \u0111\u1ea1c<\/a> H\u1ec7 th\u1ed1ng bao g\u1ed3m gi\u00e1 \u0111\u1ee1 d\u00e2y d\u1ecdi t\u00edch h\u1ee3p, m\u00f3c ch\u1eef S v\u00e0 \u0111i\u1ec3m neo \u0111\u1ea5t, \u0111\u1ea3m b\u1ea3o c\u0103n ch\u1ec9nh th\u1eb3ng \u0111\u1ee9ng ch\u00ednh x\u00e1c v\u00e0 c\u00e1c thao t\u00e1c c\u1eafm c\u1ecdc hi\u1ec7u qu\u1ea3. C\u1ed9t ghim b\u1eb1ng nh\u00f4m nh\u1eb9 c\u00f3 thi\u1ebft k\u1ebf 4 \u0111o\u1ea1n c\u00f3 th\u1ec3 k\u00e9o d\u00e0i (l\u00ean \u0111\u1ebfn 1,2 m) \u0111\u1ec3 d\u1ec5 d\u00e0ng v\u1eadn chuy\u1ec3n v\u00e0 l\u1eafp \u0111\u1eb7t.<\/p>\n<p><img fetchpriority=\"high\" decoding=\"async\" class=\"aligncenter wp-image-3468\" src=\"https:\/\/mountlaser.com\/wp-content\/uploads\/2025\/11\/5-10SP0614.webp\" alt=\"SP061 Reflector Set\" width=\"500\" height=\"500\" srcset=\"https:\/\/mountlaser.com\/wp-content\/uploads\/2025\/11\/5-10SP0614.webp 1000w, https:\/\/mountlaser.com\/wp-content\/uploads\/2025\/11\/5-10SP0614-300x300.webp 300w, https:\/\/mountlaser.com\/wp-content\/uploads\/2025\/11\/5-10SP0614-400x400.webp 400w, https:\/\/mountlaser.com\/wp-content\/uploads\/2025\/11\/5-10SP0614-800x800.webp 800w, https:\/\/mountlaser.com\/wp-content\/uploads\/2025\/11\/5-10SP0614-600x600.webp 600w, https:\/\/mountlaser.com\/wp-content\/uploads\/2025\/11\/5-10SP0614-150x150.webp 150w, https:\/\/mountlaser.com\/wp-content\/uploads\/2025\/11\/5-10SP0614-768x768.webp 768w, https:\/\/mountlaser.com\/wp-content\/uploads\/2025\/11\/5-10SP0614-12x12.webp 12w\" sizes=\"(max-width: 500px) 100vw, 500px\" \/><\/p>","protected":false},"excerpt":{"rendered":"<ul>\n<li>H\u1ec7 th\u1ed1ng l\u0103ng k\u00ednh mini tr\u1ea1m to\u00e0n \u0111\u1ea1c ch\u00ednh x\u00e1c cao d\u00f9ng cho c\u00f4ng t\u00e1c \u0111\u1ecbnh v\u1ecb v\u00e0 gi\u00e1m s\u00e1t.<\/li>\n<li>\u0110\u1ec3 c\u00f3 t\u00edn hi\u1ec7u ph\u1ea3n h\u1ed3i v\u01b0\u1ee3t tr\u1ed9i, cho t\u00ednh linh ho\u1ea1t trong \u0111o l\u01b0\u1eddng.<\/li>\n<li>V\u1ecf b\u1eb1ng nh\u00f4m anod h\u00f3a b\u1ec1n ch\u1eafc v\u1edbi th\u01b0\u1edbc th\u1ee7y t\u00edch h\u1ee3p (c\u00f3 t\u00f9y ch\u1ecdn g\u1eafn \u1edf gi\u1eefa ho\u1eb7c b\u00ean h\u00f4ng).<\/li>\n<li>B\u1ed9 ph\u1ea3n x\u1ea1 SP061 ho\u00e0n ch\u1ec9nh bao g\u1ed3m gi\u00e1 \u0111\u1ee1 d\u00e2y d\u1ecdi, c\u1ed9t ghim v\u00e0 t\u00fai \u0111\u1ef1ng.<\/li>\n<li>T\u01b0\u01a1ng th\u00edch v\u1edbi ch\u00e2n \u0111\u1ebf ba ch\u00e2n MPT02 Mini Prism v\u00e0 \u1ed1ng nh\u00f4m t\u00f9y ch\u1ecdn \u0111\u1ec3 t\u0103ng c\u01b0\u1eddng \u0111\u1ed9 c\u1ee9ng.<\/li>\n<\/ul>","protected":false},"featured_media":3469,"comment_status":"open","ping_status":"closed","template":"","meta":[],"product_brand":[],"product_cat":[72,114],"product_tag":[],"class_list":{"0":"post-3464","1":"product","2":"type-product","3":"status-publish","4":"has-post-thumbnail","6":"product_cat-reflective-target-prism","7":"product_cat-mini-prism-with-pole","9":"first","10":"instock","11":"shipping-taxable","12":"product-type-simple"},"_links":{"self":[{"href":"https:\/\/mountlaser.com\/vi\/wp-json\/wp\/v2\/product\/3464","targetHints":{"allow":["GET"]}}],"collection":[{"href":"https:\/\/mountlaser.com\/vi\/wp-json\/wp\/v2\/product"}],"about":[{"href":"https:\/\/mountlaser.com\/vi\/wp-json\/wp\/v2\/types\/product"}],"replies":[{"embeddable":true,"href":"https:\/\/mountlaser.com\/vi\/wp-json\/wp\/v2\/comments?post=3464"}],"wp:featuredmedia":[{"embeddable":true,"href":"https:\/\/mountlaser.com\/vi\/wp-json\/wp\/v2\/media\/3469"}],"wp:attachment":[{"href":"https:\/\/mountlaser.com\/vi\/wp-json\/wp\/v2\/media?parent=3464"}],"wp:term":[{"taxonomy":"product_brand","embeddable":true,"href":"https:\/\/mountlaser.com\/vi\/wp-json\/wp\/v2\/product_brand?post=3464"},{"taxonomy":"product_cat","embeddable":true,"href":"https:\/\/mountlaser.com\/vi\/wp-json\/wp\/v2\/product_cat?post=3464"},{"taxonomy":"product_tag","embeddable":true,"href":"https:\/\/mountlaser.com\/vi\/wp-json\/wp\/v2\/product_tag?post=3464"}],"curies":[{"name":"trang web","href":"https:\/\/api.w.org\/{rel}","templated":true}]}}