{"id":3453,"date":"2025-11-06T01:27:12","date_gmt":"2025-11-06T01:27:12","guid":{"rendered":"https:\/\/mountlaser.com\/?post_type=product&#038;p=3453"},"modified":"2025-11-28T01:42:06","modified_gmt":"2025-11-28T01:42:06","slug":"sp060-sliding-mini-prism-with-pole","status":"publish","type":"product","link":"https:\/\/mountlaser.com\/vi\/san-pham\/sp060-sliding-mini-prism-with-pole\/","title":{"rendered":"SP060 L\u0103ng k\u00ednh mini tr\u01b0\u1ee3t k\u00e8m c\u1ed9t"},"content":{"rendered":"<p>C\u00e1i <a href=\"https:\/\/mountlaser.com\/vi\/\"><strong>SP060 L\u0103ng k\u00ednh mini tr\u01b0\u1ee3t k\u00e8m c\u1ed9t<\/strong><\/a> \u0110\u00e2y l\u00e0 m\u1ed9t gi\u1ea3i ph\u00e1p gi\u00e1m s\u00e1t nh\u1ecf g\u1ecdn v\u00e0 \u0111a n\u0103ng \u0111\u01b0\u1ee3c thi\u1ebft k\u1ebf \u0111\u1ec3 kh\u1ea3o s\u00e1t hi\u1ec7n tr\u01b0\u1eddng ch\u00ednh x\u00e1c v\u00e0 \u0111o l\u01b0\u1eddng bi\u1ebfn d\u1ea1ng. Gi\u1ea3i ph\u00e1p ti\u00ean ti\u1ebfn n\u00e0y <a href=\"https:\/\/mountlaser.com\/vi\/about-us\/\"><strong>H\u1ec7 th\u1ed1ng l\u0103ng k\u00ednh mini c\u1ef1c t\u1eeb<\/strong><\/a> S\u1ea3n ph\u1ea9m k\u1ebft h\u1ee3p \u0111\u1ed9 ch\u00ednh x\u00e1c cao, c\u1ea5u tr\u00fac b\u1ec1n ch\u1eafc v\u00e0 ch\u1ee9c n\u0103ng m\u00f4-\u0111un \u2013 l\u00fd t\u01b0\u1edfng cho c\u1ea3 vi\u1ec7c ki\u1ec3m tra hi\u1ec7n tr\u01b0\u1eddng ng\u1eafn h\u1ea1n v\u00e0 c\u00e1c d\u1ef1 \u00e1n gi\u00e1m s\u00e1t d\u00e0i h\u1ea1n.<\/p>\n<p>\u0110\u01b0\u1ee3c thi\u1ebft k\u1ebf \u0111\u1ec3 \u0111\u1ea1t \u0111\u1ed9 ch\u00ednh x\u00e1c cao, l\u0103ng k\u00ednh tr\u01b0\u1ee3t mini SP060 c\u00f3 tr\u1ee5 \u0111\u1ee1 s\u1edf h\u1eefu l\u0103ng k\u00ednh mini \u0111\u1ed9 ch\u00ednh x\u00e1c cao v\u1edbi \u0111\u1ed9 l\u1ec7ch 0 mm th\u1ef1c s\u1ef1, \u0111\u1ea3m b\u1ea3o s\u1ef1 c\u0103n ch\u1ec9nh ho\u00e0n h\u1ea3o \u0111\u1ec3 \u0111o kho\u1ea3ng c\u00e1ch. L\u0103ng k\u00ednh c\u00f3 s\u1eb5n l\u1edbp ph\u1ee7 \u0111\u1ed3ng ho\u1eb7c b\u1ea1c \u0111\u1ec3 ph\u00f9 h\u1ee3p v\u1edbi c\u00e1c y\u00eau c\u1ea7u \u0111o l\u01b0\u1eddng v\u00e0 \u0111i\u1ec1u ki\u1ec7n m\u00f4i tr\u01b0\u1eddng kh\u00e1c nhau. \u0110\u01b0\u1ee3c ch\u1ebf t\u1ea1o b\u1eb1ng nh\u00f4m anod h\u00f3a gia c\u00f4ng CNC, n\u00f3 mang l\u1ea1i \u0111\u1ed9 b\u1ec1n v\u01b0\u1ee3t tr\u1ed9i v\u00e0 kh\u1ea3 n\u0103ng ch\u1ed1ng \u0103n m\u00f2n, tr\u1edf th\u00e0nh l\u1ef1a ch\u1ecdn \u0111\u00e1ng tin c\u1eady cho c\u00e1c \u1ee9ng d\u1ee5ng th\u1ef1c \u0111\u1ecba \u0111\u00f2i h\u1ecfi kh\u1eaft khe.<\/p>\n<p><img fetchpriority=\"high\" decoding=\"async\" class=\"aligncenter wp-image-3454\" src=\"https:\/\/mountlaser.com\/wp-content\/uploads\/2025\/11\/5-9SP0601.webp\" alt=\"SP060 Sliding Mini Prism with Pole\" width=\"500\" height=\"500\" srcset=\"https:\/\/mountlaser.com\/wp-content\/uploads\/2025\/11\/5-9SP0601.webp 1000w, https:\/\/mountlaser.com\/wp-content\/uploads\/2025\/11\/5-9SP0601-300x300.webp 300w, https:\/\/mountlaser.com\/wp-content\/uploads\/2025\/11\/5-9SP0601-400x400.webp 400w, https:\/\/mountlaser.com\/wp-content\/uploads\/2025\/11\/5-9SP0601-800x800.webp 800w, https:\/\/mountlaser.com\/wp-content\/uploads\/2025\/11\/5-9SP0601-600x600.webp 600w, https:\/\/mountlaser.com\/wp-content\/uploads\/2025\/11\/5-9SP0601-150x150.webp 150w, https:\/\/mountlaser.com\/wp-content\/uploads\/2025\/11\/5-9SP0601-768x768.webp 768w, https:\/\/mountlaser.com\/wp-content\/uploads\/2025\/11\/5-9SP0601-12x12.webp 12w\" sizes=\"(max-width: 500px) 100vw, 500px\" \/><\/p>\n<p>C\u00e1i <a href=\"https:\/\/mountlaser.com\/vi\/contact-us\/\">H\u1ec7 th\u1ed1ng l\u0103ng k\u00ednh mini c\u1ef1c t\u1eeb<\/a> S\u1ea3n ph\u1ea9m \u0111\u01b0\u1ee3c trang b\u1ecb hai \u0111\u1ea7u c\u00f4n b\u00ean h\u00f4ng ho\u1ea1t \u0111\u1ed9ng nh\u01b0 m\u1ed9t h\u1ec7 th\u1ed1ng kh\u00f3a k\u00e9p ch\u1eafc ch\u1eafn, \u0111\u1ea3m b\u1ea3o v\u1ecb tr\u00ed l\u0103ng k\u00ednh \u1ed5n \u0111\u1ecbnh. M\u00f3c v\u00e0 b\u1ed9 chuy\u1ec3n \u0111\u1ed5i g\u00f3c \u0111i k\u00e8m cho ph\u00e9p l\u1eafp \u0111\u1eb7t linh ho\u1ea1t tr\u00ean nhi\u1ec1u b\u1ec1 m\u1eb7t kh\u00e1c nhau, trong khi c\u1ed9t th\u00e9p 3 \u0111o\u1ea1n (500 mm m\u1ed7i \u0111o\u1ea1n, t\u1ed5ng c\u1ed9ng 1,5 m) cho ph\u00e9p \u0111i\u1ec1u ch\u1ec9nh chi\u1ec1u cao \u0111\u1ec3 thi\u1ebft l\u1eadp linh ho\u1ea1t ngo\u00e0i tr\u1eddi.<\/p>\n<p>\u0110\u1ec3 t\u0103ng \u0111\u1ed9 ch\u00ednh x\u00e1c, ng\u01b0\u1eddi d\u00f9ng c\u00f3 th\u1ec3 k\u1ebft h\u1ee3p l\u0103ng k\u00ednh tr\u01b0\u1ee3t mini SP060 v\u1edbi gi\u00e1 \u0111\u1ee1 ba ch\u00e2n l\u0103ng k\u00ednh mini MPT05 ho\u1eb7c \u1ed1ng n\u1ed1i d\u00e0i b\u1eb1ng nh\u00f4m t\u00f9y ch\u1ecdn \u0111\u1ec3 t\u0103ng \u0111\u1ed9 c\u1ee9ng v\u1eefng v\u00e0 \u0111\u1ed9 ch\u00ednh x\u00e1c.<\/p>","protected":false},"excerpt":{"rendered":"<p>\u2022 Hai \u0111\u1ea7u c\u00f4n b\u00ean h\u00f4ng \u0111\u1ea3m b\u1ea3o kh\u00f3a ch\u1eafc ch\u1eafn v\u00e0 kh\u1ea3 n\u0103ng l\u1eb7p l\u1ea1i.<br \/>\n\u2022 Bao g\u1ed3m m\u00f3c treo, b\u1ed9 chuy\u1ec3n \u0111\u1ed5i g\u00f3c v\u00e0 t\u00fai \u0111\u1ef1ng m\u1ec1m<br \/>\n\u2022 T\u01b0\u01a1ng th\u00edch v\u1edbi ch\u00e2n m\u00e1y MPT05 Mini Prism Tribrach v\u00e0 c\u00e1c ph\u1ee5 ki\u1ec7n m\u1edf r\u1ed9ng.<\/p>","protected":false},"featured_media":3459,"comment_status":"open","ping_status":"closed","template":"","meta":[],"product_brand":[],"product_cat":[72,114],"product_tag":[],"class_list":{"0":"post-3453","1":"product","2":"type-product","3":"status-publish","4":"has-post-thumbnail","6":"product_cat-reflective-target-prism","7":"product_cat-mini-prism-with-pole","9":"first","10":"instock","11":"shipping-taxable","12":"product-type-simple"},"_links":{"self":[{"href":"https:\/\/mountlaser.com\/vi\/wp-json\/wp\/v2\/product\/3453","targetHints":{"allow":["GET"]}}],"collection":[{"href":"https:\/\/mountlaser.com\/vi\/wp-json\/wp\/v2\/product"}],"about":[{"href":"https:\/\/mountlaser.com\/vi\/wp-json\/wp\/v2\/types\/product"}],"replies":[{"embeddable":true,"href":"https:\/\/mountlaser.com\/vi\/wp-json\/wp\/v2\/comments?post=3453"}],"wp:featuredmedia":[{"embeddable":true,"href":"https:\/\/mountlaser.com\/vi\/wp-json\/wp\/v2\/media\/3459"}],"wp:attachment":[{"href":"https:\/\/mountlaser.com\/vi\/wp-json\/wp\/v2\/media?parent=3453"}],"wp:term":[{"taxonomy":"product_brand","embeddable":true,"href":"https:\/\/mountlaser.com\/vi\/wp-json\/wp\/v2\/product_brand?post=3453"},{"taxonomy":"product_cat","embeddable":true,"href":"https:\/\/mountlaser.com\/vi\/wp-json\/wp\/v2\/product_cat?post=3453"},{"taxonomy":"product_tag","embeddable":true,"href":"https:\/\/mountlaser.com\/vi\/wp-json\/wp\/v2\/product_tag?post=3453"}],"curies":[{"name":"trang web","href":"https:\/\/api.w.org\/{rel}","templated":true}]}}