{"id":3448,"date":"2025-11-05T09:12:55","date_gmt":"2025-11-05T09:12:55","guid":{"rendered":"https:\/\/mountlaser.com\/?post_type=product&#038;p=3448"},"modified":"2025-11-28T01:44:50","modified_gmt":"2025-11-28T01:44:50","slug":"7m-telescopic-levelling-staff","status":"publish","type":"product","link":"https:\/\/mountlaser.com\/vi\/san-pham\/7m-telescopic-levelling-staff\/","title":{"rendered":"Th\u01b0\u1edbc \u0111o \u0111\u1ed9 cao d\u1ea1ng \u1ed1ng l\u1ed3ng 7M"},"content":{"rendered":"<p>Gi\u00e1 \u0111\u1ee1 Laser <a href=\"https:\/\/mountlaser.com\/vi\/\"><strong>Th\u01b0\u1edbc \u0111o \u0111\u1ed9 cao b\u1eb1ng nh\u00f4m 7M<\/strong><\/a> Thi\u1ebft l\u1eadp m\u1ed9t ti\u00eau chu\u1ea9n m\u1edbi cho c\u00e1c c\u00f4ng vi\u1ec7c san l\u1ea5p m\u1eb7t b\u1eb1ng quy m\u00f4 l\u1edbn, \u0111\u1ed9 ch\u00ednh x\u00e1c cao. \u0110\u01b0\u1ee3c thi\u1ebft k\u1ebf d\u00e0nh cho c\u00e1c chuy\u00ean gia y\u00eau c\u1ea7u t\u1ea7m v\u1edbi v\u01b0\u1ee3t tr\u1ed9i v\u00e0 \u0111\u1ed9 ch\u00ednh x\u00e1c tuy\u1ec7t \u0111\u1ed1i, th\u01b0\u1edbc \u0111o \u0111\u1ed9 cao 7M n\u00e0y mang l\u1ea1i hi\u1ec7u su\u1ea5t ch\u01b0a t\u1eebng c\u00f3. M\u1ed9t t\u00ednh n\u0103ng quan tr\u1ecdng c\u1ee7a c\u00f4ng c\u1ee5 ti\u00ean ti\u1ebfn n\u00e0y l\u00e0 h\u1ec7 th\u1ed1ng san l\u1ea5p m\u1eb7t b\u1eb1ng hai m\u1eb7t b\u1eb1ng nh\u00f4m c\u1ea3i ti\u1ebfn, cung c\u1ea5p c\u00e1c thang \u0111o r\u00f5 r\u00e0ng, d\u1ec5 \u0111\u1ecdc \u1edf hai m\u1eb7t \u0111\u1ec3 t\u0103ng t\u00ednh linh ho\u1ea1t v\u00e0 thu\u1eadn ti\u1ec7n khi \u0111\u1ecdc d\u1eef li\u1ec7u t\u1ea1i c\u00e1c c\u00f4ng tr\u01b0\u1eddng ph\u1ee9c t\u1ea1p.<\/p>\n<p>\u0110\u01b0\u1ee3c ch\u1ebf t\u1ea1o t\u1eeb h\u1ee3p kim nh\u00f4m 6061 c\u01b0\u1eddng \u0111\u1ed9 cao v\u1edbi l\u1edbp ph\u1ee7 anot h\u00f3a b\u1ea1c b\u1ea3o v\u1ec7, s\u1ea3n ph\u1ea9m n\u00e0y <a href=\"https:\/\/mountlaser.com\/vi\/products\/\"><strong>Th\u01b0\u1edbc \u0111o \u0111\u1ed9 cao hai m\u1eb7t b\u1eb1ng nh\u00f4m<\/strong><\/a> \u0110\u01b0\u1ee3c ch\u1ebf t\u1ea1o \u0111\u1ec3 c\u00f3 \u0111\u1ed9 b\u1ec1n t\u1ed1i \u0111a v\u00e0 kh\u1ea3 n\u0103ng ch\u1ed1ng \u0103n m\u00f2n, c\u00f3 th\u1ec3 ch\u1ecbu \u0111\u01b0\u1ee3c nh\u1eefng \u0111i\u1ec1u ki\u1ec7n kh\u1eafc nghi\u1ec7t nh\u1ea5t ngo\u00e0i tr\u1eddi.<br \/>\nC\u00e1c v\u1ea1ch chia \u0111\u01b0\u1ee3c in t\u1ec9 m\u1ec9 b\u1eb1ng ph\u01b0\u01a1ng ph\u00e1p in l\u1ee5a truy\u1ec1n th\u1ed1ng v\u00e0 s\u1ea5y kh\u00f4 \u1edf nhi\u1ec7t \u0111\u1ed9 cao, \u0111\u1ea3m b\u1ea3o c\u00e1c v\u1ea1ch chia \u0111\u01b0\u1ee3c li\u00ean k\u1ebft v\u0129nh vi\u1ec5n v\u00e0 c\u00f3 kh\u1ea3 n\u0103ng ch\u1ed1ng ch\u1ecbu th\u1eddi ti\u1ebft, m\u00e0i m\u00f2n v\u00e0 tia c\u1ef1c t\u00edm. Quy tr\u00ecnh n\u00e0y \u0111\u1ea3m b\u1ea3o \u0111\u1ed9 r\u00f5 n\u00e9t l\u00e2u d\u00e0i, y\u1ebfu t\u1ed1 c\u1ea7n thi\u1ebft cho h\u1ec7 th\u1ed1ng th\u01b0\u1edbc th\u1ee7y hai m\u1eb7t b\u1eb1ng nh\u00f4m. C\u00f3 th\u1ec3 g\u1ea5p g\u1ecdn \u0111\u1ec3 d\u1ec5 d\u00e0ng v\u1eadn chuy\u1ec3n v\u00e0 bao g\u1ed3m m\u1ed9t t\u00fai \u0111\u1ef1ng chuy\u00ean d\u1ee5ng, th\u01b0\u1edbc th\u1ee7y 7 m\u00e9t n\u00e0y l\u00e0 gi\u1ea3i ph\u00e1p ho\u00e0n ch\u1ec9nh cho c\u00e1c d\u1ef1 \u00e1n kh\u1ea3o s\u00e1t v\u00e0 x\u00e2y d\u1ef1ng quy m\u00f4 l\u1edbn.<\/p>\n<p>Th\u01b0\u1edbc \u0111o \u0111\u1ed9 cao b\u1eb1ng nh\u00f4m ch\u1ea5t l\u01b0\u1ee3ng cao. K\u00edch th\u01b0\u1edbc ti\u00eau chu\u1ea9n bao g\u1ed3m 7m\/5 \u0111o\u1ea1n.<\/p>\n<p><img fetchpriority=\"high\" decoding=\"async\" class=\"wp-image-3428 aligncenter\" src=\"https:\/\/mountlaser.com\/wp-content\/uploads\/2025\/11\/0b2093a1-9948-45d7-b293-7bf17d80b027_\u526f\u672c.webp\" alt=\"Aluminum Dual Faces Levelling staff\" width=\"500\" height=\"500\" srcset=\"https:\/\/mountlaser.com\/wp-content\/uploads\/2025\/11\/0b2093a1-9948-45d7-b293-7bf17d80b027_\u526f\u672c.webp 800w, https:\/\/mountlaser.com\/wp-content\/uploads\/2025\/11\/0b2093a1-9948-45d7-b293-7bf17d80b027_\u526f\u672c-300x300.webp 300w, https:\/\/mountlaser.com\/wp-content\/uploads\/2025\/11\/0b2093a1-9948-45d7-b293-7bf17d80b027_\u526f\u672c-400x400.webp 400w, https:\/\/mountlaser.com\/wp-content\/uploads\/2025\/11\/0b2093a1-9948-45d7-b293-7bf17d80b027_\u526f\u672c-600x600.webp 600w, https:\/\/mountlaser.com\/wp-content\/uploads\/2025\/11\/0b2093a1-9948-45d7-b293-7bf17d80b027_\u526f\u672c-150x150.webp 150w, https:\/\/mountlaser.com\/wp-content\/uploads\/2025\/11\/0b2093a1-9948-45d7-b293-7bf17d80b027_\u526f\u672c-768x768.webp 768w, https:\/\/mountlaser.com\/wp-content\/uploads\/2025\/11\/0b2093a1-9948-45d7-b293-7bf17d80b027_\u526f\u672c-12x12.webp 12w\" sizes=\"(max-width: 500px) 100vw, 500px\" \/><br \/>\nH\u00ecnh \u1ea3nh n\u00e0y th\u1ec3 hi\u1ec7n nhi\u1ec1u ki\u1ec3u minh h\u1ecda kh\u00e1c nhau \u0111\u1ec3 l\u1ef1a ch\u1ecdn.<\/p>\n<p><img decoding=\"async\" class=\"aligncenter wp-image-3429\" src=\"https:\/\/mountlaser.com\/wp-content\/uploads\/2025\/11\/228c0b4c-8469-40d6-a029-3e5a5f677176_\u526f\u672c.webp\" alt=\"Aluminum Dual Faces Levelling staff\" width=\"500\" height=\"500\" srcset=\"https:\/\/mountlaser.com\/wp-content\/uploads\/2025\/11\/228c0b4c-8469-40d6-a029-3e5a5f677176_\u526f\u672c.webp 800w, https:\/\/mountlaser.com\/wp-content\/uploads\/2025\/11\/228c0b4c-8469-40d6-a029-3e5a5f677176_\u526f\u672c-300x300.webp 300w, https:\/\/mountlaser.com\/wp-content\/uploads\/2025\/11\/228c0b4c-8469-40d6-a029-3e5a5f677176_\u526f\u672c-400x400.webp 400w, https:\/\/mountlaser.com\/wp-content\/uploads\/2025\/11\/228c0b4c-8469-40d6-a029-3e5a5f677176_\u526f\u672c-600x600.webp 600w, https:\/\/mountlaser.com\/wp-content\/uploads\/2025\/11\/228c0b4c-8469-40d6-a029-3e5a5f677176_\u526f\u672c-150x150.webp 150w, https:\/\/mountlaser.com\/wp-content\/uploads\/2025\/11\/228c0b4c-8469-40d6-a029-3e5a5f677176_\u526f\u672c-768x768.webp 768w, https:\/\/mountlaser.com\/wp-content\/uploads\/2025\/11\/228c0b4c-8469-40d6-a029-3e5a5f677176_\u526f\u672c-12x12.webp 12w\" sizes=\"(max-width: 500px) 100vw, 500px\" \/><\/p>\n<p>Khi d\u1ef1 \u00e1n c\u1ee7a b\u1ea1n \u0111\u00f2i h\u1ecfi c\u1ea3 ph\u1ea1m vi ho\u1ea1t \u0111\u1ed9ng c\u1ef1c r\u1ed9ng v\u00e0 ch\u1ee9c n\u0103ng v\u01b0\u1ee3t tr\u1ed9i, th\u00ec \u0111\u00e2y ch\u00ednh l\u00e0 gi\u1ea3i ph\u00e1p. <a href=\"https:\/\/mountlaser.com\/vi\/about-us\/\">Thanh c\u00e2n b\u1eb1ng b\u1eb1ng nh\u00f4m ch\u1ea5t l\u01b0\u1ee3ng cao<\/a> \u0110\u00e2y l\u00e0 s\u1ef1 l\u1ef1a ch\u1ecdn t\u1ed1i \u01b0u \u0111\u1ec3 \u0111\u1ea1t \u0111\u01b0\u1ee3c k\u1ebft qu\u1ea3 ch\u00ednh x\u00e1c m\u1ed9t c\u00e1ch hi\u1ec7u qu\u1ea3.<\/p>","protected":false},"excerpt":{"rendered":"<ul>\n<li>Th\u01b0\u1edbc th\u1ee7y hai m\u1eb7t b\u1eb1ng nh\u00f4m cung c\u1ea5p t\u1ea7m v\u1edbi \u0111\u1ea7y \u0111\u1ee7 7 m\u00e9t \u0111\u1ec3 x\u00e1c \u0111\u1ecbnh ch\u00eanh l\u1ec7ch \u0111\u1ed9 cao tr\u00ean kho\u1ea3ng c\u00e1ch r\u1ed9ng b\u1eb1ng m\u00e1y \u0111o \u0111\u1ed9 cao laser v\u00e0 quang h\u1ecdc.<\/li>\n<li>Thi\u1ebft k\u1ebf th\u01b0\u1edbc th\u0103ng b\u1eb1ng hai m\u1eb7t b\u1eb1ng nh\u00f4m c\u1ea3i ti\u1ebfn cho ph\u00e9p d\u1ec5 d\u00e0ng \u0111\u1ecdc k\u1ebft qu\u1ea3 t\u1eeb nhi\u1ec1u g\u00f3c \u0111\u1ed9 v\u00e0 v\u1ecb tr\u00ed kh\u00e1c nhau, n\u00e2ng cao hi\u1ec7u qu\u1ea3 quy tr\u00ecnh l\u00e0m vi\u1ec7c.<\/li>\n<\/ul>","protected":false},"featured_media":3450,"comment_status":"open","ping_status":"closed","template":"","meta":[],"product_brand":[],"product_cat":[90],"product_tag":[],"class_list":{"0":"post-3448","1":"product","2":"type-product","3":"status-publish","4":"has-post-thumbnail","6":"product_cat-leveling-staff","8":"first","9":"instock","10":"shipping-taxable","11":"product-type-simple"},"_links":{"self":[{"href":"https:\/\/mountlaser.com\/vi\/wp-json\/wp\/v2\/product\/3448","targetHints":{"allow":["GET"]}}],"collection":[{"href":"https:\/\/mountlaser.com\/vi\/wp-json\/wp\/v2\/product"}],"about":[{"href":"https:\/\/mountlaser.com\/vi\/wp-json\/wp\/v2\/types\/product"}],"replies":[{"embeddable":true,"href":"https:\/\/mountlaser.com\/vi\/wp-json\/wp\/v2\/comments?post=3448"}],"wp:featuredmedia":[{"embeddable":true,"href":"https:\/\/mountlaser.com\/vi\/wp-json\/wp\/v2\/media\/3450"}],"wp:attachment":[{"href":"https:\/\/mountlaser.com\/vi\/wp-json\/wp\/v2\/media?parent=3448"}],"wp:term":[{"taxonomy":"product_brand","embeddable":true,"href":"https:\/\/mountlaser.com\/vi\/wp-json\/wp\/v2\/product_brand?post=3448"},{"taxonomy":"product_cat","embeddable":true,"href":"https:\/\/mountlaser.com\/vi\/wp-json\/wp\/v2\/product_cat?post=3448"},{"taxonomy":"product_tag","embeddable":true,"href":"https:\/\/mountlaser.com\/vi\/wp-json\/wp\/v2\/product_tag?post=3448"}],"curies":[{"name":"trang web","href":"https:\/\/api.w.org\/{rel}","templated":true}]}}