{"id":3441,"date":"2025-11-05T09:00:30","date_gmt":"2025-11-05T09:00:30","guid":{"rendered":"https:\/\/mountlaser.com\/?post_type=product&#038;p=3441"},"modified":"2025-11-28T02:09:25","modified_gmt":"2025-11-28T02:09:25","slug":"5m-aluminum-leveling-staff","status":"publish","type":"product","link":"https:\/\/mountlaser.com\/vi\/san-pham\/5m-aluminum-leveling-staff\/","title":{"rendered":"Th\u01b0\u1edbc \u0111o \u0111\u1ed9 cao b\u1eb1ng nh\u00f4m 5M"},"content":{"rendered":"<p><a href=\"https:\/\/mountlaser.com\/vi\/\"><strong>Th\u01b0\u1edbc \u0111o \u0111\u1ed9 cao b\u1eb1ng nh\u00f4m 5M<\/strong><\/a> \u0110\u01b0\u1ee3c thi\u1ebft k\u1ebf d\u00e0nh cho c\u00e1c chuy\u00ean gia c\u1ea7n t\u1ea7m v\u1edbi m\u1edf r\u1ed9ng m\u00e0 kh\u00f4ng \u1ea3nh h\u01b0\u1edfng \u0111\u1ebfn t\u00ednh di \u0111\u1ed9ng ho\u1eb7c \u0111\u1ed9 ch\u00ednh x\u00e1c. C\u00f2n \u0111\u01b0\u1ee3c g\u1ecdi l\u00e0 th\u01b0\u1edbc \u0111o \u0111\u1ed9 cao b\u1eb1ng nh\u00f4m 5 m\u00e9t, d\u1ee5ng c\u1ee5 n\u00e0y l\u00e0 gi\u1ea3i ph\u00e1p t\u1ed1i \u01b0u cho c\u00e1c d\u1ef1 \u00e1n kh\u1ea3o s\u00e1t v\u00e0 x\u00e2y d\u1ef1ng quy m\u00f4 l\u1edbn. Th\u01b0\u1edbc \u0111o \u0111\u1ed9 cao b\u1eb1ng nh\u00f4m d\u1ea1ng \u1ed1ng l\u1ed3ng 5 m\u00e9t c\u1ee7a ch\u00fang t\u00f4i c\u00f3 th\u1ec3 k\u00e9o d\u00e0i \u0111\u1ebfn chi\u1ec1u d\u00e0i 5 m\u00e9t, cung c\u1ea5p ph\u1ea1m vi c\u1ea7n thi\u1ebft \u0111\u1ec3 \u0111o \u0111\u1ed9 cao to\u00e0n di\u1ec7n b\u1eb1ng m\u00e1y th\u1ee7y b\u00ecnh laser v\u00e0 quang h\u1ecdc. Thi\u1ebft k\u1ebf 5 \u0111o\u1ea1n c\u1ea3i ti\u1ebfn gi\u00fap th\u01b0\u1edbc \u0111o \u0111\u1ed9 cao b\u1eb1ng nh\u00f4m 5 \u0111o\u1ea1n 5 m\u00e9t n\u00e0y c\u1ef1c k\u1ef3 nh\u1ecf g\u1ecdn khi thu g\u1ecdn, \u0111\u1ea3m b\u1ea3o d\u1ec5 d\u00e0ng v\u1eadn chuy\u1ec3n v\u00e0 c\u1ea5t gi\u1eef.<\/p>\n<p>\u0110\u01b0\u1ee3c ch\u1ebf t\u1ea1o t\u1eeb h\u1ee3p kim nh\u00f4m 6061 c\u01b0\u1eddng \u0111\u1ed9 cao v\u1edbi l\u1edbp ph\u1ee7 anot h\u00f3a b\u1ea1c, th\u01b0\u1edbc \u0111o n\u00e0y \u0111\u01b0\u1ee3c thi\u1ebft k\u1ebf \u0111\u1ec3 ch\u1ed1ng \u0103n m\u00f2n v\u00e0 ch\u1ecbu \u0111\u01b0\u1ee3c vi\u1ec7c s\u1eed d\u1ee5ng h\u00e0ng ng\u00e0y kh\u1eafc nghi\u1ec7t. C\u00e1c v\u1ea1ch chia \u0111\u01b0\u1ee3c in b\u1eb1ng ph\u01b0\u01a1ng ph\u00e1p in l\u1ee5a truy\u1ec1n th\u1ed1ng, sau \u0111\u00f3 s\u1ea5y kh\u00f4 \u1edf nhi\u1ec7t \u0111\u1ed9 cao, t\u1ea1o ra m\u1ed9t thang \u0111o c\u00f3 kh\u1ea3 n\u0103ng ch\u1ed1ng ch\u1ecbu cao v\u1edbi th\u1eddi ti\u1ebft, m\u00e0i m\u00f2n v\u00e0 phai m\u00e0u. \u0110i\u1ec1u n\u00e0y \u0111\u1ea3m b\u1ea3o \u0111\u1ed9 r\u00f5 n\u00e9t v\u00e0 \u0111\u1ed9 tin c\u1eady l\u00e2u d\u00e0i c\u1ee7a th\u01b0\u1edbc \u0111o \u0111\u1ed9 cao b\u1eb1ng nh\u00f4m d\u1ea1ng \u1ed1ng l\u1ed3ng 5M n\u00e0y. \u0110i k\u00e8m v\u1edbi m\u1ed9t t\u00fai \u0111\u1ef1ng b\u1ea3o v\u1ec7, s\u1ea3n ph\u1ea9m n\u00e0y... <a href=\"https:\/\/mountlaser.com\/vi\/about-us\/\"><strong>Th\u01b0\u1edbc \u0111o \u0111\u1ed9 cao b\u1eb1ng nh\u00f4m 5 \u0111o\u1ea1n, d\u00e0i 5 m\u00e9t.<\/strong><\/a> \u0110\u00e2y l\u00e0 b\u1ed9 d\u1ee5ng c\u1ee5 ho\u00e0n ch\u1ec9nh, s\u1eb5n s\u00e0ng tri\u1ec3n khai cho b\u1ea5t k\u1ef3 c\u00f4ng tr\u01b0\u1eddng n\u00e0o.<\/p>\n<p>&nbsp;<\/p>\n<p>K\u00edch th\u01b0\u1edbc ti\u00eau chu\u1ea9n bao g\u1ed3m 5m\/5 \u0111o\u1ea1n.<\/p>\n<p>H\u00ecnh \u1ea3nh n\u00e0y th\u1ec3 hi\u1ec7n nhi\u1ec1u ki\u1ec3u minh h\u1ecda kh\u00e1c nhau \u0111\u1ec3 l\u1ef1a ch\u1ecdn.<img fetchpriority=\"high\" decoding=\"async\" class=\"alignnone wp-image-3428\" src=\"https:\/\/mountlaser.com\/wp-content\/uploads\/2025\/11\/0b2093a1-9948-45d7-b293-7bf17d80b027_\u526f\u672c.webp\" alt=\"5 Meter 5-Section Aluminium Survey Staff\" width=\"500\" height=\"500\" srcset=\"https:\/\/mountlaser.com\/wp-content\/uploads\/2025\/11\/0b2093a1-9948-45d7-b293-7bf17d80b027_\u526f\u672c.webp 800w, https:\/\/mountlaser.com\/wp-content\/uploads\/2025\/11\/0b2093a1-9948-45d7-b293-7bf17d80b027_\u526f\u672c-300x300.webp 300w, https:\/\/mountlaser.com\/wp-content\/uploads\/2025\/11\/0b2093a1-9948-45d7-b293-7bf17d80b027_\u526f\u672c-400x400.webp 400w, https:\/\/mountlaser.com\/wp-content\/uploads\/2025\/11\/0b2093a1-9948-45d7-b293-7bf17d80b027_\u526f\u672c-600x600.webp 600w, https:\/\/mountlaser.com\/wp-content\/uploads\/2025\/11\/0b2093a1-9948-45d7-b293-7bf17d80b027_\u526f\u672c-150x150.webp 150w, https:\/\/mountlaser.com\/wp-content\/uploads\/2025\/11\/0b2093a1-9948-45d7-b293-7bf17d80b027_\u526f\u672c-768x768.webp 768w, https:\/\/mountlaser.com\/wp-content\/uploads\/2025\/11\/0b2093a1-9948-45d7-b293-7bf17d80b027_\u526f\u672c-12x12.webp 12w\" sizes=\"(max-width: 500px) 100vw, 500px\" \/><\/p>\n<p>&nbsp;<\/p>\n<p><img decoding=\"async\" class=\"aligncenter wp-image-3429\" src=\"https:\/\/mountlaser.com\/wp-content\/uploads\/2025\/11\/228c0b4c-8469-40d6-a029-3e5a5f677176_\u526f\u672c.webp\" alt=\"5 Meter 5-Section Aluminium Survey Staff\" width=\"500\" height=\"500\" srcset=\"https:\/\/mountlaser.com\/wp-content\/uploads\/2025\/11\/228c0b4c-8469-40d6-a029-3e5a5f677176_\u526f\u672c.webp 800w, https:\/\/mountlaser.com\/wp-content\/uploads\/2025\/11\/228c0b4c-8469-40d6-a029-3e5a5f677176_\u526f\u672c-300x300.webp 300w, https:\/\/mountlaser.com\/wp-content\/uploads\/2025\/11\/228c0b4c-8469-40d6-a029-3e5a5f677176_\u526f\u672c-400x400.webp 400w, https:\/\/mountlaser.com\/wp-content\/uploads\/2025\/11\/228c0b4c-8469-40d6-a029-3e5a5f677176_\u526f\u672c-600x600.webp 600w, https:\/\/mountlaser.com\/wp-content\/uploads\/2025\/11\/228c0b4c-8469-40d6-a029-3e5a5f677176_\u526f\u672c-150x150.webp 150w, https:\/\/mountlaser.com\/wp-content\/uploads\/2025\/11\/228c0b4c-8469-40d6-a029-3e5a5f677176_\u526f\u672c-768x768.webp 768w, https:\/\/mountlaser.com\/wp-content\/uploads\/2025\/11\/228c0b4c-8469-40d6-a029-3e5a5f677176_\u526f\u672c-12x12.webp 12w\" sizes=\"(max-width: 500px) 100vw, 500px\" \/><\/p>","protected":false},"excerpt":{"rendered":"<ul>\n<li>L\u00e0 m\u1ed9t th\u01b0\u1edbc \u0111o tr\u1eafc \u0111\u1ecba b\u1eb1ng nh\u00f4m 5 \u0111o\u1ea1n d\u00e0i 5 m\u00e9t, n\u00f3 c\u00f3 th\u1ec3 thu g\u1ecdn th\u00e0nh m\u1ed9t kh\u1ed1i nh\u1ecf g\u1ecdn, d\u1ec5 mang theo v\u00e0 c\u1ea5t gi\u1eef.<\/li>\n<li>Bao g\u1ed3m m\u1ed9t h\u1ed9p \u0111\u1ef1ng ti\u1ec7n d\u1ee5ng, gi\u00fap to\u00e0n b\u1ed9 h\u1ec7 th\u1ed1ng th\u01b0\u1edbc \u0111o \u0111\u1ed9 cao b\u1eb1ng nh\u00f4m d\u1ea1ng \u1ed1ng l\u1ed3ng 5M tr\u1edf n\u00ean d\u1ec5 mang theo v\u00e0 \u0111\u01b0\u1ee3c b\u1ea3o v\u1ec7 trong qu\u00e1 tr\u00ecnh v\u1eadn chuy\u1ec3n.<\/li>\n<\/ul>","protected":false},"featured_media":3446,"comment_status":"open","ping_status":"closed","template":"","meta":[],"product_brand":[],"product_cat":[90],"product_tag":[],"class_list":{"0":"post-3441","1":"product","2":"type-product","3":"status-publish","4":"has-post-thumbnail","6":"product_cat-leveling-staff","8":"first","9":"instock","10":"shipping-taxable","11":"product-type-simple"},"_links":{"self":[{"href":"https:\/\/mountlaser.com\/vi\/wp-json\/wp\/v2\/product\/3441","targetHints":{"allow":["GET"]}}],"collection":[{"href":"https:\/\/mountlaser.com\/vi\/wp-json\/wp\/v2\/product"}],"about":[{"href":"https:\/\/mountlaser.com\/vi\/wp-json\/wp\/v2\/types\/product"}],"replies":[{"embeddable":true,"href":"https:\/\/mountlaser.com\/vi\/wp-json\/wp\/v2\/comments?post=3441"}],"wp:featuredmedia":[{"embeddable":true,"href":"https:\/\/mountlaser.com\/vi\/wp-json\/wp\/v2\/media\/3446"}],"wp:attachment":[{"href":"https:\/\/mountlaser.com\/vi\/wp-json\/wp\/v2\/media?parent=3441"}],"wp:term":[{"taxonomy":"product_brand","embeddable":true,"href":"https:\/\/mountlaser.com\/vi\/wp-json\/wp\/v2\/product_brand?post=3441"},{"taxonomy":"product_cat","embeddable":true,"href":"https:\/\/mountlaser.com\/vi\/wp-json\/wp\/v2\/product_cat?post=3441"},{"taxonomy":"product_tag","embeddable":true,"href":"https:\/\/mountlaser.com\/vi\/wp-json\/wp\/v2\/product_tag?post=3441"}],"curies":[{"name":"trang web","href":"https:\/\/api.w.org\/{rel}","templated":true}]}}