{"id":3435,"date":"2025-11-05T08:52:36","date_gmt":"2025-11-05T08:52:36","guid":{"rendered":"https:\/\/mountlaser.com\/?post_type=product&#038;p=3435"},"modified":"2025-11-28T02:15:49","modified_gmt":"2025-11-28T02:15:49","slug":"4m-aluminum-leveling-staff","status":"publish","type":"product","link":"https:\/\/mountlaser.com\/vi\/san-pham\/4m-aluminum-leveling-staff\/","title":{"rendered":"Th\u01b0\u1edbc \u0111o \u0111\u1ed9 cao b\u1eb1ng nh\u00f4m 4M"},"content":{"rendered":"<p><a href=\"https:\/\/mountlaser.com\/vi\/\"><strong>Th\u01b0\u1edbc \u0111o \u0111\u1ed9 cao b\u1eb1ng nh\u00f4m 4M<\/strong><\/a> \u0110\u00e2y l\u00e0 m\u1ed9t d\u1ee5ng c\u1ee5 chuy\u00ean nghi\u1ec7p \u0111\u01b0\u1ee3c thi\u1ebft k\u1ebf \u0111\u1ec3 \u0111\u1ea3m b\u1ea3o \u0111\u1ed9 ch\u00ednh x\u00e1c v\u00e0 hi\u1ec7u qu\u1ea3 t\u1ea1i c\u00f4ng tr\u01b0\u1eddng. C\u00f2n \u0111\u01b0\u1ee3c g\u1ecdi l\u00e0 th\u01b0\u1edbc \u0111o \u0111\u1ed9 cao b\u1eb1ng nh\u00f4m 4M, s\u1ea3n ph\u1ea9m n\u00e0y \u0111\u01b0\u1ee3c ch\u1ebf t\u1ea1o \u0111\u1ec3 \u0111\u00e1p \u1ee9ng nh\u1eefng y\u00eau c\u1ea7u kh\u1eaft khe c\u1ee7a c\u00e1c nh\u00e0 kh\u1ea3o s\u00e1t v\u00e0 chuy\u00ean gia x\u00e2y d\u1ef1ng.<\/p>\n<p>L\u00e0 m\u1ed9t th\u01b0\u1edbc th\u1ee7y telescopic ch\u1eafc ch\u1eafn, n\u00f3 c\u00f3 th\u1ec3 k\u00e9o d\u00e0i \u0111\u1ebfn chi\u1ec1u d\u00e0i 4 m\u00e9t, cung c\u1ea5p t\u1ea7m v\u1edbi c\u1ea7n thi\u1ebft cho nhi\u1ec1u nhi\u1ec7m v\u1ee5 \u0111o \u0111\u1ea1c kh\u00e1c nhau v\u1edbi c\u1ea3 m\u00e1y th\u1ee7y b\u00ecnh laser v\u00e0 quang h\u1ecdc.<\/p>\n<p>&nbsp;<\/p>\n<p>\u0110\u01b0\u1ee3c ch\u1ebf t\u1ea1o t\u1eeb h\u1ee3p kim nh\u00f4m 6061 c\u01b0\u1eddng \u0111\u1ed9 cao v\u1edbi l\u1edbp ph\u1ee7 anod h\u00f3a b\u1ea1c b\u1ea3o v\u1ec7, th\u01b0\u1edbc \u0111o \u0111\u1ed9 cao b\u1eb1ng nh\u00f4m n\u00e0y \u0111\u01b0\u1ee3c thi\u1ebft k\u1ebf \u0111\u1ec3 t\u0103ng c\u01b0\u1eddng \u0111\u1ed9 b\u1ec1n v\u00e0 tu\u1ed5i th\u1ecd. N\u00f3 c\u00f3 kh\u1ea3 n\u0103ng ch\u1ed1ng \u0103n m\u00f2n hi\u1ec7u qu\u1ea3 v\u00e0 ch\u1ecbu \u0111\u01b0\u1ee3c nh\u1eefng th\u00e1ch th\u1ee9c c\u1ee7a m\u00f4i tr\u01b0\u1eddng ngo\u00e0i tr\u1eddi kh\u1eafc nghi\u1ec7t. V\u1ea1ch chia r\u00f5 n\u00e9t \u0111\u01b0\u1ee3c in b\u1eb1ng ph\u01b0\u01a1ng ph\u00e1p in l\u1ee5a truy\u1ec1n th\u1ed1ng v\u00e0 s\u1ea5y kh\u00f4 \u1edf nhi\u1ec7t \u0111\u1ed9 cao, \u0111\u1ea3m b\u1ea3o \u0111\u1ed9 b\u00e1m d\u00ednh v\u01b0\u1ee3t tr\u1ed9i, ch\u1ed1ng ch\u1ecbu th\u1eddi ti\u1ebft v\u00e0 m\u00e0i m\u00f2n. \u0110i\u1ec1u n\u00e0y l\u00e0m cho c\u00e1c v\u1ea1ch chia tr\u00ean th\u01b0\u1edbc \u0111o n\u00e0y... <a href=\"https:\/\/mountlaser.com\/vi\/products\/\"><strong>Thanh c\u00e2n b\u1eb1ng d\u1ea1ng \u1ed1ng l\u1ed3ng<\/strong><\/a> D\u1ec5 \u0111\u1ecdc v\u00e0 b\u1ec1n b\u1ec9, ngay c\u1ea3 khi s\u1eed d\u1ee5ng nhi\u1ec1u. T\u00fai \u0111\u1ef1ng \u0111i k\u00e8m gi\u00fap th\u01b0\u1edbc \u0111o \u0111\u1ed9 cao b\u1eb1ng nh\u00f4m di \u0111\u1ed9ng n\u00e0y d\u1ec5 d\u00e0ng v\u1eadn chuy\u1ec3n v\u00e0 c\u1ea5t gi\u1eef, t\u1ea1o n\u00ean m\u1ed9t gi\u1ea3i ph\u00e1p to\u00e0n di\u1ec7n cho m\u1ecdi chuy\u00ean gia.<\/p>\n<p>K\u00edch th\u01b0\u1edbc ti\u00eau chu\u1ea9n bao g\u1ed3m <a href=\"https:\/\/mountlaser.com\/vi\/contact-us\/\">4m\/4 \u0111o\u1ea1n<\/a><\/p>\n<p><img fetchpriority=\"high\" decoding=\"async\" class=\"wp-image-3428 aligncenter\" src=\"https:\/\/mountlaser.com\/wp-content\/uploads\/2025\/11\/0b2093a1-9948-45d7-b293-7bf17d80b027_\u526f\u672c.webp\" alt=\"Telescopic Leveling Rod\" width=\"500\" height=\"500\" srcset=\"https:\/\/mountlaser.com\/wp-content\/uploads\/2025\/11\/0b2093a1-9948-45d7-b293-7bf17d80b027_\u526f\u672c.webp 800w, https:\/\/mountlaser.com\/wp-content\/uploads\/2025\/11\/0b2093a1-9948-45d7-b293-7bf17d80b027_\u526f\u672c-300x300.webp 300w, https:\/\/mountlaser.com\/wp-content\/uploads\/2025\/11\/0b2093a1-9948-45d7-b293-7bf17d80b027_\u526f\u672c-400x400.webp 400w, https:\/\/mountlaser.com\/wp-content\/uploads\/2025\/11\/0b2093a1-9948-45d7-b293-7bf17d80b027_\u526f\u672c-600x600.webp 600w, https:\/\/mountlaser.com\/wp-content\/uploads\/2025\/11\/0b2093a1-9948-45d7-b293-7bf17d80b027_\u526f\u672c-150x150.webp 150w, https:\/\/mountlaser.com\/wp-content\/uploads\/2025\/11\/0b2093a1-9948-45d7-b293-7bf17d80b027_\u526f\u672c-768x768.webp 768w, https:\/\/mountlaser.com\/wp-content\/uploads\/2025\/11\/0b2093a1-9948-45d7-b293-7bf17d80b027_\u526f\u672c-12x12.webp 12w\" sizes=\"(max-width: 500px) 100vw, 500px\" \/><\/p>\n<p>H\u00ecnh \u1ea3nh n\u00e0y th\u1ec3 hi\u1ec7n nhi\u1ec1u ki\u1ec3u minh h\u1ecda kh\u00e1c nhau \u0111\u1ec3 l\u1ef1a ch\u1ecdn.<\/p>\n<p><img decoding=\"async\" class=\"aligncenter wp-image-3429\" src=\"https:\/\/mountlaser.com\/wp-content\/uploads\/2025\/11\/228c0b4c-8469-40d6-a029-3e5a5f677176_\u526f\u672c.webp\" alt=\"Telescopic Leveling Rod\" width=\"500\" height=\"500\" srcset=\"https:\/\/mountlaser.com\/wp-content\/uploads\/2025\/11\/228c0b4c-8469-40d6-a029-3e5a5f677176_\u526f\u672c.webp 800w, https:\/\/mountlaser.com\/wp-content\/uploads\/2025\/11\/228c0b4c-8469-40d6-a029-3e5a5f677176_\u526f\u672c-300x300.webp 300w, https:\/\/mountlaser.com\/wp-content\/uploads\/2025\/11\/228c0b4c-8469-40d6-a029-3e5a5f677176_\u526f\u672c-400x400.webp 400w, https:\/\/mountlaser.com\/wp-content\/uploads\/2025\/11\/228c0b4c-8469-40d6-a029-3e5a5f677176_\u526f\u672c-600x600.webp 600w, https:\/\/mountlaser.com\/wp-content\/uploads\/2025\/11\/228c0b4c-8469-40d6-a029-3e5a5f677176_\u526f\u672c-150x150.webp 150w, https:\/\/mountlaser.com\/wp-content\/uploads\/2025\/11\/228c0b4c-8469-40d6-a029-3e5a5f677176_\u526f\u672c-768x768.webp 768w, https:\/\/mountlaser.com\/wp-content\/uploads\/2025\/11\/228c0b4c-8469-40d6-a029-3e5a5f677176_\u526f\u672c-12x12.webp 12w\" sizes=\"(max-width: 500px) 100vw, 500px\" \/><\/p>","protected":false},"excerpt":{"rendered":"<ul>\n<li>S\u1ea3n ph\u1ea9m n\u00e0y \u0111\u00f3ng vai tr\u00f2 nh\u01b0 m\u1ed9t th\u01b0\u1edbc \u0111o \u0111\u1ed9 cao d\u1ea1ng \u1ed1ng l\u1ed3ng d\u00e0i 4 m\u00e9t, d\u00f9ng \u0111\u1ec3 x\u00e1c \u0111\u1ecbnh ch\u00ednh x\u00e1c s\u1ef1 ch\u00eanh l\u1ec7ch \u0111\u1ed9 cao v\u00e0 chi\u1ec1u cao b\u1eb1ng nhi\u1ec1u d\u1ee5ng c\u1ee5 \u0111o \u0111\u1ed9 cao kh\u00e1c nhau.<\/li>\n<li>S\u1ea3n ph\u1ea9m c\u00f3 thang \u0111o d\u1ec5 \u0111\u1ecdc, ch\u1ed1ng ch\u1ecbu th\u1eddi ti\u1ebft v\u00e0 \u0103n m\u00f2n, \u0111\u01b0\u1ee3c in l\u1ee5a v\u00e0 s\u1ea5y kh\u00f4 b\u1eb1ng nhi\u1ec7t \u0111\u1ec3 \u0111\u1ea1t \u0111\u1ed9 b\u1ec1n v\u00e0 \u0111\u1ed9 r\u00f5 n\u00e9t t\u1ed1i \u0111a.<\/li>\n<\/ul>","protected":false},"featured_media":3439,"comment_status":"open","ping_status":"closed","template":"","meta":[],"product_brand":[],"product_cat":[90],"product_tag":[],"class_list":{"0":"post-3435","1":"product","2":"type-product","3":"status-publish","4":"has-post-thumbnail","6":"product_cat-leveling-staff","8":"first","9":"instock","10":"shipping-taxable","11":"product-type-simple"},"_links":{"self":[{"href":"https:\/\/mountlaser.com\/vi\/wp-json\/wp\/v2\/product\/3435","targetHints":{"allow":["GET"]}}],"collection":[{"href":"https:\/\/mountlaser.com\/vi\/wp-json\/wp\/v2\/product"}],"about":[{"href":"https:\/\/mountlaser.com\/vi\/wp-json\/wp\/v2\/types\/product"}],"replies":[{"embeddable":true,"href":"https:\/\/mountlaser.com\/vi\/wp-json\/wp\/v2\/comments?post=3435"}],"wp:featuredmedia":[{"embeddable":true,"href":"https:\/\/mountlaser.com\/vi\/wp-json\/wp\/v2\/media\/3439"}],"wp:attachment":[{"href":"https:\/\/mountlaser.com\/vi\/wp-json\/wp\/v2\/media?parent=3435"}],"wp:term":[{"taxonomy":"product_brand","embeddable":true,"href":"https:\/\/mountlaser.com\/vi\/wp-json\/wp\/v2\/product_brand?post=3435"},{"taxonomy":"product_cat","embeddable":true,"href":"https:\/\/mountlaser.com\/vi\/wp-json\/wp\/v2\/product_cat?post=3435"},{"taxonomy":"product_tag","embeddable":true,"href":"https:\/\/mountlaser.com\/vi\/wp-json\/wp\/v2\/product_tag?post=3435"}],"curies":[{"name":"trang web","href":"https:\/\/api.w.org\/{rel}","templated":true}]}}