{"id":3427,"date":"2025-11-05T08:38:37","date_gmt":"2025-11-05T08:38:37","guid":{"rendered":"https:\/\/mountlaser.com\/?post_type=product&#038;p=3427"},"modified":"2025-11-28T02:22:32","modified_gmt":"2025-11-28T02:22:32","slug":"3m-aluminum-leveling-staff","status":"publish","type":"product","link":"https:\/\/mountlaser.com\/vi\/san-pham\/3m-aluminum-leveling-staff\/","title":{"rendered":"Th\u01b0\u1edbc \u0111o \u0111\u1ed9 cao b\u1eb1ng nh\u00f4m 3M"},"content":{"rendered":"<p>Gi\u00e1 \u0111\u1ee1 Laser <a href=\"https:\/\/mountlaser.com\/vi\/\u3001\/\"><strong>Th\u01b0\u1edbc \u0111o \u0111\u1ed9 cao b\u1eb1ng nh\u00f4m 3M<\/strong> <\/a>(C\u00f2n \u0111\u01b0\u1ee3c g\u1ecdi l\u00e0 Th\u01b0\u1edbc \u0111o \u0111\u1ed9 cao) l\u00e0 m\u1ed9t lo\u1ea1i th\u01b0\u1edbc \u0111o \u0111\u1ed9 cao d\u1ea1ng \u1ed1ng l\u1ed3ng c\u00f3 \u0111\u1ed9 ch\u00ednh x\u00e1c cao, \u0111\u01b0\u1ee3c thi\u1ebft k\u1ebf cho c\u00e1c \u1ee9ng d\u1ee5ng kh\u1ea3o s\u00e1t v\u00e0 x\u00e2y d\u1ef1ng chuy\u00ean nghi\u1ec7p. \u0110\u01b0\u1ee3c s\u1ea3n xu\u1ea5t t\u1eeb h\u1ee3p kim nh\u00f4m 6061 c\u01b0\u1eddng \u0111\u1ed9 cao v\u1edbi l\u1edbp ph\u1ee7 anot h\u00f3a m\u00e0u b\u1ea1c, n\u00f3 mang l\u1ea1i t\u1ef7 l\u1ec7 s\u1ee9c m\u1ea1nh tr\u00ean tr\u1ecdng l\u01b0\u1ee3ng v\u01b0\u1ee3t tr\u1ed9i, khi\u1ebfn n\u00f3 v\u1eeba nh\u1eb9 v\u1eeba c\u1ef1c k\u1ef3 b\u1ec1n. S\u1ea3n ph\u1ea9m c\u00f3 c\u00e1c t\u00f9y ch\u1ecdn \u0111\u1ed9 d\u00e0y th\u00e0nh 1.0mm v\u00e0 0.8mm \u0111\u1ec3 ph\u00f9 h\u1ee3p v\u1edbi c\u00e1c y\u00eau c\u1ea7u c\u00f4ng vi\u1ec7c c\u1ee5 th\u1ec3.<\/p>\n<p>C\u00e1i n\u00e0y <a href=\"https:\/\/mountlaser.com\/vi\/about-us\/\"><strong>Nh\u00e2n vi\u00ean kh\u1ea3o s\u00e1t ch\u00ednh x\u00e1c<\/strong><\/a> S\u1ea3n ph\u1ea9m c\u00f3 thang \u0111o r\u00f5 r\u00e0ng, b\u1ec1n b\u1ec9 \u0111\u01b0\u1ee3c in b\u1eb1ng ph\u01b0\u01a1ng ph\u00e1p in l\u1ee5a truy\u1ec1n th\u1ed1ng v\u00e0 s\u1ea5y kh\u00f4 \u1edf nhi\u1ec7t \u0111\u1ed9 cao, \u0111\u1ea3m b\u1ea3o c\u00e1c v\u1ea1ch chia c\u00f3 kh\u1ea3 n\u0103ng ch\u1ed1ng ch\u1ecbu cao v\u1edbi th\u1eddi ti\u1ebft, \u0103n m\u00f2n v\u00e0 m\u00e0i m\u00f2n. Thang \u0111o \u1edf m\u1eb7t sau cho ph\u00e9p d\u1ec5 d\u00e0ng \u0111\u1ecdc chi\u1ec1u cao t\u1ed5ng th\u1ec3. C\u00f3 th\u1ec3 k\u00e9o d\u00e0i \u0111\u1ebfn chi\u1ec1u d\u00e0i 3 m\u00e9t, s\u1ea3n ph\u1ea9m l\u00fd t\u01b0\u1edfng \u0111\u1ec3 s\u1eed d\u1ee5ng v\u1edbi c\u1ea3 m\u00e1y c\u00e2n b\u1eb1ng laser v\u00e0 quang h\u1ecdc. L\u00e0 m\u1ed9t th\u01b0\u1edbc c\u00e2n b\u1eb1ng d\u1ea1ng \u1ed1ng l\u1ed3ng \u0111a n\u0103ng v\u00e0 c\u00f3 th\u1ec3 \u0111i\u1ec1u ch\u1ec9nh, s\u1ea3n ph\u1ea9m bao g\u1ed3m m\u1ed9t t\u00fai \u0111\u1ef1ng \u0111\u1ec3 d\u1ec5 d\u00e0ng mang theo, bi\u1ebfn n\u00f3 th\u00e0nh m\u1ed9t c\u00f4ng c\u1ee5 d\u1ec5 s\u1eed d\u1ee5ng v\u00e0 \u0111\u00e1ng tin c\u1eady cho nhi\u1ec1u nhu c\u1ea7u \u0111o l\u01b0\u1eddng kh\u00e1c nhau.<\/p>\n<p>&nbsp;<\/p>\n<p>K\u00edch th\u01b0\u1edbc ti\u00eau chu\u1ea9n bao g\u1ed3m 3m\/3 \u0111o\u1ea1n.<img fetchpriority=\"high\" decoding=\"async\" class=\"aligncenter wp-image-3428\" src=\"https:\/\/mountlaser.com\/wp-content\/uploads\/2025\/11\/0b2093a1-9948-45d7-b293-7bf17d80b027_\u526f\u672c.webp\" alt=\"Telescopic Leveling Staff\" width=\"500\" height=\"500\" srcset=\"https:\/\/mountlaser.com\/wp-content\/uploads\/2025\/11\/0b2093a1-9948-45d7-b293-7bf17d80b027_\u526f\u672c.webp 800w, https:\/\/mountlaser.com\/wp-content\/uploads\/2025\/11\/0b2093a1-9948-45d7-b293-7bf17d80b027_\u526f\u672c-300x300.webp 300w, https:\/\/mountlaser.com\/wp-content\/uploads\/2025\/11\/0b2093a1-9948-45d7-b293-7bf17d80b027_\u526f\u672c-400x400.webp 400w, https:\/\/mountlaser.com\/wp-content\/uploads\/2025\/11\/0b2093a1-9948-45d7-b293-7bf17d80b027_\u526f\u672c-600x600.webp 600w, https:\/\/mountlaser.com\/wp-content\/uploads\/2025\/11\/0b2093a1-9948-45d7-b293-7bf17d80b027_\u526f\u672c-150x150.webp 150w, https:\/\/mountlaser.com\/wp-content\/uploads\/2025\/11\/0b2093a1-9948-45d7-b293-7bf17d80b027_\u526f\u672c-768x768.webp 768w, https:\/\/mountlaser.com\/wp-content\/uploads\/2025\/11\/0b2093a1-9948-45d7-b293-7bf17d80b027_\u526f\u672c-12x12.webp 12w\" sizes=\"(max-width: 500px) 100vw, 500px\" \/><\/p>\n<p>H\u00ecnh \u1ea3nh n\u00e0y th\u1ec3 hi\u1ec7n nhi\u1ec1u ki\u1ec3u minh h\u1ecda kh\u00e1c nhau \u0111\u1ec3 l\u1ef1a ch\u1ecdn.<\/p>\n<p><img decoding=\"async\" class=\"aligncenter wp-image-3429\" src=\"https:\/\/mountlaser.com\/wp-content\/uploads\/2025\/11\/228c0b4c-8469-40d6-a029-3e5a5f677176_\u526f\u672c.webp\" alt=\"Telescopic Leveling Staff\" width=\"500\" height=\"500\" srcset=\"https:\/\/mountlaser.com\/wp-content\/uploads\/2025\/11\/228c0b4c-8469-40d6-a029-3e5a5f677176_\u526f\u672c.webp 800w, https:\/\/mountlaser.com\/wp-content\/uploads\/2025\/11\/228c0b4c-8469-40d6-a029-3e5a5f677176_\u526f\u672c-300x300.webp 300w, https:\/\/mountlaser.com\/wp-content\/uploads\/2025\/11\/228c0b4c-8469-40d6-a029-3e5a5f677176_\u526f\u672c-400x400.webp 400w, https:\/\/mountlaser.com\/wp-content\/uploads\/2025\/11\/228c0b4c-8469-40d6-a029-3e5a5f677176_\u526f\u672c-600x600.webp 600w, https:\/\/mountlaser.com\/wp-content\/uploads\/2025\/11\/228c0b4c-8469-40d6-a029-3e5a5f677176_\u526f\u672c-150x150.webp 150w, https:\/\/mountlaser.com\/wp-content\/uploads\/2025\/11\/228c0b4c-8469-40d6-a029-3e5a5f677176_\u526f\u672c-768x768.webp 768w, https:\/\/mountlaser.com\/wp-content\/uploads\/2025\/11\/228c0b4c-8469-40d6-a029-3e5a5f677176_\u526f\u672c-12x12.webp 12w\" sizes=\"(max-width: 500px) 100vw, 500px\" \/><\/p>","protected":false},"excerpt":{"rendered":"<ul>\n<li>S\u1ea3n ph\u1ea9m n\u00e0y ho\u1ea1t \u0111\u1ed9ng nh\u01b0 m\u1ed9t th\u01b0\u1edbc \u0111o \u0111\u1ed9 cao d\u1ea1ng \u1ed1ng l\u1ed3ng 3 m\u00e9t, d\u00f9ng \u0111\u1ec3 x\u00e1c \u0111\u1ecbnh ch\u00eanh l\u1ec7ch \u0111\u1ed9 cao v\u00e0 chi\u1ec1u cao b\u1eb1ng m\u00e1y \u0111o \u0111\u1ed9 cao quang h\u1ecdc ho\u1eb7c laser.<\/li>\n<li>V\u1ea1ch chia \u1edf m\u1eb7t sau gi\u00fap d\u1ec5 d\u00e0ng \u0111\u1ecdc chi\u1ec1u cao t\u1ed5ng th\u1ec3, h\u1ed7 tr\u1ee3 thu th\u1eadp d\u1eef li\u1ec7u ch\u00ednh x\u00e1c.<\/li>\n<li>\u0110i k\u00e8m v\u1edbi m\u1ed9t t\u00fai \u0111\u1ef1ng ti\u1ec7n d\u1ee5ng, gi\u00fap to\u00e0n b\u1ed9 b\u1ed9 th\u01b0\u1edbc \u0111o \u0111\u1ed9 ch\u00ednh x\u00e1c d\u1ec5 d\u00e0ng v\u1eadn chuy\u1ec3n v\u00e0 c\u1ea5t gi\u1eef.<\/li>\n<\/ul>","protected":false},"featured_media":3431,"comment_status":"open","ping_status":"closed","template":"","meta":[],"product_brand":[],"product_cat":[90],"product_tag":[],"class_list":{"0":"post-3427","1":"product","2":"type-product","3":"status-publish","4":"has-post-thumbnail","6":"product_cat-leveling-staff","8":"first","9":"instock","10":"shipping-taxable","11":"product-type-simple"},"_links":{"self":[{"href":"https:\/\/mountlaser.com\/vi\/wp-json\/wp\/v2\/product\/3427","targetHints":{"allow":["GET"]}}],"collection":[{"href":"https:\/\/mountlaser.com\/vi\/wp-json\/wp\/v2\/product"}],"about":[{"href":"https:\/\/mountlaser.com\/vi\/wp-json\/wp\/v2\/types\/product"}],"replies":[{"embeddable":true,"href":"https:\/\/mountlaser.com\/vi\/wp-json\/wp\/v2\/comments?post=3427"}],"wp:featuredmedia":[{"embeddable":true,"href":"https:\/\/mountlaser.com\/vi\/wp-json\/wp\/v2\/media\/3431"}],"wp:attachment":[{"href":"https:\/\/mountlaser.com\/vi\/wp-json\/wp\/v2\/media?parent=3427"}],"wp:term":[{"taxonomy":"product_brand","embeddable":true,"href":"https:\/\/mountlaser.com\/vi\/wp-json\/wp\/v2\/product_brand?post=3427"},{"taxonomy":"product_cat","embeddable":true,"href":"https:\/\/mountlaser.com\/vi\/wp-json\/wp\/v2\/product_cat?post=3427"},{"taxonomy":"product_tag","embeddable":true,"href":"https:\/\/mountlaser.com\/vi\/wp-json\/wp\/v2\/product_tag?post=3427"}],"curies":[{"name":"trang web","href":"https:\/\/api.w.org\/{rel}","templated":true}]}}