{"id":3417,"date":"2025-11-05T08:41:37","date_gmt":"2025-11-05T08:41:37","guid":{"rendered":"https:\/\/mountlaser.com\/?post_type=product&#038;p=3417"},"modified":"2025-11-28T02:17:17","modified_gmt":"2025-11-28T02:17:17","slug":"trm02-tr-large-monitoring-prism","status":"publish","type":"product","link":"https:\/\/mountlaser.com\/vi\/san-pham\/trm02-tr-large-monitoring-prism\/","title":{"rendered":"TRM02 TR L\u0103ng k\u00ednh gi\u00e1m s\u00e1t l\u1edbn"},"content":{"rendered":"<p>C\u00e1i <a href=\"https:\/\/mountlaser.com\/vi\/\"><strong>TRM02 TR L\u0103ng k\u00ednh gi\u00e1m s\u00e1t l\u1edbn<\/strong><\/a> \u0110\u01b0\u1ee3c thi\u1ebft k\u1ebf \u0111\u1ec3 mang l\u1ea1i \u0111\u1ed9 ch\u00ednh x\u00e1c v\u00e0 \u1ed5n \u0111\u1ecbnh t\u1ea7m xa trong c\u00e1c \u1ee9ng d\u1ee5ng kh\u1ea3o s\u00e1t chuy\u00ean nghi\u1ec7p v\u00e0 gi\u00e1m s\u00e1t \u0111\u1ecba k\u1ef9 thu\u1eadt. \u0110\u01b0\u1ee3c thi\u1ebft k\u1ebf \u0111\u1ec3 ho\u1ea1t \u0111\u1ed9ng v\u01b0\u1ee3t tr\u1ed9i, l\u0103ng k\u00ednh gi\u00e1m s\u00e1t kh\u1ea3o s\u00e1t Trimble n\u00e0y k\u1ebft h\u1ee3p c\u1ea5u tr\u00fac ch\u1eafc ch\u1eafn, kh\u1ea3 n\u0103ng ch\u1ed1ng ch\u1ecbu th\u1eddi ti\u1ebft v\u00e0 kh\u1ea3 n\u0103ng l\u1eafp \u0111\u1eb7t linh ho\u1ea1t \u0111\u1ec3 mang l\u1ea1i k\u1ebft qu\u1ea3 nh\u1ea5t qu\u00e1n trong nh\u1eefng m\u00f4i tr\u01b0\u1eddng kh\u1eafc nghi\u1ec7t nh\u1ea5t.<\/p>\n<p>C\u00e1i n\u00e0y <a href=\"https:\/\/mountlaser.com\/vi\/products\/\"><strong>L\u0103ng k\u00ednh gi\u00e1m s\u00e1t l\u1edbn<\/strong><\/a> S\u1ea3n ph\u1ea9m n\u00e0y c\u00f3 l\u0103ng k\u00ednh tr\u00e1ng b\u1ea1c k\u00edch th\u01b0\u1edbc \u0111\u1ea7y \u0111\u1ee7 62 mm \u0111\u01b0\u1ee3c t\u1ed1i \u01b0u h\u00f3a cho vi\u1ec7c gi\u00e1m s\u00e1t t\u1ea7m xa v\u1edbi \u0111\u1ed9 ch\u00ednh x\u00e1c cao. N\u00f3 cung c\u1ea5p \u0111\u1ed9 l\u1ec7ch tuy\u1ec7t \u0111\u1ed1i -40 mm v\u1edbi \u0111\u1ed9 ch\u00ednh x\u00e1c \u00b12 mm v\u00e0 h\u1ec7 th\u1ed1ng tr\u1ee5c xoay k\u00e9p \u0111\u1ec3 \u0111i\u1ec1u ch\u1ec9nh tinh\u7ec6 v\u00e0 c\u0103n ch\u1ec9nh \u1ed5n \u0111\u1ecbnh. V\u1ecf b\u1ea3o v\u1ec7 ch\u1ed1ng m\u01b0a gi\u00fap b\u1ea3o v\u1ec7 l\u0103ng k\u00ednh kh\u1ecfi b\u1ee5i, tuy\u1ebft v\u00e0 h\u01a1i \u1ea9m\u2014\u0111\u1ea3m b\u1ea3o c\u00e1c ph\u00e9p \u0111o \u0111\u00e1ng tin c\u1eady ngay c\u1ea3 trong \u0111i\u1ec1u ki\u1ec7n kh\u1eafc nghi\u1ec7t ngo\u00e0i hi\u1ec7n tr\u01b0\u1eddng.<\/p>\n<p><img fetchpriority=\"high\" decoding=\"async\" class=\"aligncenter wp-image-3418\" src=\"https:\/\/mountlaser.com\/wp-content\/uploads\/2025\/11\/5-7TRM021.webp\" alt=\"TRM02 Large Monitoring Prism\" width=\"500\" height=\"500\" srcset=\"https:\/\/mountlaser.com\/wp-content\/uploads\/2025\/11\/5-7TRM021.webp 1000w, https:\/\/mountlaser.com\/wp-content\/uploads\/2025\/11\/5-7TRM021-300x300.webp 300w, https:\/\/mountlaser.com\/wp-content\/uploads\/2025\/11\/5-7TRM021-400x400.webp 400w, https:\/\/mountlaser.com\/wp-content\/uploads\/2025\/11\/5-7TRM021-800x800.webp 800w, https:\/\/mountlaser.com\/wp-content\/uploads\/2025\/11\/5-7TRM021-600x600.webp 600w, https:\/\/mountlaser.com\/wp-content\/uploads\/2025\/11\/5-7TRM021-150x150.webp 150w, https:\/\/mountlaser.com\/wp-content\/uploads\/2025\/11\/5-7TRM021-768x768.webp 768w, https:\/\/mountlaser.com\/wp-content\/uploads\/2025\/11\/5-7TRM021-12x12.webp 12w\" sizes=\"(max-width: 500px) 100vw, 500px\" \/><\/p>\n<p>\u0110\u01b0\u1ee3c ch\u1ebf t\u1ea1o v\u1edbi \u0111\u1ebf h\u00ecnh ch\u1eef L ch\u1eafc ch\u1eafn c\u00f3 k\u00edch th\u01b0\u1edbc 2,3\u2033 \u00d7 3,4\u2033, <a href=\"https:\/\/mountlaser.com\/vi\/contact-us\/\">TRM02 TR L\u0103ng k\u00ednh gi\u00e1m s\u00e1t l\u1edbn<\/a> S\u1ea3n ph\u1ea9m n\u00e0y cung c\u1ea5p kh\u1ea3 n\u0103ng l\u1eafp \u0111\u1eb7t ch\u1eafc ch\u1eafn th\u00f4ng qua n\u0103m l\u1ed7 g\u1eafn \u0111\u1ec3 \u0111\u1ea1t \u0111\u1ed9 \u1ed5n \u0111\u1ecbnh t\u1ed1i \u0111a. T\u01b0\u01a1ng th\u00edch v\u1edbi t\u1ea5t c\u1ea3 c\u00e1c h\u1ed9p ch\u1ee9a l\u0103ng k\u00ednh b\u1eaft v\u00edt M20, \u0111\u01b0\u1ee3c thi\u1ebft k\u1ebf \u0111\u1ec3 t\u00edch h\u1ee3p li\u1ec1n m\u1ea1ch v\u00e0o h\u1ec7 th\u1ed1ng gi\u00e1m s\u00e1t chuy\u00ean nghi\u1ec7p c\u1ee7a Trimble v\u00e0 c\u00e1c h\u00e3ng kh\u00e1c. Nh\u1eb9 nh\u01b0ng b\u1ec1n, s\u1ea3n ph\u1ea9m n\u00e0y l\u00fd t\u01b0\u1edfng cho c\u00e1c d\u1ef1 \u00e1n quan s\u00e1t c\u1ea5u tr\u00fac d\u00e0i h\u1ea1n, khai th\u00e1c m\u1ecf v\u00e0 gi\u00e1m s\u00e1t bi\u1ebfn d\u1ea1ng.<\/p>","protected":false},"excerpt":{"rendered":"<p>\u2022 D\u00f9ng \u0111\u1ec3 gi\u00e1m s\u00e1t t\u1ea7m xa v\u1edbi \u0111\u1ed9 ch\u00ednh x\u00e1c cao.<br \/>\n\u2022 Tr\u1ee5c xoay k\u00e9p v\u00e0 kh\u00f3a b\u1eb1ng th\u00e9p kh\u00f4ng g\u1ec9 \u0111\u1ea3m b\u1ea3o s\u1ef1 c\u0103n ch\u1ec9nh \u1ed5n \u0111\u1ecbnh.<br \/>\n\u2022 M\u0169 tr\u00f9m m\u01b0a b\u1ea3o v\u1ec7 gi\u00fap duy tr\u00ec \u0111\u1ed9 ch\u00ednh x\u00e1c trong \u0111i\u1ec1u ki\u1ec7n th\u1eddi ti\u1ebft x\u1ea5u.<br \/>\n\u2022 \u0110\u1ebf ch\u1eef L ch\u1eafc ch\u1eafn v\u1edbi nhi\u1ec1u l\u1ed7 l\u1eafp \u0111\u1eb7t<br \/>\n\u2022 Nh\u1eb9 v\u00e0 b\u1ec1n \u2013 ho\u00e0n h\u1ea3o cho vi\u1ec7c gi\u00e1m s\u00e1t v\u00e0 khai th\u00e1c m\u1ecf.<br \/>\n\u2022 C\u00f3 s\u1eb5n c\u00e1c phi\u00ean b\u1ea3n v\u1edbi \u0111\u1ed9 ch\u00ednh x\u00e1c 2 inch ho\u1eb7c 3-4 inch.<\/p>","protected":false},"featured_media":3422,"comment_status":"open","ping_status":"closed","template":"","meta":[],"product_brand":[],"product_cat":[72,112],"product_tag":[],"class_list":{"0":"post-3417","1":"product","2":"type-product","3":"status-publish","4":"has-post-thumbnail","6":"product_cat-reflective-target-prism","7":"product_cat-monitoring-prism","9":"first","10":"instock","11":"shipping-taxable","12":"product-type-simple"},"_links":{"self":[{"href":"https:\/\/mountlaser.com\/vi\/wp-json\/wp\/v2\/product\/3417","targetHints":{"allow":["GET"]}}],"collection":[{"href":"https:\/\/mountlaser.com\/vi\/wp-json\/wp\/v2\/product"}],"about":[{"href":"https:\/\/mountlaser.com\/vi\/wp-json\/wp\/v2\/types\/product"}],"replies":[{"embeddable":true,"href":"https:\/\/mountlaser.com\/vi\/wp-json\/wp\/v2\/comments?post=3417"}],"wp:featuredmedia":[{"embeddable":true,"href":"https:\/\/mountlaser.com\/vi\/wp-json\/wp\/v2\/media\/3422"}],"wp:attachment":[{"href":"https:\/\/mountlaser.com\/vi\/wp-json\/wp\/v2\/media?parent=3417"}],"wp:term":[{"taxonomy":"product_brand","embeddable":true,"href":"https:\/\/mountlaser.com\/vi\/wp-json\/wp\/v2\/product_brand?post=3417"},{"taxonomy":"product_cat","embeddable":true,"href":"https:\/\/mountlaser.com\/vi\/wp-json\/wp\/v2\/product_cat?post=3417"},{"taxonomy":"product_tag","embeddable":true,"href":"https:\/\/mountlaser.com\/vi\/wp-json\/wp\/v2\/product_tag?post=3417"}],"curies":[{"name":"trang web","href":"https:\/\/api.w.org\/{rel}","templated":true}]}}