{"id":3408,"date":"2025-11-05T07:50:42","date_gmt":"2025-11-05T07:50:42","guid":{"rendered":"https:\/\/mountlaser.com\/?post_type=product&#038;p=3408"},"modified":"2025-11-28T02:25:47","modified_gmt":"2025-11-28T02:25:47","slug":"gpr112s-monitoring-prism-set","status":"publish","type":"product","link":"https:\/\/mountlaser.com\/vi\/san-pham\/gpr112s-monitoring-prism-set\/","title":{"rendered":"B\u1ed9 l\u0103ng k\u00ednh gi\u00e1m s\u00e1t GPR112S"},"content":{"rendered":"<p>C\u00e1i <a href=\"https:\/\/mountlaser.com\/vi\/\"><strong>B\u1ed9 l\u0103ng k\u00ednh gi\u00e1m s\u00e1t GPR112S<\/strong><\/a> \u0110\u01b0\u1ee3c thi\u1ebft k\u1ebf \u0111\u1ec3 \u0111\u1ea1t \u0111\u1ed9 ch\u00ednh x\u00e1c v\u00e0 \u0111\u1ed9 tin c\u1eady cao trong vi\u1ec7c gi\u00e1m s\u00e1t k\u1ebft c\u1ea5u v\u00e0 \u0111\u1ecba k\u1ef9 thu\u1eadt d\u00e0i h\u1ea1n. \u0110\u01b0\u1ee3c ch\u1ebf t\u1ea1o \u0111\u1ec3 ho\u1ea1t \u0111\u1ed9ng trong nh\u1eefng \u0111i\u1ec1u ki\u1ec7n hi\u1ec7n tr\u01b0\u1eddng kh\u1eafc nghi\u1ec7t nh\u1ea5t, B\u1ed9 l\u0103ng k\u00ednh gi\u00e1m s\u00e1t GPR112S mang l\u1ea1i \u0111\u1ed9 ch\u00ednh x\u00e1c, \u0111\u1ed9 b\u1ec1n v\u00e0 \u0111\u1ed9 \u1ed5n \u0111\u1ecbnh v\u01b0\u1ee3t tr\u1ed9i, tr\u1edf th\u00e0nh c\u00f4ng c\u1ee5 thi\u1ebft y\u1ebfu cho c\u00e1c nh\u00e0 kh\u1ea3o s\u00e1t v\u00e0 chuy\u00ean gia gi\u00e1m s\u00e1t chuy\u00ean nghi\u1ec7p.<\/p>\n<p>C\u00e1i n\u00e0y <a href=\"https:\/\/mountlaser.com\/vi\/products\/\"><strong>B\u1ed9 l\u0103ng k\u00ednh gi\u00e1m s\u00e1t<\/strong><\/a> S\u1ea3n ph\u1ea9m bao g\u1ed3m l\u0103ng k\u00ednh m\u1ea1 b\u1ea1c 62 mm mang l\u1ea1i kh\u1ea3 n\u0103ng ph\u1ea3n x\u1ea1 v\u01b0\u1ee3t tr\u1ed9i v\u00e0 hi\u1ec7u su\u1ea5t \u0111o t\u1ea7m xa. C\u00f3 c\u00e1c t\u00f9y ch\u1ecdn \u0111\u1ed9 ch\u00ednh x\u00e1c g\u00f3c 2\u2033 ho\u1eb7c 3\u20134\u2033, gi\u00fap \u0111\u00e1p \u1ee9ng linh ho\u1ea1t c\u00e1c y\u00eau c\u1ea7u gi\u00e1m s\u00e1t kh\u00e1c nhau. Tr\u1ecdn b\u1ed9 s\u1ea3n ph\u1ea9m bao g\u1ed3m b\u1ed9 d\u1ee5ng c\u1ee5 l\u1eafp \u0111\u1eb7t v\u00e0 t\u1ea5m ch\u1eafn th\u1eddi ti\u1ebft, \u0111\u1ea3m b\u1ea3o ho\u1ea1t \u0111\u1ed9ng \u1ed5n \u0111\u1ecbnh ngay c\u1ea3 trong \u0111i\u1ec1u ki\u1ec7n m\u01b0a, tuy\u1ebft ho\u1eb7c b\u1ee5i b\u1ea9n.<\/p>\n<p><img fetchpriority=\"high\" decoding=\"async\" class=\"aligncenter wp-image-3410\" src=\"https:\/\/mountlaser.com\/wp-content\/uploads\/2025\/11\/5-8GRPR112S2.webp\" alt=\"GPR112S Monitoring Prism Set\" width=\"500\" height=\"500\" srcset=\"https:\/\/mountlaser.com\/wp-content\/uploads\/2025\/11\/5-8GRPR112S2.webp 1000w, https:\/\/mountlaser.com\/wp-content\/uploads\/2025\/11\/5-8GRPR112S2-300x300.webp 300w, https:\/\/mountlaser.com\/wp-content\/uploads\/2025\/11\/5-8GRPR112S2-400x400.webp 400w, https:\/\/mountlaser.com\/wp-content\/uploads\/2025\/11\/5-8GRPR112S2-800x800.webp 800w, https:\/\/mountlaser.com\/wp-content\/uploads\/2025\/11\/5-8GRPR112S2-600x600.webp 600w, https:\/\/mountlaser.com\/wp-content\/uploads\/2025\/11\/5-8GRPR112S2-150x150.webp 150w, https:\/\/mountlaser.com\/wp-content\/uploads\/2025\/11\/5-8GRPR112S2-768x768.webp 768w, https:\/\/mountlaser.com\/wp-content\/uploads\/2025\/11\/5-8GRPR112S2-12x12.webp 12w\" sizes=\"(max-width: 500px) 100vw, 500px\" \/><\/p>\n<p>C\u00e1i <a href=\"https:\/\/mountlaser.com\/vi\/contact-us\/\">B\u1ed9 l\u0103ng k\u00ednh gi\u00e1m s\u00e1t GPR112S<\/a> H\u1ed7 tr\u1ee3 c\u1ea3 ren M8 v\u00e0 5\/8\u2033, cho ph\u00e9p l\u1eafp \u0111\u1eb7t \u0111\u01a1n gi\u1ea3n v\u00e0 ch\u1eafc ch\u1eafn tr\u00ean nhi\u1ec1u b\u1ec1 m\u1eb7t kh\u00e1c nhau. H\u1ec7 th\u1ed1ng \u0111i\u1ec1u ch\u1ec9nh hai tr\u1ee5c gi\u00fap c\u0103n ch\u1ec9nh l\u0103ng k\u00ednh ch\u00ednh x\u00e1c \u0111\u1ec3 \u0111\u1ea1t \u0111\u1ed9 ch\u00ednh x\u00e1c t\u1ed1i \u01b0u khi nh\u1eafm m\u1ee5c ti\u00eau. \u0110\u01b0\u1ee3c ch\u1ebf t\u1ea1o b\u1eb1ng v\u1eadt li\u1ec7u b\u1ec1n ch\u1eafc v\u00e0 thi\u1ebft k\u1ebf ch\u1ed1ng ch\u1ecbu th\u1eddi ti\u1ebft, s\u1ea3n ph\u1ea9m \u0111\u1ea3m b\u1ea3o ch\u1ea5t l\u01b0\u1ee3ng \u0111o l\u01b0\u1eddng \u1ed5n \u0111\u1ecbnh v\u00e0 \u0111\u1ed9 b\u1ec1n l\u00e2u d\u00e0i trong m\u00f4i tr\u01b0\u1eddng ngo\u00e0i tr\u1eddi.<\/p>","protected":false},"excerpt":{"rendered":"<p>\u2022 D\u00f9ng cho c\u00e1c ph\u00e9p \u0111o t\u1ea7m xa v\u1edbi \u0111\u1ed9 ch\u00ednh x\u00e1c cao<br \/>\n\u2022 Thi\u1ebft k\u1ebf \u0111i\u1ec1u ch\u1ec9nh hai tr\u1ee5c gi\u00fap c\u0103n ch\u1ec9nh ch\u00ednh x\u00e1c v\u00e0 \u1ed5n \u0111\u1ecbnh.<br \/>\n\u2022 M\u0169 tr\u00f9m \u0111\u1ea7u ch\u1ed1ng ch\u1ecbu th\u1eddi ti\u1ebft gi\u00fap b\u1ea3o v\u1ec7 kh\u1ecfi m\u01b0a, tuy\u1ebft v\u00e0 b\u1ee5i.<br \/>\n\u2022 H\u1eb1ng s\u1ed1 l\u0103ng k\u00ednh: -34,4 mm (Tuy\u1ec7t \u0111\u1ed1i), +0,0 mm (Th\u1ee5y S\u0129)<br \/>\n\u2022 Tr\u1ecdn b\u1ed9 s\u1ea3n ph\u1ea9m bao g\u1ed3m b\u1ed9 d\u1ee5ng c\u1ee5 l\u1eafp \u0111\u1eb7t v\u00e0 t\u1ea5m ch\u1eafn th\u1eddi ti\u1ebft<\/p>","protected":false},"featured_media":3409,"comment_status":"open","ping_status":"closed","template":"","meta":[],"product_brand":[],"product_cat":[72,112],"product_tag":[],"class_list":{"0":"post-3408","1":"product","2":"type-product","3":"status-publish","4":"has-post-thumbnail","6":"product_cat-reflective-target-prism","7":"product_cat-monitoring-prism","9":"first","10":"instock","11":"shipping-taxable","12":"product-type-simple"},"_links":{"self":[{"href":"https:\/\/mountlaser.com\/vi\/wp-json\/wp\/v2\/product\/3408","targetHints":{"allow":["GET"]}}],"collection":[{"href":"https:\/\/mountlaser.com\/vi\/wp-json\/wp\/v2\/product"}],"about":[{"href":"https:\/\/mountlaser.com\/vi\/wp-json\/wp\/v2\/types\/product"}],"replies":[{"embeddable":true,"href":"https:\/\/mountlaser.com\/vi\/wp-json\/wp\/v2\/comments?post=3408"}],"wp:featuredmedia":[{"embeddable":true,"href":"https:\/\/mountlaser.com\/vi\/wp-json\/wp\/v2\/media\/3409"}],"wp:attachment":[{"href":"https:\/\/mountlaser.com\/vi\/wp-json\/wp\/v2\/media?parent=3408"}],"wp:term":[{"taxonomy":"product_brand","embeddable":true,"href":"https:\/\/mountlaser.com\/vi\/wp-json\/wp\/v2\/product_brand?post=3408"},{"taxonomy":"product_cat","embeddable":true,"href":"https:\/\/mountlaser.com\/vi\/wp-json\/wp\/v2\/product_cat?post=3408"},{"taxonomy":"product_tag","embeddable":true,"href":"https:\/\/mountlaser.com\/vi\/wp-json\/wp\/v2\/product_tag?post=3408"}],"curies":[{"name":"trang web","href":"https:\/\/api.w.org\/{rel}","templated":true}]}}