{"id":3406,"date":"2025-11-05T06:43:23","date_gmt":"2025-11-05T06:43:23","guid":{"rendered":"https:\/\/mountlaser.com\/?post_type=product&#038;p=3406"},"modified":"2025-11-28T02:27:49","modified_gmt":"2025-11-28T02:27:49","slug":"mp062-mini-prism","status":"publish","type":"product","link":"https:\/\/mountlaser.com\/vi\/san-pham\/mp062-mini-prism\/","title":{"rendered":"MP062 Mini Prism"},"content":{"rendered":"<p>C\u00e1i <a href=\"https:\/\/mountlaser.com\/vi\/\"><strong>MP062 Mini Prism<\/strong><\/a> \u0110\u00e2y l\u00e0 m\u1ed9t l\u0103ng k\u00ednh mini \u0111\u01b0\u1ee3c ch\u1ebf t\u1ea1o ch\u00ednh x\u00e1c d\u00e0nh cho m\u00e1y to\u00e0n \u0111\u1ea1c Trimble, \u0111\u01b0\u1ee3c thi\u1ebft k\u1ebf \u0111\u1ec3 mang l\u1ea1i \u0111\u1ed9 ch\u00ednh x\u00e1c cao v\u00e0 \u0111\u1ed9 b\u1ec1n cho c\u00e1c \u1ee9ng d\u1ee5ng th\u1ef1c \u0111\u1ecba \u0111\u00f2i h\u1ecfi kh\u1eaft khe. \u0110\u01b0\u1ee3c ch\u1ebf t\u1ea1o v\u1edbi th\u00e2n b\u1eb1ng nh\u00f4m anod h\u00f3a kh\u00f4ng ch\u1ee9a s\u1eaft, l\u0103ng k\u00ednh mini MP062 \u0111\u1ea3m b\u1ea3o hi\u1ec7u su\u1ea5t l\u00e2u d\u00e0i v\u00e0 kh\u1ea3 n\u0103ng ch\u1ed1ng \u0103n m\u00f2n \u2014 l\u00fd t\u01b0\u1edfng cho c\u00e1c d\u1ef1 \u00e1n kh\u1ea3o s\u00e1t, \u0111\u1ecbnh tuy\u1ebfn c\u00f4ng tr\u00ecnh v\u00e0 gi\u00e1m s\u00e1t.<\/p>\n<p>C\u00e1i n\u00e0y <a href=\"https:\/\/mountlaser.com\/vi\/products\/\"><strong>L\u0103ng k\u00ednh mini d\u00e0nh cho m\u00e1y to\u00e0n \u0111\u1ea1c Trimble<\/strong><\/a> S\u1ea3n ph\u1ea9m c\u00f3 l\u0103ng k\u00ednh m\u1ea1 \u0111\u1ed3ng ho\u1eb7c b\u1ea1c 25,4 mm v\u1edbi t\u00f9y ch\u1ecdn b\u00f9 tr\u1eeb 0\/30 mm, mang l\u1ea1i s\u1ef1 linh ho\u1ea1t cho nhi\u1ec1u y\u00eau c\u1ea7u \u0111o l\u01b0\u1eddng kh\u00e1c nhau. M\u1ee9c n\u01b0\u1edbc bong b\u00f3ng t\u00edch h\u1ee3p b\u00ean h\u00f4ng cho ph\u00e9p c\u0103n ch\u1ec9nh nhanh ch\u00f3ng v\u00e0 ch\u00ednh x\u00e1c, trong khi \u0111\u1ea7u n\u1ed1i c\u00e1i 5\/8\u2033-11 \u0111\u1ea3m b\u1ea3o kh\u1ea3 n\u0103ng t\u01b0\u01a1ng th\u00edch d\u1ec5 d\u00e0ng v\u1edbi c\u00e1c c\u1ed9t \u0111o ho\u1eb7c ch\u00e2n m\u00e1y ti\u00eau chu\u1ea9n.<\/p>\n<p><img fetchpriority=\"high\" decoding=\"async\" class=\"aligncenter wp-image-3388\" src=\"https:\/\/mountlaser.com\/wp-content\/uploads\/2025\/11\/5-4MP0626.webp\" alt=\"Mini Prism for Trimble Total Station\" width=\"500\" height=\"500\" srcset=\"https:\/\/mountlaser.com\/wp-content\/uploads\/2025\/11\/5-4MP0626.webp 1000w, https:\/\/mountlaser.com\/wp-content\/uploads\/2025\/11\/5-4MP0626-300x300.webp 300w, https:\/\/mountlaser.com\/wp-content\/uploads\/2025\/11\/5-4MP0626-400x400.webp 400w, https:\/\/mountlaser.com\/wp-content\/uploads\/2025\/11\/5-4MP0626-800x800.webp 800w, https:\/\/mountlaser.com\/wp-content\/uploads\/2025\/11\/5-4MP0626-600x600.webp 600w, https:\/\/mountlaser.com\/wp-content\/uploads\/2025\/11\/5-4MP0626-150x150.webp 150w, https:\/\/mountlaser.com\/wp-content\/uploads\/2025\/11\/5-4MP0626-768x768.webp 768w, https:\/\/mountlaser.com\/wp-content\/uploads\/2025\/11\/5-4MP0626-12x12.webp 12w\" sizes=\"(max-width: 500px) 100vw, 500px\" \/><\/p>\n<p>\u0110\u1ec3 t\u0103ng c\u01b0\u1eddng \u0111\u1ed9 \u1ed5n \u0111\u1ecbnh v\u00e0 hi\u1ec7u su\u1ea5t, <a href=\"https:\/\/mountlaser.com\/vi\/contact-us\/\">L\u0103ng k\u00ednh mini d\u00e0nh cho m\u00e1y to\u00e0n \u0111\u1ea1c Trimble<\/a> C\u00f3 th\u1ec3 k\u1ebft h\u1ee3p v\u1edbi ch\u00e2n \u0111\u1ebf ba ch\u00e2n Mini Prism MPT01 ho\u1eb7c MPT04 t\u00f9y ch\u1ecdn, bi\u1ebfn n\u00f3 th\u00e0nh l\u1ef1a ch\u1ecdn linh ho\u1ea1t cho c\u00e1c chuy\u00ean gia \u0111\u00f2i h\u1ecfi \u0111\u1ed9 tin c\u1eady trong m\u1ecdi thi\u1ebft l\u1eadp.<\/p>","protected":false},"excerpt":{"rendered":"<p>\u2022 \u0110\u1ec3 \u0111o l\u01b0\u1eddng ch\u00ednh x\u00e1c<br \/>\n\u2022 L\u1edbp ph\u1ee7 \u0111\u1ed3ng ho\u1eb7c b\u1ea1c \u0111\u1ec3 \u0111\u1ea1t \u0111\u1ed9 ph\u1ea3n chi\u1ebfu t\u1ed1i \u01b0u<br \/>\n\u2022 Th\u00e2n m\u00e1y b\u1eb1ng nh\u00f4m anod h\u00f3a b\u1ec1n ch\u1eafc, kh\u00f4ng ch\u1ee9a s\u1eaft.<br \/>\n\u2022 C\u00f3 th\u01b0\u1edbc th\u1ee7y t\u00edch h\u1ee3p b\u00ean h\u00f4ng \u0111\u1ec3 c\u0103n ch\u1ec9nh nhanh ch\u00f3ng.<br \/>\n\u2022 Ph\u1ee5 ki\u1ec7n t\u00f9y ch\u1ecdn: Ch\u00e2n \u0111\u1ebf ba ch\u00e2n Mini Prism MPT01 ho\u1eb7c MPT04<\/p>","protected":false},"featured_media":3383,"comment_status":"open","ping_status":"closed","template":"","meta":[],"product_brand":[],"product_cat":[72,112],"product_tag":[],"class_list":{"0":"post-3406","1":"product","2":"type-product","3":"status-publish","4":"has-post-thumbnail","6":"product_cat-reflective-target-prism","7":"product_cat-monitoring-prism","9":"first","10":"instock","11":"shipping-taxable","12":"product-type-simple"},"_links":{"self":[{"href":"https:\/\/mountlaser.com\/vi\/wp-json\/wp\/v2\/product\/3406","targetHints":{"allow":["GET"]}}],"collection":[{"href":"https:\/\/mountlaser.com\/vi\/wp-json\/wp\/v2\/product"}],"about":[{"href":"https:\/\/mountlaser.com\/vi\/wp-json\/wp\/v2\/types\/product"}],"replies":[{"embeddable":true,"href":"https:\/\/mountlaser.com\/vi\/wp-json\/wp\/v2\/comments?post=3406"}],"wp:featuredmedia":[{"embeddable":true,"href":"https:\/\/mountlaser.com\/vi\/wp-json\/wp\/v2\/media\/3383"}],"wp:attachment":[{"href":"https:\/\/mountlaser.com\/vi\/wp-json\/wp\/v2\/media?parent=3406"}],"wp:term":[{"taxonomy":"product_brand","embeddable":true,"href":"https:\/\/mountlaser.com\/vi\/wp-json\/wp\/v2\/product_brand?post=3406"},{"taxonomy":"product_cat","embeddable":true,"href":"https:\/\/mountlaser.com\/vi\/wp-json\/wp\/v2\/product_cat?post=3406"},{"taxonomy":"product_tag","embeddable":true,"href":"https:\/\/mountlaser.com\/vi\/wp-json\/wp\/v2\/product_tag?post=3406"}],"curies":[{"name":"trang web","href":"https:\/\/api.w.org\/{rel}","templated":true}]}}