{"id":3393,"date":"2025-11-05T05:03:25","date_gmt":"2025-11-05T05:03:25","guid":{"rendered":"https:\/\/mountlaser.com\/?post_type=product&#038;p=3393"},"modified":"2025-11-28T02:33:41","modified_gmt":"2025-11-28T02:33:41","slug":"mp091-mini-prism","status":"publish","type":"product","link":"https:\/\/mountlaser.com\/vi\/san-pham\/mp091-mini-prism\/","title":{"rendered":"MP091 Mini Prism"},"content":{"rendered":"<p>C\u00e1i <a href=\"https:\/\/mountlaser.com\/vi\/\"><strong>L\u0103ng k\u00ednh mini MP091<\/strong><\/a> l\u00e0 m\u1ed9t <a href=\"https:\/\/mountlaser.com\/vi\/about-us\/\"><strong>l\u0103ng k\u00ednh mini c\u00f3 th\u1ec3 xoay v\u00e0 nghi\u00eang<\/strong><\/a> \u0110\u01b0\u1ee3c thi\u1ebft k\u1ebf \u0111\u1ec3 gi\u00e1m s\u00e1t m\u1eb7t \u0111\u1ea5t v\u00e0 k\u1ebft c\u1ea5u v\u1edbi \u0111\u1ed9 ch\u00ednh x\u00e1c cao trong m\u00f4i tr\u01b0\u1eddng kh\u1eafc nghi\u1ec7t. \u0110\u01b0\u1ee3c ch\u1ebf t\u1ea1o \u0111\u1ec3 ph\u00e2n t\u00edch \u0111\u1ecba k\u1ef9 thu\u1eadt v\u00e0 bi\u1ebfn d\u1ea1ng d\u00e0i h\u1ea1n, l\u0103ng k\u00ednh mini MP091 mang l\u1ea1i \u0111\u1ed9 \u1ed5n \u0111\u1ecbnh, t\u00ednh linh ho\u1ea1t v\u00e0 kh\u1ea3 n\u0103ng ch\u1ed1ng ch\u1ecbu th\u1eddi ti\u1ebft v\u01b0\u1ee3t tr\u1ed9i.<\/p>\n<p>H\u1ec7 th\u1ed1ng l\u0103ng k\u00ednh mini c\u00f3 th\u1ec3 xoay v\u00e0 nghi\u00eang n\u00e0y cung c\u1ea5p c\u00e1c g\u00f3c ph\u1ea3n x\u1ea1 ch\u00ednh x\u00e1c cho c\u00e1c ph\u00e9p \u0111o b\u1eb1ng m\u00e1y to\u00e0n \u0111\u1ea1c, \u0111\u1ea3m b\u1ea3o thu th\u1eadp d\u1eef li\u1ec7u nh\u1ea5t qu\u00e1n trong \u0111\u1ecba h\u00ecnh ph\u1ee9c t\u1ea1p ho\u1eb7c c\u00e1c v\u1ecb tr\u00ed gi\u00e1m s\u00e1t ch\u1eadt h\u1eb9p. \u0110\u01b0\u1ee3c ch\u1ebf t\u1ea1o v\u1edbi v\u1ecf nh\u00f4m b\u1ec1n ch\u1eafc v\u00e0 l\u1edbp ph\u1ee7 ch\u1ed1ng tuy\u1ebft v\u00e0 m\u01b0a t\u00edch h\u1ee3p, l\u0103ng k\u00ednh mini MP091 mang l\u1ea1i hi\u1ec7u su\u1ea5t \u0111\u00e1ng tin c\u1eady ngay c\u1ea3 trong \u0111i\u1ec1u ki\u1ec7n ngo\u00e0i tr\u1eddi kh\u1eafc nghi\u1ec7t.<\/p>\n<p><img fetchpriority=\"high\" decoding=\"async\" class=\"aligncenter wp-image-3395\" src=\"https:\/\/mountlaser.com\/wp-content\/uploads\/2025\/11\/2-4MP0912.webp\" alt=\"MP091 mini prism\" width=\"500\" height=\"500\" srcset=\"https:\/\/mountlaser.com\/wp-content\/uploads\/2025\/11\/2-4MP0912.webp 1000w, https:\/\/mountlaser.com\/wp-content\/uploads\/2025\/11\/2-4MP0912-300x300.webp 300w, https:\/\/mountlaser.com\/wp-content\/uploads\/2025\/11\/2-4MP0912-400x400.webp 400w, https:\/\/mountlaser.com\/wp-content\/uploads\/2025\/11\/2-4MP0912-800x800.webp 800w, https:\/\/mountlaser.com\/wp-content\/uploads\/2025\/11\/2-4MP0912-600x600.webp 600w, https:\/\/mountlaser.com\/wp-content\/uploads\/2025\/11\/2-4MP0912-150x150.webp 150w, https:\/\/mountlaser.com\/wp-content\/uploads\/2025\/11\/2-4MP0912-768x768.webp 768w, https:\/\/mountlaser.com\/wp-content\/uploads\/2025\/11\/2-4MP0912-12x12.webp 12w\" sizes=\"(max-width: 500px) 100vw, 500px\" \/><\/p>\n<p>C\u00f3 s\u1eb5n trong<a href=\"https:\/\/mountlaser.com\/vi\/products\/\"> hai c\u1ea5u h\u00ecnh<\/a> \u2014 MP091A (\u00d825,4 mm) v\u00e0 MP091B (\u00d835,0 mm) \u2014 m\u1eabu n\u00e0y h\u1ed7 tr\u1ee3 c\u00e1c t\u00f9y ch\u1ecdn \u0111\u1ed9 ch\u00ednh x\u00e1c 2\u2033 ho\u1eb7c 3\u20134\u2033 \u0111\u1ec3 ph\u00f9 h\u1ee3p v\u1edbi c\u00e1c nhu c\u1ea7u gi\u00e1m s\u00e1t kh\u00e1c nhau. M\u1ed7i l\u0103ng k\u00ednh \u0111\u01b0\u1ee3c ph\u1ee7 b\u1ea1c \u0111\u1ec3 t\u0103ng c\u01b0\u1eddng \u0111\u1ed9 ph\u1ea3n x\u1ea1 v\u00e0 \u0111\u1ed9 \u1ed5n \u0111\u1ecbnh quang h\u1ecdc l\u00e2u d\u00e0i.<\/p>","protected":false},"excerpt":{"rendered":"<p>\u2022 L\u0103ng k\u00ednh c\u00f3 th\u1ec3 xoay v\u00e0 nghi\u00eang \u0111\u1ec3 c\u0103n ch\u1ec9nh linh ho\u1ea1t<br \/>\n\u2022 V\u1ecf nh\u00f4m b\u1ec1n ch\u1eafc v\u1edbi l\u1edbp ph\u1ee7 ch\u1ed1ng tuy\u1ebft v\u00e0 m\u01b0a t\u00edch h\u1ee3p<br \/>\n\u2022 K\u00edch th\u01b0\u1edbc t\u1ea5m \u0111\u1ebf: 40 \u00d7 40 mm<br \/>\n\u2022 \u0110\u01b0\u1eddng k\u00ednh l\u1ed7 c\u1ed1 \u0111\u1ecbnh: \u00d83 mm \u0111\u1ec3 l\u1eafp \u0111\u1eb7t ch\u1eafc ch\u1eafn<br \/>\n\u2022 \u0110\u01b0\u1ee3c ph\u1ee7 b\u1ea1c \u0111\u1ec3 t\u0103ng kh\u1ea3 n\u0103ng ph\u1ea3n x\u1ea1 v\u00e0 \u0111\u1ed9 ch\u00ednh x\u00e1c l\u00e2u d\u00e0i<\/p>","protected":false},"featured_media":3395,"comment_status":"open","ping_status":"closed","template":"","meta":[],"product_brand":[],"product_cat":[72,112],"product_tag":[],"class_list":{"0":"post-3393","1":"product","2":"type-product","3":"status-publish","4":"has-post-thumbnail","6":"product_cat-reflective-target-prism","7":"product_cat-monitoring-prism","9":"first","10":"instock","11":"shipping-taxable","12":"product-type-simple"},"_links":{"self":[{"href":"https:\/\/mountlaser.com\/vi\/wp-json\/wp\/v2\/product\/3393","targetHints":{"allow":["GET"]}}],"collection":[{"href":"https:\/\/mountlaser.com\/vi\/wp-json\/wp\/v2\/product"}],"about":[{"href":"https:\/\/mountlaser.com\/vi\/wp-json\/wp\/v2\/types\/product"}],"replies":[{"embeddable":true,"href":"https:\/\/mountlaser.com\/vi\/wp-json\/wp\/v2\/comments?post=3393"}],"wp:featuredmedia":[{"embeddable":true,"href":"https:\/\/mountlaser.com\/vi\/wp-json\/wp\/v2\/media\/3395"}],"wp:attachment":[{"href":"https:\/\/mountlaser.com\/vi\/wp-json\/wp\/v2\/media?parent=3393"}],"wp:term":[{"taxonomy":"product_brand","embeddable":true,"href":"https:\/\/mountlaser.com\/vi\/wp-json\/wp\/v2\/product_brand?post=3393"},{"taxonomy":"product_cat","embeddable":true,"href":"https:\/\/mountlaser.com\/vi\/wp-json\/wp\/v2\/product_cat?post=3393"},{"taxonomy":"product_tag","embeddable":true,"href":"https:\/\/mountlaser.com\/vi\/wp-json\/wp\/v2\/product_tag?post=3393"}],"curies":[{"name":"trang web","href":"https:\/\/api.w.org\/{rel}","templated":true}]}}