{"id":3365,"date":"2025-11-05T06:11:46","date_gmt":"2025-11-05T06:11:46","guid":{"rendered":"https:\/\/mountlaser.com\/?post_type=product&#038;p=3365"},"modified":"2025-11-28T02:30:55","modified_gmt":"2025-11-28T02:30:55","slug":"mp061-mini-prism","status":"publish","type":"product","link":"https:\/\/mountlaser.com\/vi\/san-pham\/mp061-mini-prism\/","title":{"rendered":"MP061 Mini Prism"},"content":{"rendered":"<p>C\u00e1i <a href=\"https:\/\/mountlaser.com\/vi\/\"><strong>MP061 Mini Prism<\/strong><\/a> \u0110\u00e2y l\u00e0 h\u1ec7 th\u1ed1ng l\u0103ng k\u00ednh to\u00e0n \u0111\u1ea1c \u0111i\u1ec7n t\u1eed nh\u1ecf g\u1ecdn v\u00e0 b\u1ec1n b\u1ec9, \u0111\u01b0\u1ee3c thi\u1ebft k\u1ebf cho c\u00e1c \u1ee9ng d\u1ee5ng kh\u1ea3o s\u00e1t v\u00e0 c\u0103n ch\u1ec9nh ch\u00ednh x\u00e1c t\u1ea1i hi\u1ec7n tr\u01b0\u1eddng. \u0110\u01b0\u1ee3c ch\u1ebf t\u1ea1o d\u00e0nh cho c\u00e1c chuy\u00ean gia \u0111\u00f2i h\u1ecfi hi\u1ec7u qu\u1ea3 v\u00e0 \u0111\u1ed9 ch\u00ednh x\u00e1c cao, l\u0103ng k\u00ednh mini MP061 mang l\u1ea1i c\u00e1c ph\u00e9p \u0111o \u1ed5n \u0111\u1ecbnh, c\u00f3 th\u1ec3 l\u1eb7p l\u1ea1i trong m\u1ecdi \u0111i\u1ec1u ki\u1ec7n l\u00e0m vi\u1ec7c.<\/p>\n<p>C\u00e1i n\u00e0y<a href=\"https:\/\/mountlaser.com\/vi\/about-us\/\"><strong> l\u0103ng k\u00ednh m\u00e1y to\u00e0n \u0111\u1ea1c<\/strong><\/a> S\u1ea3n ph\u1ea9m c\u00f3 l\u0103ng k\u00ednh m\u1ea1 \u0111\u1ed3ng 25,4 mm (1\u2033) \u0111\u01b0\u1ee3c \u0111\u1eb7t trong khung nh\u00f4m ch\u1eafc ch\u1eafn, ph\u1ee7 s\u01a1n t\u0129nh \u0111i\u1ec7n \u0111\u1ec3 \u0111\u1ea3m b\u1ea3o \u0111\u1ed9 b\u1ec1n l\u00e2u d\u00e0i v\u00e0 kh\u1ea3 n\u0103ng ph\u1ea3n x\u1ea1 \u0111\u01b0\u1ee3c n\u00e2ng cao. Thi\u1ebft k\u1ebf l\u1ec7ch k\u00e9p 0\/-30 mm cho ph\u00e9p thi\u1ebft l\u1eadp linh ho\u1ea1t cho c\u00e1c c\u1ea5u h\u00ecnh \u0111o kh\u00e1c nhau, gi\u00fap l\u0103ng k\u00ednh mini MP061 ph\u00f9 h\u1ee3p v\u1edbi nhi\u1ec1u ho\u1ea1t \u0111\u1ed9ng th\u1ef1c \u0111\u1ecba kh\u00e1c nhau.<\/p>\n<p>\u1ed0ng th\u1ee7y tinh \u0111i\u1ec1u ch\u1ec9nh 40 ph\u00fat g\u1eafn b\u00ean h\u00f4ng h\u1ec7 th\u1ed1ng \u0111\u1ea3m b\u1ea3o c\u00e2n b\u1eb1ng nhanh ch\u00f3ng, trong khi ren ti\u00eau chu\u1ea9n 5\/8\u2033-11 ph\u00f9 h\u1ee3p v\u1edbi h\u1ea7u h\u1ebft c\u00e1c thi\u1ebft b\u1ecb \u0111o \u0111\u1ea1c. C\u01a1 ch\u1ebf kh\u00f3a ma s\u00e1t cho ph\u00e9p xoay 360\u00b0 ho\u00e0n to\u00e0n \u0111\u1ec3 d\u1ec5 d\u00e0ng \u0111\u1ecbnh v\u1ecb m\u00e0 kh\u00f4ng l\u00e0m m\u1ea5t \u1ed5n \u0111\u1ecbnh. Nh\u1eb9 nh\u01b0ng ch\u1eafc ch\u1eafn v\u1edbi tr\u1ecdng l\u01b0\u1ee3ng ch\u1ec9 0,41 kg, h\u1ec7 th\u1ed1ng bao g\u1ed3m t\u1ea5t c\u1ea3 c\u00e1c ph\u1ee5 ki\u1ec7n c\u1ea7n thi\u1ebft \u2014 \u0111\u1ea7u l\u0103ng k\u00ednh d\u1ecdi, gi\u00e1 \u0111\u1ee1, thanh n\u1ed1i d\u00e0i 5\/8\u2033-11 v\u00e0 h\u1ed9p \u0111\u1ef1ng ti\u1ec7n d\u1ee5ng c\u00f3 m\u00f3c \u0111eo th\u1eaft l\u01b0ng.<\/p>\n<table width=\"587\">\n<tbody>\n<tr>\n<td width=\"72\">Ng\u01b0\u1eddi m\u1eabu<\/td>\n<td width=\"254\">H\u00ecnh \u1ea3nh<\/td>\n<td width=\"261\">Ghi ch\u00fa<\/td>\n<\/tr>\n<tr>\n<td>MP061AM<\/td>\n<td>\u00a0 \u00a0 \u00a0 \u00a0 \u00a0 \u00a0 \u00a0 \u00a0 \u00a0 <img fetchpriority=\"high\" decoding=\"async\" class=\"aligncenter wp-image-3370 size-medium\" src=\"https:\/\/mountlaser.com\/wp-content\/uploads\/2025\/11\/5-2MP061A5-300x300.webp\" alt=\"total station prism\" width=\"300\" height=\"300\" srcset=\"https:\/\/mountlaser.com\/wp-content\/uploads\/2025\/11\/5-2MP061A5-300x300.webp 300w, https:\/\/mountlaser.com\/wp-content\/uploads\/2025\/11\/5-2MP061A5-400x400.webp 400w, https:\/\/mountlaser.com\/wp-content\/uploads\/2025\/11\/5-2MP061A5-800x800.webp 800w, https:\/\/mountlaser.com\/wp-content\/uploads\/2025\/11\/5-2MP061A5-600x600.webp 600w, https:\/\/mountlaser.com\/wp-content\/uploads\/2025\/11\/5-2MP061A5-150x150.webp 150w, https:\/\/mountlaser.com\/wp-content\/uploads\/2025\/11\/5-2MP061A5-768x768.webp 768w, https:\/\/mountlaser.com\/wp-content\/uploads\/2025\/11\/5-2MP061A5-12x12.webp 12w, https:\/\/mountlaser.com\/wp-content\/uploads\/2025\/11\/5-2MP061A5.webp 1000w\" sizes=\"(max-width: 300px) 100vw, 300px\" \/><\/td>\n<td>L\u1ecd gi\u1eefa<\/td>\n<\/tr>\n<tr>\n<td>MP061AS<\/td>\n<td><img decoding=\"async\" class=\"alignnone wp-image-3366 size-medium\" src=\"https:\/\/mountlaser.com\/wp-content\/uploads\/2025\/11\/5-2MP061A1-300x300.webp\" alt=\"total station prism\" width=\"300\" height=\"300\" srcset=\"https:\/\/mountlaser.com\/wp-content\/uploads\/2025\/11\/5-2MP061A1-300x300.webp 300w, https:\/\/mountlaser.com\/wp-content\/uploads\/2025\/11\/5-2MP061A1-400x400.webp 400w, https:\/\/mountlaser.com\/wp-content\/uploads\/2025\/11\/5-2MP061A1-800x800.webp 800w, https:\/\/mountlaser.com\/wp-content\/uploads\/2025\/11\/5-2MP061A1-600x600.webp 600w, https:\/\/mountlaser.com\/wp-content\/uploads\/2025\/11\/5-2MP061A1-150x150.webp 150w, https:\/\/mountlaser.com\/wp-content\/uploads\/2025\/11\/5-2MP061A1-768x768.webp 768w, https:\/\/mountlaser.com\/wp-content\/uploads\/2025\/11\/5-2MP061A1-12x12.webp 12w, https:\/\/mountlaser.com\/wp-content\/uploads\/2025\/11\/5-2MP061A1.webp 1000w\" sizes=\"(max-width: 300px) 100vw, 300px\" \/><\/td>\n<td>L\u1ecd b\u00ean<\/td>\n<\/tr>\n<tr>\n<td>MP061BM<\/td>\n<td><img decoding=\"async\" class=\"alignnone wp-image-3378 size-medium\" src=\"https:\/\/mountlaser.com\/wp-content\/uploads\/2025\/11\/5-3MP061B3-300x300.webp\" alt=\"total station prism\" width=\"300\" height=\"300\" srcset=\"https:\/\/mountlaser.com\/wp-content\/uploads\/2025\/11\/5-3MP061B3-300x300.webp 300w, https:\/\/mountlaser.com\/wp-content\/uploads\/2025\/11\/5-3MP061B3-400x400.webp 400w, https:\/\/mountlaser.com\/wp-content\/uploads\/2025\/11\/5-3MP061B3-800x800.webp 800w, https:\/\/mountlaser.com\/wp-content\/uploads\/2025\/11\/5-3MP061B3-600x600.webp 600w, https:\/\/mountlaser.com\/wp-content\/uploads\/2025\/11\/5-3MP061B3-150x150.webp 150w, https:\/\/mountlaser.com\/wp-content\/uploads\/2025\/11\/5-3MP061B3-768x768.webp 768w, https:\/\/mountlaser.com\/wp-content\/uploads\/2025\/11\/5-3MP061B3-12x12.webp 12w, https:\/\/mountlaser.com\/wp-content\/uploads\/2025\/11\/5-3MP061B3.webp 1000w\" sizes=\"(max-width: 300px) 100vw, 300px\" \/><\/td>\n<td>L\u1ecd gi\u1eefa<\/td>\n<\/tr>\n<tr>\n<td>MP061BS<\/td>\n<td><img loading=\"lazy\" decoding=\"async\" class=\"alignnone wp-image-3379 size-medium\" src=\"https:\/\/mountlaser.com\/wp-content\/uploads\/2025\/11\/5-3MP061B4-300x300.webp\" alt=\"total station prism\" width=\"300\" height=\"300\" srcset=\"https:\/\/mountlaser.com\/wp-content\/uploads\/2025\/11\/5-3MP061B4-300x300.webp 300w, https:\/\/mountlaser.com\/wp-content\/uploads\/2025\/11\/5-3MP061B4-400x400.webp 400w, https:\/\/mountlaser.com\/wp-content\/uploads\/2025\/11\/5-3MP061B4-800x800.webp 800w, https:\/\/mountlaser.com\/wp-content\/uploads\/2025\/11\/5-3MP061B4-600x600.webp 600w, https:\/\/mountlaser.com\/wp-content\/uploads\/2025\/11\/5-3MP061B4-150x150.webp 150w, https:\/\/mountlaser.com\/wp-content\/uploads\/2025\/11\/5-3MP061B4-768x768.webp 768w, https:\/\/mountlaser.com\/wp-content\/uploads\/2025\/11\/5-3MP061B4-12x12.webp 12w, https:\/\/mountlaser.com\/wp-content\/uploads\/2025\/11\/5-3MP061B4.webp 1000w\" sizes=\"(max-width: 300px) 100vw, 300px\" \/><\/td>\n<td>L\u1ecd b\u00ean<\/td>\n<\/tr>\n<\/tbody>\n<\/table>","protected":false},"excerpt":{"rendered":"<p>\u2022 L\u0103ng k\u00ednh m\u00e1y to\u00e0n \u0111\u1ea1c ph\u1ee7 \u0111\u1ed3ng cho \u0111\u1ed9 ph\u1ea3n x\u1ea1 v\u00e0 \u0111\u1ed9 ch\u00ednh x\u00e1c cao.<br \/>\n\u2022 M\u1ee5c ti\u00eau nghi\u00eang k\u00e9p c\u00f3 th\u1ec3 \u0111i\u1ec1u ch\u1ec9nh \u0111\u1ed9 l\u1ec7ch 0\/-30 mm cho ph\u00e9p thi\u1ebft l\u1eadp linh ho\u1ea1t<br \/>\n\u2022 Khung v\u00e0 gi\u00e1 \u0111\u1ee1 ho\u00e0n to\u00e0n b\u1eb1ng nh\u00f4m m\u1ea1 anodized ch\u1ed1ng \u0103n m\u00f2n<br \/>\n\u2022 \u1ed0ng th\u1ee7y tinh \u0111i\u1ec1u ch\u1ec9nh \u0111\u01b0\u1ee3c trong 40 ph\u00fat gi\u00fap d\u1ec5 d\u00e0ng c\u00e2n b\u1eb1ng m\u1eb7t b\u1eb1ng t\u1ea1i hi\u1ec7n tr\u01b0\u1eddng.<br \/>\n\u2022 Ren ti\u00eau chu\u1ea9n 5\/8\u2033-11 ph\u00f9 h\u1ee3p v\u1edbi h\u1ea7u h\u1ebft c\u00e1c m\u00e1y to\u00e0n \u0111\u1ea1c<br \/>\n\u2022 Tr\u1ecdng l\u01b0\u1ee3ng nh\u1eb9, d\u1ec5 mang theo<br \/>\n\u2022 C\u01a1 ch\u1ebf kh\u00f3a ma s\u00e1t cho ph\u00e9p xoay 360\u00b0 m\u01b0\u1ee3t m\u00e0<\/p>","protected":false},"featured_media":3366,"comment_status":"open","ping_status":"closed","template":"","meta":[],"product_brand":[],"product_cat":[72,112],"product_tag":[],"class_list":{"0":"post-3365","1":"product","2":"type-product","3":"status-publish","4":"has-post-thumbnail","6":"product_cat-reflective-target-prism","7":"product_cat-monitoring-prism","9":"first","10":"instock","11":"shipping-taxable","12":"product-type-simple"},"_links":{"self":[{"href":"https:\/\/mountlaser.com\/vi\/wp-json\/wp\/v2\/product\/3365","targetHints":{"allow":["GET"]}}],"collection":[{"href":"https:\/\/mountlaser.com\/vi\/wp-json\/wp\/v2\/product"}],"about":[{"href":"https:\/\/mountlaser.com\/vi\/wp-json\/wp\/v2\/types\/product"}],"replies":[{"embeddable":true,"href":"https:\/\/mountlaser.com\/vi\/wp-json\/wp\/v2\/comments?post=3365"}],"wp:featuredmedia":[{"embeddable":true,"href":"https:\/\/mountlaser.com\/vi\/wp-json\/wp\/v2\/media\/3366"}],"wp:attachment":[{"href":"https:\/\/mountlaser.com\/vi\/wp-json\/wp\/v2\/media?parent=3365"}],"wp:term":[{"taxonomy":"product_brand","embeddable":true,"href":"https:\/\/mountlaser.com\/vi\/wp-json\/wp\/v2\/product_brand?post=3365"},{"taxonomy":"product_cat","embeddable":true,"href":"https:\/\/mountlaser.com\/vi\/wp-json\/wp\/v2\/product_cat?post=3365"},{"taxonomy":"product_tag","embeddable":true,"href":"https:\/\/mountlaser.com\/vi\/wp-json\/wp\/v2\/product_tag?post=3365"}],"curies":[{"name":"trang web","href":"https:\/\/api.w.org\/{rel}","templated":true}]}}