{"id":3347,"date":"2025-11-05T01:45:32","date_gmt":"2025-11-05T01:45:32","guid":{"rendered":"https:\/\/mountlaser.com\/?post_type=product&#038;p=3347"},"modified":"2025-11-28T02:35:32","modified_gmt":"2025-11-28T02:35:32","slug":"rap001-002-right-angle-prism","status":"publish","type":"product","link":"https:\/\/mountlaser.com\/vi\/san-pham\/rap001-002-right-angle-prism\/","title":{"rendered":"L\u0103ng k\u00ednh vu\u00f4ng g\u00f3c RAP001\/002"},"content":{"rendered":"<p>L\u0103ng k\u00ednh vu\u00f4ng g\u00f3c \u0111\u01a1n RAP001 l\u00e0 m\u1ed9t s\u1ea3n ph\u1ea9m \u0111\u01b0\u1ee3c ch\u1ebf t\u1ea1o ch\u00ednh x\u00e1c. <a href=\"https:\/\/mountlaser.com\/vi\/\"><strong>l\u0103ng tr\u1ee5 vu\u00f4ng g\u00f3c<\/strong><\/a> \u0110\u01b0\u1ee3c thi\u1ebft k\u1ebf \u0111\u1ec3 ph\u1ea3n x\u1ea1 v\u00e0 c\u0103n ch\u1ec9nh ch\u00ednh x\u00e1c \u1edf g\u00f3c 90\u00b0 trong c\u00e1c \u1ee9ng d\u1ee5ng kh\u1ea3o s\u00e1t v\u00e0 k\u1ef9 thu\u1eadt. Nh\u1ecf g\u1ecdn nh\u01b0ng b\u1ec1n b\u1ec9, <a href=\"https:\/\/mountlaser.com\/vi\/products\/\"><strong>L\u0103ng k\u00ednh vu\u00f4ng g\u00f3c \u0111\u01a1n RAP001<\/strong><\/a> \u0110\u1ea3m b\u1ea3o kh\u1ea3 n\u0103ng chuy\u1ec3n h\u01b0\u1edbng quang h\u1ecdc \u0111\u00e1ng tin c\u1eady khi l\u00e0m vi\u1ec7c trong c\u00e1c khu v\u1ef1c ch\u1eadt h\u1eb9p ho\u1eb7c b\u1ecb c\u1ea3n tr\u1edf, l\u00fd t\u01b0\u1edfng cho c\u00e1c nhi\u1ec7m v\u1ee5 gi\u00e1m s\u00e1t b\u1eb1ng m\u00e1y to\u00e0n \u0111\u1ea1c v\u00e0 \u0111o bi\u1ebfn d\u1ea1ng.<\/p>\n<p>C\u00e1i n\u00e0y <a href=\"https:\/\/mountlaser.com\/vi\/contact-us\/\">l\u0103ng tr\u1ee5 vu\u00f4ng g\u00f3c<\/a> S\u1ea3n ph\u1ea9m c\u00f3 th\u1ea5u k\u00ednh quang h\u1ecdc 26,8\u00d726,8\u00d737,9\u00d710 mm \u0111\u01b0\u1ee3c bao b\u1ecdc trong v\u1ecf kim lo\u1ea1i 15 mm, cung c\u1ea5p \u0111\u1ed9 ch\u00ednh x\u00e1c &lt;8 gi\u00e2y cung cho c\u00e1c ph\u00e9p \u0111o g\u00f3c ch\u00ednh x\u00e1c. Tay c\u1ea7m ti\u1ec7n d\u1ee5ng d\u00e0i 62 mm mang l\u1ea1i c\u1ea3m gi\u00e1c c\u1ea7m n\u1eafm tho\u1ea3i m\u00e1i (\u0111\u01b0\u1eddng k\u00ednh trong 10 mm \/ \u0111\u01b0\u1eddng k\u00ednh ngo\u00e0i 15 mm), v\u00e0 khe c\u1eafm d\u00e2y d\u1ecdi t\u00f9y ch\u1ecdn cho ph\u00e9p d\u1ec5 d\u00e0ng c\u0103n ch\u1ec9nh theo ph\u01b0\u01a1ng th\u1eb3ng \u0111\u1ee9ng t\u1ea1i hi\u1ec7n tr\u01b0\u1eddng. T\u00fai \u0111\u1ef1ng b\u1eb1ng da nh\u00e2n t\u1ea1o ch\u1ea5t l\u01b0\u1ee3ng cao v\u1edbi v\u00f2ng \u0111eo th\u1eaft l\u01b0ng \u0111\u1ea3m b\u1ea3o b\u1ea3o v\u1ec7 v\u00e0 t\u00ednh di \u0111\u1ed9ng.<\/p>\n<figure id=\"attachment_3349\" aria-describedby=\"caption-attachment-3349\" style=\"width: 500px\" class=\"wp-caption aligncenter\"><img fetchpriority=\"high\" decoding=\"async\" class=\"wp-image-3349\" src=\"https:\/\/mountlaser.com\/wp-content\/uploads\/2025\/11\/3-4RAP0012.webp\" alt=\"RAP001 Single Right Angle Prism\" width=\"500\" height=\"500\" srcset=\"https:\/\/mountlaser.com\/wp-content\/uploads\/2025\/11\/3-4RAP0012.webp 1000w, https:\/\/mountlaser.com\/wp-content\/uploads\/2025\/11\/3-4RAP0012-300x300.webp 300w, https:\/\/mountlaser.com\/wp-content\/uploads\/2025\/11\/3-4RAP0012-400x400.webp 400w, https:\/\/mountlaser.com\/wp-content\/uploads\/2025\/11\/3-4RAP0012-800x800.webp 800w, https:\/\/mountlaser.com\/wp-content\/uploads\/2025\/11\/3-4RAP0012-600x600.webp 600w, https:\/\/mountlaser.com\/wp-content\/uploads\/2025\/11\/3-4RAP0012-150x150.webp 150w, https:\/\/mountlaser.com\/wp-content\/uploads\/2025\/11\/3-4RAP0012-768x768.webp 768w, https:\/\/mountlaser.com\/wp-content\/uploads\/2025\/11\/3-4RAP0012-12x12.webp 12w\" sizes=\"(max-width: 500px) 100vw, 500px\" \/><figcaption id=\"caption-attachment-3349\" class=\"wp-caption-text\">L\u0103ng k\u00ednh vu\u00f4ng g\u00f3c \u0111\u01a1n RAP001<\/figcaption><\/figure>\n<figure id=\"attachment_3356\" aria-describedby=\"caption-attachment-3356\" style=\"width: 500px\" class=\"wp-caption aligncenter\"><img decoding=\"async\" class=\"wp-image-3356\" src=\"https:\/\/mountlaser.com\/wp-content\/uploads\/2025\/11\/3-5RAP0021.webp\" alt=\"RAP002 right angle prism\" width=\"500\" height=\"500\" srcset=\"https:\/\/mountlaser.com\/wp-content\/uploads\/2025\/11\/3-5RAP0021.webp 1000w, https:\/\/mountlaser.com\/wp-content\/uploads\/2025\/11\/3-5RAP0021-300x300.webp 300w, https:\/\/mountlaser.com\/wp-content\/uploads\/2025\/11\/3-5RAP0021-400x400.webp 400w, https:\/\/mountlaser.com\/wp-content\/uploads\/2025\/11\/3-5RAP0021-800x800.webp 800w, https:\/\/mountlaser.com\/wp-content\/uploads\/2025\/11\/3-5RAP0021-600x600.webp 600w, https:\/\/mountlaser.com\/wp-content\/uploads\/2025\/11\/3-5RAP0021-150x150.webp 150w, https:\/\/mountlaser.com\/wp-content\/uploads\/2025\/11\/3-5RAP0021-768x768.webp 768w, https:\/\/mountlaser.com\/wp-content\/uploads\/2025\/11\/3-5RAP0021-12x12.webp 12w\" sizes=\"(max-width: 500px) 100vw, 500px\" \/><figcaption id=\"caption-attachment-3356\" class=\"wp-caption-text\">L\u0103ng k\u00ednh vu\u00f4ng g\u00f3c RAP002<\/figcaption><\/figure>\n<p>\u0110\u1ec3 t\u0103ng t\u00ednh linh ho\u1ea1t, phi\u00ean b\u1ea3n RAP002 Dual Right Angle Prism cho ph\u00e9p \u0111o c\u1ea3 \u1edf g\u00f3c 90\u00b0 v\u00e0 180\u00b0, v\u1edbi th\u1ea5u k\u00ednh trung t\u00e2m l\u1edbn v\u00e0 n\u1eafp xoay. C\u00f3 th\u1ec3 t\u00f9y ch\u1ec9nh theo y\u00eau c\u1ea7u c\u1ee7a nh\u00e0 s\u1ea3n xu\u1ea5t thi\u1ebft b\u1ecb g\u1ed1c (OEM) \u0111\u1ec3 \u0111\u00e1p \u1ee9ng c\u00e1c nhu c\u1ea7u gi\u00e1m s\u00e1t chuy\u00ean bi\u1ec7t ho\u1eb7c c\u0103n ch\u1ec9nh c\u00f4ng nghi\u1ec7p.<\/p>","protected":false},"excerpt":{"rendered":"<ul>\n<li>D\u00e0nh cho m\u00e1y to\u00e0n \u0111\u1ea1c v\u00e0 h\u1ec7 th\u1ed1ng c\u0103n ch\u1ec9nh<\/li>\n<li>L\u1eafp \u0111\u1eb7t nh\u1ecf g\u1ecdn trong kh\u00f4ng gian h\u1ea1n ch\u1ebf.<\/li>\n<li>Nhi\u1ec7m v\u1ee5 gi\u00e1m s\u00e1t d\u00e0i h\u1ea1n v\u00e0 \u0111i\u1ec1u ch\u1ec9nh b\u1ed1 c\u1ee5c c\u00f4ng tr\u00ecnh<\/li>\n<li>D\u1ec5 d\u00e0ng c\u0103n ch\u1ec9nh t\u1ea1i hi\u1ec7n tr\u01b0\u1eddng nh\u1edd kh\u1ea3 n\u0103ng t\u01b0\u01a1ng th\u00edch v\u1edbi d\u00e2y d\u1ecdi.<\/li>\n<\/ul>","protected":false},"featured_media":3356,"comment_status":"open","ping_status":"closed","template":"","meta":[],"product_brand":[],"product_cat":[72,112],"product_tag":[],"class_list":{"0":"post-3347","1":"product","2":"type-product","3":"status-publish","4":"has-post-thumbnail","6":"product_cat-reflective-target-prism","7":"product_cat-monitoring-prism","9":"first","10":"instock","11":"shipping-taxable","12":"product-type-simple"},"_links":{"self":[{"href":"https:\/\/mountlaser.com\/vi\/wp-json\/wp\/v2\/product\/3347","targetHints":{"allow":["GET"]}}],"collection":[{"href":"https:\/\/mountlaser.com\/vi\/wp-json\/wp\/v2\/product"}],"about":[{"href":"https:\/\/mountlaser.com\/vi\/wp-json\/wp\/v2\/types\/product"}],"replies":[{"embeddable":true,"href":"https:\/\/mountlaser.com\/vi\/wp-json\/wp\/v2\/comments?post=3347"}],"wp:featuredmedia":[{"embeddable":true,"href":"https:\/\/mountlaser.com\/vi\/wp-json\/wp\/v2\/media\/3356"}],"wp:attachment":[{"href":"https:\/\/mountlaser.com\/vi\/wp-json\/wp\/v2\/media?parent=3347"}],"wp:term":[{"taxonomy":"product_brand","embeddable":true,"href":"https:\/\/mountlaser.com\/vi\/wp-json\/wp\/v2\/product_brand?post=3347"},{"taxonomy":"product_cat","embeddable":true,"href":"https:\/\/mountlaser.com\/vi\/wp-json\/wp\/v2\/product_cat?post=3347"},{"taxonomy":"product_tag","embeddable":true,"href":"https:\/\/mountlaser.com\/vi\/wp-json\/wp\/v2\/product_tag?post=3347"}],"curies":[{"name":"trang web","href":"https:\/\/api.w.org\/{rel}","templated":true}]}}