{"id":3321,"date":"2025-11-04T08:36:43","date_gmt":"2025-11-04T08:36:43","guid":{"rendered":"https:\/\/mountlaser.com\/?post_type=product&#038;p=3321"},"modified":"2025-11-28T02:38:14","modified_gmt":"2025-11-28T02:38:14","slug":"japan-style-dw-1-series-wooden-tripod","status":"publish","type":"product","link":"https:\/\/mountlaser.com\/vi\/san-pham\/japan-style-dw-1-series-wooden-tripod\/","title":{"rendered":"Ch\u00e2n m\u00e1y \u1ea3nh b\u1eb1ng g\u1ed7 ki\u1ec3u Nh\u1eadt DW-1 Series"},"content":{"rendered":"<p>C\u00e1i <a href=\"https:\/\/mountlaser.com\/vi\/products\/\"><strong>Ch\u00e2n m\u00e1y \u1ea3nh b\u1eb1ng g\u1ed7 ki\u1ec3u Nh\u1eadt DW-1 Series<\/strong><\/a> Ch\u00e2n m\u00e1y \u0111o t\u1eeb Mount Laser th\u1ec3 hi\u1ec7n s\u1ef1 h\u00e0i h\u00f2a ho\u00e0n h\u1ea3o gi\u1eefa thi\u1ebft k\u1ebf t\u1ed1i gi\u1ea3n ki\u1ec3u Nh\u1eadt B\u1ea3n v\u00e0 \u0111\u1ed9 tin c\u1eady chuy\u00ean nghi\u1ec7p trong kh\u1ea3o s\u00e1t. H\u1ec7 th\u1ed1ng gi\u00e1 \u0111\u1ee1 \u0111\u1eb7c bi\u1ec7t n\u00e0y \u0111\u1ea1i di\u1ec7n cho nh\u1eefng g\u00ec m\u00e0 m\u1ed9t chi\u1ebfc ch\u00e2n m\u00e1y b\u1eb1ng g\u1ed7 ch\u1ea5t l\u01b0\u1ee3ng cao th\u1ef1c s\u1ef1 c\u1ea7n c\u00f3, \u0111\u01b0\u1ee3c ch\u1ebf t\u00e1c t\u1eeb g\u1ed7 b\u1ea1ch d\u01b0\u01a1ng ch\u1ea5t l\u01b0\u1ee3ng cao nh\u1eadp kh\u1ea9u, \u0111\u1ea3m b\u1ea3o \u0111\u1ed9 b\u1ec1n l\u00e2u d\u00e0i v\u00e0 hi\u1ec7u su\u1ea5t \u1ed5n \u0111\u1ecbnh.<\/p>\n<p>\u0110\u01b0\u1ee3c thi\u1ebft k\u1ebf v\u1edbi c\u1ea5u h\u00ecnh \u0111\u1ea7u ph\u1eb3ng, s\u1ea3n ph\u1ea9m \u0111\u00e1ng ch\u00fa \u00fd n\u00e0y <a href=\"https:\/\/mountlaser.com\/vi\/contact-us\/\"><strong>Ch\u00e2n \u0111\u1ebf g\u1ed7 ch\u1ea5t l\u01b0\u1ee3ng t\u1ed1t<\/strong><\/a> Ch\u00e2n \u0111\u1ebf n\u00e0y mang l\u1ea1i \u0111\u1ed9 \u1ed5n \u0111\u1ecbnh v\u01b0\u1ee3t tr\u1ed9i, ho\u00e0n h\u1ea3o cho m\u00e1y to\u00e0n \u0111\u1ea1c, m\u00e1y qu\u00e9t laser 3D v\u00e0 m\u00e1y laser x\u00e2y d\u1ef1ng. G\u1ed7 b\u1ea1ch d\u01b0\u01a1ng \u0111\u01b0\u1ee3c l\u1ef1a ch\u1ecdn k\u1ef9 l\u01b0\u1ee1ng c\u00f3 kh\u1ea3 n\u0103ng ch\u1ed1ng cong v\u00eanh v\u00e0 n\u1ee9t n\u1ebb tuy\u1ec7t v\u1eddi, \u0111\u1ed3ng th\u1eddi mang l\u1ea1i hi\u1ec7u su\u1ea5t ch\u1ed1ng xo\u1eafn v\u01b0\u1ee3t tr\u1ed9i, l\u00e0m n\u00ean s\u1ef1 kh\u00e1c bi\u1ec7t c\u1ee7a m\u1ed9t ch\u00e2n \u0111\u1ebf g\u1ed7 ch\u1ea5t l\u01b0\u1ee3ng cao th\u1ef1c s\u1ef1 d\u00e0nh cho c\u00f4ng vi\u1ec7c ch\u00ednh x\u00e1c.<\/p>\n<p>\u0110\u01b0\u1ee3c trang b\u1ecb bu l\u00f4ng c\u00e0ng ch\u1eef U b\u1eb1ng \u0111\u1ed3ng thau ti\u00eau chu\u1ea9n 5\/8\u2033-11, s\u1ea3n ph\u1ea9m n\u00e0y ho\u00e0n to\u00e0n t\u01b0\u01a1ng th\u00edch v\u1edbi nhi\u1ec1u lo\u1ea1i d\u1ee5ng c\u1ee5 \u0111o \u0111\u1ea1c kh\u00e1c nhau, tr\u1edf th\u00e0nh l\u1ef1a ch\u1ecdn l\u00fd t\u01b0\u1edfng cho c\u00e1c chuy\u00ean gia \u0111\u00e1nh gi\u00e1 cao c\u1ea3 h\u00ecnh th\u1ee9c v\u00e0 ch\u1ee9c n\u0103ng c\u1ee7a thi\u1ebft b\u1ecb.<\/p>\n<p>&nbsp;<\/p>\n<p><img fetchpriority=\"high\" decoding=\"async\" class=\"aligncenter wp-image-3323\" src=\"https:\/\/mountlaser.com\/wp-content\/uploads\/2025\/11\/DW-1-.webp\" alt=\"Good Quality Wooden Tripod\" width=\"500\" height=\"500\" srcset=\"https:\/\/mountlaser.com\/wp-content\/uploads\/2025\/11\/DW-1-.webp 800w, https:\/\/mountlaser.com\/wp-content\/uploads\/2025\/11\/DW-1--300x300.webp 300w, https:\/\/mountlaser.com\/wp-content\/uploads\/2025\/11\/DW-1--400x400.webp 400w, https:\/\/mountlaser.com\/wp-content\/uploads\/2025\/11\/DW-1--600x600.webp 600w, https:\/\/mountlaser.com\/wp-content\/uploads\/2025\/11\/DW-1--150x150.webp 150w, https:\/\/mountlaser.com\/wp-content\/uploads\/2025\/11\/DW-1--768x768.webp 768w, https:\/\/mountlaser.com\/wp-content\/uploads\/2025\/11\/DW-1--12x12.webp 12w\" sizes=\"(max-width: 500px) 100vw, 500px\" \/><\/p>\n<p><strong>Th\u00f4ng s\u1ed1 k\u1ef9 thu\u1eadt c\u1ee7a ch\u00e2n m\u00e1y \u1ea3nh b\u1eb1ng g\u1ed7 ki\u1ec3u Nh\u1eadt DW-1 Series<\/strong><\/p>\n<table style=\"border-collapse: collapse; width: 650.27pt;\" border=\"0\" width=\"867\" cellspacing=\"0\" cellpadding=\"0\">\n<tbody>\n<tr style=\"height: 14.25pt;\">\n<td class=\"et2\" style=\"height: 14.25pt; width: 122.25pt;\" width=\"163\" height=\"19\">CON S\u1ed0<\/td>\n<td class=\"et2\" style=\"width: 97.50pt;\" width=\"130\">CH\u00c2N<\/td>\n<td class=\"et2\" style=\"width: 90.75pt;\" width=\"121\">C\u00c1I \u0110\u1ea6U<\/td>\n<td class=\"et2\" style=\"width: 100.50pt;\" width=\"134\">LO\u1ea0I KH\u00d3A<\/td>\n<td class=\"et2\" style=\"width: 99.00pt;\" width=\"132\">PH\u1ea6N C\u1ee8NG<\/td>\n<td class=\"et2\" style=\"width: 86.25pt;\" width=\"115\">S\u1ef0 M\u1ede R\u1ed8NG<\/td>\n<td class=\"et2\" style=\"width: 54.00pt;\" width=\"72\">T\u00e2y B\u1eafc<\/td>\n<\/tr>\n<tr style=\"height: 14.25pt;\">\n<td class=\"et2\" style=\"height: 14.25pt;\" height=\"19\">DW-1-FCTGY<\/td>\n<td class=\"et2\">G\u1ed7<\/td>\n<td class=\"et2\">M\u1eb7t ph\u1eb3ng 160mm<\/td>\n<td class=\"et2\">K\u1eb9p \u0111\u00f4i<\/td>\n<td class=\"et2\">X\u00e1m<\/td>\n<td class=\"et2\">174cm<\/td>\n<td class=\"et2\">7,0kg<\/td>\n<\/tr>\n<\/tbody>\n<\/table>","protected":false},"excerpt":{"rendered":"<ul>\n<li>Thi\u1ebft k\u1ebf \u0111\u1ea7u ph\u1eb3ng \u0111\u01b0\u1ee3c t\u1ed1i \u01b0u h\u00f3a cho m\u00e1y to\u00e0n \u0111\u1ea1c, m\u00e1y qu\u00e9t laser 3D v\u00e0 m\u00e1y laser x\u00e2y d\u1ef1ng.<\/li>\n<li>Tri\u1ebft l\u00fd thi\u1ebft k\u1ebf l\u1ea5y c\u1ea3m h\u1ee9ng t\u1eeb Nh\u1eadt B\u1ea3n, t\u1eadp trung v\u00e0o s\u1ef1 \u0111\u01a1n gi\u1ea3n v\u00e0 t\u00ednh n\u0103ng.<\/li>\n<li>K\u1ebft c\u1ea5u ch\u1eafc ch\u1eafn, b\u1ec1n b\u1ec9, ph\u00f9 h\u1ee3p v\u1edbi c\u00e1c \u1ee9ng d\u1ee5ng kh\u1ea3o s\u00e1t \u0111\u00f2i h\u1ecfi kh\u1eaft khe.<\/li>\n<\/ul>","protected":false},"featured_media":3322,"comment_status":"open","ping_status":"closed","template":"","meta":[],"product_brand":[],"product_cat":[91,113],"product_tag":[],"class_list":{"0":"post-3321","1":"product","2":"type-product","3":"status-publish","4":"has-post-thumbnail","6":"product_cat-bipod-tripod","7":"product_cat-wood-fiberglass-tripods","9":"first","10":"instock","11":"shipping-taxable","12":"product-type-simple"},"_links":{"self":[{"href":"https:\/\/mountlaser.com\/vi\/wp-json\/wp\/v2\/product\/3321","targetHints":{"allow":["GET"]}}],"collection":[{"href":"https:\/\/mountlaser.com\/vi\/wp-json\/wp\/v2\/product"}],"about":[{"href":"https:\/\/mountlaser.com\/vi\/wp-json\/wp\/v2\/types\/product"}],"replies":[{"embeddable":true,"href":"https:\/\/mountlaser.com\/vi\/wp-json\/wp\/v2\/comments?post=3321"}],"wp:featuredmedia":[{"embeddable":true,"href":"https:\/\/mountlaser.com\/vi\/wp-json\/wp\/v2\/media\/3322"}],"wp:attachment":[{"href":"https:\/\/mountlaser.com\/vi\/wp-json\/wp\/v2\/media?parent=3321"}],"wp:term":[{"taxonomy":"product_brand","embeddable":true,"href":"https:\/\/mountlaser.com\/vi\/wp-json\/wp\/v2\/product_brand?post=3321"},{"taxonomy":"product_cat","embeddable":true,"href":"https:\/\/mountlaser.com\/vi\/wp-json\/wp\/v2\/product_cat?post=3321"},{"taxonomy":"product_tag","embeddable":true,"href":"https:\/\/mountlaser.com\/vi\/wp-json\/wp\/v2\/product_tag?post=3321"}],"curies":[{"name":"trang web","href":"https:\/\/api.w.org\/{rel}","templated":true}]}}