{"id":3311,"date":"2025-11-04T08:19:40","date_gmt":"2025-11-04T08:19:40","guid":{"rendered":"https:\/\/mountlaser.com\/?post_type=product&#038;p=3311"},"modified":"2025-11-28T02:40:00","modified_gmt":"2025-11-28T02:40:00","slug":"swiss-style-gst120-9-series-wooden-tripod","status":"publish","type":"product","link":"https:\/\/mountlaser.com\/vi\/san-pham\/swiss-style-gst120-9-series-wooden-tripod\/","title":{"rendered":"Ch\u00e2n m\u00e1y \u1ea3nh b\u1eb1ng g\u1ed7 ki\u1ec3u Th\u1ee5y S\u0129 GST120-9 Series"},"content":{"rendered":"<p>C\u00e1i <a href=\"https:\/\/mountlaser.com\/vi\/\"><strong>Ch\u00e2n m\u00e1y \u1ea3nh b\u1eb1ng g\u1ed7 ki\u1ec3u Th\u1ee5y S\u0129 GST120-9 Series<\/strong><\/a> S\u1ea3n ph\u1ea9m c\u1ee7a Mount Laser \u0111\u1ea1i di\u1ec7n cho \u0111\u1ec9nh cao c\u1ee7a k\u1ef9 thu\u1eadt ch\u00ednh x\u00e1c v\u00e0 ngh\u1ec1 th\u1ee7 c\u00f4ng truy\u1ec1n th\u1ed1ng. \u0110\u01b0\u1ee3c thi\u1ebft k\u1ebf nh\u01b0 m\u1ed9t ch\u00e2n \u0111\u1ebf g\u1ed7 ch\u1ecbu l\u1ef1c cao, h\u1ec7 th\u1ed1ng h\u1ed7 tr\u1ee3 \u0111\u1eb7c bi\u1ec7t n\u00e0y c\u00f3 c\u01a1 ch\u1ebf t\u1ef1 kh\u00f3a t\u00edch h\u1ee3p s\u00e1ng t\u1ea1o, \u0111\u01b0a Ch\u00e2n \u0111\u1ebf g\u1ed7 ch\u1ecbu l\u1ef1c cao tr\u1edf th\u00e0nh ch\u00e2n \u0111\u1ebf g\u1ed7 t\u1ef1 kh\u00f3a h\u00e0ng \u0111\u1ea7u trong ph\u00e2n kh\u00fac c\u1ee7a n\u00f3.<\/p>\n<p>\u0110\u01b0\u1ee3c ch\u1ebf t\u00e1c t\u1eeb g\u1ed7 b\u1ea1ch d\u01b0\u01a1ng ch\u1ea5t l\u01b0\u1ee3ng cao nh\u1eadp kh\u1ea9u, s\u1ea3n ph\u1ea9m tuy\u1ec7t v\u1eddi n\u00e0y <a href=\"https:\/\/mountlaser.com\/vi\/products\/\"><strong>Ch\u00e2n \u0111\u1ebf g\u1ed7 ch\u1ecbu l\u1ef1c cao<\/strong><\/a> S\u1ea3n ph\u1ea9m mang l\u1ea1i \u0111\u1ed9 \u1ed5n \u0111\u1ecbnh v\u01b0\u1ee3t tr\u1ed9i, ch\u1ed1ng cong v\u00eanh v\u00e0 n\u1ee9t n\u1ebb, \u0111\u1ed3ng th\u1eddi cung c\u1ea5p kh\u1ea3 n\u0103ng ch\u1ed1ng xo\u1eafn \u01b0u vi\u1ec7t.<\/p>\n<p>Thi\u1ebft k\u1ebf \u0111\u1ea7u ph\u1eb3ng \u0111\u1ea3m b\u1ea3o kh\u1ea3 n\u0103ng t\u01b0\u01a1ng th\u00edch ho\u00e0n h\u1ea3o v\u1edbi m\u00e1y to\u00e0n \u0111\u1ea1c, m\u00e1y qu\u00e9t laser 3D v\u00e0 m\u00e1y laser x\u00e2y d\u1ef1ng, bi\u1ebfn chi\u1ebfc ch\u00e2n \u0111\u1ebf g\u1ed7 t\u1ef1 kh\u00f3a ti\u00ean ti\u1ebfn n\u00e0y tr\u1edf th\u00e0nh l\u1ef1a ch\u1ecdn l\u00fd t\u01b0\u1edfng cho c\u00e1c k\u1ef9 s\u01b0 tr\u1eafc \u0111\u1ecba \u0111\u00f2i h\u1ecfi c\u1ea3 \u0111\u1ed9 tin c\u1eady truy\u1ec1n th\u1ed1ng v\u00e0 s\u1ef1 ti\u1ec7n l\u1ee3i hi\u1ec7n \u0111\u1ea1i. V\u1edbi k\u1ef9 thu\u1eadt ch\u1ebf t\u1ea1o t\u1ec9 m\u1ec9 v\u00e0 v\u1eadt li\u1ec7u cao c\u1ea5p, chi\u1ebfc ch\u00e2n \u0111\u1ebf g\u1ed7 t\u1ef1 kh\u00f3a tinh t\u1ebf n\u00e0y thi\u1ebft l\u1eadp c\u00e1c ti\u00eau chu\u1ea9n m\u1edbi cho c\u00e1c \u1ee9ng d\u1ee5ng tr\u1eafc \u0111\u1ecba h\u1ea1ng n\u1eb7ng.<\/p>\n<p>&nbsp;<\/p>\n<p><img fetchpriority=\"high\" decoding=\"async\" class=\"aligncenter wp-image-3313\" src=\"https:\/\/mountlaser.com\/wp-content\/uploads\/2025\/11\/GST120-9\uff084\uff09.webp\" alt=\"Heavy Duty Wooden Tripod\" width=\"500\" height=\"500\" srcset=\"https:\/\/mountlaser.com\/wp-content\/uploads\/2025\/11\/GST120-9\uff084\uff09.webp 1000w, https:\/\/mountlaser.com\/wp-content\/uploads\/2025\/11\/GST120-9\uff084\uff09-300x300.webp 300w, https:\/\/mountlaser.com\/wp-content\/uploads\/2025\/11\/GST120-9\uff084\uff09-400x400.webp 400w, https:\/\/mountlaser.com\/wp-content\/uploads\/2025\/11\/GST120-9\uff084\uff09-800x800.webp 800w, https:\/\/mountlaser.com\/wp-content\/uploads\/2025\/11\/GST120-9\uff084\uff09-600x600.webp 600w, https:\/\/mountlaser.com\/wp-content\/uploads\/2025\/11\/GST120-9\uff084\uff09-150x150.webp 150w, https:\/\/mountlaser.com\/wp-content\/uploads\/2025\/11\/GST120-9\uff084\uff09-768x768.webp 768w, https:\/\/mountlaser.com\/wp-content\/uploads\/2025\/11\/GST120-9\uff084\uff09-12x12.webp 12w\" sizes=\"(max-width: 500px) 100vw, 500px\" \/><\/p>\n<p><strong><a href=\"https:\/\/mountlaser.com\/vi\/contact-us\/\">D\u00f2ng s\u1ea3n ph\u1ea9m Swiss Style GST120-9<\/a> Th\u00f4ng s\u1ed1 k\u1ef9 thu\u1eadt c\u1ee7a ch\u00e2n \u0111\u1ebf g\u1ed7:<\/strong><\/p>\n<table style=\"border-collapse: collapse; width: 650.27pt;\" border=\"0\" width=\"867\" cellspacing=\"0\" cellpadding=\"0\">\n<tbody>\n<tr style=\"height: 14.25pt;\">\n<td class=\"et2\" style=\"height: 14.25pt; width: 122.25pt;\" width=\"163\" height=\"19\">CON S\u1ed0<\/td>\n<td class=\"et2\" style=\"width: 97.50pt;\" width=\"130\">CH\u00c2N<\/td>\n<td class=\"et2\" style=\"width: 90.75pt;\" width=\"121\">C\u00c1I \u0110\u1ea6U<\/td>\n<td class=\"et2\" style=\"width: 100.50pt;\" width=\"134\">LO\u1ea0I KH\u00d3A<\/td>\n<td class=\"et2\" style=\"width: 99.00pt;\" width=\"132\">PH\u1ea6N C\u1ee8NG<\/td>\n<td class=\"et2\" style=\"width: 86.25pt;\" width=\"115\">S\u1ef0 M\u1ede R\u1ed8NG<\/td>\n<td class=\"et2\" style=\"width: 54.00pt;\" width=\"72\">T\u00e2y B\u1eafc<\/td>\n<\/tr>\n<tr style=\"height: 14.25pt;\">\n<td class=\"et2\" style=\"height: 14.25pt;\" height=\"19\">GST120-9-FCT<\/td>\n<td class=\"et2\">G\u1ed7<\/td>\n<td class=\"et2\">M\u1eb7t ph\u1eb3ng 160mm<\/td>\n<td class=\"et2\">K\u1eb9p xo\u1eafn<\/td>\n<td class=\"et2\">M\u00e0u \u0111\u1ecf<\/td>\n<td class=\"et2\">181cm<\/td>\n<td class=\"et2\">6,0 kg<\/td>\n<\/tr>\n<\/tbody>\n<\/table>\n<p>&nbsp;<\/p>","protected":false},"excerpt":{"rendered":"<ul>\n<li>\u0110\u01b0\u1ee3c ch\u1ebf t\u1ea1o t\u1eeb g\u1ed7 b\u1ea1ch d\u01b0\u01a1ng ch\u1ea5t l\u01b0\u1ee3ng cao nh\u1eadp kh\u1ea9u, \u0111\u1ea3m b\u1ea3o \u0111\u1ed9 b\u1ec1n v\u01b0\u1ee3t tr\u1ed9i.<\/li>\n<li>\u0110\u1ed9 b\u1ec1n v\u01b0\u1ee3t tr\u1ed9i, ch\u1ed1ng cong v\u00eanh v\u00e0 n\u1ee9t n\u1ebb trong nhi\u1ec1u \u0111i\u1ec1u ki\u1ec7n th\u1eddi ti\u1ebft kh\u00e1c nhau.<\/li>\n<li>Kh\u1ea3 n\u0103ng ch\u1ed1ng xo\u1eafn v\u01b0\u1ee3t tr\u1ed9i gi\u00fap duy tr\u00ec \u0111\u1ed9 ch\u00ednh x\u00e1c c\u1ee7a ph\u00e9p \u0111o.<\/li>\n<\/ul>","protected":false},"featured_media":3314,"comment_status":"open","ping_status":"closed","template":"","meta":[],"product_brand":[],"product_cat":[91,113],"product_tag":[],"class_list":{"0":"post-3311","1":"product","2":"type-product","3":"status-publish","4":"has-post-thumbnail","6":"product_cat-bipod-tripod","7":"product_cat-wood-fiberglass-tripods","9":"first","10":"instock","11":"shipping-taxable","12":"product-type-simple"},"_links":{"self":[{"href":"https:\/\/mountlaser.com\/vi\/wp-json\/wp\/v2\/product\/3311","targetHints":{"allow":["GET"]}}],"collection":[{"href":"https:\/\/mountlaser.com\/vi\/wp-json\/wp\/v2\/product"}],"about":[{"href":"https:\/\/mountlaser.com\/vi\/wp-json\/wp\/v2\/types\/product"}],"replies":[{"embeddable":true,"href":"https:\/\/mountlaser.com\/vi\/wp-json\/wp\/v2\/comments?post=3311"}],"wp:featuredmedia":[{"embeddable":true,"href":"https:\/\/mountlaser.com\/vi\/wp-json\/wp\/v2\/media\/3314"}],"wp:attachment":[{"href":"https:\/\/mountlaser.com\/vi\/wp-json\/wp\/v2\/media?parent=3311"}],"wp:term":[{"taxonomy":"product_brand","embeddable":true,"href":"https:\/\/mountlaser.com\/vi\/wp-json\/wp\/v2\/product_brand?post=3311"},{"taxonomy":"product_cat","embeddable":true,"href":"https:\/\/mountlaser.com\/vi\/wp-json\/wp\/v2\/product_cat?post=3311"},{"taxonomy":"product_tag","embeddable":true,"href":"https:\/\/mountlaser.com\/vi\/wp-json\/wp\/v2\/product_tag?post=3311"}],"curies":[{"name":"trang web","href":"https:\/\/api.w.org\/{rel}","templated":true}]}}