{"id":3310,"date":"2025-11-04T09:08:26","date_gmt":"2025-11-04T09:08:26","guid":{"rendered":"https:\/\/mountlaser.com\/?post_type=product&#038;p=3310"},"modified":"2025-11-28T02:37:31","modified_gmt":"2025-11-28T02:37:31","slug":"bp003-ball-prism","status":"publish","type":"product","link":"https:\/\/mountlaser.com\/vi\/san-pham\/bp003-ball-prism\/","title":{"rendered":"BP003 L\u0103ng k\u00ednh c\u1ea7u"},"content":{"rendered":"<p>C\u00e1i <a href=\"https:\/\/mountlaser.com\/vi\/\"><strong>BP003 L\u0103ng k\u00ednh c\u1ea7u<\/strong><\/a> BP003 l\u00e0 m\u1ed9t l\u0103ng k\u00ednh c\u1ea7u \u0111\u01b0\u1ee3c ch\u1ebf t\u1ea1o ch\u00ednh x\u00e1c d\u00e0nh cho m\u00e1y to\u00e0n \u0111\u1ea1c, \u0111\u01b0\u1ee3c thi\u1ebft k\u1ebf \u0111\u1ec3 gi\u00e1m s\u00e1t bi\u1ebfn d\u1ea1ng v\u0129nh vi\u1ec5n v\u00e0 t\u1ea1m th\u1eddi trong c\u00e1c m\u00f4i tr\u01b0\u1eddng kh\u1eafc nghi\u1ec7t nh\u01b0 \u0111\u01b0\u1eddng h\u1ea7m, \u0111\u01b0\u1eddng s\u1eaft v\u00e0 c\u00f4ng tr\u01b0\u1eddng x\u00e2y d\u1ef1ng. \u0110\u01b0\u1ee3c ch\u1ebf t\u1ea1o \u0111\u1ec3 \u0111\u1ea1t \u0111\u1ed9 ch\u00ednh x\u00e1c v\u00e0 \u1ed5n \u0111\u1ecbnh v\u01b0\u1ee3t tr\u1ed9i, l\u0103ng k\u00ednh c\u1ea7u BP003 \u0111\u1ea3m b\u1ea3o s\u1ef1 c\u0103n ch\u1ec9nh v\u00e0 k\u1ebft qu\u1ea3 \u0111o \u0111\u00e1ng tin c\u1eady trong nhi\u1ec1u \u1ee9ng d\u1ee5ng th\u1ef1c \u0111\u1ecba kh\u00e1c nhau.<\/p>\n<p>Hi\u1ec7u su\u1ea5t cao n\u00e0y <a href=\"https:\/\/mountlaser.com\/vi\/about-us\/\"><strong>l\u0103ng k\u00ednh c\u1ea7u<\/strong><\/a> M\u00e1y to\u00e0n \u0111\u1ea1c \u0111i\u1ec7n t\u1eed n\u00e0y c\u00f3 qu\u1ea3 c\u1ea7u th\u00e9p kh\u00f4ng g\u1ec9 \u0111\u01b0\u1eddng k\u00ednh \u00d845 mm gi\u00fap t\u0103ng c\u01b0\u1eddng kh\u1ea3 n\u0103ng quan s\u00e1t v\u00e0 c\u1ea3i thi\u1ec7n \u0111\u1ed9 ch\u00ednh x\u00e1c khi c\u0103n ch\u1ec9nh. N\u00f3 bao g\u1ed3m m\u1ed9t l\u0103ng k\u00ednh 25,4 mm (1 inch) t\u01b0\u01a1ng th\u00edch v\u1edbi h\u1ea7u h\u1ebft c\u00e1c h\u1ec7 th\u1ed1ng gi\u00e1m s\u00e1t ti\u00eau chu\u1ea9n, l\u00e0m cho n\u00f3 tr\u1edf th\u00e0nh gi\u1ea3i ph\u00e1p l\u00fd t\u01b0\u1edfng cho c\u00e1c d\u1ef1 \u00e1n kh\u1ea3o s\u00e1t v\u00e0 gi\u00e1m s\u00e1t tr\u1eafc \u0111\u1ecba chuy\u00ean nghi\u1ec7p.<\/p>\n<p><img fetchpriority=\"high\" decoding=\"async\" class=\"aligncenter wp-image-3337\" src=\"https:\/\/mountlaser.com\/wp-content\/uploads\/2025\/11\/3-9BP0034-1.webp\" alt=\"spherical prism for total stations\" width=\"500\" height=\"500\" srcset=\"https:\/\/mountlaser.com\/wp-content\/uploads\/2025\/11\/3-9BP0034-1.webp 1000w, https:\/\/mountlaser.com\/wp-content\/uploads\/2025\/11\/3-9BP0034-1-300x300.webp 300w, https:\/\/mountlaser.com\/wp-content\/uploads\/2025\/11\/3-9BP0034-1-400x400.webp 400w, https:\/\/mountlaser.com\/wp-content\/uploads\/2025\/11\/3-9BP0034-1-800x800.webp 800w, https:\/\/mountlaser.com\/wp-content\/uploads\/2025\/11\/3-9BP0034-1-600x600.webp 600w, https:\/\/mountlaser.com\/wp-content\/uploads\/2025\/11\/3-9BP0034-1-150x150.webp 150w, https:\/\/mountlaser.com\/wp-content\/uploads\/2025\/11\/3-9BP0034-1-768x768.webp 768w, https:\/\/mountlaser.com\/wp-content\/uploads\/2025\/11\/3-9BP0034-1-12x12.webp 12w\" sizes=\"(max-width: 500px) 100vw, 500px\" \/><\/p>\n<p>C\u00e1i <a href=\"https:\/\/mountlaser.com\/vi\/contact-us\/\">L\u0103ng k\u00ednh bi BP003<\/a> C\u00f3 hai c\u1ea5u h\u00ecnh \u0111\u1ec3 ph\u00f9 h\u1ee3p v\u1edbi c\u00e1c nhu c\u1ea7u l\u1eafp \u0111\u1eb7t kh\u00e1c nhau:<\/p>\n<p>BP003: C\u00f3 \u0111\u1ebf t\u1eeb t\u00ednh m\u1ea1nh m\u1ebd gi\u00fap g\u1eafn nhanh ch\u00f3ng v\u00e0 ch\u1eafc ch\u1eafn l\u00ean c\u00e1c b\u1ec1 m\u1eb7t kim lo\u1ea1i.<\/p>\n<p>BP004: C\u00f3 ch\u00e2n \u0111\u1ebf mini \u0111\u1ec3 thi\u1ebft l\u1eadp \u1ed5n \u0111\u1ecbnh tr\u00ean b\u1ec1 m\u1eb7t kh\u00f4ng nhi\u1ec5m t\u1eeb ho\u1eb7c \u0111\u1ecba h\u00ecnh kh\u00f4ng b\u1eb1ng ph\u1eb3ng.<\/p>\n<p>\u0110\u1ec3 \u0111\u1ea3m b\u1ea3o ph\u1ea3n x\u1ea1 t\u00edn hi\u1ec7u t\u1ed1i \u01b0u v\u00e0 t\u00ednh nh\u1ea5t qu\u00e1n trong \u0111o l\u01b0\u1eddng, l\u0103ng k\u00ednh c\u1ea7u d\u00e0nh cho m\u00e1y to\u00e0n \u0111\u1ea1c n\u00e0y c\u00f3 c\u00e1c t\u00f9y ch\u1ecdn ph\u1ee7 \u0111\u1ed3ng ho\u1eb7c ph\u1ee7 b\u1ea1c. C\u1ea3 hai l\u1edbp ph\u1ee7 \u0111\u1ec1u cung c\u1ea5p kh\u1ea3 n\u0103ng ph\u1ea3n x\u1ea1 tuy\u1ec7t v\u1eddi v\u00e0 hi\u1ec7u su\u1ea5t l\u00e2u d\u00e0i trong m\u00f4i tr\u01b0\u1eddng ngo\u00e0i tr\u1eddi kh\u1eafc nghi\u1ec7t.<\/p>","protected":false},"excerpt":{"rendered":"<ul>\n<li>Gi\u00e1m s\u00e1t ch\u00ednh x\u00e1c: L\u00fd t\u01b0\u1edfng cho c\u00e1c nhi\u1ec7m v\u1ee5 gi\u00e1m s\u00e1t k\u1ebft c\u1ea5u, bi\u1ebfn d\u1ea1ng v\u00e0 \u0111\u1ecba k\u1ef9 thu\u1eadt.<\/li>\n<li>C\u1ea5u tr\u00fac ch\u1eafc ch\u1eafn: \u0110\u1ea3m b\u1ea3o \u0111\u1ed9 b\u1ec1n v\u00e0 \u1ed5n \u0111\u1ecbnh trong \u0111i\u1ec1u ki\u1ec7n kh\u1eafc nghi\u1ec7t.<\/li>\n<li>T\u00f9y ch\u1ecdn l\u1eafp \u0111\u1eb7t: \u0110\u1ebf t\u1eeb t\u00ednh ho\u1eb7c ch\u00e2n \u0111\u1ebf mini \u0111\u1ec3 tri\u1ec3n khai linh ho\u1ea1t.<\/li>\n<li>Kh\u1ea3 n\u0103ng t\u01b0\u01a1ng th\u00edch cao: Ph\u00f9 h\u1ee3p v\u1edbi h\u1ea7u h\u1ebft c\u00e1c h\u1ec7 th\u1ed1ng m\u00e1y to\u00e0n \u0111\u1ea1c \u0111i\u1ec7n t\u1eed.<\/li>\n<li>C\u00e1c l\u1ef1a ch\u1ecdn l\u1edbp ph\u1ee7 ph\u1ea3n quang: L\u1edbp ph\u1ee7 \u0111\u1ed3ng \u0111\u1ec3 t\u0103ng \u0111\u1ed9 b\u1ec1n ho\u1eb7c l\u1edbp ph\u1ee7 b\u1ea1c \u0111\u1ec3 \u0111\u1ea1t \u0111\u1ed9 ch\u00ednh x\u00e1c cao.<\/li>\n<\/ul>","protected":false},"featured_media":3339,"comment_status":"open","ping_status":"closed","template":"","meta":[],"product_brand":[],"product_cat":[72,112],"product_tag":[],"class_list":{"0":"post-3310","1":"product","2":"type-product","3":"status-publish","4":"has-post-thumbnail","6":"product_cat-reflective-target-prism","7":"product_cat-monitoring-prism","9":"first","10":"instock","11":"shipping-taxable","12":"product-type-simple"},"_links":{"self":[{"href":"https:\/\/mountlaser.com\/vi\/wp-json\/wp\/v2\/product\/3310","targetHints":{"allow":["GET"]}}],"collection":[{"href":"https:\/\/mountlaser.com\/vi\/wp-json\/wp\/v2\/product"}],"about":[{"href":"https:\/\/mountlaser.com\/vi\/wp-json\/wp\/v2\/types\/product"}],"replies":[{"embeddable":true,"href":"https:\/\/mountlaser.com\/vi\/wp-json\/wp\/v2\/comments?post=3310"}],"wp:featuredmedia":[{"embeddable":true,"href":"https:\/\/mountlaser.com\/vi\/wp-json\/wp\/v2\/media\/3339"}],"wp:attachment":[{"href":"https:\/\/mountlaser.com\/vi\/wp-json\/wp\/v2\/media?parent=3310"}],"wp:term":[{"taxonomy":"product_brand","embeddable":true,"href":"https:\/\/mountlaser.com\/vi\/wp-json\/wp\/v2\/product_brand?post=3310"},{"taxonomy":"product_cat","embeddable":true,"href":"https:\/\/mountlaser.com\/vi\/wp-json\/wp\/v2\/product_cat?post=3310"},{"taxonomy":"product_tag","embeddable":true,"href":"https:\/\/mountlaser.com\/vi\/wp-json\/wp\/v2\/product_tag?post=3310"}],"curies":[{"name":"trang web","href":"https:\/\/api.w.org\/{rel}","templated":true}]}}