{"id":3296,"date":"2025-11-04T08:06:31","date_gmt":"2025-11-04T08:06:31","guid":{"rendered":"https:\/\/mountlaser.com\/?post_type=product&#038;p=3296"},"modified":"2025-11-28T02:41:47","modified_gmt":"2025-11-28T02:41:47","slug":"bp001-ball-prism-with-magnetic-base","status":"publish","type":"product","link":"https:\/\/mountlaser.com\/vi\/san-pham\/bp001-ball-prism-with-magnetic-base\/","title":{"rendered":"BP001 L\u0103ng k\u00ednh c\u1ea7u c\u00f3 \u0111\u1ebf t\u1eeb t\u00ednh"},"content":{"rendered":"<p>Gi\u1edbi thi\u1ec7u s\u1ea3n ph\u1ea9m L\u0103ng k\u00ednh c\u1ea7u BP001 c\u00f3 \u0111\u1ebf t\u1eeb t\u00ednh<\/p>\n<p>C\u00e1i <a href=\"https:\/\/mountlaser.com\/vi\/about-us\/\"><strong>L\u0103ng k\u00ednh c\u1ea7u BP001 c\u00f3 \u0111\u1ebf t\u1eeb t\u00ednh<\/strong><\/a> l\u00e0 m\u1ed9t s\u1ea3n ph\u1ea9m \u0111\u01b0\u1ee3c ch\u1ebf t\u1ea1o ch\u00ednh x\u00e1c. <a href=\"https:\/\/mountlaser.com\/vi\/products\/\"><strong>l\u0103ng k\u00ednh gi\u00e1m s\u00e1t h\u00ecnh c\u1ea7u<\/strong><\/a> \u0110\u01b0\u1ee3c thi\u1ebft k\u1ebf \u0111\u1ec3 theo d\u00f5i bi\u1ebfn d\u1ea1ng ch\u00ednh x\u00e1c, c\u0103n ch\u1ec9nh v\u00e0 gi\u00e1m s\u00e1t c\u1ea5u tr\u00fac trong c\u00e1c m\u00f4i tr\u01b0\u1eddng kh\u1eafc nghi\u1ec7t nh\u01b0 \u0111\u01b0\u1eddng h\u1ea7m, c\u00f4ng tr\u01b0\u1eddng x\u00e2y d\u1ef1ng v\u00e0 m\u1ea1ng l\u01b0\u1edbi tr\u1eafc \u0111\u1ecba. L\u0103ng k\u00ednh c\u1ea7u BP001 \u0111\u1ed9 ch\u00ednh x\u00e1c cao v\u1edbi \u0111\u1ebf t\u1eeb t\u00ednh k\u1ebft h\u1ee3p t\u00ednh linh ho\u1ea1t, \u0111\u1ed9 \u1ed5n \u0111\u1ecbnh v\u00e0 kh\u1ea3 n\u0103ng l\u1eb7p l\u1ea1i \u2013 tr\u1edf th\u00e0nh l\u1ef1a ch\u1ecdn l\u00fd t\u01b0\u1edfng cho c\u00e1c nh\u00e0 kh\u1ea3o s\u00e1t chuy\u00ean nghi\u1ec7p v\u00e0 k\u1ef9 s\u01b0 gi\u00e1m s\u00e1t.<\/p>\n<p>\u0110\u01b0\u1ee3c ch\u1ebf t\u1ea1o t\u1eeb qu\u1ea3 c\u1ea7u th\u00e9p kh\u00f4ng g\u1ec9 ch\u1ed1ng \u0103n m\u00f2n v\u00e0 trang b\u1ecb \u0111\u1ebf t\u1eeb m\u1ea1nh m\u1ebd, l\u0103ng k\u00ednh quan s\u00e1t h\u00ecnh c\u1ea7u \u0111\u1ea3m b\u1ea3o l\u1eafp \u0111\u1eb7t nhanh ch\u00f3ng v\u00e0 ch\u1eafc ch\u1eafn tr\u00ean c\u00e1c b\u1ec1 m\u1eb7t kim lo\u1ea1i m\u00e0 kh\u00f4ng c\u1ea7n d\u1ee5ng c\u1ee5 b\u1ed5 sung. \u0110\u1ebf t\u1eeb cho ph\u00e9p d\u1ec5 d\u00e0ng \u0111\u1ecbnh v\u1ecb l\u1ea1i \u0111\u1ec3 \u0111o l\u1eb7p l\u1ea1i trong khi v\u1eabn duy tr\u00ec \u0111\u1ed9 ch\u00ednh x\u00e1c nh\u1ea5t qu\u00e1n.<\/p>\n<p><img fetchpriority=\"high\" decoding=\"async\" class=\"aligncenter wp-image-3298\" src=\"https:\/\/mountlaser.com\/wp-content\/uploads\/2025\/11\/BP0012.webp\" alt=\"spherical monitoring prism\" width=\"500\" height=\"500\" srcset=\"https:\/\/mountlaser.com\/wp-content\/uploads\/2025\/11\/BP0012.webp 1000w, https:\/\/mountlaser.com\/wp-content\/uploads\/2025\/11\/BP0012-300x300.webp 300w, https:\/\/mountlaser.com\/wp-content\/uploads\/2025\/11\/BP0012-400x400.webp 400w, https:\/\/mountlaser.com\/wp-content\/uploads\/2025\/11\/BP0012-800x800.webp 800w, https:\/\/mountlaser.com\/wp-content\/uploads\/2025\/11\/BP0012-600x600.webp 600w, https:\/\/mountlaser.com\/wp-content\/uploads\/2025\/11\/BP0012-150x150.webp 150w, https:\/\/mountlaser.com\/wp-content\/uploads\/2025\/11\/BP0012-768x768.webp 768w, https:\/\/mountlaser.com\/wp-content\/uploads\/2025\/11\/BP0012-12x12.webp 12w\" sizes=\"(max-width: 500px) 100vw, 500px\" \/><\/p>\n<p>C\u00e1i <a href=\"https:\/\/mountlaser.com\/vi\/contact-us\/\">L\u0103ng k\u00ednh c\u1ea7u BP001 c\u00f3 \u0111\u1ebf t\u1eeb t\u00ednh<\/a> C\u00f3 nhi\u1ec1u c\u1ea5u h\u00ecnh kh\u00e1c nhau:<\/p>\n<p>BP001A: L\u0103ng k\u00ednh \u00d817,8 mm, Qu\u1ea3 c\u1ea7u \u00d830 mm<\/p>\n<p>BP001B: L\u0103ng k\u00ednh \u00d825,4 mm, Qu\u1ea3 c\u1ea7u \u00d838,1 mm<\/p>\n<p>BP002A: L\u0103ng k\u00ednh \u00d817,8 mm, Qu\u1ea3 c\u1ea7u \u00d830 mm v\u1edbi v\u00f2ng l\u0103ng k\u00ednh m\u00e0u \u0111en.<\/p>\n<p>BP002B: L\u0103ng k\u00ednh \u00d825,4 mm, Qu\u1ea3 c\u1ea7u \u00d838,1 mm v\u1edbi v\u00f2ng l\u0103ng k\u00ednh m\u00e0u \u0111en.<\/p>\n<p>BP002C: L\u0103ng k\u00ednh \u00d825,4 mm, Qu\u1ea3 c\u1ea7u \u00d845 mm v\u1edbi v\u00f2ng l\u0103ng k\u00ednh m\u00e0u \u0111en.<\/p>\n<p>\u0110\u1ec3 \u0111\u00e1p \u1ee9ng c\u00e1c nhu c\u1ea7u \u0111o l\u01b0\u1eddng chuy\u00ean bi\u1ec7t, l\u0103ng k\u00ednh quan s\u00e1t h\u00ecnh c\u1ea7u n\u00e0y c\u00f3 th\u1ec3 \u0111\u01b0\u1ee3c cung c\u1ea5p v\u1edbi b\u1ec1 m\u1eb7t l\u0103ng k\u00ednh ph\u1ee7 \u0111\u1ed3ng ho\u1eb7c ph\u1ee7 b\u1ea1c \u0111\u1ec3 t\u0103ng c\u01b0\u1eddng kh\u1ea3 n\u0103ng thu t\u00edn hi\u1ec7u trong c\u00e1c \u0111i\u1ec1u ki\u1ec7n hi\u1ec7n tr\u01b0\u1eddng kh\u00e1c nhau.<\/p>","protected":false},"excerpt":{"rendered":"<ul>\n<li>C\u1ea5u tr\u00fac c\u01b0\u1eddng \u0111\u1ed9 cao: Qu\u1ea3 c\u1ea7u b\u1eb1ng th\u00e9p kh\u00f4ng g\u1ec9 c\u00f3 kh\u1ea3 n\u0103ng ch\u1ed1ng \u0103n m\u00f2n v\u00e0 \u0111\u1ed9 b\u1ec1n l\u00e2u d\u00e0i.<\/li>\n<li>G\u1eafn b\u1eb1ng nam ch\u00e2m: \u0110\u1ebf nam ch\u00e2m m\u1ea1nh m\u1ebd cho ph\u00e9p g\u1eafn nhanh ch\u00f3ng, kh\u00f4ng c\u1ea7n d\u1ee5ng c\u1ee5 l\u00ean b\u1ec1 m\u1eb7t kim lo\u1ea1i.<\/li>\n<li>T\u00f9y ch\u1ecdn m\u00f4 h\u00ecnh linh ho\u1ea1t: Nhi\u1ec1u k\u00edch th\u01b0\u1edbc l\u0103ng k\u00ednh v\u00e0 bi \u0111\u1ec3 ph\u00f9 h\u1ee3p v\u1edbi c\u00e1c thi\u1ebft l\u1eadp gi\u00e1m s\u00e1t.<\/li>\n<li>L\u1edbp ph\u1ee7 t\u00f9y ch\u1ec9nh: T\u00f9y ch\u1ecdn l\u1edbp ph\u1ee7 \u0111\u1ed3ng ho\u1eb7c b\u1ea1c \u0111\u1ec3 t\u1ed1i \u01b0u h\u00f3a \u0111\u1ed9 ph\u1ea3n chi\u1ebfu.<\/li>\n<\/ul>","protected":false},"featured_media":3302,"comment_status":"open","ping_status":"closed","template":"","meta":[],"product_brand":[],"product_cat":[72,112],"product_tag":[],"class_list":{"0":"post-3296","1":"product","2":"type-product","3":"status-publish","4":"has-post-thumbnail","6":"product_cat-reflective-target-prism","7":"product_cat-monitoring-prism","9":"first","10":"instock","11":"shipping-taxable","12":"product-type-simple"},"_links":{"self":[{"href":"https:\/\/mountlaser.com\/vi\/wp-json\/wp\/v2\/product\/3296","targetHints":{"allow":["GET"]}}],"collection":[{"href":"https:\/\/mountlaser.com\/vi\/wp-json\/wp\/v2\/product"}],"about":[{"href":"https:\/\/mountlaser.com\/vi\/wp-json\/wp\/v2\/types\/product"}],"replies":[{"embeddable":true,"href":"https:\/\/mountlaser.com\/vi\/wp-json\/wp\/v2\/comments?post=3296"}],"wp:featuredmedia":[{"embeddable":true,"href":"https:\/\/mountlaser.com\/vi\/wp-json\/wp\/v2\/media\/3302"}],"wp:attachment":[{"href":"https:\/\/mountlaser.com\/vi\/wp-json\/wp\/v2\/media?parent=3296"}],"wp:term":[{"taxonomy":"product_brand","embeddable":true,"href":"https:\/\/mountlaser.com\/vi\/wp-json\/wp\/v2\/product_brand?post=3296"},{"taxonomy":"product_cat","embeddable":true,"href":"https:\/\/mountlaser.com\/vi\/wp-json\/wp\/v2\/product_cat?post=3296"},{"taxonomy":"product_tag","embeddable":true,"href":"https:\/\/mountlaser.com\/vi\/wp-json\/wp\/v2\/product_tag?post=3296"}],"curies":[{"name":"trang web","href":"https:\/\/api.w.org\/{rel}","templated":true}]}}