{"id":3293,"date":"2025-11-04T07:46:37","date_gmt":"2025-11-04T07:46:37","guid":{"rendered":"https:\/\/mountlaser.com\/?post_type=product&#038;p=3293"},"modified":"2025-11-28T02:43:26","modified_gmt":"2025-11-28T02:43:26","slug":"premium-t-series-rtf30-fiberglass-tripod","status":"publish","type":"product","link":"https:\/\/mountlaser.com\/vi\/san-pham\/premium-t-series-rtf30-fiberglass-tripod\/","title":{"rendered":"Ch\u00e2n m\u00e1y \u1ea3nh s\u1ee3i th\u1ee7y tinh RTF30 d\u00f2ng T cao c\u1ea5p"},"content":{"rendered":"<p>C\u00e1i <a href=\"https:\/\/mountlaser.com\/vi\/\"><strong>Ch\u00e2n m\u00e1y \u1ea3nh s\u1ee3i th\u1ee7y tinh RTF30 d\u00f2ng T cao c\u1ea5p<\/strong><\/a> Ch\u00e2n m\u00e1y Mount Laser thi\u1ebft l\u1eadp m\u1ed9t ti\u00eau chu\u1ea9n m\u1edbi v\u1ec1 \u0111\u1ed9 tin c\u1eady trong m\u00f4i tr\u01b0\u1eddng kh\u1ea3o s\u00e1t kh\u1eafc nghi\u1ec7t. \u0110\u01b0\u1ee3c thi\u1ebft k\u1ebf nh\u01b0 m\u1ed9t ch\u00e2n m\u00e1y tr\u00f2n b\u1eb1ng s\u1ee3i th\u1ee7y tinh ch\u1ecbu l\u1ef1c cao, m\u1eabu n\u00e0y mang l\u1ea1i s\u1ef1 \u1ed5n \u0111\u1ecbnh v\u01b0\u1ee3t tr\u1ed9i cho c\u00e1c thi\u1ebft b\u1ecb c\u00f3 \u0111\u1ed9 ch\u00ednh x\u00e1c cao nh\u01b0 m\u00e1y to\u00e0n \u0111\u1ea1c v\u00e0 m\u00e1y qu\u00e9t laser 3D.<\/p>\n<p>V\u1edbi thi\u1ebft k\u1ebf \u0111\u1ea7u tr\u00f2n l\u1edbn, ch\u00e2n \u0111\u1ebf \u0111o \u0111\u1ea1c b\u1eb1ng s\u1ee3i th\u1ee7y tinh ch\u1eafc ch\u1eafn n\u00e0y \u0111\u01b0\u1ee3c ch\u1ebf t\u1ea1o \u0111\u1ec3 ch\u1ecbu \u0111\u01b0\u1ee3c vi\u1ec7c s\u1eed d\u1ee5ng h\u00e0ng ng\u00e0y kh\u1eafc nghi\u1ec7t trong khi v\u1eabn duy tr\u00ec \u0111\u1ed9 ch\u00ednh x\u00e1c tuy\u1ec7t \u0111\u1ed1i. \u0110\u01b0\u1ee3c l\u00e0m t\u1eeb v\u1eadt li\u1ec7u s\u1ee3i th\u1ee7y tinh cao c\u1ea5p, n\u00f3 c\u00f3 kh\u1ea3 n\u0103ng ch\u1ed1ng va \u0111\u1eadp v\u00e0 \u0111\u1ed9 b\u1ec1n ch\u1ecbu l\u1ef1c v\u01b0\u1ee3t tr\u1ed9i, khi\u1ebfn n\u00f3 tr\u1edf th\u00e0nh m\u1ed9t s\u1ea3n ph\u1ea9m \u0111\u00e1ng tin c\u1eady. <a href=\"https:\/\/mountlaser.com\/vi\/products\/\"><strong>Ch\u00e2n \u0111\u1ebf ba ch\u00e2n b\u1eb1ng s\u1ee3i th\u1ee7y tinh ch\u1ecbu l\u1ef1c cao, ch\u00e2n tr\u00f2n.<\/strong><\/a> L\u1ef1a ch\u1ecdn l\u00fd t\u01b0\u1edfng cho c\u00e1c c\u00f4ng tr\u01b0\u1eddng x\u00e2y d\u1ef1ng v\u00e0 c\u00e1c cu\u1ed9c kh\u1ea3o s\u00e1t \u0111\u1ecba h\u00ecnh ph\u1ee9c t\u1ea1p.<br \/>\nV\u1edbi \u0111\u1eb7c t\u00ednh ch\u1ed1ng \u0103n m\u00f2n v\u00e0 k\u1ebft c\u1ea5u \u0111\u01b0\u1ee3c gia c\u1ed1, ch\u00e2n \u0111\u1ebf \u0111o \u0111\u1ea1c b\u1eb1ng s\u1ee3i th\u1ee7y tinh chuy\u00ean nghi\u1ec7p n\u00e0y \u0111\u1ea3m b\u1ea3o hi\u1ec7u su\u1ea5t l\u00e2u d\u00e0i trong m\u1ecdi \u0111i\u1ec1u ki\u1ec7n l\u00e0m vi\u1ec7c.<\/p>\n<figure id=\"attachment_3295\" aria-describedby=\"caption-attachment-3295\" style=\"width: 500px\" class=\"wp-caption aligncenter\"><img fetchpriority=\"high\" decoding=\"async\" class=\"wp-image-3295\" src=\"https:\/\/mountlaser.com\/wp-content\/uploads\/2025\/11\/RTF30-BCD2.webp\" alt=\"Heavy Duty Fiberglass Round Leg Tripod\" width=\"500\" height=\"500\" srcset=\"https:\/\/mountlaser.com\/wp-content\/uploads\/2025\/11\/RTF30-BCD2.webp 1000w, https:\/\/mountlaser.com\/wp-content\/uploads\/2025\/11\/RTF30-BCD2-300x300.webp 300w, https:\/\/mountlaser.com\/wp-content\/uploads\/2025\/11\/RTF30-BCD2-400x400.webp 400w, https:\/\/mountlaser.com\/wp-content\/uploads\/2025\/11\/RTF30-BCD2-800x800.webp 800w, https:\/\/mountlaser.com\/wp-content\/uploads\/2025\/11\/RTF30-BCD2-600x600.webp 600w, https:\/\/mountlaser.com\/wp-content\/uploads\/2025\/11\/RTF30-BCD2-150x150.webp 150w, https:\/\/mountlaser.com\/wp-content\/uploads\/2025\/11\/RTF30-BCD2-768x768.webp 768w, https:\/\/mountlaser.com\/wp-content\/uploads\/2025\/11\/RTF30-BCD2-12x12.webp 12w\" sizes=\"(max-width: 500px) 100vw, 500px\" \/><figcaption id=\"caption-attachment-3295\" class=\"wp-caption-text\">Ch\u00e2n \u0111\u1ebf ba ch\u00e2n b\u1eb1ng s\u1ee3i th\u1ee7y tinh ch\u1ecbu l\u1ef1c cao, ch\u00e2n tr\u00f2n.<\/figcaption><\/figure>\n<p>&nbsp;<\/p>\n<p><strong>Th\u00f4ng s\u1ed1 k\u1ef9 thu\u1eadt ch\u00e2n m\u00e1y \u1ea3nh s\u1ee3i th\u1ee7y tinh RTF30 d\u00f2ng T cao c\u1ea5p<\/strong><\/p>\n<table style=\"border-collapse: collapse; width: 650.27pt;\" border=\"0\" width=\"867\" cellspacing=\"0\" cellpadding=\"0\">\n<tbody>\n<tr style=\"height: 14.25pt;\">\n<td class=\"et2\" style=\"height: 14.25pt; width: 122.25pt;\" width=\"163\" height=\"19\">CON S\u1ed0<\/td>\n<td class=\"et2\" style=\"width: 97.50pt;\" width=\"130\">CH\u00c2N<\/td>\n<td class=\"et2\" style=\"width: 90.75pt;\" width=\"121\">C\u00c1I \u0110\u1ea6U<\/td>\n<td class=\"et2\" style=\"width: 100.50pt;\" width=\"134\">LO\u1ea0I KH\u00d3A<\/td>\n<td class=\"et2\" style=\"width: 99.00pt;\" width=\"132\">PH\u1ea6N C\u1ee8NG<\/td>\n<td class=\"et2\" style=\"width: 86.25pt;\" width=\"115\">S\u1ef0 M\u1ede R\u1ed8NG<\/td>\n<td class=\"et2\" style=\"width: 54.00pt;\" width=\"72\">T\u00e2y B\u1eafc<\/td>\n<\/tr>\n<tr style=\"height: 14.25pt;\">\n<td class=\"et2\" style=\"height: 14.25pt;\" height=\"19\">RTF30-BCD<\/td>\n<td class=\"et2\">S\u1ee3i th\u1ee7y tinh<\/td>\n<td class=\"et2\">H\u00ecnh tr\u00f2n 166mm<\/td>\n<td class=\"et2\">K\u1eb9p \u0111\u00f4i<\/td>\n<td class=\"et2\">\u0110en<\/td>\n<td class=\"et2\">180cm<\/td>\n<td class=\"et2\">8,0 kg<\/td>\n<\/tr>\n<\/tbody>\n<\/table>","protected":false},"excerpt":{"rendered":"<ul>\n<li>C\u1ea5u tr\u00fac ch\u00e2n \u0111\u1ebf tr\u00f2n b\u1eb1ng s\u1ee3i th\u1ee7y tinh ch\u1ecbu l\u1ef1c cao \u0111\u1ea3m b\u1ea3o \u0111\u1ed9 \u1ed5n \u0111\u1ecbnh v\u00e0 \u0111\u1ed9 b\u1ec1n t\u1ed1i \u0111a.<\/li>\n<li>Kh\u1ea3 n\u0103ng ch\u1ed1ng va \u0111\u1eadp v\u00e0 \u0111\u1ed9 b\u1ec1n ch\u1ecbu l\u1ef1c tuy\u1ec7t v\u1eddi, \u0111\u1ea3m b\u1ea3o \u0111\u1ed9 tin c\u1eady l\u00e2u d\u00e0i.<\/li>\n<li>Kh\u1ea3 n\u0103ng ch\u1ed1ng \u0103n m\u00f2n v\u01b0\u1ee3t tr\u1ed9i gi\u00fap k\u00e9o d\u00e0i tu\u1ed5i th\u1ecd s\u1eed d\u1ee5ng trong m\u00f4i tr\u01b0\u1eddng kh\u1eafc nghi\u1ec7t.<\/li>\n<li>Ch\u00e2n \u0111\u1ebf ba ch\u00e2n b\u1eb1ng s\u1ee3i th\u1ee7y tinh ch\u1ecbu l\u1ef1c cao, ch\u00e2n tr\u00f2n, k\u00e8m d\u00e2y \u0111eo tay ti\u1ec7n d\u1ee5ng \u0111\u1ec3 d\u1ec5 d\u00e0ng v\u1eadn chuy\u1ec3n \u0111\u1ebfn c\u00e1c \u0111\u1ecba \u0111i\u1ec3m l\u00e0m vi\u1ec7c kh\u00e1c nhau.<\/li>\n<\/ul>","protected":false},"featured_media":3294,"comment_status":"open","ping_status":"closed","template":"","meta":[],"product_brand":[],"product_cat":[91,113],"product_tag":[],"class_list":{"0":"post-3293","1":"product","2":"type-product","3":"status-publish","4":"has-post-thumbnail","6":"product_cat-bipod-tripod","7":"product_cat-wood-fiberglass-tripods","9":"first","10":"instock","11":"shipping-taxable","12":"product-type-simple"},"_links":{"self":[{"href":"https:\/\/mountlaser.com\/vi\/wp-json\/wp\/v2\/product\/3293","targetHints":{"allow":["GET"]}}],"collection":[{"href":"https:\/\/mountlaser.com\/vi\/wp-json\/wp\/v2\/product"}],"about":[{"href":"https:\/\/mountlaser.com\/vi\/wp-json\/wp\/v2\/types\/product"}],"replies":[{"embeddable":true,"href":"https:\/\/mountlaser.com\/vi\/wp-json\/wp\/v2\/comments?post=3293"}],"wp:featuredmedia":[{"embeddable":true,"href":"https:\/\/mountlaser.com\/vi\/wp-json\/wp\/v2\/media\/3294"}],"wp:attachment":[{"href":"https:\/\/mountlaser.com\/vi\/wp-json\/wp\/v2\/media?parent=3293"}],"wp:term":[{"taxonomy":"product_brand","embeddable":true,"href":"https:\/\/mountlaser.com\/vi\/wp-json\/wp\/v2\/product_brand?post=3293"},{"taxonomy":"product_cat","embeddable":true,"href":"https:\/\/mountlaser.com\/vi\/wp-json\/wp\/v2\/product_cat?post=3293"},{"taxonomy":"product_tag","embeddable":true,"href":"https:\/\/mountlaser.com\/vi\/wp-json\/wp\/v2\/product_tag?post=3293"}],"curies":[{"name":"trang web","href":"https:\/\/api.w.org\/{rel}","templated":true}]}}