{"id":3280,"date":"2025-11-04T07:37:26","date_gmt":"2025-11-04T07:37:26","guid":{"rendered":"https:\/\/mountlaser.com\/?post_type=product&#038;p=3280"},"modified":"2025-11-28T02:53:40","modified_gmt":"2025-11-28T02:53:40","slug":"premium-t-series-rtw20a-wooden-tripod","status":"publish","type":"product","link":"https:\/\/mountlaser.com\/vi\/san-pham\/premium-t-series-rtw20a-wooden-tripod\/","title":{"rendered":"Ch\u00e2n m\u00e1y g\u1ed7 cao c\u1ea5p T Series RTW20A"},"content":{"rendered":"<p>C\u00e1i <a href=\"https:\/\/mountlaser.com\/vi\/\"><strong>Ch\u00e2n m\u00e1y g\u1ed7 cao c\u1ea5p T Series RTW20A<\/strong><\/a> Ch\u00e2n m\u00e1y g\u1ed7 Mount Laser l\u00e0 s\u1ef1 k\u1ebft h\u1ee3p ho\u00e0n h\u1ea3o gi\u1eefa ngh\u1ec1 th\u1ee7 c\u00f4ng truy\u1ec1n th\u1ed1ng v\u00e0 nhu c\u1ea7u kh\u1ea3o s\u00e1t hi\u1ec7n \u0111\u1ea1i. \u0110\u01b0\u1ee3c thi\u1ebft k\u1ebf nh\u01b0 m\u1ed9t ch\u00e2n m\u00e1y g\u1ed7 h\u1ea1ng trung \u0111\u00e1ng tin c\u1eady, n\u00f3 mang l\u1ea1i s\u1ef1 \u1ed5n \u0111\u1ecbnh v\u01b0\u1ee3t tr\u1ed9i v\u00e0 kh\u1ea3 n\u0103ng gi\u1ea3m rung m\u00e0 c\u00e1c chuy\u00ean gia tin t\u01b0\u1edfng. C\u00f3 hai c\u1ea5u h\u00ecnh \u2013 ch\u00e2n m\u00e1y g\u1ed7 \u0111\u1ea7u ph\u1eb3ng RTW20A v\u00e0\u2026 <a href=\"https:\/\/mountlaser.com\/vi\/products\/\">Ch\u00e2n m\u00e1y \u1ea3nh g\u1ed7 \u0111\u1ea7u tr\u00f2n l\u1edbn RTW20A<\/a> \u2013 M\u1eabu n\u00e0y l\u00fd t\u01b0\u1edfng \u0111\u1ec3 s\u1eed d\u1ee5ng v\u1edbi m\u00e1y kinh v\u0129 v\u00e0 m\u00e1y to\u00e0n \u0111\u1ea1c, \u0111\u1ea3m b\u1ea3o c\u00e1c thi\u1ebft b\u1ecb c\u1ee7a b\u1ea1n \u0111\u01b0\u1ee3c g\u1eafn ch\u1eafc ch\u1eafn \u0111\u1ec3 c\u00f3 s\u1ed1 li\u1ec7u ch\u00ednh x\u00e1c.<\/p>\n<p><img fetchpriority=\"high\" decoding=\"async\" class=\"aligncenter wp-image-3282\" src=\"https:\/\/mountlaser.com\/wp-content\/uploads\/2025\/11\/rtw20a.webp\" alt=\"Medium-Duty Wooden Tripod\" width=\"500\" height=\"500\" srcset=\"https:\/\/mountlaser.com\/wp-content\/uploads\/2025\/11\/rtw20a.webp 800w, https:\/\/mountlaser.com\/wp-content\/uploads\/2025\/11\/rtw20a-300x300.webp 300w, https:\/\/mountlaser.com\/wp-content\/uploads\/2025\/11\/rtw20a-400x400.webp 400w, https:\/\/mountlaser.com\/wp-content\/uploads\/2025\/11\/rtw20a-600x600.webp 600w, https:\/\/mountlaser.com\/wp-content\/uploads\/2025\/11\/rtw20a-150x150.webp 150w, https:\/\/mountlaser.com\/wp-content\/uploads\/2025\/11\/rtw20a-768x768.webp 768w, https:\/\/mountlaser.com\/wp-content\/uploads\/2025\/11\/rtw20a-12x12.webp 12w\" sizes=\"(max-width: 500px) 100vw, 500px\" \/><\/p>\n<p>\u0110\u01b0\u1ee3c ch\u1ebf t\u1ea1o t\u1eeb g\u1ed7 ch\u1ea5t l\u01b0\u1ee3ng cao, \u0111\u01b0\u1ee3c l\u1ef1a ch\u1ecdn k\u1ef9 l\u01b0\u1ee1ng, ch\u00e2n \u0111\u1ebf g\u1ed7 ch\u00ednh x\u00e1c c\u1ee1 trung b\u00ecnh n\u00e0y mang l\u1ea1i \u0111\u1ed9 \u1ed5n \u0111\u1ecbnh v\u01b0\u1ee3t tr\u1ed9i v\u00e0 kh\u1ea3 n\u0103ng ch\u1ed1ng xo\u1eafn \u0111\u01b0\u1ee3c c\u1ea3i thi\u1ec7n so v\u1edbi c\u00e1c m\u1eabu ti\u00eau chu\u1ea9n. Thi\u1ebft k\u1ebf k\u00edch th\u01b0\u1edbc trung b\u00ecnh \u0111\u01b0\u1ee3c ch\u1ebf t\u1ea1o \u0111\u1ec3 mang l\u1ea1i s\u1ef1 c\u00e2n b\u1eb1ng ho\u00e0n h\u1ea3o gi\u1eefa \u0111\u1ebf v\u1eefng ch\u1eafc khi l\u00e0m vi\u1ec7c ngo\u00e0i hi\u1ec7n tr\u01b0\u1eddng v\u00e0 t\u00ednh di \u0111\u1ed9ng t\u01b0\u01a1ng \u0111\u1ed1i. L\u00e0 m\u1ed9t ch\u00e2n \u0111\u1ebf g\u1ed7 c\u1ee1 trung b\u00ecnh \u0111a n\u0103ng, n\u00f3 \u0111\u01b0\u1ee3c trang b\u1ecb bu l\u00f4ng c\u00e0ng b\u1eb1ng \u0111\u1ed3ng thau ti\u00eau chu\u1ea9n 5\/8\u2033-11, \u0111\u1ea3m b\u1ea3o kh\u1ea3 n\u0103ng t\u01b0\u01a1ng th\u00edch r\u1ed9ng r\u00e3i v\u00e0 kh\u1ea3 n\u0103ng ch\u1ed1ng \u0103n m\u00f2n. \u0110\u1ed1i v\u1edbi nh\u1eefng ng\u01b0\u1eddi kh\u1ea3o s\u00e1t coi tr\u1ecdng hi\u1ec7u su\u1ea5t \u1ed5n \u0111\u1ecbnh v\u00e0 \u0111\u1ed9 b\u1ec1n t\u1ef1 nhi\u00ean c\u1ee7a g\u1ed7, RTW20A l\u00e0 ch\u00e2n \u0111\u1ebf g\u1ed7 ch\u00ednh x\u00e1c t\u1ed1i \u01b0u cho nhi\u1ec1u \u1ee9ng d\u1ee5ng kh\u00e1c nhau.<\/p>\n<p>&nbsp;<\/p>\n<p><strong><a href=\"https:\/\/mountlaser.com\/vi\/contact-us\/\">D\u00f2ng s\u1ea3n ph\u1ea9m cao c\u1ea5p T RTW20A<\/a> Th\u00f4ng s\u1ed1 k\u1ef9 thu\u1eadt c\u1ee7a gi\u00e1 ba ch\u00e2n b\u1eb1ng g\u1ed7<\/strong><\/p>\n<table style=\"border-collapse: collapse; width: 650.27pt;\" border=\"0\" width=\"867\" cellspacing=\"0\" cellpadding=\"0\">\n<tbody>\n<tr style=\"height: 14.25pt;\">\n<td class=\"et2\" style=\"height: 14.25pt; width: 122.25pt;\" width=\"163\" height=\"19\">CON S\u1ed0<\/td>\n<td class=\"et2\" style=\"width: 97.50pt;\" width=\"130\">CH\u00c2N<\/td>\n<td class=\"et2\" style=\"width: 90.75pt;\" width=\"121\">C\u00c1I \u0110\u1ea6U<\/td>\n<td class=\"et2\" style=\"width: 100.50pt;\" width=\"134\">LO\u1ea0I KH\u00d3A<\/td>\n<td class=\"et2\" style=\"width: 99.00pt;\" width=\"132\">PH\u1ea6N C\u1ee8NG<\/td>\n<td class=\"et2\" style=\"width: 86.25pt;\" width=\"115\">S\u1ef0 M\u1ede R\u1ed8NG<\/td>\n<td class=\"et2\" style=\"width: 54.00pt;\" width=\"72\">T\u00e2y B\u1eafc<\/td>\n<\/tr>\n<tr style=\"height: 14.25pt;\">\n<td class=\"et2\" style=\"height: 14.25pt;\" height=\"19\">RTW20A-FCTBK<\/td>\n<td class=\"et2\">G\u1ed7<\/td>\n<td class=\"et2\">M\u1eb7t ph\u1eb3ng 160mm<\/td>\n<td class=\"et2\">K\u1eb9p xo\u1eafn<\/td>\n<td class=\"et2\">\u0110en<\/td>\n<td class=\"et2\">172cm<\/td>\n<td class=\"et2\">5,8 kg<\/td>\n<\/tr>\n<tr style=\"height: 14.25pt;\">\n<td class=\"et2\" style=\"height: 14.25pt;\" height=\"19\">RTW20A-FCDBK<\/td>\n<td class=\"et2\">G\u1ed7<\/td>\n<td class=\"et2\">M\u1eb7t ph\u1eb3ng 160mm<\/td>\n<td class=\"et2\">K\u1eb9p \u0111\u00f4i<\/td>\n<td class=\"et2\">\u0110en<\/td>\n<td class=\"et2\">167cm<\/td>\n<td class=\"et2\">6,2 kg<\/td>\n<\/tr>\n<\/tbody>\n<\/table>","protected":false},"excerpt":{"rendered":"<ul>\n<li>S\u1ea3n ph\u1ea9m c\u00f3 kh\u1ea3 n\u0103ng ch\u1ed1ng xo\u1eafn v\u01b0\u1ee3t tr\u1ed9i nh\u1edd k\u1ebft c\u1ea5u ch\u00e2n g\u1ed7 ch\u1eafc ch\u1eafn.<\/li>\n<li>Thi\u1ebft k\u1ebf t\u1ea7m trung mang l\u1ea1i s\u1ef1 c\u00e2n b\u1eb1ng t\u1ed1i \u01b0u gi\u1eefa \u0111\u1ed9 ch\u1eafc ch\u1eafn c\u1ee7a n\u1ec1n t\u1ea3ng v\u00e0 t\u00ednh di \u0111\u1ed9ng trong m\u00f4i tr\u01b0\u1eddng l\u00e0m vi\u1ec7c.<\/li>\n<li>\u0110\u00e2y l\u00e0 s\u1ef1 l\u1ef1a ch\u1ecdn l\u00fd t\u01b0\u1edfng cho c\u00e1c chuy\u00ean gia \u0111ang t\u00ecm ki\u1ebfm m\u1ed9t ch\u00e2n \u0111\u1ebf g\u1ed7 ch\u00ednh x\u00e1c, \u0111\u00e1ng tin c\u1eady \u0111\u1ec3 th\u1ef1c hi\u1ec7n c\u00e1c ph\u00e9p \u0111o ch\u00ednh x\u00e1c.<\/li>\n<\/ul>","protected":false},"featured_media":3281,"comment_status":"open","ping_status":"closed","template":"","meta":[],"product_brand":[],"product_cat":[91,113],"product_tag":[],"class_list":{"0":"post-3280","1":"product","2":"type-product","3":"status-publish","4":"has-post-thumbnail","6":"product_cat-bipod-tripod","7":"product_cat-wood-fiberglass-tripods","9":"first","10":"instock","11":"shipping-taxable","12":"product-type-simple"},"_links":{"self":[{"href":"https:\/\/mountlaser.com\/vi\/wp-json\/wp\/v2\/product\/3280","targetHints":{"allow":["GET"]}}],"collection":[{"href":"https:\/\/mountlaser.com\/vi\/wp-json\/wp\/v2\/product"}],"about":[{"href":"https:\/\/mountlaser.com\/vi\/wp-json\/wp\/v2\/types\/product"}],"replies":[{"embeddable":true,"href":"https:\/\/mountlaser.com\/vi\/wp-json\/wp\/v2\/comments?post=3280"}],"wp:featuredmedia":[{"embeddable":true,"href":"https:\/\/mountlaser.com\/vi\/wp-json\/wp\/v2\/media\/3281"}],"wp:attachment":[{"href":"https:\/\/mountlaser.com\/vi\/wp-json\/wp\/v2\/media?parent=3280"}],"wp:term":[{"taxonomy":"product_brand","embeddable":true,"href":"https:\/\/mountlaser.com\/vi\/wp-json\/wp\/v2\/product_brand?post=3280"},{"taxonomy":"product_cat","embeddable":true,"href":"https:\/\/mountlaser.com\/vi\/wp-json\/wp\/v2\/product_cat?post=3280"},{"taxonomy":"product_tag","embeddable":true,"href":"https:\/\/mountlaser.com\/vi\/wp-json\/wp\/v2\/product_tag?post=3280"}],"curies":[{"name":"trang web","href":"https:\/\/api.w.org\/{rel}","templated":true}]}}