{"id":3279,"date":"2025-11-04T07:43:20","date_gmt":"2025-11-04T07:43:20","guid":{"rendered":"https:\/\/mountlaser.com\/?post_type=product&#038;p=3279"},"modified":"2025-11-28T02:52:06","modified_gmt":"2025-11-28T02:52:06","slug":"mp109-angled-mini-prism","status":"publish","type":"product","link":"https:\/\/mountlaser.com\/vi\/san-pham\/mp109-angled-mini-prism\/","title":{"rendered":"L\u0103ng k\u00ednh mini g\u00f3c c\u1ea1nh MP109"},"content":{"rendered":"<p>D\u00f2ng l\u0103ng k\u00ednh mini g\u00f3c c\u1ea1nh MP109 \u0111\u01b0\u1ee3c thi\u1ebft k\u1ebf \u0111\u1ec3 gi\u00e1m s\u00e1t ch\u00ednh x\u00e1c, l\u00e2u d\u00e0i v\u1ec1 c\u1ea5u tr\u00fac v\u00e0 bi\u1ebfn d\u1ea1ng trong c\u00e1c m\u00f4i tr\u01b0\u1eddng kh\u1eafc nghi\u1ec7t nh\u01b0 \u0111\u01b0\u1eddng s\u1eaft, c\u1ea7u v\u00e0 \u0111\u01b0\u1eddng h\u1ea7m. C\u00f3 hai m\u1eabu \u2013 l\u0103ng k\u00ednh mini ph\u1ea3n x\u1ea1 \u0111\u01a1n MP109S v\u00e0 MP109D. <a href=\"https:\/\/mountlaser.com\/vi\/products\/\"><strong>L\u0103ng k\u00ednh ph\u1ea3n quang k\u00e9p mini<\/strong><\/a> \u2014 H\u1ec7 th\u1ed1ng n\u00e0y cung c\u1ea5p \u0111\u1ed9 ch\u00ednh x\u00e1c \u0111\u00e1ng tin c\u1eady v\u00e0 c\u00e1c t\u00f9y ch\u1ecdn l\u1eafp \u0111\u1eb7t linh ho\u1ea1t cho nhi\u1ec1u \u1ee9ng d\u1ee5ng k\u1ef9 thu\u1eadt kh\u00e1c nhau.<\/p>\n<p>C\u00e1i <a href=\"https:\/\/mountlaser.com\/vi\/\"><strong>L\u0103ng k\u00ednh mini hai m\u1eb7t<\/strong><\/a> C\u1ea5u h\u00ecnh n\u00e0y cho ph\u00e9p \u0111o \u0111\u1ed3ng th\u1eddi t\u1eeb nhi\u1ec1u h\u01b0\u1edbng, \u0111\u1ea3m b\u1ea3o \u0111\u1ed9 ch\u00ednh x\u00e1c v\u00e0 hi\u1ec7u qu\u1ea3 cao trong vi\u1ec7c thu th\u1eadp d\u1eef li\u1ec7u. \u0110\u01b0\u1ee3c g\u1eafn tr\u00ean m\u1ed9t t\u1ea5m nghi\u00eang, l\u0103ng k\u00ednh mini hai m\u1eb7t cho ph\u00e9p \u0111\u1ecdc ch\u00ednh x\u00e1c ngay c\u1ea3 t\u1eeb c\u00e1c g\u00f3c quan s\u00e1t xi\u00ean, l\u00fd t\u01b0\u1edfng cho c\u00e1c v\u1ecb tr\u00ed ch\u1eadt h\u1eb9p ho\u1eb7c kh\u00f3 ti\u1ebfp c\u1eadn.<\/p>\n<p><img fetchpriority=\"high\" decoding=\"async\" class=\"wp-image-3284 aligncenter\" src=\"https:\/\/mountlaser.com\/wp-content\/uploads\/2025\/11\/3-1MP1092.webp\" alt=\"mp109 Double side mini prism\" width=\"500\" height=\"500\" srcset=\"https:\/\/mountlaser.com\/wp-content\/uploads\/2025\/11\/3-1MP1092.webp 1000w, https:\/\/mountlaser.com\/wp-content\/uploads\/2025\/11\/3-1MP1092-300x300.webp 300w, https:\/\/mountlaser.com\/wp-content\/uploads\/2025\/11\/3-1MP1092-400x400.webp 400w, https:\/\/mountlaser.com\/wp-content\/uploads\/2025\/11\/3-1MP1092-800x800.webp 800w, https:\/\/mountlaser.com\/wp-content\/uploads\/2025\/11\/3-1MP1092-600x600.webp 600w, https:\/\/mountlaser.com\/wp-content\/uploads\/2025\/11\/3-1MP1092-150x150.webp 150w, https:\/\/mountlaser.com\/wp-content\/uploads\/2025\/11\/3-1MP1092-768x768.webp 768w, https:\/\/mountlaser.com\/wp-content\/uploads\/2025\/11\/3-1MP1092-12x12.webp 12w\" sizes=\"(max-width: 500px) 100vw, 500px\" \/><\/p>\n<p>\u0110\u01b0\u1ee3c ch\u1ebf t\u1ea1o t\u1eeb v\u1eadt li\u1ec7u b\u1ec1n ch\u1eafc, ch\u1ecbu \u0111\u01b0\u1ee3c th\u1eddi ti\u1ebft kh\u1eafc nghi\u1ec7t, <a href=\"https:\/\/mountlaser.com\/vi\/contact-us\/\">L\u0103ng k\u00ednh mini hai m\u1eb7t<\/a> Ch\u1ecbu \u0111\u01b0\u1ee3c c\u00e1c \u0111i\u1ec1u ki\u1ec7n kh\u1eafc nghi\u1ec7t ngo\u00e0i tr\u1eddi trong khi v\u1eabn duy tr\u00ec \u0111\u1ed9 ch\u00ednh x\u00e1c quang h\u1ecdc. Thi\u1ebft k\u1ebf g\u1eafn c\u1ed1 \u0111\u1ecbnh cho ph\u00e9p \u0111o t\u1eeb xa m\u00e0 kh\u00f4ng l\u00e0m gi\u00e1n \u0111o\u1ea1n giao th\u00f4ng ho\u1eb7c ho\u1ea1t \u0111\u1ed9ng x\u00e2y d\u1ef1ng, mang l\u1ea1i c\u1ea3 s\u1ef1 an to\u00e0n v\u00e0 ti\u1ec7n l\u1ee3i cho c\u00e1c d\u1ef1 \u00e1n gi\u00e1m s\u00e1t d\u00e0i h\u1ea1n.<\/p>","protected":false},"excerpt":{"rendered":"<ul>\n<li>Thi\u1ebft k\u1ebf l\u1eafp \u0111\u1eb7t c\u1ed1 \u0111\u1ecbnh: Cho ph\u00e9p gi\u00e1m s\u00e1t t\u1eeb xa, kh\u00f4ng g\u00e2y \u1ea3nh h\u01b0\u1edfng \u0111\u1ebfn giao th\u00f4ng m\u00e0 kh\u00f4ng l\u00e0m gi\u00e1n \u0111o\u1ea1n ho\u1ea1t \u0111\u1ed9ng.<\/li>\n<li>Gi\u00e1 \u0111\u1ee1 l\u0103ng k\u00ednh g\u00f3c c\u1ea1nh: T\u0103ng c\u01b0\u1eddng \u0111\u1ed9 ch\u00ednh x\u00e1c khi \u0111o t\u1eeb nhi\u1ec1u h\u01b0\u1edbng quan s\u00e1t kh\u00e1c nhau.<\/li>\n<li>C\u1ea5u h\u00ecnh k\u00e9p: L\u0103ng k\u00ednh mini hai m\u1eb7t cung c\u1ea5p kh\u1ea3 n\u0103ng \u0111o l\u01b0\u1eddng linh ho\u1ea1t, hai chi\u1ec1u.<\/li>\n<li>B\u1ec1n b\u1ec9 v\u00e0 ch\u1ed1ng ch\u1ecbu th\u1eddi ti\u1ebft: \u0110\u01b0\u1ee3c thi\u1ebft k\u1ebf \u0111\u1ec3 c\u00f3 \u0111\u1ed9 \u1ed5n \u0111\u1ecbnh l\u00e2u d\u00e0i trong m\u00f4i tr\u01b0\u1eddng ngo\u00e0i tr\u1eddi.<\/li>\n<li>L\u00fd t\u01b0\u1edfng cho kh\u00f4ng gian h\u1ea1n h\u1eb9p: Hi\u1ec7u qu\u1ea3 trong c\u00e1c \u1ee9ng d\u1ee5ng gi\u00e1m s\u00e1t \u0111\u01b0\u1eddng s\u1eaft, \u0111\u01b0\u1eddng h\u1ea7m v\u00e0 c\u1ea7u.<\/li>\n<\/ul>","protected":false},"featured_media":3284,"comment_status":"open","ping_status":"closed","template":"","meta":[],"product_brand":[],"product_cat":[72,112],"product_tag":[],"class_list":{"0":"post-3279","1":"product","2":"type-product","3":"status-publish","4":"has-post-thumbnail","6":"product_cat-reflective-target-prism","7":"product_cat-monitoring-prism","9":"first","10":"instock","11":"shipping-taxable","12":"product-type-simple"},"_links":{"self":[{"href":"https:\/\/mountlaser.com\/vi\/wp-json\/wp\/v2\/product\/3279","targetHints":{"allow":["GET"]}}],"collection":[{"href":"https:\/\/mountlaser.com\/vi\/wp-json\/wp\/v2\/product"}],"about":[{"href":"https:\/\/mountlaser.com\/vi\/wp-json\/wp\/v2\/types\/product"}],"replies":[{"embeddable":true,"href":"https:\/\/mountlaser.com\/vi\/wp-json\/wp\/v2\/comments?post=3279"}],"wp:featuredmedia":[{"embeddable":true,"href":"https:\/\/mountlaser.com\/vi\/wp-json\/wp\/v2\/media\/3284"}],"wp:attachment":[{"href":"https:\/\/mountlaser.com\/vi\/wp-json\/wp\/v2\/media?parent=3279"}],"wp:term":[{"taxonomy":"product_brand","embeddable":true,"href":"https:\/\/mountlaser.com\/vi\/wp-json\/wp\/v2\/product_brand?post=3279"},{"taxonomy":"product_cat","embeddable":true,"href":"https:\/\/mountlaser.com\/vi\/wp-json\/wp\/v2\/product_cat?post=3279"},{"taxonomy":"product_tag","embeddable":true,"href":"https:\/\/mountlaser.com\/vi\/wp-json\/wp\/v2\/product_tag?post=3279"}],"curies":[{"name":"trang web","href":"https:\/\/api.w.org\/{rel}","templated":true}]}}