{"id":3261,"date":"2025-11-04T06:28:51","date_gmt":"2025-11-04T06:28:51","guid":{"rendered":"https:\/\/mountlaser.com\/?post_type=product&#038;p=3261"},"modified":"2025-11-28T02:56:54","modified_gmt":"2025-11-28T02:56:54","slug":"premium-t-series-rtf20-fiberglass-tripod","status":"publish","type":"product","link":"https:\/\/mountlaser.com\/vi\/san-pham\/premium-t-series-rtf20-fiberglass-tripod\/","title":{"rendered":"Ch\u00e2n m\u00e1y \u1ea3nh s\u1ee3i th\u1ee7y tinh RTF20 d\u00f2ng t cao c\u1ea5p"},"content":{"rendered":"<p><a href=\"https:\/\/mountlaser.com\/vi\/\u3001\/\"><strong>Ch\u00e2n m\u00e1y \u1ea3nh s\u1ee3i th\u1ee7y tinh RTF20 d\u00f2ng T cao c\u1ea5p<\/strong><\/a> T\u1eeb Mount Laser \u2014 s\u1ef1 l\u1ef1a ch\u1ecdn t\u1ed1i \u01b0u d\u00e0nh cho nh\u1eefng ng\u01b0\u1eddi kh\u1ea3o s\u00e1t kh\u00f4ng mu\u1ed1n th\u1ecfa hi\u1ec7p v\u1ec1 \u0111\u1ed9 \u1ed5n \u0111\u1ecbnh hay \u0111\u1ed9 b\u1ec1n. \u0110\u01b0\u1ee3c thi\u1ebft k\u1ebf nh\u01b0 m\u1ed9t ch\u00e2n m\u00e1y b\u1eb1ng s\u1ee3i th\u1ee7y tinh ch\u1eafc ch\u1eafn, ch\u1ecbu t\u1ea3i trung b\u00ecnh, RTF20 \u0111\u01b0\u1ee3c ch\u1ebf t\u1ea1o \u0111\u1ec3 mang l\u1ea1i hi\u1ec7u su\u1ea5t v\u01b0\u1ee3t tr\u1ed9i trong nhi\u1ec1u \u0111i\u1ec1u ki\u1ec7n hi\u1ec7n tr\u01b0\u1eddng kh\u00e1c nhau. Cho d\u00f9 b\u1ea1n ch\u1ecdn Ch\u00e2n m\u00e1y s\u1ee3i th\u1ee7y tinh RTF20 \u0111\u1ea7u ph\u1eb3ng hay Ch\u00e2n m\u00e1y s\u1ee3i th\u1ee7y tinh RTF20 \u0111\u1ea7u tr\u00f2n l\u1edbn, b\u1ea1n \u0111\u1ec1u \u0111\u01b0\u1ee3c \u0111\u1ea3m b\u1ea3o m\u1ed9t thi\u1ebft l\u1eadp \u0111\u00e1ng tin c\u1eady, l\u00fd t\u01b0\u1edfng \u0111\u1ec3 s\u1eed d\u1ee5ng v\u1edbi m\u00e1y to\u00e0n \u0111\u1ea1c v\u00e0 c\u00e1c d\u1ee5ng c\u1ee5 \u0111o ch\u00ednh x\u00e1c kh\u00e1c.<\/p>\n<p><img fetchpriority=\"high\" decoding=\"async\" class=\"aligncenter wp-image-3266\" src=\"https:\/\/mountlaser.com\/wp-content\/uploads\/2025\/11\/RTF20-FCD7.webp\" alt=\"Medium-duty Fiberglass Tripod\" width=\"500\" height=\"500\" srcset=\"https:\/\/mountlaser.com\/wp-content\/uploads\/2025\/11\/RTF20-FCD7.webp 1000w, https:\/\/mountlaser.com\/wp-content\/uploads\/2025\/11\/RTF20-FCD7-300x300.webp 300w, https:\/\/mountlaser.com\/wp-content\/uploads\/2025\/11\/RTF20-FCD7-400x400.webp 400w, https:\/\/mountlaser.com\/wp-content\/uploads\/2025\/11\/RTF20-FCD7-800x800.webp 800w, https:\/\/mountlaser.com\/wp-content\/uploads\/2025\/11\/RTF20-FCD7-600x600.webp 600w, https:\/\/mountlaser.com\/wp-content\/uploads\/2025\/11\/RTF20-FCD7-150x150.webp 150w, https:\/\/mountlaser.com\/wp-content\/uploads\/2025\/11\/RTF20-FCD7-768x768.webp 768w, https:\/\/mountlaser.com\/wp-content\/uploads\/2025\/11\/RTF20-FCD7-12x12.webp 12w\" sizes=\"(max-width: 500px) 100vw, 500px\" \/><\/p>\n<p>\u0110\u01b0\u1ee3c ch\u1ebf t\u1ea1o v\u1edbi k\u1ebft c\u1ea5u ch\u00e2n vu\u00f4ng ch\u1eafc ch\u1eafn, ch\u00e2n m\u00e1y \u0111o \u0111\u1ea1c b\u1eb1ng s\u1ee3i th\u1ee7y tinh n\u00e0y mang l\u1ea1i \u0111\u1ed9 c\u1ee9ng v\u1eefng cao v\u00e0 ch\u1ed1ng xo\u1eafn d\u01b0\u1edbi t\u1ea3i tr\u1ecdng. \u0110\u01b0\u1ee3c l\u00e0m b\u1eb1ng c\u00e1c b\u1ed9 ph\u1eadn h\u1ee3p kim nh\u00f4m cao c\u1ea5p, <a href=\"https:\/\/mountlaser.com\/vi\/products\/\"><strong>ch\u00e2n m\u00e1y \u1ea3nh b\u1eb1ng s\u1ee3i th\u1ee7y tinh ch\u1ecbu t\u1ea3i trung b\u00ecnh<\/strong> <\/a>S\u1ea3n ph\u1ea9m c\u00f3 kh\u1ea3 n\u0103ng ch\u1ed1ng va \u0111\u1eadp v\u01b0\u1ee3t tr\u1ed9i, \u0111\u1ea3m b\u1ea3o s\u1eed d\u1ee5ng l\u00e2u d\u00e0i ngay c\u1ea3 t\u1ea1i nh\u1eefng c\u00f4ng tr\u01b0\u1eddng kh\u1eafc nghi\u1ec7t nh\u1ea5t. \u0110\u01b0\u1ee3c trang b\u1ecb bu l\u00f4ng c\u00e0ng ch\u1eef U b\u1eb1ng \u0111\u1ed3ng thau 5\/8\u2033-11 \u0111a n\u0103ng, RTF20 duy tr\u00ec kh\u1ea3 n\u0103ng t\u01b0\u01a1ng th\u00edch r\u1ed9ng r\u00e3i v\u1edbi nhi\u1ec1u lo\u1ea1i d\u1ee5ng c\u1ee5 \u0111o \u0111\u1ea1c kh\u00e1c nhau, khi\u1ebfn n\u00f3 tr\u1edf n\u00ean linh ho\u1ea1t v\u00e0 \u0111\u00e1ng tin c\u1eady. <a href=\"https:\/\/mountlaser.com\/vi\/contact-us\/\">ch\u00e2n m\u00e1y \u1ea3nh b\u1eb1ng s\u1ee3i th\u1ee7y tinh ch\u1ecbu t\u1ea3i trung b\u00ecnh<\/a> \u0110\u00e1p \u1ee9ng m\u1ecdi nhu c\u1ea7u chuy\u00ean nghi\u1ec7p c\u1ee7a b\u1ea1n.<\/p>\n<p>&nbsp;<\/p>\n<p>Th\u00f4ng s\u1ed1 k\u1ef9 thu\u1eadt ch\u00e2n m\u00e1y \u1ea3nh s\u1ee3i th\u1ee7y tinh d\u00f2ng t cao c\u1ea5p RTF20<\/p>\n<table style=\"border-collapse: collapse; width: 622.52pt;\" border=\"0\" width=\"830\" cellspacing=\"0\" cellpadding=\"0\">\n<tbody>\n<tr style=\"height: 14.25pt;\">\n<td class=\"et2\" style=\"height: 14.25pt; width: 94.50pt;\" width=\"126\" height=\"19\">CON S\u1ed0<\/td>\n<td class=\"et2\" style=\"width: 97.50pt;\" width=\"130\">CH\u00c2N<\/td>\n<td class=\"et2\" style=\"width: 90.75pt;\" width=\"121\">C\u00c1I \u0110\u1ea6U<\/td>\n<td class=\"et2\" style=\"width: 100.50pt;\" width=\"134\">LO\u1ea0I KH\u00d3A<\/td>\n<td class=\"et2\" style=\"width: 99.00pt;\" width=\"132\">PH\u1ea6N C\u1ee8NG<\/td>\n<td class=\"et2\" style=\"width: 86.25pt;\" width=\"115\">S\u1ef0 M\u1ede R\u1ed8NG<\/td>\n<td class=\"et2\" style=\"width: 54.00pt;\" width=\"72\">T\u00e2y B\u1eafc<\/td>\n<\/tr>\n<tr style=\"height: 14.25pt;\">\n<td class=\"et2\" style=\"height: 14.25pt;\" height=\"19\">RTF20-FCD<\/td>\n<td class=\"et2\">S\u1ee3i th\u1ee7y tinh<\/td>\n<td class=\"et2\">M\u1eb7t ph\u1eb3ng 160mm<\/td>\n<td class=\"et2\">K\u1eb9p \u0111\u00f4i<\/td>\n<td class=\"et2\">\u0110en<\/td>\n<td class=\"et2\">165cm<\/td>\n<td class=\"et2\">5,6 kg<\/td>\n<\/tr>\n<tr style=\"height: 14.25pt;\">\n<td class=\"et2\" style=\"height: 14.25pt;\" height=\"19\">RTF20-BCD<\/td>\n<td class=\"et2\">S\u1ee3i th\u1ee7y tinh<\/td>\n<td class=\"et2\">H\u00ecnh tr\u00f2n 166mm<\/td>\n<td class=\"et2\">K\u1eb9p \u0111\u00f4i<\/td>\n<td class=\"et2\">\u0110en<\/td>\n<td class=\"et2\">165cm<\/td>\n<td class=\"et2\">5,8 kg<\/td>\n<\/tr>\n<\/tbody>\n<\/table>","protected":false},"excerpt":{"rendered":"<ul>\n<li>C\u1ea5u tr\u00fac ch\u1eafc ch\u1eafn, b\u1ec1n b\u1ec9 gi\u00fap m\u00e1y ch\u1ecbu \u0111\u01b0\u1ee3c c\u00e1c \u0111i\u1ec1u ki\u1ec7n kh\u1eafc nghi\u1ec7t ngo\u00e0i tr\u1eddi m\u00e0 kh\u00f4ng \u1ea3nh h\u01b0\u1edfng \u0111\u1ebfn \u0111\u1ed9 ch\u00ednh x\u00e1c.<\/li>\n<li>\u0110\u01b0\u1ee3c ch\u1ebf t\u1ea1o t\u1eeb h\u1ee3p kim nh\u00f4m \u0111\u1ec3 \u0111\u1ea1t \u0111\u01b0\u1ee3c s\u1ef1 c\u00e2n b\u1eb1ng ho\u00e0n h\u1ea3o gi\u1eefa \u0111\u1ed9 b\u1ec1n v\u00e0 kh\u1ea3 n\u0103ng ch\u1ed1ng va \u0111\u1eadp.<\/li>\n<li>\u0110\u00e2y l\u00e0 m\u1ed9t v\u00ed d\u1ee5 tuy\u1ec7t v\u1eddi v\u00e0 \u0111\u00e1ng tin c\u1eady v\u1ec1 ch\u00e2n \u0111\u1ebf \u0111o \u0111\u1ea1c b\u1eb1ng s\u1ee3i th\u1ee7y tinh, cung c\u1ea5p n\u1ec1n t\u1ea3ng \u1ed5n \u0111\u1ecbnh cho c\u00e1c ph\u00e9p \u0111o ch\u00ednh x\u00e1c.<\/li>\n<\/ul>","protected":false},"featured_media":3262,"comment_status":"open","ping_status":"closed","template":"","meta":[],"product_brand":[],"product_cat":[91,113],"product_tag":[],"class_list":{"0":"post-3261","1":"product","2":"type-product","3":"status-publish","4":"has-post-thumbnail","6":"product_cat-bipod-tripod","7":"product_cat-wood-fiberglass-tripods","9":"first","10":"instock","11":"shipping-taxable","12":"product-type-simple"},"_links":{"self":[{"href":"https:\/\/mountlaser.com\/vi\/wp-json\/wp\/v2\/product\/3261","targetHints":{"allow":["GET"]}}],"collection":[{"href":"https:\/\/mountlaser.com\/vi\/wp-json\/wp\/v2\/product"}],"about":[{"href":"https:\/\/mountlaser.com\/vi\/wp-json\/wp\/v2\/types\/product"}],"replies":[{"embeddable":true,"href":"https:\/\/mountlaser.com\/vi\/wp-json\/wp\/v2\/comments?post=3261"}],"wp:featuredmedia":[{"embeddable":true,"href":"https:\/\/mountlaser.com\/vi\/wp-json\/wp\/v2\/media\/3262"}],"wp:attachment":[{"href":"https:\/\/mountlaser.com\/vi\/wp-json\/wp\/v2\/media?parent=3261"}],"wp:term":[{"taxonomy":"product_brand","embeddable":true,"href":"https:\/\/mountlaser.com\/vi\/wp-json\/wp\/v2\/product_brand?post=3261"},{"taxonomy":"product_cat","embeddable":true,"href":"https:\/\/mountlaser.com\/vi\/wp-json\/wp\/v2\/product_cat?post=3261"},{"taxonomy":"product_tag","embeddable":true,"href":"https:\/\/mountlaser.com\/vi\/wp-json\/wp\/v2\/product_tag?post=3261"}],"curies":[{"name":"trang web","href":"https:\/\/api.w.org\/{rel}","templated":true}]}}