{"id":3259,"date":"2025-11-04T06:29:00","date_gmt":"2025-11-04T06:29:00","guid":{"rendered":"https:\/\/mountlaser.com\/?post_type=product&#038;p=3259"},"modified":"2025-11-28T02:55:50","modified_gmt":"2025-11-28T02:55:50","slug":"gmp101-mini-prism","status":"publish","type":"product","link":"https:\/\/mountlaser.com\/vi\/san-pham\/gmp101-mini-prism\/","title":{"rendered":"L\u0103ng k\u00ednh mini GMP101"},"content":{"rendered":"<p>C\u00e1i <a href=\"https:\/\/mountlaser.com\/vi\/\"><strong>B\u1ed9 l\u0103ng k\u00ednh mini GMP101<\/strong><\/a> GMP101 l\u00e0 m\u1ed9t l\u0103ng k\u00ednh mini \u0111\u1ed9 ch\u00ednh x\u00e1c cao chuy\u00ean nghi\u1ec7p \u0111\u01b0\u1ee3c thi\u1ebft k\u1ebf cho c\u00e1c \u1ee9ng d\u1ee5ng kh\u1ea3o s\u00e1t, x\u00e2y d\u1ef1ng v\u00e0 gi\u00e1m s\u00e1t ch\u00ednh x\u00e1c. \u0110\u01b0\u1ee3c ch\u1ebf t\u1ea1o v\u1edbi l\u0103ng k\u00ednh ph\u1ee7 \u0111\u1ed3ng 25,4 mm, b\u1ed9 l\u0103ng k\u00ednh mini GMP101 n\u00e0y mang l\u1ea1i kh\u1ea3 n\u0103ng ph\u1ea3n x\u1ea1 t\u00edn hi\u1ec7u v\u00e0 \u0111\u1ed9 ch\u00ednh x\u00e1c \u0111o l\u01b0\u1eddng v\u01b0\u1ee3t tr\u1ed9i, tr\u1edf th\u00e0nh l\u1ef1a ch\u1ecdn \u0111\u00e1ng tin c\u1eady cho c\u1ea3 c\u00f4ng vi\u1ec7c hi\u1ec7n tr\u01b0\u1eddng v\u00e0 c\u00e1c nhi\u1ec7m v\u1ee5 gi\u00e1m s\u00e1t d\u00e0i h\u1ea1n.<\/p>\n<p>V\u1edbi l\u1edbp v\u1ecf b\u1eb1ng nh\u00f4m \u0111\u00fac b\u1ec1n ch\u1eafc, <a href=\"https:\/\/mountlaser.com\/vi\/contact-us\/\"><strong>L\u0103ng k\u00ednh mini \u0111\u1ed9 ch\u00ednh x\u00e1c cao<\/strong><\/a> \u0110\u1ea3m b\u1ea3o hi\u1ec7u su\u1ea5t \u1ed5n \u0111\u1ecbnh ngay c\u1ea3 trong m\u00f4i tr\u01b0\u1eddng ngo\u00e0i tr\u1eddi kh\u1eafc nghi\u1ec7t. T\u1ea5m bia t\u00edch h\u1ee3p v\u1edbi b\u1ecdt th\u1ee7y c\u00e2n b\u1eb1ng gi\u00fap c\u0103n ch\u1ec9nh d\u1ec5 d\u00e0ng v\u00e0 ch\u00ednh x\u00e1c, trong khi c\u1ecdc c\u1eafm \u0111\u1ea5t ch\u1eafc ch\u1eafn mang l\u1ea1i s\u1ef1 \u1ed5n \u0111\u1ecbnh tuy\u1ec7t v\u1eddi tr\u00ean \u0111\u1ecba h\u00ecnh kh\u00f4ng b\u1eb1ng ph\u1eb3ng.<\/p>\n<p><img fetchpriority=\"high\" decoding=\"async\" class=\"aligncenter wp-image-3272\" src=\"https:\/\/mountlaser.com\/wp-content\/uploads\/2025\/11\/5-5GMP1014.webp\" alt=\"GMP101 Mini Prism Kit\" width=\"500\" height=\"500\" srcset=\"https:\/\/mountlaser.com\/wp-content\/uploads\/2025\/11\/5-5GMP1014.webp 1000w, https:\/\/mountlaser.com\/wp-content\/uploads\/2025\/11\/5-5GMP1014-300x300.webp 300w, https:\/\/mountlaser.com\/wp-content\/uploads\/2025\/11\/5-5GMP1014-400x400.webp 400w, https:\/\/mountlaser.com\/wp-content\/uploads\/2025\/11\/5-5GMP1014-800x800.webp 800w, https:\/\/mountlaser.com\/wp-content\/uploads\/2025\/11\/5-5GMP1014-600x600.webp 600w, https:\/\/mountlaser.com\/wp-content\/uploads\/2025\/11\/5-5GMP1014-150x150.webp 150w, https:\/\/mountlaser.com\/wp-content\/uploads\/2025\/11\/5-5GMP1014-768x768.webp 768w, https:\/\/mountlaser.com\/wp-content\/uploads\/2025\/11\/5-5GMP1014-12x12.webp 12w\" sizes=\"(max-width: 500px) 100vw, 500px\" \/><\/p>\n<p>B\u1ed9 l\u0103ng k\u00ednh mini GMP101 c\u00f3 c\u00e1c t\u00f9y ch\u1ecdn \u0111\u1ed9 ch\u00ednh x\u00e1c 2\u2033, 3\u20134\u2033 ho\u1eb7c 5\u20138\u2033, \u0111\u00e1p \u1ee9ng c\u00e1c y\u00eau c\u1ea7u d\u1ef1 \u00e1n \u0111a d\u1ea1ng v\u1edbi \u0111\u1ed9 ch\u00ednh x\u00e1c t\u00e2m l\u00ean \u0111\u1ebfn \u00b12,0 mm v\u00e0 h\u1eb1ng s\u1ed1 l\u0103ng k\u00ednh 17,5 mm (\u0111\u1ed9 l\u1ec7ch Th\u1ee5y S\u0129). L\u0103ng k\u00ednh mini \u0111\u1ed9 ch\u00ednh x\u00e1c cao n\u00e0y c\u0169ng bao g\u1ed3m m\u1ed9t t\u00fai \u0111\u1ef1ng m\u1ec1m \u0111\u1ec3 v\u1eadn chuy\u1ec3n v\u00e0 b\u1ea3o v\u1ec7 thu\u1eadn ti\u1ec7n, mang l\u1ea1i s\u1ef1 c\u00e2n b\u1eb1ng ho\u00e0n h\u1ea3o gi\u1eefa \u0111\u1ed9 ch\u00ednh x\u00e1c, \u0111\u1ed9 b\u1ec1n v\u00e0 t\u00ednh di \u0111\u1ed9ng cho c\u00e1c chuy\u00ean gia l\u00e0m vi\u1ec7c ngo\u00e0i hi\u1ec7n tr\u01b0\u1eddng.<\/p>","protected":false},"excerpt":{"rendered":"<ul>\n<li>Th\u01b0\u1edbc th\u1ee7y t\u00edch h\u1ee3p: \u0110\u1ea3m b\u1ea3o c\u0103n ch\u1ec9nh nhanh ch\u00f3ng v\u00e0 ch\u00ednh x\u00e1c t\u1ea1i hi\u1ec7n tr\u01b0\u1eddng.<\/li>\n<li>Thi\u1ebft k\u1ebf b\u1ec1n b\u1ec9: Th\u00e2n m\u00e1y b\u1eb1ng nh\u00f4m \u0111\u00fac nguy\u00ean kh\u1ed1i, ch\u1eafc ch\u1eafn v\u00e0 s\u1eed d\u1ee5ng \u0111\u01b0\u1ee3c l\u00e2u d\u00e0i.<\/li>\n<li>L\u1eafp \u0111\u1eb7t ch\u1eafc ch\u1eafn: \u0110\u01b0\u1ee3c trang b\u1ecb c\u1ecdc c\u1eafm \u0111\u1ea5t ch\u1eafc ch\u1eafn \u0111\u1ec3 l\u1eafp \u0111\u1eb7t v\u1eefng ch\u1eafc.<\/li>\n<li>B\u1ed9 s\u1ea3n ph\u1ea9m ti\u1ec7n d\u1ee5ng: Bao g\u1ed3m t\u00fai \u0111\u1ef1ng \u0111\u1ec3 d\u1ec5 d\u00e0ng c\u1ea5t gi\u1eef v\u00e0 mang theo.<\/li>\n<\/ul>","protected":false},"featured_media":3270,"comment_status":"open","ping_status":"closed","template":"","meta":[],"product_brand":[],"product_cat":[72,112],"product_tag":[],"class_list":{"0":"post-3259","1":"product","2":"type-product","3":"status-publish","4":"has-post-thumbnail","6":"product_cat-reflective-target-prism","7":"product_cat-monitoring-prism","9":"first","10":"instock","11":"shipping-taxable","12":"product-type-simple"},"_links":{"self":[{"href":"https:\/\/mountlaser.com\/vi\/wp-json\/wp\/v2\/product\/3259","targetHints":{"allow":["GET"]}}],"collection":[{"href":"https:\/\/mountlaser.com\/vi\/wp-json\/wp\/v2\/product"}],"about":[{"href":"https:\/\/mountlaser.com\/vi\/wp-json\/wp\/v2\/types\/product"}],"replies":[{"embeddable":true,"href":"https:\/\/mountlaser.com\/vi\/wp-json\/wp\/v2\/comments?post=3259"}],"wp:featuredmedia":[{"embeddable":true,"href":"https:\/\/mountlaser.com\/vi\/wp-json\/wp\/v2\/media\/3270"}],"wp:attachment":[{"href":"https:\/\/mountlaser.com\/vi\/wp-json\/wp\/v2\/media?parent=3259"}],"wp:term":[{"taxonomy":"product_brand","embeddable":true,"href":"https:\/\/mountlaser.com\/vi\/wp-json\/wp\/v2\/product_brand?post=3259"},{"taxonomy":"product_cat","embeddable":true,"href":"https:\/\/mountlaser.com\/vi\/wp-json\/wp\/v2\/product_cat?post=3259"},{"taxonomy":"product_tag","embeddable":true,"href":"https:\/\/mountlaser.com\/vi\/wp-json\/wp\/v2\/product_tag?post=3259"}],"curies":[{"name":"trang web","href":"https:\/\/api.w.org\/{rel}","templated":true}]}}