{"id":3248,"date":"2025-11-04T05:40:20","date_gmt":"2025-11-04T05:40:20","guid":{"rendered":"https:\/\/mountlaser.com\/?post_type=product&#038;p=3248"},"modified":"2025-11-28T02:57:56","modified_gmt":"2025-11-28T02:57:56","slug":"mp112-rod-monitoring-prism","status":"publish","type":"product","link":"https:\/\/mountlaser.com\/vi\/san-pham\/mp112-rod-monitoring-prism\/","title":{"rendered":"L\u0103ng k\u00ednh gi\u00e1m s\u00e1t thanh MP112"},"content":{"rendered":"<p>Gi\u1edbi thi\u1ec7u s\u1ea3n ph\u1ea9m MP112 Metal Road Prism<\/p>\n<p>L\u0103ng k\u00ednh \u0111\u01b0\u1eddng b\u1ed9 b\u1eb1ng kim lo\u1ea1i MP112 l\u00e0 m\u1ed9t thi\u1ebft b\u1ecb c\u00f3 \u0111\u1ed9 ch\u00ednh x\u00e1c cao. <a href=\"https:\/\/mountlaser.com\/vi\/\"><strong>L\u0103ng k\u00ednh mini d\u00f9ng \u0111\u1ec3 gi\u00e1m s\u00e1t \u0111\u01b0\u1eddng b\u1ed9<\/strong><\/a>, \u0110\u01b0\u1ee3c thi\u1ebft k\u1ebf \u0111\u1ec3 quan s\u00e1t c\u1ea5u tr\u00fac d\u00e0i h\u1ea1n v\u00e0 \u0111o l\u01b0\u1eddng \u0111\u1ed9 \u1ed5n \u0111\u1ecbnh trong c\u01a1 s\u1edf h\u1ea1 t\u1ea7ng tr\u1ecdng y\u1ebfu. \u0110\u01b0\u1ee3c thi\u1ebft k\u1ebf \u0111\u1ec3 t\u00edch h\u1ee3p li\u1ec1n m\u1ea1ch v\u1edbi c\u00e1c h\u1ec7 th\u1ed1ng To\u00e0n \u0111\u1ea1c \u0111i\u1ec7n t\u1eed t\u1ef1 \u0111\u1ed9ng (AMTS), <a href=\"https:\/\/mountlaser.com\/vi\/products\/\"><strong>L\u0103ng k\u00ednh gi\u00e1m s\u00e1t thanh MP112<\/strong><\/a> Cung c\u1ea5p \u0111\u1ed9 ch\u00ednh x\u00e1c nh\u1ea5t qu\u00e1n v\u00e0 hi\u1ec7u su\u1ea5t \u0111\u00e1ng tin c\u1eady cho c\u00e1c d\u1ef1 \u00e1n li\u00ean quan \u0111\u1ebfn \u0111\u01b0\u1eddng s\u00e1, v\u1ec9a h\u00e8, \u0111\u01b0\u1eddng h\u1ea7m v\u00e0 c\u00f4ng tr\u00ecnh x\u00e2y d\u1ef1ng.<\/p>\n<p>C\u00f3 hai phi\u00ean b\u1ea3n \u2014 l\u0103ng k\u00ednh mini m\u1ed9t m\u1eb7t MP112 v\u00e0 l\u0103ng k\u00ednh mini hai m\u1eb7t MP112D \u2014 l\u0103ng k\u00ednh mini d\u00f9ng \u0111\u1ec3 gi\u00e1m s\u00e1t \u0111\u01b0\u1eddng b\u1ed9 n\u00e0y cung c\u1ea5p c\u00e1c t\u00f9y ch\u1ecdn l\u1eafp \u0111\u1eb7t linh ho\u1ea1t \u0111\u1ec3 ph\u00f9 h\u1ee3p v\u1edbi nhi\u1ec1u \u0111i\u1ec1u ki\u1ec7n \u0111\u1ecba \u0111i\u1ec3m kh\u00e1c nhau. \u0110\u01b0\u1ee3c ch\u1ebf t\u1ea1o v\u1edbi v\u1ecf nh\u00f4m \u0111\u00fac ch\u00ednh x\u00e1c, l\u0103ng k\u00ednh gi\u00e1m s\u00e1t thanh MP112 \u0111\u1ea3m b\u1ea3o \u0111\u1ed9 b\u1ec1n v\u01b0\u1ee3t tr\u1ed9i, kh\u1ea3 n\u0103ng ch\u1ed1ng \u0103n m\u00f2n v\u00e0 \u0111\u1ed9 tin c\u1eady l\u00e2u d\u00e0i ngay c\u1ea3 khi ti\u1ebfp x\u00fac v\u1edbi m\u00f4i tr\u01b0\u1eddng kh\u1eafc nghi\u1ec7t.<\/p>\n<p><img fetchpriority=\"high\" decoding=\"async\" class=\"aligncenter wp-image-3256\" src=\"https:\/\/mountlaser.com\/wp-content\/uploads\/2025\/11\/3-3MP1128.webp\" alt=\"MP112 rod monitoring prism\" width=\"500\" height=\"500\" srcset=\"https:\/\/mountlaser.com\/wp-content\/uploads\/2025\/11\/3-3MP1128.webp 1000w, https:\/\/mountlaser.com\/wp-content\/uploads\/2025\/11\/3-3MP1128-300x300.webp 300w, https:\/\/mountlaser.com\/wp-content\/uploads\/2025\/11\/3-3MP1128-400x400.webp 400w, https:\/\/mountlaser.com\/wp-content\/uploads\/2025\/11\/3-3MP1128-800x800.webp 800w, https:\/\/mountlaser.com\/wp-content\/uploads\/2025\/11\/3-3MP1128-600x600.webp 600w, https:\/\/mountlaser.com\/wp-content\/uploads\/2025\/11\/3-3MP1128-150x150.webp 150w, https:\/\/mountlaser.com\/wp-content\/uploads\/2025\/11\/3-3MP1128-768x768.webp 768w, https:\/\/mountlaser.com\/wp-content\/uploads\/2025\/11\/3-3MP1128-12x12.webp 12w\" sizes=\"(max-width: 500px) 100vw, 500px\" \/><\/p>\n<p>V\u1edbi thi\u1ebft k\u1ebf nh\u1ecf g\u1ecdn v\u00e0 \u0111\u1ed9 nghi\u00eang 10\u00b0, l\u0103ng k\u00ednh mini n\u00e0y d\u00f9ng \u0111\u1ec3 gi\u00e1m s\u00e1t \u0111\u01b0\u1eddng b\u1ed9 cho ph\u00e9p l\u1eafp \u0111\u1eb7t \u1edf nh\u1eefng v\u1ecb tr\u00ed khu\u1ea5t t\u1ea7m nh\u00ecn m\u00e0 kh\u00f4ng g\u00e2y c\u1ea3n tr\u1edf giao th\u00f4ng, \u0111\u1ed3ng th\u1eddi v\u1eabn \u0111\u1ea3m b\u1ea3o s\u1ef1 th\u1eb3ng h\u00e0ng ho\u00e0n h\u1ea3o cho c\u00e1c h\u1ec7 th\u1ed1ng AMTS. <a href=\"https:\/\/mountlaser.com\/vi\/contact-us\/\">L\u0103ng k\u00ednh gi\u00e1m s\u00e1t thanh MP112<\/a> Cung c\u1ea5p d\u1eef li\u1ec7u bi\u1ebfn d\u1ea1ng ch\u00ednh x\u00e1c, h\u1ed7 tr\u1ee3 gi\u00e1m s\u00e1t \u0111\u01b0\u1eddng s\u00e1 v\u00e0 c\u00f4ng tr\u00ecnh m\u1ed9t c\u00e1ch ch\u00ednh x\u00e1c trong su\u1ed1t th\u1eddi gian ho\u1ea1t \u0111\u1ed9ng k\u00e9o d\u00e0i.<\/p>","protected":false},"excerpt":{"rendered":"<ul>\n<li>Hai t\u00f9y ch\u1ecdn m\u00f4 h\u00ecnh: MP112 (m\u1ed9t m\u1eb7t) v\u00e0 MP112D (hai m\u1eb7t) cho c\u00e1c thi\u1ebft l\u1eadp gi\u00e1m s\u00e1t linh ho\u1ea1t.<\/li>\n<li>Th\u00e2n m\u00e1y b\u1eb1ng kim lo\u1ea1i b\u1ec1n ch\u1eafc<\/li>\n<li>T\u1ed1i \u01b0u h\u00f3a cho AMTS<\/li>\n<li>Thi\u1ebft k\u1ebf nh\u1ecf g\u1ecdn<\/li>\n<li>\u0110\u1ed9 ch\u00ednh x\u00e1c cao<\/li>\n<\/ul>","protected":false},"featured_media":3249,"comment_status":"open","ping_status":"closed","template":"","meta":[],"product_brand":[],"product_cat":[72,112],"product_tag":[],"class_list":{"0":"post-3248","1":"product","2":"type-product","3":"status-publish","4":"has-post-thumbnail","6":"product_cat-reflective-target-prism","7":"product_cat-monitoring-prism","9":"first","10":"instock","11":"shipping-taxable","12":"product-type-simple"},"_links":{"self":[{"href":"https:\/\/mountlaser.com\/vi\/wp-json\/wp\/v2\/product\/3248","targetHints":{"allow":["GET"]}}],"collection":[{"href":"https:\/\/mountlaser.com\/vi\/wp-json\/wp\/v2\/product"}],"about":[{"href":"https:\/\/mountlaser.com\/vi\/wp-json\/wp\/v2\/types\/product"}],"replies":[{"embeddable":true,"href":"https:\/\/mountlaser.com\/vi\/wp-json\/wp\/v2\/comments?post=3248"}],"wp:featuredmedia":[{"embeddable":true,"href":"https:\/\/mountlaser.com\/vi\/wp-json\/wp\/v2\/media\/3249"}],"wp:attachment":[{"href":"https:\/\/mountlaser.com\/vi\/wp-json\/wp\/v2\/media?parent=3248"}],"wp:term":[{"taxonomy":"product_brand","embeddable":true,"href":"https:\/\/mountlaser.com\/vi\/wp-json\/wp\/v2\/product_brand?post=3248"},{"taxonomy":"product_cat","embeddable":true,"href":"https:\/\/mountlaser.com\/vi\/wp-json\/wp\/v2\/product_cat?post=3248"},{"taxonomy":"product_tag","embeddable":true,"href":"https:\/\/mountlaser.com\/vi\/wp-json\/wp\/v2\/product_tag?post=3248"}],"curies":[{"name":"trang web","href":"https:\/\/api.w.org\/{rel}","templated":true}]}}