{"id":3237,"date":"2025-11-04T03:07:54","date_gmt":"2025-11-04T03:07:54","guid":{"rendered":"https:\/\/mountlaser.com\/?post_type=product&#038;p=3237"},"modified":"2025-11-28T02:59:26","modified_gmt":"2025-11-28T02:59:26","slug":"mp111-road-monitoring-prism","status":"publish","type":"product","link":"https:\/\/mountlaser.com\/vi\/san-pham\/mp111-road-monitoring-prism\/","title":{"rendered":"L\u0103ng k\u00ednh gi\u00e1m s\u00e1t \u0111\u01b0\u1eddng MP111"},"content":{"rendered":"<p>L\u0103ng k\u00ednh nh\u1ef1a MP111 \u2013 L\u0103ng k\u00ednh gi\u00e1m s\u00e1t \u0111\u01b0\u1eddng b\u1ed9 \u0111\u00e1ng tin c\u1eady cho c\u00e1c d\u1ef1 \u00e1n c\u01a1 s\u1edf h\u1ea1 t\u1ea7ng<\/p>\n<p>C\u00e1i <a href=\"https:\/\/mountlaser.com\/vi\/products\/\"><strong>L\u0103ng k\u00ednh \u0111\u01b0\u1eddng nh\u1ef1a MP111<\/strong><\/a> l\u00e0 m\u1ed9t s\u1ea3n ph\u1ea9m nh\u1ecf g\u1ecdn v\u00e0 b\u1ec1n b\u1ec9. <a href=\"https:\/\/mountlaser.com\/vi\/about-us\/\"><strong>L\u0103ng k\u00ednh gi\u00e1m s\u00e1t \u0111\u01b0\u1eddng b\u1ed9<\/strong><\/a> \u0110\u01b0\u1ee3c ch\u1ebf t\u1ea1o \u0111\u1ec3 \u0111\u1ea1t \u0111\u1ed9 ch\u00ednh x\u00e1c v\u00e0 \u0111\u1ed9 b\u1ec1n cao trong c\u00e1c m\u00f4i tr\u01b0\u1eddng c\u01a1 s\u1edf h\u1ea1 t\u1ea7ng kh\u1eafc nghi\u1ec7t nh\u01b0 \u0111\u01b0\u1eddng b\u1ed9, t\u00e0u \u0111i\u1ec7n ng\u1ea7m v\u00e0 c\u1ea7u. \u0110\u01b0\u1ee3c thi\u1ebft k\u1ebf \u0111\u1ec3 gi\u00e1m s\u00e1t k\u00edn \u0111\u00e1o, l\u00e2u d\u00e0i, l\u0103ng k\u00ednh gi\u00e1m s\u00e1t \u0111\u01b0\u1eddng b\u1ed9 n\u00e0y k\u1ebft h\u1ee3p c\u1ea5u tr\u00fac nh\u1ecf g\u1ecdn v\u1edbi hi\u1ec7u su\u1ea5t quang h\u1ecdc v\u01b0\u1ee3t tr\u1ed9i.<\/p>\n<p>\u0110\u01b0\u1ee3c ch\u1ebf t\u1ea1o t\u1eeb nh\u1ef1a ABS c\u01b0\u1eddng \u0111\u1ed9 cao, ch\u1ed1ng m\u00e0i m\u00f2n, l\u0103ng k\u00ednh \u0111\u01b0\u1eddng b\u1ed9 b\u1eb1ng nh\u1ef1a MP111 \u0111\u1ea3m b\u1ea3o \u0111\u1ed9 b\u1ec1n l\u00e2u d\u00e0i ngay c\u1ea3 trong \u0111i\u1ec1u ki\u1ec7n ngo\u00e0i tr\u1eddi kh\u1eafc nghi\u1ec7t. L\u1edbp v\u1ecf b\u1ea3o v\u1ec7 ch\u1ed1ng tr\u1ea7y x\u01b0\u1edbc gi\u00fap b\u1ea3o v\u1ec7 l\u0103ng k\u00ednh kh\u1ecfi b\u1ee5i b\u1ea9n, va \u0111\u1eadp v\u00e0 m\u00e0i m\u00f2n, duy tr\u00ec \u0111\u1ed9 ph\u1ea3n chi\u1ebfu r\u00f5 n\u00e9t v\u00e0 \u0111\u1ed9 ch\u00ednh x\u00e1c \u0111o l\u01b0\u1eddng theo th\u1eddi gian.<\/p>\n<p><img fetchpriority=\"high\" decoding=\"async\" class=\"aligncenter wp-image-3239\" src=\"https:\/\/mountlaser.com\/wp-content\/uploads\/2025\/11\/3-2MP1112.webp\" alt=\" MP111 Road Monitoring Prism\" width=\"500\" height=\"500\" srcset=\"https:\/\/mountlaser.com\/wp-content\/uploads\/2025\/11\/3-2MP1112.webp 1000w, https:\/\/mountlaser.com\/wp-content\/uploads\/2025\/11\/3-2MP1112-300x300.webp 300w, https:\/\/mountlaser.com\/wp-content\/uploads\/2025\/11\/3-2MP1112-400x400.webp 400w, https:\/\/mountlaser.com\/wp-content\/uploads\/2025\/11\/3-2MP1112-800x800.webp 800w, https:\/\/mountlaser.com\/wp-content\/uploads\/2025\/11\/3-2MP1112-600x600.webp 600w, https:\/\/mountlaser.com\/wp-content\/uploads\/2025\/11\/3-2MP1112-150x150.webp 150w, https:\/\/mountlaser.com\/wp-content\/uploads\/2025\/11\/3-2MP1112-768x768.webp 768w, https:\/\/mountlaser.com\/wp-content\/uploads\/2025\/11\/3-2MP1112-12x12.webp 12w\" sizes=\"(max-width: 500px) 100vw, 500px\" \/><\/p>\n<p>C\u00e1i n\u00e0y <a href=\"https:\/\/mountlaser.com\/vi\/\">L\u0103ng k\u00ednh gi\u00e1m s\u00e1t \u0111\u01b0\u1eddng b\u1ed9<\/a> S\u1ea3n ph\u1ea9m c\u00f3 thi\u1ebft k\u1ebf si\u00eau m\u1ecfng \u2013 ch\u1ec9 cao 20 mm v\u00e0 \u0111\u01b0\u1eddng k\u00ednh 145 mm \u2013 cho ph\u00e9p l\u1eafp \u0111\u1eb7t an to\u00e0n m\u00e0 kh\u00f4ng g\u00e2y c\u1ea3n tr\u1edf giao th\u00f4ng cho ng\u01b0\u1eddi \u0111i b\u1ed9 ho\u1eb7c ph\u01b0\u01a1ng ti\u1ec7n. \u0110\u01b0\u1ee3c trang b\u1ecb l\u0103ng k\u00ednh m\u1ea1 \u0111\u1ed3ng 12,7 mm v\u00e0 b\u1ed1n l\u1ed7 g\u1eafn ch\u1eafc ch\u1eafn, l\u0103ng k\u00ednh \u0111\u01b0\u1eddng b\u1ed9 b\u1eb1ng nh\u1ef1a MP111 \u0111\u1ea3m b\u1ea3o l\u1eafp \u0111\u1eb7t \u1ed5n \u0111\u1ecbnh v\u00e0 ch\u1ed1ng ph\u00e1 ho\u1ea1i. \u0110\u1ed9 nghi\u00eang th\u1eb3ng \u0111\u1ee9ng 10\u00b0 cung c\u1ea5p kh\u1ea3 n\u0103ng quan s\u00e1t t\u1ed1i \u01b0u v\u00e0 thu th\u1eadp d\u1eef li\u1ec7u ch\u00ednh x\u00e1c, ngay c\u1ea3 trong c\u00e1c thi\u1ebft l\u1eadp gi\u00e1m s\u00e1t g\u00f3c th\u1ea5p.<\/p>","protected":false},"excerpt":{"rendered":"<ul>\n<li>Cho ph\u00e9p gi\u00e1m s\u00e1t \u0111\u01b0\u1eddng b\u1ed9 v\u00e0 c\u1ea7u c\u1ed1ng ch\u00ednh x\u00e1c, l\u00e2u d\u00e0i.<\/li>\n<li>Ch\u1ecbu \u0111\u01b0\u1ee3c th\u1eddi ti\u1ebft kh\u1eafc nghi\u1ec7t v\u00e0 t\u00e1c \u0111\u1ed9ng c\u01a1 h\u1ecdc.<\/li>\n<li>C\u1ea5u tr\u00fac th\u1ea5p gi\u00fap \u0111\u1ea3m b\u1ea3o an to\u00e0n v\u00e0 h\u1ea1n ch\u1ebf t\u1ed1i \u0111a s\u1ef1 ch\u00fa \u00fd.<\/li>\n<li>L\u0103ng k\u00ednh ph\u1ee7 \u0111\u1ed3ng mang l\u1ea1i c\u00e1c ph\u00e9p \u0111o \u1ed5n \u0111\u1ecbnh v\u1edbi \u0111\u1ed9 ph\u1ea3n x\u1ea1 cao.<\/li>\n<li>L\u1eafp \u0111\u1eb7t d\u1ec5 d\u00e0ng v\u00e0 an to\u00e0n<\/li>\n<\/ul>","protected":false},"featured_media":3240,"comment_status":"open","ping_status":"closed","template":"","meta":[],"product_brand":[],"product_cat":[72,112],"product_tag":[],"class_list":{"0":"post-3237","1":"product","2":"type-product","3":"status-publish","4":"has-post-thumbnail","6":"product_cat-reflective-target-prism","7":"product_cat-monitoring-prism","9":"first","10":"instock","11":"shipping-taxable","12":"product-type-simple"},"_links":{"self":[{"href":"https:\/\/mountlaser.com\/vi\/wp-json\/wp\/v2\/product\/3237","targetHints":{"allow":["GET"]}}],"collection":[{"href":"https:\/\/mountlaser.com\/vi\/wp-json\/wp\/v2\/product"}],"about":[{"href":"https:\/\/mountlaser.com\/vi\/wp-json\/wp\/v2\/types\/product"}],"replies":[{"embeddable":true,"href":"https:\/\/mountlaser.com\/vi\/wp-json\/wp\/v2\/comments?post=3237"}],"wp:featuredmedia":[{"embeddable":true,"href":"https:\/\/mountlaser.com\/vi\/wp-json\/wp\/v2\/media\/3240"}],"wp:attachment":[{"href":"https:\/\/mountlaser.com\/vi\/wp-json\/wp\/v2\/media?parent=3237"}],"wp:term":[{"taxonomy":"product_brand","embeddable":true,"href":"https:\/\/mountlaser.com\/vi\/wp-json\/wp\/v2\/product_brand?post=3237"},{"taxonomy":"product_cat","embeddable":true,"href":"https:\/\/mountlaser.com\/vi\/wp-json\/wp\/v2\/product_cat?post=3237"},{"taxonomy":"product_tag","embeddable":true,"href":"https:\/\/mountlaser.com\/vi\/wp-json\/wp\/v2\/product_tag?post=3237"}],"curies":[{"name":"trang web","href":"https:\/\/api.w.org\/{rel}","templated":true}]}}